{"id":1671,"date":"2024-04-07T23:44:49","date_gmt":"2024-04-07T22:44:49","guid":{"rendered":"https:\/\/pressurezone.shop\/?post_type=product&#038;p=1671"},"modified":"2026-03-26T09:40:49","modified_gmt":"2026-03-26T08:40:49","slug":"kaws-slurpee-moonstone","status":"publish","type":"product","link":"https:\/\/pressurezone.shop\/de\/product\/kaws-slurpee-moonstone\/","title":{"rendered":"Kaws Slurpee Moonstone"},"content":{"rendered":"<p>Verbessern sie ihre routine der k\u00fchlung mit den Kaws Slurpee Moonrock ! Diese s\u00fc\u00dfigkeit-eis bietet eine k\u00f6stliche kombination von aromen und auff\u00e4lligen design, perfekt f\u00fcr den terminkalender. Kaufen sie noch heute und haben sie spa\u00df ! Kaws Slurpee Moonstone strain<\/p>\n<p><strong>USP :<\/strong><\/p>\n<p>Kombination von aromen einzigartig : Die Kaws Slurpee Moonrock vereint die nostalgie ein klassisches getr\u00e4nk mit einem einzigen tastendruck und lecker. (Denken sie : ein wirbel von geschmack und unerwartete oder eine zutat haftungsausschluss)<br \/>\nBlickfang-Design : die Kaws Slurpee Moonrock design besticht optisch attraktiv, die sich von der masse abhebt. (Denken sie : von interessanten farben, einer verpackung, die einzigartig oder texturen spa\u00df)<br \/>\nHandliches Format : Ideal f\u00fcr den lebensformen besch\u00e4ftigt, die Kaws Slurpee Moonrock ist fertig verpackt und bereit, genie\u00dfen sie unterwegs sind.<\/p>\n<p><strong>Vorteile:<\/strong><\/p>\n<p>Erfrischung schnell und einfach : Schlagen sie die w\u00e4rme und befriedigen sie ihren s\u00fc\u00dfen zahn mit diesem leckerbissen eis-praxis.<br \/>\nLecker und lustig : die kombination von aromen einzigartig und das auff\u00e4llige design machen Kaws Slurpee Moonrock eine lustige erfahrung und lecker.<br \/>\nPerfekt f\u00fcr den terminkalender : keine notwendigkeit, in der warteschlange oder zu mischen, was immer sie selbst. Nehmen sie ein Kaws Slurpee Moonrock, und genie\u00dfen sie eine delikatesse, die frisch jederzeit und \u00fcberall.Kaws Slurpee Moonston<a href=\"https:\/\/fuelpackz.com\/\" target=\"_blank\" rel=\"noopener\">e<\/a><\/p>","protected":false},"excerpt":{"rendered":"<h4><a href=\"https:\/\/pressurezone.shop\/de\/\">Kaws Slurpee Moonstone<\/a><\/h4>\n<p>-Die verw\u00f6hn-eis k\u00f6stlich und einzigartig, perfekt zum mitnehmen !<\/p>","protected":false},"featured_media":1678,"comment_status":"open","ping_status":"closed","template":"","meta":{"_uag_custom_page_level_css":"","site-sidebar-layout":"default","site-content-layout":"","ast-site-content-layout":"default","site-content-style":"default","site-sidebar-style":"default","ast-global-header-display":"","ast-banner-title-visibility":"","ast-main-header-display":"","ast-hfb-above-header-display":"","ast-hfb-below-header-display":"","ast-hfb-mobile-header-display":"","site-post-title":"","ast-breadcrumbs-content":"","ast-featured-img":"","footer-sml-layout":"","theme-transparent-header-meta":"default","adv-header-id-meta":"","stick-header-meta":"","header-above-stick-meta":"","header-main-stick-meta":"","header-below-stick-meta":"","astra-migrate-meta-layouts":"set","ast-page-background-enabled":"default","ast-page-background-meta":{"desktop":{"background-color":"","background-image":"","background-repeat":"repeat","background-position":"center center","background-size":"auto","background-attachment":"scroll","background-type":"","background-media":"","overlay-type":"","overlay-color":"","overlay-opacity":"","overlay-gradient":""},"tablet":{"background-color":"","background-image":"","background-repeat":"repeat","background-position":"center center","background-size":"auto","background-attachment":"scroll","background-type":"","background-media":"","overlay-type":"","overlay-color":"","overlay-opacity":"","overlay-gradient":""},"mobile":{"background-color":"","background-image":"","background-repeat":"repeat","background-position":"center center","background-size":"auto","background-attachment":"scroll","background-type":"","background-media":"","overlay-type":"","overlay-color":"","overlay-opacity":"","overlay-gradient":""}},"ast-content-background-meta":{"desktop":{"background-color":"var(--ast-global-color-5)","background-image":"","background-repeat":"repeat","background-position":"center center","background-size":"auto","background-attachment":"scroll","background-type":"","background-media":"","overlay-type":"","overlay-color":"","overlay-opacity":"","overlay-gradient":""},"tablet":{"background-color":"var(--ast-global-color-5)","background-image":"","background-repeat":"repeat","background-position":"center center","background-size":"auto","background-attachment":"scroll","background-type":"","background-media":"","overlay-type":"","overlay-color":"","overlay-opacity":"","overlay-gradient":""},"mobile":{"background-color":"var(--ast-global-color-5)","background-image":"","background-repeat":"repeat","background-position":"center center","background-size":"auto","background-attachment":"scroll","background-type":"","background-media":"","overlay-type":"","overlay-color":"","overlay-opacity":"","overlay-gradient":""}}},"product_brand":[],"product_cat":[27],"product_tag":[218,217,219,105],"class_list":{"0":"post-1671","1":"product","2":"type-product","3":"status-publish","4":"has-post-thumbnail","6":"product_cat-commandez-vos-moonrocks-en-ligne","7":"product_tag-kaws-cereal-moonstone","8":"product_tag-kaws-slurpee-moonstone","9":"product_tag-moon-rock-a-vendre-en-ligne","10":"product_tag-shruberry-banana-moonrock","11":"desktop-align-left","12":"tablet-align-left","13":"mobile-align-left","15":"first","16":"instock","17":"sale","18":"shipping-taxable","19":"purchasable","20":"product-type-variable"},"uagb_featured_image_src":{"full":["https:\/\/pressurezone.shop\/wp-content\/uploads\/2024\/04\/photo1712374148.jpeg",600,800,false],"thumbnail":["https:\/\/pressurezone.shop\/wp-content\/uploads\/2024\/04\/photo1712374148-150x150.jpeg",150,150,true],"medium":["https:\/\/pressurezone.shop\/wp-content\/uploads\/2024\/04\/photo1712374148-225x300.jpeg",225,300,true],"medium_large":["https:\/\/pressurezone.shop\/wp-content\/uploads\/2024\/04\/photo1712374148.jpeg",600,800,false],"large":["https:\/\/pressurezone.shop\/wp-content\/uploads\/2024\/04\/photo1712374148.jpeg",600,800,false],"1536x1536":["https:\/\/pressurezone.shop\/wp-content\/uploads\/2024\/04\/photo1712374148.jpeg",600,800,false],"2048x2048":["https:\/\/pressurezone.shop\/wp-content\/uploads\/2024\/04\/photo1712374148.jpeg",600,800,false],"trp-custom-language-flag":["https:\/\/pressurezone.shop\/wp-content\/uploads\/2024\/04\/photo1712374148.jpeg",9,12,false],"woocommerce_thumbnail":["https:\/\/pressurezone.shop\/wp-content\/uploads\/2024\/04\/photo1712374148-300x300.jpeg",300,300,true],"woocommerce_single":["https:\/\/pressurezone.shop\/wp-content\/uploads\/2024\/04\/photo1712374148.jpeg",600,800,false],"woocommerce_gallery_thumbnail":["https:\/\/pressurezone.shop\/wp-content\/uploads\/2024\/04\/photo1712374148-100x100.jpeg",100,100,true]},"uagb_author_info":{"display_name":"pressurezone.shop","author_link":"https:\/\/pressurezone.shop\/de\/author\/"},"uagb_comment_info":11,"uagb_excerpt":"Kaws Slurpee Moonstone -La g\u00e2terie glac\u00e9e d\u00e9licieuse et unique, parfaite \u00e0 emporter\u00a0!","_links":{"self":[{"href":"https:\/\/pressurezone.shop\/de\/wp-json\/wp\/v2\/product\/1671"}],"collection":[{"href":"https:\/\/pressurezone.shop\/de\/wp-json\/wp\/v2\/product"}],"about":[{"href":"https:\/\/pressurezone.shop\/de\/wp-json\/wp\/v2\/types\/product"}],"replies":[{"embeddable":true,"href":"https:\/\/pressurezone.shop\/de\/wp-json\/wp\/v2\/comments?post=1671"}],"version-history":[{"count":5,"href":"https:\/\/pressurezone.shop\/de\/wp-json\/wp\/v2\/product\/1671\/revisions"}],"predecessor-version":[{"id":2172,"href":"https:\/\/pressurezone.shop\/de\/wp-json\/wp\/v2\/product\/1671\/revisions\/2172"}],"wp:featuredmedia":[{"embeddable":true,"href":"https:\/\/pressurezone.shop\/de\/wp-json\/wp\/v2\/media\/1678"}],"wp:attachment":[{"href":"https:\/\/pressurezone.shop\/de\/wp-json\/wp\/v2\/media?parent=1671"}],"wp:term":[{"taxonomy":"product_brand","embeddable":true,"href":"https:\/\/pressurezone.shop\/de\/wp-json\/wp\/v2\/product_brand?post=1671"},{"taxonomy":"product_cat","embeddable":true,"href":"https:\/\/pressurezone.shop\/de\/wp-json\/wp\/v2\/product_cat?post=1671"},{"taxonomy":"product_tag","embeddable":true,"href":"https:\/\/pressurezone.shop\/de\/wp-json\/wp\/v2\/product_tag?post=1671"}],"curies":[{"name":"wp","href":"https:\/\/api.w.org\/{rel}","templated":true}]}}