{"id":1687,"date":"2024-04-08T04:18:42","date_gmt":"2024-04-08T03:18:42","guid":{"rendered":"https:\/\/pressurezone.shop\/?post_type=product&#038;p=1687"},"modified":"2025-10-10T14:48:20","modified_gmt":"2025-10-10T12:48:20","slug":"kaws-rocks-berry-moonrock","status":"publish","type":"product","link":"https:\/\/pressurezone.shop\/de\/product\/kaws-rocks-berry-moonrock\/","title":{"rendered":"Kaws rocks berry moonrock"},"content":{"rendered":"<p>Erleben sie eine explosion von aromen mit den Kaws Berry Moonrock ! Diese s\u00fc\u00dfigkeit-eis einzigartig kombiniert k\u00f6stliche beeren mit einer erfrischenden touch. Perfekt f\u00fcr den terminkalender, nehmen sie sie ein und entdecken sie die vill<a href=\"https:\/\/fuelpackz.com\/\" target=\"_blank\" rel=\"noopener\">e !<\/a><\/p>","protected":false},"excerpt":{"rendered":"<h4><a href=\"https:\/\/pressurezone.shop\/de\/\"> Kaws rocks berry moonrock<\/a><\/h4>\n<p>G\u00f6nnen sie sich die freuden von Kaws Berry Moonrock. Voller beeren-geschmack, es ist ein gef\u00fchl von snack nicht entgehen lassen !<\/p>","protected":false},"featured_media":1694,"comment_status":"open","ping_status":"closed","template":"","meta":{"_uag_custom_page_level_css":"","site-sidebar-layout":"default","site-content-layout":"","ast-site-content-layout":"default","site-content-style":"default","site-sidebar-style":"default","ast-global-header-display":"","ast-banner-title-visibility":"","ast-main-header-display":"","ast-hfb-above-header-display":"","ast-hfb-below-header-display":"","ast-hfb-mobile-header-display":"","site-post-title":"","ast-breadcrumbs-content":"","ast-featured-img":"","footer-sml-layout":"","theme-transparent-header-meta":"default","adv-header-id-meta":"","stick-header-meta":"","header-above-stick-meta":"","header-main-stick-meta":"","header-below-stick-meta":"","astra-migrate-meta-layouts":"set","ast-page-background-enabled":"default","ast-page-background-meta":{"desktop":{"background-color":"","background-image":"","background-repeat":"repeat","background-position":"center center","background-size":"auto","background-attachment":"scroll","background-type":"","background-media":"","overlay-type":"","overlay-color":"","overlay-opacity":"","overlay-gradient":""},"tablet":{"background-color":"","background-image":"","background-repeat":"repeat","background-position":"center center","background-size":"auto","background-attachment":"scroll","background-type":"","background-media":"","overlay-type":"","overlay-color":"","overlay-opacity":"","overlay-gradient":""},"mobile":{"background-color":"","background-image":"","background-repeat":"repeat","background-position":"center center","background-size":"auto","background-attachment":"scroll","background-type":"","background-media":"","overlay-type":"","overlay-color":"","overlay-opacity":"","overlay-gradient":""}},"ast-content-background-meta":{"desktop":{"background-color":"var(--ast-global-color-5)","background-image":"","background-repeat":"repeat","background-position":"center center","background-size":"auto","background-attachment":"scroll","background-type":"","background-media":"","overlay-type":"","overlay-color":"","overlay-opacity":"","overlay-gradient":""},"tablet":{"background-color":"var(--ast-global-color-5)","background-image":"","background-repeat":"repeat","background-position":"center center","background-size":"auto","background-attachment":"scroll","background-type":"","background-media":"","overlay-type":"","overlay-color":"","overlay-opacity":"","overlay-gradient":""},"mobile":{"background-color":"var(--ast-global-color-5)","background-image":"","background-repeat":"repeat","background-position":"center center","background-size":"auto","background-attachment":"scroll","background-type":"","background-media":"","overlay-type":"","overlay-color":"","overlay-opacity":"","overlay-gradient":""}}},"product_brand":[],"product_cat":[27],"product_tag":[184,183,176,179,185,32,182,186],"class_list":{"0":"post-1687","1":"product","2":"type-product","3":"status-publish","4":"has-post-thumbnail","6":"product_cat-commandez-vos-moonrocks-en-ligne","7":"product_tag-baie","8":"product_tag-baies","9":"product_tag-delicieux","10":"product_tag-des-collations","11":"product_tag-edition-limitee","12":"product_tag-kaws","13":"product_tag-rocher-lunaire","14":"product_tag-saveur-unique","15":"desktop-align-left","16":"tablet-align-left","17":"mobile-align-left","19":"first","20":"instock","21":"sale","22":"shipping-taxable","23":"purchasable","24":"product-type-variable"},"uagb_featured_image_src":{"full":["https:\/\/pressurezone.shop\/wp-content\/uploads\/2024\/04\/photo1712374107.jpeg",960,1280,false],"thumbnail":["https:\/\/pressurezone.shop\/wp-content\/uploads\/2024\/04\/photo1712374107-150x150.jpeg",150,150,true],"medium":["https:\/\/pressurezone.shop\/wp-content\/uploads\/2024\/04\/photo1712374107-225x300.jpeg",225,300,true],"medium_large":["https:\/\/pressurezone.shop\/wp-content\/uploads\/2024\/04\/photo1712374107-768x1024.jpeg",768,1024,true],"large":["https:\/\/pressurezone.shop\/wp-content\/uploads\/2024\/04\/photo1712374107-768x1024.jpeg",768,1024,true],"1536x1536":["https:\/\/pressurezone.shop\/wp-content\/uploads\/2024\/04\/photo1712374107.jpeg",960,1280,false],"2048x2048":["https:\/\/pressurezone.shop\/wp-content\/uploads\/2024\/04\/photo1712374107.jpeg",960,1280,false],"trp-custom-language-flag":["https:\/\/pressurezone.shop\/wp-content\/uploads\/2024\/04\/photo1712374107.jpeg",9,12,false],"woocommerce_thumbnail":["https:\/\/pressurezone.shop\/wp-content\/uploads\/2024\/04\/photo1712374107-300x300.jpeg",300,300,true],"woocommerce_single":["https:\/\/pressurezone.shop\/wp-content\/uploads\/2024\/04\/photo1712374107-600x800.jpeg",600,800,true],"woocommerce_gallery_thumbnail":["https:\/\/pressurezone.shop\/wp-content\/uploads\/2024\/04\/photo1712374107-100x100.jpeg",100,100,true]},"uagb_author_info":{"display_name":"pressurezone.shop","author_link":"https:\/\/pressurezone.shop\/de\/author\/"},"uagb_comment_info":11,"uagb_excerpt":"Kaws rocks berry moonrock Offrez-vous les d\u00e9lices de Kaws Berry Moonrock. D\u00e9bordant de saveur de baies, c'est une sensation de collation \u00e0 ne pas manquer\u00a0!","_links":{"self":[{"href":"https:\/\/pressurezone.shop\/de\/wp-json\/wp\/v2\/product\/1687"}],"collection":[{"href":"https:\/\/pressurezone.shop\/de\/wp-json\/wp\/v2\/product"}],"about":[{"href":"https:\/\/pressurezone.shop\/de\/wp-json\/wp\/v2\/types\/product"}],"replies":[{"embeddable":true,"href":"https:\/\/pressurezone.shop\/de\/wp-json\/wp\/v2\/comments?post=1687"}],"version-history":[{"count":4,"href":"https:\/\/pressurezone.shop\/de\/wp-json\/wp\/v2\/product\/1687\/revisions"}],"predecessor-version":[{"id":2173,"href":"https:\/\/pressurezone.shop\/de\/wp-json\/wp\/v2\/product\/1687\/revisions\/2173"}],"wp:featuredmedia":[{"embeddable":true,"href":"https:\/\/pressurezone.shop\/de\/wp-json\/wp\/v2\/media\/1694"}],"wp:attachment":[{"href":"https:\/\/pressurezone.shop\/de\/wp-json\/wp\/v2\/media?parent=1687"}],"wp:term":[{"taxonomy":"product_brand","embeddable":true,"href":"https:\/\/pressurezone.shop\/de\/wp-json\/wp\/v2\/product_brand?post=1687"},{"taxonomy":"product_cat","embeddable":true,"href":"https:\/\/pressurezone.shop\/de\/wp-json\/wp\/v2\/product_cat?post=1687"},{"taxonomy":"product_tag","embeddable":true,"href":"https:\/\/pressurezone.shop\/de\/wp-json\/wp\/v2\/product_tag?post=1687"}],"curies":[{"name":"wp","href":"https:\/\/api.w.org\/{rel}","templated":true}]}}