{"id":1719,"date":"2024-04-08T06:53:47","date_gmt":"2024-04-08T05:53:47","guid":{"rendered":"https:\/\/pressurezone.shop\/?post_type=product&#038;p=1719"},"modified":"2025-10-10T14:46:43","modified_gmt":"2025-10-10T12:46:43","slug":"canna-cavi-moonrocks","status":"publish","type":"product","link":"https:\/\/pressurezone.shop\/de\/product\/canna-cavi-moonrocks\/","title":{"rendered":"CANNA CAVI MOONROCKS"},"content":{"rendered":"<h3>CANNA CAVI MOON ROCKS<\/h3>\n<p>Canna Cavi MoonRocks steht f\u00fcr ein produkt von cannabis von hoher qualit\u00e4t und verbindet eine blume premium, der haschisch-\u00f6l konzentrierte cannabis-terpene, die f\u00fcr geschmack und einem \u00fcberzug von kief. Es ist vergleichbar mit einer mischung aus kaviar und moonrocks, bietet eine au\u00dfergew\u00f6hnliche erfahrung. Mehr, Canna Cavi ist auf eine bestimmte marke spezialisiert auf die erstellung von diese au\u00dfergew\u00f6hnliche produkte.<\/p>\n<p>Bereiten sie sich auf eine erstaunliche erfahrung, die sie erheben zu neuen h\u00f6hen. Die Moonrocks Canna Cavi sind die neueste erg\u00e4nzung zu unserer suche nach Moonrocks authentische, und wir haben sie definitiv gefunden ! Diese nuggets sind perfekt ausgebildet, damit sie sie \u00f6ffnen, ohne schaden anzurichten. Sie sind optisch beeindruckende, bieten einen k\u00f6stlichen geschmack, und bieten effekte, tiefen und m\u00e4chtige. Willkommen in der neuen qualit\u00e4t standard in der welt der felsen von cannabis.<\/p>\n<p>Canna Cavi besteht aus eine blume premium, kann eine anregende Sativa, Indica oder hybrid, ganz nach ihren w\u00fcnschen. Die blume ist gepr\u00e4gt von haschisch-\u00f6l konzentriertes cannabis, aromatisiert mit terpenen und e-hand-schwei\u00dfen von kief. In essenz, es ist eine zeitbombe, THC, das nehmen sie mit auf eine berauschende reise zum mond.<\/p>\n<p>Diese besondere sorte ist eine hybride mit Indica-dominanz, die kombiniert die st\u00e4mme White Runtz und Jet Fuel Gelato. Es ist pa<a href=\"https:\/\/fuelpackz.com\/\" target=\"_blank\" rel=\"noopener\">s<\/a> verwunderlich, dass diese kombination sei unglaublich machtvoll. Die art von cannabis ist klassifiziert als ein hybrid.CANNA CAVI MOONROCKS<\/p>","protected":false},"excerpt":{"rendered":"<h4><a href=\"https:\/\/pressurezone.shop\/de\/\">CANNA CAVI MOONROCKS<\/a><\/h4>\n<p>Entdecken sie den gipfel des genusses von cannabis f\u00fcr medizinische CANNACAVI Moonrocks. Eine premium-mischung f\u00fcr einen st\u00e4rkeren effekt.<\/p>","protected":false},"featured_media":1720,"comment_status":"open","ping_status":"closed","template":"","meta":{"_uag_custom_page_level_css":"","site-sidebar-layout":"default","site-content-layout":"","ast-site-content-layout":"default","site-content-style":"default","site-sidebar-style":"default","ast-global-header-display":"","ast-banner-title-visibility":"","ast-main-header-display":"","ast-hfb-above-header-display":"","ast-hfb-below-header-display":"","ast-hfb-mobile-header-display":"","site-post-title":"","ast-breadcrumbs-content":"","ast-featured-img":"","footer-sml-layout":"","theme-transparent-header-meta":"default","adv-header-id-meta":"","stick-header-meta":"","header-above-stick-meta":"","header-main-stick-meta":"","header-below-stick-meta":"","astra-migrate-meta-layouts":"set","ast-page-background-enabled":"default","ast-page-background-meta":{"desktop":{"background-color":"","background-image":"","background-repeat":"repeat","background-position":"center center","background-size":"auto","background-attachment":"scroll","background-type":"","background-media":"","overlay-type":"","overlay-color":"","overlay-opacity":"","overlay-gradient":""},"tablet":{"background-color":"","background-image":"","background-repeat":"repeat","background-position":"center center","background-size":"auto","background-attachment":"scroll","background-type":"","background-media":"","overlay-type":"","overlay-color":"","overlay-opacity":"","overlay-gradient":""},"mobile":{"background-color":"","background-image":"","background-repeat":"repeat","background-position":"center center","background-size":"auto","background-attachment":"scroll","background-type":"","background-media":"","overlay-type":"","overlay-color":"","overlay-opacity":"","overlay-gradient":""}},"ast-content-background-meta":{"desktop":{"background-color":"var(--ast-global-color-5)","background-image":"","background-repeat":"repeat","background-position":"center center","background-size":"auto","background-attachment":"scroll","background-type":"","background-media":"","overlay-type":"","overlay-color":"","overlay-opacity":"","overlay-gradient":""},"tablet":{"background-color":"var(--ast-global-color-5)","background-image":"","background-repeat":"repeat","background-position":"center center","background-size":"auto","background-attachment":"scroll","background-type":"","background-media":"","overlay-type":"","overlay-color":"","overlay-opacity":"","overlay-gradient":""},"mobile":{"background-color":"var(--ast-global-color-5)","background-image":"","background-repeat":"repeat","background-position":"center center","background-size":"auto","background-attachment":"scroll","background-type":"","background-media":"","overlay-type":"","overlay-color":"","overlay-opacity":"","overlay-gradient":""}}},"product_brand":[],"product_cat":[27],"product_tag":[207,208,209,210,211,201,212,213],"class_list":{"0":"post-1719","1":"product","2":"type-product","3":"status-publish","4":"has-post-thumbnail","6":"product_cat-commandez-vos-moonrocks-en-ligne","7":"product_tag-buy-canna-cavi-moonrocks-online","8":"product_tag-canna-cavi","9":"product_tag-canna-cavi-moonrocks","10":"product_tag-canna-cavi-moonrocks-near-me","11":"product_tag-canna-cavi-moonrocks-price","12":"product_tag-cannacavi-moon-rocks","13":"product_tag-order-canna-cavi-moonrock","14":"product_tag-where-to-buy-canna-cavi-moonrocks","15":"desktop-align-left","16":"tablet-align-left","17":"mobile-align-left","19":"first","20":"instock","21":"sale","22":"shipping-taxable","23":"purchasable","24":"product-type-variable"},"uagb_featured_image_src":{"full":["https:\/\/pressurezone.shop\/wp-content\/uploads\/2024\/04\/photo1712373919.jpeg",600,800,false],"thumbnail":["https:\/\/pressurezone.shop\/wp-content\/uploads\/2024\/04\/photo1712373919-150x150.jpeg",150,150,true],"medium":["https:\/\/pressurezone.shop\/wp-content\/uploads\/2024\/04\/photo1712373919-225x300.jpeg",225,300,true],"medium_large":["https:\/\/pressurezone.shop\/wp-content\/uploads\/2024\/04\/photo1712373919.jpeg",600,800,false],"large":["https:\/\/pressurezone.shop\/wp-content\/uploads\/2024\/04\/photo1712373919.jpeg",600,800,false],"1536x1536":["https:\/\/pressurezone.shop\/wp-content\/uploads\/2024\/04\/photo1712373919.jpeg",600,800,false],"2048x2048":["https:\/\/pressurezone.shop\/wp-content\/uploads\/2024\/04\/photo1712373919.jpeg",600,800,false],"trp-custom-language-flag":["https:\/\/pressurezone.shop\/wp-content\/uploads\/2024\/04\/photo1712373919.jpeg",9,12,false],"woocommerce_thumbnail":["https:\/\/pressurezone.shop\/wp-content\/uploads\/2024\/04\/photo1712373919-300x300.jpeg",300,300,true],"woocommerce_single":["https:\/\/pressurezone.shop\/wp-content\/uploads\/2024\/04\/photo1712373919.jpeg",600,800,false],"woocommerce_gallery_thumbnail":["https:\/\/pressurezone.shop\/wp-content\/uploads\/2024\/04\/photo1712373919-100x100.jpeg",100,100,true]},"uagb_author_info":{"display_name":"pressurezone.shop","author_link":"https:\/\/pressurezone.shop\/de\/author\/"},"uagb_comment_info":12,"uagb_excerpt":"CANNA CAVI MOONROCKS D\u00e9couvrez le summum du plaisir du cannabis avec CANNACAVI Moonrocks. Un m\u00e9lange premium pour un effet sup\u00e9rieur.","_links":{"self":[{"href":"https:\/\/pressurezone.shop\/de\/wp-json\/wp\/v2\/product\/1719"}],"collection":[{"href":"https:\/\/pressurezone.shop\/de\/wp-json\/wp\/v2\/product"}],"about":[{"href":"https:\/\/pressurezone.shop\/de\/wp-json\/wp\/v2\/types\/product"}],"replies":[{"embeddable":true,"href":"https:\/\/pressurezone.shop\/de\/wp-json\/wp\/v2\/comments?post=1719"}],"version-history":[{"count":4,"href":"https:\/\/pressurezone.shop\/de\/wp-json\/wp\/v2\/product\/1719\/revisions"}],"predecessor-version":[{"id":2114,"href":"https:\/\/pressurezone.shop\/de\/wp-json\/wp\/v2\/product\/1719\/revisions\/2114"}],"wp:featuredmedia":[{"embeddable":true,"href":"https:\/\/pressurezone.shop\/de\/wp-json\/wp\/v2\/media\/1720"}],"wp:attachment":[{"href":"https:\/\/pressurezone.shop\/de\/wp-json\/wp\/v2\/media?parent=1719"}],"wp:term":[{"taxonomy":"product_brand","embeddable":true,"href":"https:\/\/pressurezone.shop\/de\/wp-json\/wp\/v2\/product_brand?post=1719"},{"taxonomy":"product_cat","embeddable":true,"href":"https:\/\/pressurezone.shop\/de\/wp-json\/wp\/v2\/product_cat?post=1719"},{"taxonomy":"product_tag","embeddable":true,"href":"https:\/\/pressurezone.shop\/de\/wp-json\/wp\/v2\/product_tag?post=1719"}],"curies":[{"name":"wp","href":"https:\/\/api.w.org\/{rel}","templated":true}]}}