{"id":1733,"date":"2024-04-08T09:18:00","date_gmt":"2024-04-08T08:18:00","guid":{"rendered":"https:\/\/pressurezone.shop\/?post_type=product&#038;p=1733"},"modified":"2024-11-09T06:58:04","modified_gmt":"2024-11-09T05:58:04","slug":"cherry-crashers","status":"publish","type":"product","link":"https:\/\/pressurezone.shop\/de\/product\/cherry-crashers\/","title":{"rendered":"Cherry Crashers"},"content":{"rendered":"<h5><a href=\"https:\/\/pressurezone.shop\/de\/\">Cherry Crasher <\/a><\/h5>\n<p>ist eine cannabis-sorte, die bekannt f\u00fcr ihre spezifischen wirkungen und ihrer chemischen zusammensetzung. Mit einem THC-gehalt von 20%, es bietet eine relativ leistungsstarke verbraucher. Die dominante terpene in dieser sorte ist der caryophyllen, die dazu beitr\u00e4gt, sein unverwechselbares aroma und seine therapeutischen eigenschaften zu bekommen.<\/p>\n<p>Laut kritikern auf Leafly, die benutzer haben berichtet, f\u00fchlen sich schl\u00e4frig, kreativ und gl\u00fccklich nach dem konsum von Cherry. Die sedierende wirkung von der sorte k\u00f6nnen machen es eine gute wahl f\u00fcr diejenigen, die entspannung und linderung von schlaflosigkeit oder probleme mit dem schlaf. Mehr kreative effekte und stimulanzien verst\u00e4rken k\u00f6nnen den k\u00fcnstlerischen ausdruck und die stimmung verbessern.<\/p>\n<p>Wie bei jeder cannabis-sorte, die individuelle erfahrungen k\u00f6nnen variieren, und es ist immer noch ratsam, zu beginnen mit einer niedrigen dosis und schrittweise zu erh\u00f6hen, wenn n\u00f6tig. Wenn sie jemals versucht haben, Cherry-Crasher, teilen sie ihre meinung, kann wertvolle informationen f\u00fcr diejenigen, die planen, diese abwechslungsreiche<a href=\"https:\/\/fuelpackz.com\/\" target=\"_blank\" rel=\"noopener\">tee.<\/a><\/p>","protected":false},"excerpt":{"rendered":"<p>Cherry-Crasher ist eine cannabis-sorte. Die kritik an Leafly behaupten, dass diese sorte macht sie f\u00fchlen sich schl\u00e4frig, kreativ-und gl\u00fccklich. Cherry Crasher hat einen THC-gehalt von 20%. Die dominante terpene dieser sorte ist das caryophyllen. Wenn sie bereits geraucht, verdampft oder genossen diese sorte, Cherry-Crasher, lassen sie es uns wissen ! Lassen sie eine kritik.<\/p>","protected":false},"featured_media":1734,"comment_status":"open","ping_status":"closed","template":"","meta":{"_uag_custom_page_level_css":"","site-sidebar-layout":"default","site-content-layout":"","ast-site-content-layout":"default","site-content-style":"default","site-sidebar-style":"default","ast-global-header-display":"","ast-banner-title-visibility":"","ast-main-header-display":"","ast-hfb-above-header-display":"","ast-hfb-below-header-display":"","ast-hfb-mobile-header-display":"","site-post-title":"","ast-breadcrumbs-content":"","ast-featured-img":"","footer-sml-layout":"","theme-transparent-header-meta":"default","adv-header-id-meta":"","stick-header-meta":"","header-above-stick-meta":"","header-main-stick-meta":"","header-below-stick-meta":"","astra-migrate-meta-layouts":"set","ast-page-background-enabled":"default","ast-page-background-meta":{"desktop":{"background-color":"","background-image":"","background-repeat":"repeat","background-position":"center center","background-size":"auto","background-attachment":"scroll","background-type":"","background-media":"","overlay-type":"","overlay-color":"","overlay-opacity":"","overlay-gradient":""},"tablet":{"background-color":"","background-image":"","background-repeat":"repeat","background-position":"center center","background-size":"auto","background-attachment":"scroll","background-type":"","background-media":"","overlay-type":"","overlay-color":"","overlay-opacity":"","overlay-gradient":""},"mobile":{"background-color":"","background-image":"","background-repeat":"repeat","background-position":"center center","background-size":"auto","background-attachment":"scroll","background-type":"","background-media":"","overlay-type":"","overlay-color":"","overlay-opacity":"","overlay-gradient":""}},"ast-content-background-meta":{"desktop":{"background-color":"var(--ast-global-color-5)","background-image":"","background-repeat":"repeat","background-position":"center center","background-size":"auto","background-attachment":"scroll","background-type":"","background-media":"","overlay-type":"","overlay-color":"","overlay-opacity":"","overlay-gradient":""},"tablet":{"background-color":"var(--ast-global-color-5)","background-image":"","background-repeat":"repeat","background-position":"center center","background-size":"auto","background-attachment":"scroll","background-type":"","background-media":"","overlay-type":"","overlay-color":"","overlay-opacity":"","overlay-gradient":""},"mobile":{"background-color":"var(--ast-global-color-5)","background-image":"","background-repeat":"repeat","background-position":"center center","background-size":"auto","background-attachment":"scroll","background-type":"","background-media":"","overlay-type":"","overlay-color":"","overlay-opacity":"","overlay-gradient":""}}},"product_brand":[],"product_cat":[28],"product_tag":[],"class_list":{"0":"post-1733","1":"product","2":"type-product","3":"status-publish","4":"has-post-thumbnail","6":"product_cat-varietes-de-cannabis","7":"desktop-align-left","8":"tablet-align-left","9":"mobile-align-left","11":"first","12":"instock","13":"sale","14":"shipping-taxable","15":"purchasable","16":"product-type-variable"},"uagb_featured_image_src":{"full":["https:\/\/pressurezone.shop\/wp-content\/uploads\/2024\/04\/photo1712356437.jpeg",800,617,false],"thumbnail":["https:\/\/pressurezone.shop\/wp-content\/uploads\/2024\/04\/photo1712356437-150x150.jpeg",150,150,true],"medium":["https:\/\/pressurezone.shop\/wp-content\/uploads\/2024\/04\/photo1712356437-300x231.jpeg",300,231,true],"medium_large":["https:\/\/pressurezone.shop\/wp-content\/uploads\/2024\/04\/photo1712356437-768x592.jpeg",768,592,true],"large":["https:\/\/pressurezone.shop\/wp-content\/uploads\/2024\/04\/photo1712356437.jpeg",800,617,false],"1536x1536":["https:\/\/pressurezone.shop\/wp-content\/uploads\/2024\/04\/photo1712356437.jpeg",800,617,false],"2048x2048":["https:\/\/pressurezone.shop\/wp-content\/uploads\/2024\/04\/photo1712356437.jpeg",800,617,false],"trp-custom-language-flag":["https:\/\/pressurezone.shop\/wp-content\/uploads\/2024\/04\/photo1712356437.jpeg",16,12,false],"woocommerce_thumbnail":["https:\/\/pressurezone.shop\/wp-content\/uploads\/2024\/04\/photo1712356437-300x300.jpeg",300,300,true],"woocommerce_single":["https:\/\/pressurezone.shop\/wp-content\/uploads\/2024\/04\/photo1712356437-600x463.jpeg",600,463,true],"woocommerce_gallery_thumbnail":["https:\/\/pressurezone.shop\/wp-content\/uploads\/2024\/04\/photo1712356437-100x100.jpeg",100,100,true]},"uagb_author_info":{"display_name":"pressurezone.shop","author_link":"https:\/\/pressurezone.shop\/de\/author\/"},"uagb_comment_info":2,"uagb_excerpt":"Cherry Crasher est une vari\u00e9t\u00e9 de cannabis. Les critiques sur Leafly affirment que cette vari\u00e9t\u00e9 les fait se sentir somnolents, cr\u00e9atifs et heureux. Cherry Crasher a un taux de THC de 20%. Le terp\u00e8ne dominant de cette vari\u00e9t\u00e9 est le caryophyll\u00e8ne. Si vous avez d\u00e9j\u00e0 fum\u00e9, vaporis\u00e9 ou appr\u00e9ci\u00e9 cette vari\u00e9t\u00e9, Cherry Crasher, faites-le nous&hellip;","_links":{"self":[{"href":"https:\/\/pressurezone.shop\/de\/wp-json\/wp\/v2\/product\/1733"}],"collection":[{"href":"https:\/\/pressurezone.shop\/de\/wp-json\/wp\/v2\/product"}],"about":[{"href":"https:\/\/pressurezone.shop\/de\/wp-json\/wp\/v2\/types\/product"}],"replies":[{"embeddable":true,"href":"https:\/\/pressurezone.shop\/de\/wp-json\/wp\/v2\/comments?post=1733"}],"version-history":[{"count":4,"href":"https:\/\/pressurezone.shop\/de\/wp-json\/wp\/v2\/product\/1733\/revisions"}],"predecessor-version":[{"id":2183,"href":"https:\/\/pressurezone.shop\/de\/wp-json\/wp\/v2\/product\/1733\/revisions\/2183"}],"wp:featuredmedia":[{"embeddable":true,"href":"https:\/\/pressurezone.shop\/de\/wp-json\/wp\/v2\/media\/1734"}],"wp:attachment":[{"href":"https:\/\/pressurezone.shop\/de\/wp-json\/wp\/v2\/media?parent=1733"}],"wp:term":[{"taxonomy":"product_brand","embeddable":true,"href":"https:\/\/pressurezone.shop\/de\/wp-json\/wp\/v2\/product_brand?post=1733"},{"taxonomy":"product_cat","embeddable":true,"href":"https:\/\/pressurezone.shop\/de\/wp-json\/wp\/v2\/product_cat?post=1733"},{"taxonomy":"product_tag","embeddable":true,"href":"https:\/\/pressurezone.shop\/de\/wp-json\/wp\/v2\/product_tag?post=1733"}],"curies":[{"name":"wp","href":"https:\/\/api.w.org\/{rel}","templated":true}]}}