{"id":1749,"date":"2024-04-08T09:26:27","date_gmt":"2024-04-08T08:26:27","guid":{"rendered":"https:\/\/pressurezone.shop\/?post_type=product&#038;p=1749"},"modified":"2024-04-10T02:49:05","modified_gmt":"2024-04-10T01:49:05","slug":"gelato-punch","status":"publish","type":"product","link":"https:\/\/pressurezone.shop\/de\/product\/gelato-punch\/","title":{"rendered":"Gelato Punch"},"content":{"rendered":"<h2><a href=\"https:\/\/pressurezone.shop\/de\/\"><strong>Gelato punch obst<\/strong><\/a><\/h2>\n<p>Gelato Punch <span style=\"font-size: 16px;\">ist eine hybrid-sorte, leicht dominante indica - (60% indica\/40% sativa und 70% indica\/30% sativa) erstellt, indem man die leckeren st\u00e4mme Purple Punch und Gelato 33. Diese top-prominenten und bietet einen k\u00f6stlichen geschmack und eine beruhigende wirkung, die ihnen hilft, sich zu entspannen und beim einschlafen.<\/span><\/p>\n<p>Genau wie seine eltern, Gelato Punch schmeckt super fruchtig s\u00fc\u00df, mit noten von zitrus-s\u00e4uerlich und sahne. Das aroma ist s\u00e4uerlich und zitronig, mit einem hauch von diesel w\u00fcrzig und trauben poivr\u00e9s. Gelato Punch sie assommera ein paar minuten, nachdem sie abgelaufen ist, werden sie auff\u00e4llig mit einem doppel-schlag von gl\u00fcck und ruhe.<\/p>\n<p>Sie werden sp\u00fcren, wie ihre geist erf\u00fcllt mit einem gef\u00fchl der gl\u00fcckseligkeit, w\u00e4hrend ihr k\u00f6rper entspannt sich nach und nach in einen zustand der entspannung, k\u00f6rperlicher und leichtigkeit. Diese kombination kann schnell zu beruhigungsmittel, dann bereiten sie sich auf eine gute und lange nickerchen mit diesem knospe ! Durch diese effekte und sein mittlerer THC-gehalt um mehr als 20%, Gelato Punch wird oft gew\u00e4hlt, um die behandlung von erkrankungen wie schlaflosigkeit, chronischen schmerzen, appetitlosigkeit und \u00fcbelkeit, sowie chronischer stress.<\/p>\n<p>Die k\u00f6pfe Gelato Punch sind klein und gerundet, eine gr\u00fcne olive super dicht, mit purpurfarbenen schattierungen tiefe, haare gelb-orange und der trichome aus kristallinen violett leuchtend und matt.<\/p>\n<p>Gelato Punch ist eine hybrid-sorte, bekannt f\u00fcr seine eigenschaften leicht dominante indica. Erstellt wird, kreuzt zwei popul\u00e4ren st\u00e4mme, Purple Punch und Gelato 33. Der nachkomme resultierende erbt die besten eigenschaften seiner eltern, und bietet eine einzigartige und erfreuliche erfahrung.<\/p>\n<p>Un des aspects remarquables de Gelato Punch est son profil de saveurs d\u00e9licieuses. Elle a un go\u00fbt sucr\u00e9 et sucr\u00e9 rappelant les baies fruit\u00e9es, avec des notes d\u2019agrumes acidul\u00e9s et de cr\u00e8me. L\u2019ar\u00f4me est acidul\u00e9 et citronn\u00e9, accompagn\u00e9 de notes \u00e9pic\u00e9es de diesel et d\u2019une touche de raisins poivr\u00e9s.<\/p>\n<p>En ce qui concerne les effets, Gelato Punch offre un double coup apaisant et calmant. Elle a la capacit\u00e9 d\u2019induire une sensation de relaxation et de tranquillit\u00e9, en en faisant un choix id\u00e9al pour se d\u00e9tendre et se pr\u00e9parer \u00e0 dormir. La vari\u00e9t\u00e9 peut procurer un \u00e9tat d\u2019esprit b\u00e9atifiant tout en induisant une sensation physique intense qui favorise une relaxation profonde.<\/p>\n<p>Gr\u00e2ce \u00e0 ses effets puissants et \u00e0 sa teneur relativement \u00e9lev\u00e9e en THC (en moyenne sup\u00e9rieure \u00e0 20 %), Gelato Punch est souvent recherch\u00e9e \u00e0 des fins m\u00e9dicinales. Elle est couramment utilis\u00e9e pour soulager des affections telles que l\u2019insomnie, les douleurs chroniques, la perte d\u2019app\u00e9tit, les naus\u00e9es et le stress chronique.<\/p>\n<p>Visuellement, les t\u00eates de Gelato Punch se caract\u00e9risent par leur forme petite et arrondie, leur structure dense et leurs couleurs vives. Elles pr\u00e9sentent des nuances pourpres profondes, des poils jaune-orange vif et des trichomes cristallins pourpres et givr\u00e9s.<\/p>\n<p>Dans l\u2019ensemble, Gelato Punch offre une combinaison d\u00e9licieuse de saveurs, d\u2019effets puissants et de potentiel th\u00e9rapeutique, ce qui en fait un choix privil\u00e9gi\u00e9 parmi les amateurs de cannabis \u00e0 la recherche de d\u00e9tente et de soulagement de divers mau<a href=\"https:\/\/fuelpackz.com\/\" target=\"_blank\" rel=\"noopener\">x.<\/a><\/p>\n<h4>Gelato Punch<\/h4>","protected":false},"excerpt":{"rendered":"<p>Insgesamt Gelato Punch bietet eine reizvolle kombination von aromen, von m\u00e4chtigen wirkungen und therapeutische potenzial, das es eine bevorzugte wahl unter den cannabis-liebhaber auf der suche nach entspannung und linderung von verschiedenen beschwerden.<\/p>","protected":false},"featured_media":1750,"comment_status":"open","ping_status":"closed","template":"","meta":{"_uag_custom_page_level_css":"","site-sidebar-layout":"default","site-content-layout":"","ast-site-content-layout":"default","site-content-style":"default","site-sidebar-style":"default","ast-global-header-display":"","ast-banner-title-visibility":"","ast-main-header-display":"","ast-hfb-above-header-display":"","ast-hfb-below-header-display":"","ast-hfb-mobile-header-display":"","site-post-title":"","ast-breadcrumbs-content":"","ast-featured-img":"","footer-sml-layout":"","theme-transparent-header-meta":"default","adv-header-id-meta":"","stick-header-meta":"","header-above-stick-meta":"","header-main-stick-meta":"","header-below-stick-meta":"","astra-migrate-meta-layouts":"set","ast-page-background-enabled":"default","ast-page-background-meta":{"desktop":{"background-color":"","background-image":"","background-repeat":"repeat","background-position":"center center","background-size":"auto","background-attachment":"scroll","background-type":"","background-media":"","overlay-type":"","overlay-color":"","overlay-opacity":"","overlay-gradient":""},"tablet":{"background-color":"","background-image":"","background-repeat":"repeat","background-position":"center center","background-size":"auto","background-attachment":"scroll","background-type":"","background-media":"","overlay-type":"","overlay-color":"","overlay-opacity":"","overlay-gradient":""},"mobile":{"background-color":"","background-image":"","background-repeat":"repeat","background-position":"center center","background-size":"auto","background-attachment":"scroll","background-type":"","background-media":"","overlay-type":"","overlay-color":"","overlay-opacity":"","overlay-gradient":""}},"ast-content-background-meta":{"desktop":{"background-color":"var(--ast-global-color-5)","background-image":"","background-repeat":"repeat","background-position":"center center","background-size":"auto","background-attachment":"scroll","background-type":"","background-media":"","overlay-type":"","overlay-color":"","overlay-opacity":"","overlay-gradient":""},"tablet":{"background-color":"var(--ast-global-color-5)","background-image":"","background-repeat":"repeat","background-position":"center center","background-size":"auto","background-attachment":"scroll","background-type":"","background-media":"","overlay-type":"","overlay-color":"","overlay-opacity":"","overlay-gradient":""},"mobile":{"background-color":"var(--ast-global-color-5)","background-image":"","background-repeat":"repeat","background-position":"center center","background-size":"auto","background-attachment":"scroll","background-type":"","background-media":"","overlay-type":"","overlay-color":"","overlay-opacity":"","overlay-gradient":""}}},"product_brand":[],"product_cat":[28],"product_tag":[205,72,201,218],"class_list":{"0":"post-1749","1":"product","2":"type-product","3":"status-publish","4":"has-post-thumbnail","6":"product_cat-varietes-de-cannabis","7":"product_tag-berry-blast","8":"product_tag-cannabis","9":"product_tag-cannacavi-moon-rocks","10":"product_tag-kaws-cereal-moonstone","11":"desktop-align-left","12":"tablet-align-left","13":"mobile-align-left","15":"first","16":"instock","17":"sale","18":"shipping-taxable","19":"purchasable","20":"product-type-variable"},"uagb_featured_image_src":{"full":["https:\/\/pressurezone.shop\/wp-content\/uploads\/2024\/04\/photo1712356436.jpeg",1127,1280,false],"thumbnail":["https:\/\/pressurezone.shop\/wp-content\/uploads\/2024\/04\/photo1712356436-150x150.jpeg",150,150,true],"medium":["https:\/\/pressurezone.shop\/wp-content\/uploads\/2024\/04\/photo1712356436-264x300.jpeg",264,300,true],"medium_large":["https:\/\/pressurezone.shop\/wp-content\/uploads\/2024\/04\/photo1712356436-768x872.jpeg",768,872,true],"large":["https:\/\/pressurezone.shop\/wp-content\/uploads\/2024\/04\/photo1712356436-902x1024.jpeg",902,1024,true],"1536x1536":["https:\/\/pressurezone.shop\/wp-content\/uploads\/2024\/04\/photo1712356436.jpeg",1127,1280,false],"2048x2048":["https:\/\/pressurezone.shop\/wp-content\/uploads\/2024\/04\/photo1712356436.jpeg",1127,1280,false],"trp-custom-language-flag":["https:\/\/pressurezone.shop\/wp-content\/uploads\/2024\/04\/photo1712356436.jpeg",11,12,false],"woocommerce_thumbnail":["https:\/\/pressurezone.shop\/wp-content\/uploads\/2024\/04\/photo1712356436-300x300.jpeg",300,300,true],"woocommerce_single":["https:\/\/pressurezone.shop\/wp-content\/uploads\/2024\/04\/photo1712356436-600x681.jpeg",600,681,true],"woocommerce_gallery_thumbnail":["https:\/\/pressurezone.shop\/wp-content\/uploads\/2024\/04\/photo1712356436-100x100.jpeg",100,100,true]},"uagb_author_info":{"display_name":"pressurezone.shop","author_link":"https:\/\/pressurezone.shop\/de\/author\/"},"uagb_comment_info":0,"uagb_excerpt":"Dans l'ensemble, Gelato Punch offre une combinaison d\u00e9licieuse de saveurs, d'effets puissants et de potentiel th\u00e9rapeutique, ce qui en fait un choix privil\u00e9gi\u00e9 parmi les amateurs de cannabis \u00e0 la recherche de d\u00e9tente et de soulagement de divers maux.","_links":{"self":[{"href":"https:\/\/pressurezone.shop\/de\/wp-json\/wp\/v2\/product\/1749"}],"collection":[{"href":"https:\/\/pressurezone.shop\/de\/wp-json\/wp\/v2\/product"}],"about":[{"href":"https:\/\/pressurezone.shop\/de\/wp-json\/wp\/v2\/types\/product"}],"replies":[{"embeddable":true,"href":"https:\/\/pressurezone.shop\/de\/wp-json\/wp\/v2\/comments?post=1749"}],"version-history":[{"count":5,"href":"https:\/\/pressurezone.shop\/de\/wp-json\/wp\/v2\/product\/1749\/revisions"}],"predecessor-version":[{"id":2185,"href":"https:\/\/pressurezone.shop\/de\/wp-json\/wp\/v2\/product\/1749\/revisions\/2185"}],"wp:featuredmedia":[{"embeddable":true,"href":"https:\/\/pressurezone.shop\/de\/wp-json\/wp\/v2\/media\/1750"}],"wp:attachment":[{"href":"https:\/\/pressurezone.shop\/de\/wp-json\/wp\/v2\/media?parent=1749"}],"wp:term":[{"taxonomy":"product_brand","embeddable":true,"href":"https:\/\/pressurezone.shop\/de\/wp-json\/wp\/v2\/product_brand?post=1749"},{"taxonomy":"product_cat","embeddable":true,"href":"https:\/\/pressurezone.shop\/de\/wp-json\/wp\/v2\/product_cat?post=1749"},{"taxonomy":"product_tag","embeddable":true,"href":"https:\/\/pressurezone.shop\/de\/wp-json\/wp\/v2\/product_tag?post=1749"}],"curies":[{"name":"wp","href":"https:\/\/api.w.org\/{rel}","templated":true}]}}