{"id":1757,"date":"2024-04-08T09:29:57","date_gmt":"2024-04-08T08:29:57","guid":{"rendered":"https:\/\/pressurezone.shop\/?post_type=product&#038;p=1757"},"modified":"2024-04-10T02:25:19","modified_gmt":"2024-04-10T01:25:19","slug":"white-berry-cannabis-strain","status":"publish","type":"product","link":"https:\/\/pressurezone.shop\/de\/product\/white-berry-cannabis-strain\/","title":{"rendered":"white Berry cannabis strain"},"content":{"rendered":"<p>Die cannabis-sorte White Berry, auch gemeinhin als \u00ab Blue Widow \u00bb und \u00ab Berry White \u00bb, ist eine hybridisierung leicht indica-dominante (65% indica\/35% sativa) erstellt, durch die kreuzung der st\u00e4mme sehr beliebten White Widow und DJ Short Blueberry.<\/p>\n<p>white Berry cannabis strain<\/p>\n<p>Diese knospe lecker verschmilzt harmonisch mit den aromen und effekte ihrer beiden eltern, mit rauch, der sch\u00f6nen, wie sie wollen, immer und immer wieder wiederholen. Sein aroma ist stark mit einem angenehmen duft von s\u00fc\u00dfen beeren und eine fruchtige note, spritzig, das sich ergibt, wenn die k\u00f6pfe sind aus dem rauch. Der geschmack ist dem von heidelbeeren, s\u00fc\u00dfe mit einem hauch von erde, spritzig ablauf, die verst\u00e4rkt sich in dem ma\u00dfe, dass sie weiterhin rauchen.<\/p>\n<p>Diese k\u00f6pfe kleiner und luftig aussehen von kies, runden gr\u00fcnen wald, bedeckt von einer dicken schicht von trichomen kristalline, wei\u00dfe. Sie sind mit wenigen borsten bernsteinfarbenen leuchtenden nuancen, die blaue, die manchmal schimmern durch die beschichtung matt.<\/p>\n<p>Die wirkung von White Berry ist fr\u00f6hlich und belebend, kann aber schwer werden f\u00fcr den k\u00f6rper, wenn es ist verbraucht in gro\u00dfen mengen. Sie sp\u00fcren sofort eine welle positiver energie und beruhigend, sowie eine motivation speist, ist ihre kreativit\u00e4t und vermittelt ihnen ein gef\u00fchl der konzentration. Wenn sie rauchen, ausreichend, werden sie \u00fcberfallen und von einem starken gef\u00fchl der entspannung, die sie nagelt auf dem sofa.<\/p>\n<p>Diese effekte, verbunden mit einem durchschnittlichen THC-gehalt von 16% bis 22% z\u00e4hlen, ist White Berry eine perfekte wahl f\u00fcr die behandlung chronischer stress oder angst, die bei leichten bis mittelschweren depressionen, \u00fcbelkeit und migr\u00e4ne oder kopfschmerzen, d<a href=\"https:\/\/fuelpackz.com\/\" target=\"_blank\" rel=\"noopener\">e<\/a> spannung.white Berry cannabis strain<\/p>","protected":false},"excerpt":{"rendered":"<h2><a href=\"https:\/\/pressurezone.shop\/de\/\">white Berry cannabis strain<\/a><\/h2>\n<p>\u00ab Genie\u00dfen sie die s\u00fc\u00dfe der White Berry Candy ! Verw\u00f6hnen sie ihre geschmacksnerven mit unserer unwiderstehlichen mischung aus beeren und schokolade-creme-wei\u00df. G\u00f6nnen sie sich einen k\u00f6stlichen leckerbissen, der ihnen ihre w\u00fcnsche zu erf\u00fcllen. Versuchen sie, White Candy Berry jetzt und erleben sie die pure gl\u00fcckseligkeit ! \ud83c\udf6c\ud83c\udf53 \u00bb<\/p>","protected":false},"featured_media":1758,"comment_status":"open","ping_status":"closed","template":"","meta":{"_uag_custom_page_level_css":"","site-sidebar-layout":"default","site-content-layout":"","ast-site-content-layout":"default","site-content-style":"default","site-sidebar-style":"default","ast-global-header-display":"","ast-banner-title-visibility":"","ast-main-header-display":"","ast-hfb-above-header-display":"","ast-hfb-below-header-display":"","ast-hfb-mobile-header-display":"","site-post-title":"","ast-breadcrumbs-content":"","ast-featured-img":"","footer-sml-layout":"","theme-transparent-header-meta":"default","adv-header-id-meta":"","stick-header-meta":"","header-above-stick-meta":"","header-main-stick-meta":"","header-below-stick-meta":"","astra-migrate-meta-layouts":"set","ast-page-background-enabled":"default","ast-page-background-meta":{"desktop":{"background-color":"","background-image":"","background-repeat":"repeat","background-position":"center center","background-size":"auto","background-attachment":"scroll","background-type":"","background-media":"","overlay-type":"","overlay-color":"","overlay-opacity":"","overlay-gradient":""},"tablet":{"background-color":"","background-image":"","background-repeat":"repeat","background-position":"center center","background-size":"auto","background-attachment":"scroll","background-type":"","background-media":"","overlay-type":"","overlay-color":"","overlay-opacity":"","overlay-gradient":""},"mobile":{"background-color":"","background-image":"","background-repeat":"repeat","background-position":"center center","background-size":"auto","background-attachment":"scroll","background-type":"","background-media":"","overlay-type":"","overlay-color":"","overlay-opacity":"","overlay-gradient":""}},"ast-content-background-meta":{"desktop":{"background-color":"var(--ast-global-color-5)","background-image":"","background-repeat":"repeat","background-position":"center center","background-size":"auto","background-attachment":"scroll","background-type":"","background-media":"","overlay-type":"","overlay-color":"","overlay-opacity":"","overlay-gradient":""},"tablet":{"background-color":"var(--ast-global-color-5)","background-image":"","background-repeat":"repeat","background-position":"center center","background-size":"auto","background-attachment":"scroll","background-type":"","background-media":"","overlay-type":"","overlay-color":"","overlay-opacity":"","overlay-gradient":""},"mobile":{"background-color":"var(--ast-global-color-5)","background-image":"","background-repeat":"repeat","background-position":"center center","background-size":"auto","background-attachment":"scroll","background-type":"","background-media":"","overlay-type":"","overlay-color":"","overlay-opacity":"","overlay-gradient":""}}},"product_brand":[],"product_cat":[28],"product_tag":[],"class_list":{"0":"post-1757","1":"product","2":"type-product","3":"status-publish","4":"has-post-thumbnail","6":"product_cat-varietes-de-cannabis","7":"desktop-align-left","8":"tablet-align-left","9":"mobile-align-left","11":"first","12":"instock","13":"sale","14":"shipping-taxable","15":"purchasable","16":"product-type-variable"},"uagb_featured_image_src":{"full":["https:\/\/pressurezone.shop\/wp-content\/uploads\/2024\/04\/photo1712356436-1.jpeg",1280,1205,false],"thumbnail":["https:\/\/pressurezone.shop\/wp-content\/uploads\/2024\/04\/photo1712356436-1-150x150.jpeg",150,150,true],"medium":["https:\/\/pressurezone.shop\/wp-content\/uploads\/2024\/04\/photo1712356436-1-300x282.jpeg",300,282,true],"medium_large":["https:\/\/pressurezone.shop\/wp-content\/uploads\/2024\/04\/photo1712356436-1-768x723.jpeg",768,723,true],"large":["https:\/\/pressurezone.shop\/wp-content\/uploads\/2024\/04\/photo1712356436-1-1024x964.jpeg",1024,964,true],"1536x1536":["https:\/\/pressurezone.shop\/wp-content\/uploads\/2024\/04\/photo1712356436-1.jpeg",1280,1205,false],"2048x2048":["https:\/\/pressurezone.shop\/wp-content\/uploads\/2024\/04\/photo1712356436-1.jpeg",1280,1205,false],"trp-custom-language-flag":["https:\/\/pressurezone.shop\/wp-content\/uploads\/2024\/04\/photo1712356436-1.jpeg",13,12,false],"woocommerce_thumbnail":["https:\/\/pressurezone.shop\/wp-content\/uploads\/2024\/04\/photo1712356436-1-300x300.jpeg",300,300,true],"woocommerce_single":["https:\/\/pressurezone.shop\/wp-content\/uploads\/2024\/04\/photo1712356436-1-600x565.jpeg",600,565,true],"woocommerce_gallery_thumbnail":["https:\/\/pressurezone.shop\/wp-content\/uploads\/2024\/04\/photo1712356436-1-100x100.jpeg",100,100,true]},"uagb_author_info":{"display_name":"pressurezone.shop","author_link":"https:\/\/pressurezone.shop\/de\/author\/"},"uagb_comment_info":0,"uagb_excerpt":"white Berry cannabis strain \"Savourez la douceur des White Berry Candy ! R\u00e9galez vos papilles gustatives avec notre irr\u00e9sistible m\u00e9lange de baies et de chocolat blanc cr\u00e9meux. Offrez-vous une d\u00e9licieuse g\u00e2terie qui satisfera vos envies. Essayez White Berry Candy maintenant et vivez un pur bonheur ! \ud83c\udf6c\ud83c\udf53\"","_links":{"self":[{"href":"https:\/\/pressurezone.shop\/de\/wp-json\/wp\/v2\/product\/1757"}],"collection":[{"href":"https:\/\/pressurezone.shop\/de\/wp-json\/wp\/v2\/product"}],"about":[{"href":"https:\/\/pressurezone.shop\/de\/wp-json\/wp\/v2\/types\/product"}],"replies":[{"embeddable":true,"href":"https:\/\/pressurezone.shop\/de\/wp-json\/wp\/v2\/comments?post=1757"}],"version-history":[{"count":5,"href":"https:\/\/pressurezone.shop\/de\/wp-json\/wp\/v2\/product\/1757\/revisions"}],"predecessor-version":[{"id":2180,"href":"https:\/\/pressurezone.shop\/de\/wp-json\/wp\/v2\/product\/1757\/revisions\/2180"}],"wp:featuredmedia":[{"embeddable":true,"href":"https:\/\/pressurezone.shop\/de\/wp-json\/wp\/v2\/media\/1758"}],"wp:attachment":[{"href":"https:\/\/pressurezone.shop\/de\/wp-json\/wp\/v2\/media?parent=1757"}],"wp:term":[{"taxonomy":"product_brand","embeddable":true,"href":"https:\/\/pressurezone.shop\/de\/wp-json\/wp\/v2\/product_brand?post=1757"},{"taxonomy":"product_cat","embeddable":true,"href":"https:\/\/pressurezone.shop\/de\/wp-json\/wp\/v2\/product_cat?post=1757"},{"taxonomy":"product_tag","embeddable":true,"href":"https:\/\/pressurezone.shop\/de\/wp-json\/wp\/v2\/product_tag?post=1757"}],"curies":[{"name":"wp","href":"https:\/\/api.w.org\/{rel}","templated":true}]}}