{"id":1797,"date":"2024-04-08T16:01:34","date_gmt":"2024-04-08T15:01:34","guid":{"rendered":"https:\/\/pressurezone.shop\/?post_type=product&#038;p=1797"},"modified":"2025-10-10T14:47:44","modified_gmt":"2025-10-10T12:47:44","slug":"flavorx-moon-rocks","status":"publish","type":"product","link":"https:\/\/pressurezone.shop\/de\/product\/flavorx-moon-rocks\/","title":{"rendered":"FLAVORX MOON ROCKS"},"content":{"rendered":"<p>Die Moonrocks Flavorxs sind, hergestellt aus exotischen blumen-designer-bio, infundiert mit harz lebendig und kief. 100% bio. Im labor getestet.<br \/>\n*Bitte beachten sie, dass sie empfangen k\u00f6nnen die st\u00fccke teilweise Moonrocks, da dieser artikel nach gewicht verkauft wird.<\/p>\n<p>Die Flavorx Moonrocks sind extrem stark und k\u00f6nnen einen effekt erzeugen intensive und nachhaltige. Hergestellt werden sie aus den knospen getr\u00e4nkt in \u00f6l, hasch oder andere konzentrate fl\u00fcssigkeiten von cannabis, dann gerollt und in kief, sind die harzdr\u00fcsen (auch bekannt als trichome), die entfernt wurden, die knospe, cannabis.<\/p>\n<p>Wie konsumieren die Moonrocks : erstens, die Moonrocks m\u00fcssen gerissen werden, um sie in eine dichtung, einen verdampfer, eine pfeife oder ein anderes tool verwendet, um das rauchen von cannabis. Die scheren werden empfohlen, da die Moonrocks dichten neigen dazu, zu verstopfen-zerkleinerungsmaschinen. Die Moonrocks kann schwierig sein, zu beleuchten und schwierigkeiten haben, eingeschaltet bleiben, dies ist der grund, warum einige verbraucher bevorzugen es, den pony oder die leitungen durch das glas. Die verbraucher lieben sie blumen von cannabis mit Moonrocks platziert sind, da es leichter ist, ein-und erkl\u00e4rt, dass es weiterhin br\u00fbl<a href=\"https:\/\/fuelpackz.com\/\" target=\"_blank\" rel=\"noopener\">rs<\/a> effizienter. Die Moonrocks sind oft reco FLAVORX MOON ROCKS<\/p>","protected":false},"excerpt":{"rendered":"<h2><a href=\"https:\/\/pressurezone.shop\/de\/\">FLAVORX MOON ROCKS<\/a><\/h2>\n<p>Entfesseln sie die neugier ihrer geschmacksnerven mit FlavorX Moonrocks ! Diese gefrorene leckereien und innovative, bieten eine geschmackliche abenteuer jeden einzelnen bissen. Begeben sie sich auf eine k\u00f6stliche reise \u2013 erfahren sie mehr !<\/p>","protected":false},"featured_media":1798,"comment_status":"open","ping_status":"closed","template":"","meta":{"_uag_custom_page_level_css":"","site-sidebar-layout":"default","site-content-layout":"","ast-site-content-layout":"default","site-content-style":"default","site-sidebar-style":"default","ast-global-header-display":"","ast-banner-title-visibility":"","ast-main-header-display":"","ast-hfb-above-header-display":"","ast-hfb-below-header-display":"","ast-hfb-mobile-header-display":"","site-post-title":"","ast-breadcrumbs-content":"","ast-featured-img":"","footer-sml-layout":"","theme-transparent-header-meta":"default","adv-header-id-meta":"","stick-header-meta":"","header-above-stick-meta":"","header-main-stick-meta":"","header-below-stick-meta":"","astra-migrate-meta-layouts":"set","ast-page-background-enabled":"default","ast-page-background-meta":{"desktop":{"background-color":"","background-image":"","background-repeat":"repeat","background-position":"center center","background-size":"auto","background-attachment":"scroll","background-type":"","background-media":"","overlay-type":"","overlay-color":"","overlay-opacity":"","overlay-gradient":""},"tablet":{"background-color":"","background-image":"","background-repeat":"repeat","background-position":"center center","background-size":"auto","background-attachment":"scroll","background-type":"","background-media":"","overlay-type":"","overlay-color":"","overlay-opacity":"","overlay-gradient":""},"mobile":{"background-color":"","background-image":"","background-repeat":"repeat","background-position":"center center","background-size":"auto","background-attachment":"scroll","background-type":"","background-media":"","overlay-type":"","overlay-color":"","overlay-opacity":"","overlay-gradient":""}},"ast-content-background-meta":{"desktop":{"background-color":"var(--ast-global-color-5)","background-image":"","background-repeat":"repeat","background-position":"center center","background-size":"auto","background-attachment":"scroll","background-type":"","background-media":"","overlay-type":"","overlay-color":"","overlay-opacity":"","overlay-gradient":""},"tablet":{"background-color":"var(--ast-global-color-5)","background-image":"","background-repeat":"repeat","background-position":"center center","background-size":"auto","background-attachment":"scroll","background-type":"","background-media":"","overlay-type":"","overlay-color":"","overlay-opacity":"","overlay-gradient":""},"mobile":{"background-color":"var(--ast-global-color-5)","background-image":"","background-repeat":"repeat","background-position":"center center","background-size":"auto","background-attachment":"scroll","background-type":"","background-media":"","overlay-type":"","overlay-color":"","overlay-opacity":"","overlay-gradient":""}}},"product_brand":[],"product_cat":[27],"product_tag":[117],"class_list":{"0":"post-1797","1":"product","2":"type-product","3":"status-publish","4":"has-post-thumbnail","6":"product_cat-commandez-vos-moonrocks-en-ligne","7":"product_tag-flavorx-moonrocks","8":"desktop-align-left","9":"tablet-align-left","10":"mobile-align-left","12":"first","13":"instock","14":"shipping-taxable","15":"purchasable","16":"product-type-variable"},"uagb_featured_image_src":{"full":["https:\/\/pressurezone.shop\/wp-content\/uploads\/2024\/04\/photo1712373097.jpeg",1280,960,false],"thumbnail":["https:\/\/pressurezone.shop\/wp-content\/uploads\/2024\/04\/photo1712373097-150x150.jpeg",150,150,true],"medium":["https:\/\/pressurezone.shop\/wp-content\/uploads\/2024\/04\/photo1712373097-300x225.jpeg",300,225,true],"medium_large":["https:\/\/pressurezone.shop\/wp-content\/uploads\/2024\/04\/photo1712373097-768x576.jpeg",768,576,true],"large":["https:\/\/pressurezone.shop\/wp-content\/uploads\/2024\/04\/photo1712373097-1024x768.jpeg",1024,768,true],"1536x1536":["https:\/\/pressurezone.shop\/wp-content\/uploads\/2024\/04\/photo1712373097.jpeg",1280,960,false],"2048x2048":["https:\/\/pressurezone.shop\/wp-content\/uploads\/2024\/04\/photo1712373097.jpeg",1280,960,false],"trp-custom-language-flag":["https:\/\/pressurezone.shop\/wp-content\/uploads\/2024\/04\/photo1712373097.jpeg",16,12,false],"woocommerce_thumbnail":["https:\/\/pressurezone.shop\/wp-content\/uploads\/2024\/04\/photo1712373097-300x300.jpeg",300,300,true],"woocommerce_single":["https:\/\/pressurezone.shop\/wp-content\/uploads\/2024\/04\/photo1712373097-600x450.jpeg",600,450,true],"woocommerce_gallery_thumbnail":["https:\/\/pressurezone.shop\/wp-content\/uploads\/2024\/04\/photo1712373097-100x100.jpeg",100,100,true]},"uagb_author_info":{"display_name":"pressurezone.shop","author_link":"https:\/\/pressurezone.shop\/de\/author\/"},"uagb_comment_info":15,"uagb_excerpt":"FLAVORX MOON ROCKS Lib\u00e9rez la curiosit\u00e9 de vos papilles gustatives avec FlavorX Moonrocks\u00a0! Ces friandises glac\u00e9es innovantes offrent une aventure gustative unique \u00e0 chaque bouch\u00e9e. Embarquez pour un d\u00e9licieux voyage - En savoir plus\u00a0!","_links":{"self":[{"href":"https:\/\/pressurezone.shop\/de\/wp-json\/wp\/v2\/product\/1797"}],"collection":[{"href":"https:\/\/pressurezone.shop\/de\/wp-json\/wp\/v2\/product"}],"about":[{"href":"https:\/\/pressurezone.shop\/de\/wp-json\/wp\/v2\/types\/product"}],"replies":[{"embeddable":true,"href":"https:\/\/pressurezone.shop\/de\/wp-json\/wp\/v2\/comments?post=1797"}],"version-history":[{"count":4,"href":"https:\/\/pressurezone.shop\/de\/wp-json\/wp\/v2\/product\/1797\/revisions"}],"predecessor-version":[{"id":2116,"href":"https:\/\/pressurezone.shop\/de\/wp-json\/wp\/v2\/product\/1797\/revisions\/2116"}],"wp:featuredmedia":[{"embeddable":true,"href":"https:\/\/pressurezone.shop\/de\/wp-json\/wp\/v2\/media\/1798"}],"wp:attachment":[{"href":"https:\/\/pressurezone.shop\/de\/wp-json\/wp\/v2\/media?parent=1797"}],"wp:term":[{"taxonomy":"product_brand","embeddable":true,"href":"https:\/\/pressurezone.shop\/de\/wp-json\/wp\/v2\/product_brand?post=1797"},{"taxonomy":"product_cat","embeddable":true,"href":"https:\/\/pressurezone.shop\/de\/wp-json\/wp\/v2\/product_cat?post=1797"},{"taxonomy":"product_tag","embeddable":true,"href":"https:\/\/pressurezone.shop\/de\/wp-json\/wp\/v2\/product_tag?post=1797"}],"curies":[{"name":"wp","href":"https:\/\/api.w.org\/{rel}","templated":true}]}}