{"id":1834,"date":"2024-04-08T16:36:32","date_gmt":"2024-04-08T15:36:32","guid":{"rendered":"https:\/\/pressurezone.shop\/?post_type=product&#038;p=1834"},"modified":"2026-02-27T04:04:47","modified_gmt":"2026-02-27T03:04:47","slug":"afghan-commercial-haschisch","status":"publish","type":"product","link":"https:\/\/pressurezone.shop\/de\/product\/afghanisches-kommerzielles-haschisch\/","title":{"rendered":"Afghanisches Commercial haschisch"},"content":{"rendered":"<h2><a href=\"https:\/\/pressurezone.shop\/de\/\">Afghanisches Commercial haschisch<\/a><\/h2>\n<p>Tauchen sie ein in die reiche tradition der Afghanischen Commercial Hash, ein konzentrat der cannabis-klassiker, bekannt f\u00fcr seine erdige aroma und seine entspannende wirkung. Aus der fruchtbaren b\u00f6den in Afghanistan, das top-produkt verspricht eine authentische erfahrung. K\u00fcssen sie das erbe des haschisch afghane \u2013 bestellen sie jetzt und entspannen sie sich mit Afghanischen Commercial Hash !<\/p>\n<p><strong>USP :<\/strong><br \/>\nHash commercial afghan \u2013 know-how der traditionellen afghanischen und auswirkungen relaxan<a href=\"https:\/\/fuelpackz.com\/\" target=\"_blank\" rel=\"noopener\">ts<\/a><\/p>\n<p><strong>Vorteile:<\/strong><br \/>\nEntdecken sie die jahrhundertealte tradition des haschisch afghane mit Afghane Commercial Hash. Sorgf\u00e4ltig ausgearbeitete, dieses konzentrat der spitzenklasse bietet eine mischung aus erdigen aromen und entspannende wirkung, bietet eine beruhigende erfahrung-liebhaber.<\/p>","protected":false},"excerpt":{"rendered":"<p>Afghanisches Commercial haschisch bietet einen vorgeschmack des cannabis-erbe Afghanistans, mit einem konzentrat von qualit\u00e4t bietet erdige aromen und entspannende wirkung. Tauchen sie ein in die reiche tradition des haschisch afghane zu jeder sitzung.<\/p>","protected":false},"featured_media":1843,"comment_status":"open","ping_status":"closed","template":"","meta":{"_uag_custom_page_level_css":"","site-sidebar-layout":"default","site-content-layout":"","ast-site-content-layout":"default","site-content-style":"default","site-sidebar-style":"default","ast-global-header-display":"","ast-banner-title-visibility":"","ast-main-header-display":"","ast-hfb-above-header-display":"","ast-hfb-below-header-display":"","ast-hfb-mobile-header-display":"","site-post-title":"","ast-breadcrumbs-content":"","ast-featured-img":"","footer-sml-layout":"","theme-transparent-header-meta":"default","adv-header-id-meta":"","stick-header-meta":"","header-above-stick-meta":"","header-main-stick-meta":"","header-below-stick-meta":"","astra-migrate-meta-layouts":"set","ast-page-background-enabled":"default","ast-page-background-meta":{"desktop":{"background-color":"","background-image":"","background-repeat":"repeat","background-position":"center center","background-size":"auto","background-attachment":"scroll","background-type":"","background-media":"","overlay-type":"","overlay-color":"","overlay-opacity":"","overlay-gradient":""},"tablet":{"background-color":"","background-image":"","background-repeat":"repeat","background-position":"center center","background-size":"auto","background-attachment":"scroll","background-type":"","background-media":"","overlay-type":"","overlay-color":"","overlay-opacity":"","overlay-gradient":""},"mobile":{"background-color":"","background-image":"","background-repeat":"repeat","background-position":"center center","background-size":"auto","background-attachment":"scroll","background-type":"","background-media":"","overlay-type":"","overlay-color":"","overlay-opacity":"","overlay-gradient":""}},"ast-content-background-meta":{"desktop":{"background-color":"var(--ast-global-color-5)","background-image":"","background-repeat":"repeat","background-position":"center center","background-size":"auto","background-attachment":"scroll","background-type":"","background-media":"","overlay-type":"","overlay-color":"","overlay-opacity":"","overlay-gradient":""},"tablet":{"background-color":"var(--ast-global-color-5)","background-image":"","background-repeat":"repeat","background-position":"center center","background-size":"auto","background-attachment":"scroll","background-type":"","background-media":"","overlay-type":"","overlay-color":"","overlay-opacity":"","overlay-gradient":""},"mobile":{"background-color":"var(--ast-global-color-5)","background-image":"","background-repeat":"repeat","background-position":"center center","background-size":"auto","background-attachment":"scroll","background-type":"","background-media":"","overlay-type":"","overlay-color":"","overlay-opacity":"","overlay-gradient":""}}},"product_brand":[],"product_cat":[29],"product_tag":[],"class_list":{"0":"post-1834","1":"product","2":"type-product","3":"status-publish","4":"has-post-thumbnail","6":"product_cat-haschisch","7":"desktop-align-left","8":"tablet-align-left","9":"mobile-align-left","11":"first","12":"instock","13":"shipping-taxable","14":"purchasable","15":"product-type-variable"},"uagb_featured_image_src":{"full":["https:\/\/pressurezone.shop\/wp-content\/uploads\/2024\/04\/photo1712354523.jpeg",960,1280,false],"thumbnail":["https:\/\/pressurezone.shop\/wp-content\/uploads\/2024\/04\/photo1712354523-150x150.jpeg",150,150,true],"medium":["https:\/\/pressurezone.shop\/wp-content\/uploads\/2024\/04\/photo1712354523-225x300.jpeg",225,300,true],"medium_large":["https:\/\/pressurezone.shop\/wp-content\/uploads\/2024\/04\/photo1712354523-768x1024.jpeg",768,1024,true],"large":["https:\/\/pressurezone.shop\/wp-content\/uploads\/2024\/04\/photo1712354523-768x1024.jpeg",768,1024,true],"1536x1536":["https:\/\/pressurezone.shop\/wp-content\/uploads\/2024\/04\/photo1712354523.jpeg",960,1280,false],"2048x2048":["https:\/\/pressurezone.shop\/wp-content\/uploads\/2024\/04\/photo1712354523.jpeg",960,1280,false],"trp-custom-language-flag":["https:\/\/pressurezone.shop\/wp-content\/uploads\/2024\/04\/photo1712354523.jpeg",9,12,false],"woocommerce_thumbnail":["https:\/\/pressurezone.shop\/wp-content\/uploads\/2024\/04\/photo1712354523-300x300.jpeg",300,300,true],"woocommerce_single":["https:\/\/pressurezone.shop\/wp-content\/uploads\/2024\/04\/photo1712354523-600x800.jpeg",600,800,true],"woocommerce_gallery_thumbnail":["https:\/\/pressurezone.shop\/wp-content\/uploads\/2024\/04\/photo1712354523-100x100.jpeg",100,100,true]},"uagb_author_info":{"display_name":"pressurezone.shop","author_link":"https:\/\/pressurezone.shop\/de\/author\/"},"uagb_comment_info":14,"uagb_excerpt":"Afghan Commercial haschisch offre un avant-go\u00fbt de l'h\u00e9ritage cannabique de l'Afghanistan, avec un concentr\u00e9 de qualit\u00e9 sup\u00e9rieure offrant des saveurs terreuses et des effets relaxants. Plongez-vous dans la riche tradition du haschich afghan \u00e0 chaque s\u00e9ance.","_links":{"self":[{"href":"https:\/\/pressurezone.shop\/de\/wp-json\/wp\/v2\/product\/1834"}],"collection":[{"href":"https:\/\/pressurezone.shop\/de\/wp-json\/wp\/v2\/product"}],"about":[{"href":"https:\/\/pressurezone.shop\/de\/wp-json\/wp\/v2\/types\/product"}],"replies":[{"embeddable":true,"href":"https:\/\/pressurezone.shop\/de\/wp-json\/wp\/v2\/comments?post=1834"}],"version-history":[{"count":4,"href":"https:\/\/pressurezone.shop\/de\/wp-json\/wp\/v2\/product\/1834\/revisions"}],"predecessor-version":[{"id":2174,"href":"https:\/\/pressurezone.shop\/de\/wp-json\/wp\/v2\/product\/1834\/revisions\/2174"}],"wp:featuredmedia":[{"embeddable":true,"href":"https:\/\/pressurezone.shop\/de\/wp-json\/wp\/v2\/media\/1843"}],"wp:attachment":[{"href":"https:\/\/pressurezone.shop\/de\/wp-json\/wp\/v2\/media?parent=1834"}],"wp:term":[{"taxonomy":"product_brand","embeddable":true,"href":"https:\/\/pressurezone.shop\/de\/wp-json\/wp\/v2\/product_brand?post=1834"},{"taxonomy":"product_cat","embeddable":true,"href":"https:\/\/pressurezone.shop\/de\/wp-json\/wp\/v2\/product_cat?post=1834"},{"taxonomy":"product_tag","embeddable":true,"href":"https:\/\/pressurezone.shop\/de\/wp-json\/wp\/v2\/product_tag?post=1834"}],"curies":[{"name":"wp","href":"https:\/\/api.w.org\/{rel}","templated":true}]}}