{"id":2037,"date":"2024-04-09T14:26:21","date_gmt":"2024-04-09T13:26:21","guid":{"rendered":"https:\/\/pressurezone.shop\/?post_type=product&#038;p=2037"},"modified":"2024-04-11T22:00:10","modified_gmt":"2024-04-11T20:00:10","slug":"cereal-bar-edibles","status":"publish","type":"product","link":"https:\/\/pressurezone.shop\/de\/product\/cereal-bar-edibles\/","title":{"rendered":"Cereal bar infusion esswaren"},"content":{"rendered":"<div class=\"ChatMessage_chatMessage__xkgHx\" data-complete=\"true\">\n<div class=\"ChatMessage_messageRow__DHlnq\">\n<div class=\"ChatMessage_messageWrapper__4Ugd6\">\n<div class=\"Message_rowWithFooter__FShU6\">\n<div class=\"Message_row__ug_UU\">\n<div class=\"Message_botMessageBubble__aYctV\">\n<div class=\"Markdown_markdownContainer__Tz3HQ\">\n<p>Die m\u00fcsliriegel essbar sind sehr beliebt in diesen tagen, und das aus gutem grund. Sie bieten eine k\u00f6stliche und diskret genie\u00dfen die vorteile m\u00fcsliriegel essbare ohne die notwendigkeit, das rauchen oder dampft. Wenn sie ein fan sowohl m\u00fcsliriegel und der cannabis-wirkungen, sie sind verdorben ! In diesem artikel werden wir ihnen unser rezept f\u00fcr m\u00fcsliriegel essbaren fondant und lecker. Sie brauchen nicht zu sein ein leiter emeritus f\u00fcr die vorbereitung dieses k\u00f6stliche leckerbissen, wir begleiten sie durch den prozess schritt f\u00fcr schritt. Dann schl\u00fcpfen sie in ihre sch\u00fcrze chef und wir in der k\u00fcche ! Cereal bar infusion esswaren<a href=\"https:\/\/fuelpackz.com\/\" target=\"_blank\" rel=\"noopener\">.<\/a><\/p>\n<\/div>\n<\/div>\n<\/div>\n<div class=\"Message_botOptimisticFooter__FL0c_\"><\/div>\n<\/div>\n<\/div>\n<\/div>\n<\/div>\n<section class=\"ChatMessageActionBar_actionBar__gyeEs\"><button class=\"Button_buttonBase__Bv9Vx Button_tertiary__KEQm1 Button_iconOnly__poDNY\"><\/button><button class=\"Button_buttonBase__Bv9Vx Button_tertiary__KEQm1 Button_iconOnly__poDNY\"><\/button><button class=\"Button_buttonBase__Bv9Vx Button_tertiary__KEQm1 Button_iconOnly__poDNY\"><\/button><button class=\"Button_buttonBase__Bv9Vx Button_tertiary__KEQm1 Button_iconOnly__poDNY\"><\/button><\/section>\n<section class=\"ChatMessageFollowupActions_container__0Mrhg\"><\/section>","protected":false},"excerpt":{"rendered":"<h4><a href=\"https:\/\/pressurezone.shop\/de\/\">Cereal bar infusion esswaren<\/a><\/h4>","protected":false},"featured_media":2038,"comment_status":"open","ping_status":"closed","template":"","meta":{"_uag_custom_page_level_css":"","site-sidebar-layout":"default","site-content-layout":"","ast-site-content-layout":"default","site-content-style":"default","site-sidebar-style":"default","ast-global-header-display":"","ast-banner-title-visibility":"","ast-main-header-display":"","ast-hfb-above-header-display":"","ast-hfb-below-header-display":"","ast-hfb-mobile-header-display":"","site-post-title":"","ast-breadcrumbs-content":"","ast-featured-img":"","footer-sml-layout":"","theme-transparent-header-meta":"default","adv-header-id-meta":"","stick-header-meta":"","header-above-stick-meta":"","header-main-stick-meta":"","header-below-stick-meta":"","astra-migrate-meta-layouts":"set","ast-page-background-enabled":"default","ast-page-background-meta":{"desktop":{"background-color":"","background-image":"","background-repeat":"repeat","background-position":"center center","background-size":"auto","background-attachment":"scroll","background-type":"","background-media":"","overlay-type":"","overlay-color":"","overlay-opacity":"","overlay-gradient":""},"tablet":{"background-color":"","background-image":"","background-repeat":"repeat","background-position":"center center","background-size":"auto","background-attachment":"scroll","background-type":"","background-media":"","overlay-type":"","overlay-color":"","overlay-opacity":"","overlay-gradient":""},"mobile":{"background-color":"","background-image":"","background-repeat":"repeat","background-position":"center center","background-size":"auto","background-attachment":"scroll","background-type":"","background-media":"","overlay-type":"","overlay-color":"","overlay-opacity":"","overlay-gradient":""}},"ast-content-background-meta":{"desktop":{"background-color":"var(--ast-global-color-5)","background-image":"","background-repeat":"repeat","background-position":"center center","background-size":"auto","background-attachment":"scroll","background-type":"","background-media":"","overlay-type":"","overlay-color":"","overlay-opacity":"","overlay-gradient":""},"tablet":{"background-color":"var(--ast-global-color-5)","background-image":"","background-repeat":"repeat","background-position":"center center","background-size":"auto","background-attachment":"scroll","background-type":"","background-media":"","overlay-type":"","overlay-color":"","overlay-opacity":"","overlay-gradient":""},"mobile":{"background-color":"var(--ast-global-color-5)","background-image":"","background-repeat":"repeat","background-position":"center center","background-size":"auto","background-attachment":"scroll","background-type":"","background-media":"","overlay-type":"","overlay-color":"","overlay-opacity":"","overlay-gradient":""}}},"product_brand":[],"product_cat":[30],"product_tag":[],"class_list":{"0":"post-2037","1":"product","2":"type-product","3":"status-publish","4":"has-post-thumbnail","6":"product_cat-edibles","7":"desktop-align-left","8":"tablet-align-left","9":"mobile-align-left","11":"first","12":"instock","13":"shipping-taxable","14":"purchasable","15":"product-type-simple"},"uagb_featured_image_src":{"full":["https:\/\/pressurezone.shop\/wp-content\/uploads\/2024\/04\/photo1712354183.jpeg",646,800,false],"thumbnail":["https:\/\/pressurezone.shop\/wp-content\/uploads\/2024\/04\/photo1712354183-150x150.jpeg",150,150,true],"medium":["https:\/\/pressurezone.shop\/wp-content\/uploads\/2024\/04\/photo1712354183-242x300.jpeg",242,300,true],"medium_large":["https:\/\/pressurezone.shop\/wp-content\/uploads\/2024\/04\/photo1712354183.jpeg",646,800,false],"large":["https:\/\/pressurezone.shop\/wp-content\/uploads\/2024\/04\/photo1712354183.jpeg",646,800,false],"1536x1536":["https:\/\/pressurezone.shop\/wp-content\/uploads\/2024\/04\/photo1712354183.jpeg",646,800,false],"2048x2048":["https:\/\/pressurezone.shop\/wp-content\/uploads\/2024\/04\/photo1712354183.jpeg",646,800,false],"trp-custom-language-flag":["https:\/\/pressurezone.shop\/wp-content\/uploads\/2024\/04\/photo1712354183.jpeg",10,12,false],"woocommerce_thumbnail":["https:\/\/pressurezone.shop\/wp-content\/uploads\/2024\/04\/photo1712354183-300x300.jpeg",300,300,true],"woocommerce_single":["https:\/\/pressurezone.shop\/wp-content\/uploads\/2024\/04\/photo1712354183-600x743.jpeg",600,743,true],"woocommerce_gallery_thumbnail":["https:\/\/pressurezone.shop\/wp-content\/uploads\/2024\/04\/photo1712354183-100x100.jpeg",100,100,true]},"uagb_author_info":{"display_name":"pressurezone.shop","author_link":"https:\/\/pressurezone.shop\/de\/author\/"},"uagb_comment_info":0,"uagb_excerpt":"Cereal bar edibles","_links":{"self":[{"href":"https:\/\/pressurezone.shop\/de\/wp-json\/wp\/v2\/product\/2037"}],"collection":[{"href":"https:\/\/pressurezone.shop\/de\/wp-json\/wp\/v2\/product"}],"about":[{"href":"https:\/\/pressurezone.shop\/de\/wp-json\/wp\/v2\/types\/product"}],"replies":[{"embeddable":true,"href":"https:\/\/pressurezone.shop\/de\/wp-json\/wp\/v2\/comments?post=2037"}],"version-history":[{"count":4,"href":"https:\/\/pressurezone.shop\/de\/wp-json\/wp\/v2\/product\/2037\/revisions"}],"predecessor-version":[{"id":2251,"href":"https:\/\/pressurezone.shop\/de\/wp-json\/wp\/v2\/product\/2037\/revisions\/2251"}],"wp:featuredmedia":[{"embeddable":true,"href":"https:\/\/pressurezone.shop\/de\/wp-json\/wp\/v2\/media\/2038"}],"wp:attachment":[{"href":"https:\/\/pressurezone.shop\/de\/wp-json\/wp\/v2\/media?parent=2037"}],"wp:term":[{"taxonomy":"product_brand","embeddable":true,"href":"https:\/\/pressurezone.shop\/de\/wp-json\/wp\/v2\/product_brand?post=2037"},{"taxonomy":"product_cat","embeddable":true,"href":"https:\/\/pressurezone.shop\/de\/wp-json\/wp\/v2\/product_cat?post=2037"},{"taxonomy":"product_tag","embeddable":true,"href":"https:\/\/pressurezone.shop\/de\/wp-json\/wp\/v2\/product_tag?post=2037"}],"curies":[{"name":"wp","href":"https:\/\/api.w.org\/{rel}","templated":true}]}}