{"id":2090,"date":"2024-04-09T15:07:54","date_gmt":"2024-04-09T14:07:54","guid":{"rendered":"https:\/\/pressurezone.shop\/?post_type=product&#038;p=2090"},"modified":"2024-04-10T22:56:52","modified_gmt":"2024-04-10T20:56:52","slug":"lemon-push-pop","status":"publish","type":"product","link":"https:\/\/pressurezone.shop\/de\/product\/lemon-push-pop\/","title":{"rendered":"Lemon Push Pop"},"content":{"rendered":"<p>Lemon Push Pop ist ein hybrid-ausgewogen (50% indica\/50% sativa) erstellt, indem die k\u00f6stliche st\u00e4mme, Cookies &amp; Cream und Tempel Flo. Nommm\u00e9e nach seinen k\u00f6stlichen geschmack, Push-Pop ist die perfekte wahl f\u00fcr jeden liebhaber von hybriden m\u00e4chtig. Wie der name schon sagt, Push Pop schmeckt nach bonbon, super-s\u00fc\u00df und fruchtig, mit einem hauch von vanille-cremig und einem hauch pfeffer gew\u00fcrzt. Der duft folgt dem gleichen profil, obwohl der hinweis pfefferminze die oberhand mit einer overlay-super w\u00fcrzig.<\/p>\n<p>Die wirkung von Push Pop sie lust haben, mit stimulierenden effekten und chatouillants betreffen sowohl den geist und k\u00f6rper. Ihr geistiger zustand wird sich schnell hoch, gef\u00fcllt mit einem leichten effekt kribbeln angenehm bet\u00e4ubt das gehirn, und sie erf\u00fcllt von gl\u00fcck. Werden sie kreativ und extrovertiert in diesem zustand besprechen, k\u00f6nnen leicht mit denen, die sie umgeben, obwohl sie manchmal, sie wieder getroffen zu lachen. Ein kribbeln, k\u00f6rperliche, entspannende und begleitet die erh\u00f6hung psychische stimulans, auch ihren k\u00f6rper.<\/p>\n<p>In kombination mit einem durchschnittlichen THC-gehalt hoch, 12 bis 25 %, diese effekte sind Push Pop eine ausgezeichnete wahl f\u00fcr die behandlung von erkrankungen wie chronischer stress oder angst, ptbs, depressionen, kopfschmerzen oder migr\u00e4ne. Diese knospe zeigt die k\u00f6pfe der form von trauben gr\u00fcn und neon-leuchtend mit haare orange dicken schicht von trichomen kristalline dor<a href=\"https:\/\/fuelpackz.com\/\" target=\"_blank\" rel=\"noopener\">e<\/a>s-und wei\u00dfweine.<a href=\"https:\/\/pressurezone.shop\/de\/\">Lemon Push Pop<\/a><\/p>","protected":false},"excerpt":{"rendered":"<h4>Lemon Push Pop cannabis<\/h4>","protected":false},"featured_media":2091,"comment_status":"open","ping_status":"closed","template":"","meta":{"_uag_custom_page_level_css":"","site-sidebar-layout":"default","site-content-layout":"","ast-site-content-layout":"default","site-content-style":"default","site-sidebar-style":"default","ast-global-header-display":"","ast-banner-title-visibility":"","ast-main-header-display":"","ast-hfb-above-header-display":"","ast-hfb-below-header-display":"","ast-hfb-mobile-header-display":"","site-post-title":"","ast-breadcrumbs-content":"","ast-featured-img":"","footer-sml-layout":"","theme-transparent-header-meta":"default","adv-header-id-meta":"","stick-header-meta":"","header-above-stick-meta":"","header-main-stick-meta":"","header-below-stick-meta":"","astra-migrate-meta-layouts":"set","ast-page-background-enabled":"default","ast-page-background-meta":{"desktop":{"background-color":"","background-image":"","background-repeat":"repeat","background-position":"center center","background-size":"auto","background-attachment":"scroll","background-type":"","background-media":"","overlay-type":"","overlay-color":"","overlay-opacity":"","overlay-gradient":""},"tablet":{"background-color":"","background-image":"","background-repeat":"repeat","background-position":"center center","background-size":"auto","background-attachment":"scroll","background-type":"","background-media":"","overlay-type":"","overlay-color":"","overlay-opacity":"","overlay-gradient":""},"mobile":{"background-color":"","background-image":"","background-repeat":"repeat","background-position":"center center","background-size":"auto","background-attachment":"scroll","background-type":"","background-media":"","overlay-type":"","overlay-color":"","overlay-opacity":"","overlay-gradient":""}},"ast-content-background-meta":{"desktop":{"background-color":"var(--ast-global-color-5)","background-image":"","background-repeat":"repeat","background-position":"center center","background-size":"auto","background-attachment":"scroll","background-type":"","background-media":"","overlay-type":"","overlay-color":"","overlay-opacity":"","overlay-gradient":""},"tablet":{"background-color":"var(--ast-global-color-5)","background-image":"","background-repeat":"repeat","background-position":"center center","background-size":"auto","background-attachment":"scroll","background-type":"","background-media":"","overlay-type":"","overlay-color":"","overlay-opacity":"","overlay-gradient":""},"mobile":{"background-color":"var(--ast-global-color-5)","background-image":"","background-repeat":"repeat","background-position":"center center","background-size":"auto","background-attachment":"scroll","background-type":"","background-media":"","overlay-type":"","overlay-color":"","overlay-opacity":"","overlay-gradient":""}}},"product_brand":[],"product_cat":[28],"product_tag":[],"class_list":{"0":"post-2090","1":"product","2":"type-product","3":"status-publish","4":"has-post-thumbnail","6":"product_cat-varietes-de-cannabis","7":"desktop-align-left","8":"tablet-align-left","9":"mobile-align-left","11":"first","12":"instock","13":"sale","14":"shipping-taxable","15":"purchasable","16":"product-type-variable"},"uagb_featured_image_src":{"full":["https:\/\/pressurezone.shop\/wp-content\/uploads\/2024\/04\/photo1712356437-4.jpeg",800,751,false],"thumbnail":["https:\/\/pressurezone.shop\/wp-content\/uploads\/2024\/04\/photo1712356437-4-150x150.jpeg",150,150,true],"medium":["https:\/\/pressurezone.shop\/wp-content\/uploads\/2024\/04\/photo1712356437-4-300x282.jpeg",300,282,true],"medium_large":["https:\/\/pressurezone.shop\/wp-content\/uploads\/2024\/04\/photo1712356437-4-768x721.jpeg",768,721,true],"large":["https:\/\/pressurezone.shop\/wp-content\/uploads\/2024\/04\/photo1712356437-4.jpeg",800,751,false],"1536x1536":["https:\/\/pressurezone.shop\/wp-content\/uploads\/2024\/04\/photo1712356437-4.jpeg",800,751,false],"2048x2048":["https:\/\/pressurezone.shop\/wp-content\/uploads\/2024\/04\/photo1712356437-4.jpeg",800,751,false],"trp-custom-language-flag":["https:\/\/pressurezone.shop\/wp-content\/uploads\/2024\/04\/photo1712356437-4.jpeg",13,12,false],"woocommerce_thumbnail":["https:\/\/pressurezone.shop\/wp-content\/uploads\/2024\/04\/photo1712356437-4-300x300.jpeg",300,300,true],"woocommerce_single":["https:\/\/pressurezone.shop\/wp-content\/uploads\/2024\/04\/photo1712356437-4-600x563.jpeg",600,563,true],"woocommerce_gallery_thumbnail":["https:\/\/pressurezone.shop\/wp-content\/uploads\/2024\/04\/photo1712356437-4-100x100.jpeg",100,100,true]},"uagb_author_info":{"display_name":"pressurezone.shop","author_link":"https:\/\/pressurezone.shop\/de\/author\/"},"uagb_comment_info":0,"uagb_excerpt":"Lemon Push Pop cannabis","_links":{"self":[{"href":"https:\/\/pressurezone.shop\/de\/wp-json\/wp\/v2\/product\/2090"}],"collection":[{"href":"https:\/\/pressurezone.shop\/de\/wp-json\/wp\/v2\/product"}],"about":[{"href":"https:\/\/pressurezone.shop\/de\/wp-json\/wp\/v2\/types\/product"}],"replies":[{"embeddable":true,"href":"https:\/\/pressurezone.shop\/de\/wp-json\/wp\/v2\/comments?post=2090"}],"version-history":[{"count":4,"href":"https:\/\/pressurezone.shop\/de\/wp-json\/wp\/v2\/product\/2090\/revisions"}],"predecessor-version":[{"id":2191,"href":"https:\/\/pressurezone.shop\/de\/wp-json\/wp\/v2\/product\/2090\/revisions\/2191"}],"wp:featuredmedia":[{"embeddable":true,"href":"https:\/\/pressurezone.shop\/de\/wp-json\/wp\/v2\/media\/2091"}],"wp:attachment":[{"href":"https:\/\/pressurezone.shop\/de\/wp-json\/wp\/v2\/media?parent=2090"}],"wp:term":[{"taxonomy":"product_brand","embeddable":true,"href":"https:\/\/pressurezone.shop\/de\/wp-json\/wp\/v2\/product_brand?post=2090"},{"taxonomy":"product_cat","embeddable":true,"href":"https:\/\/pressurezone.shop\/de\/wp-json\/wp\/v2\/product_cat?post=2090"},{"taxonomy":"product_tag","embeddable":true,"href":"https:\/\/pressurezone.shop\/de\/wp-json\/wp\/v2\/product_tag?post=2090"}],"curies":[{"name":"wp","href":"https:\/\/api.w.org\/{rel}","templated":true}]}}