{"id":2100,"date":"2024-04-09T15:12:07","date_gmt":"2024-04-09T14:12:07","guid":{"rendered":"https:\/\/pressurezone.shop\/?post_type=product&#038;p=2100"},"modified":"2026-02-27T04:06:30","modified_gmt":"2026-02-27T03:06:30","slug":"berry-blast","status":"publish","type":"product","link":"https:\/\/pressurezone.shop\/de\/product\/berry-blast\/","title":{"rendered":"Berry Blast"},"content":{"rendered":"<h3><a href=\"https:\/\/pressurezone.shop\/de\/\">Berry Blast<\/a><\/h3>\n<p>Entdecken sie unsere k\u00f6stlichen m\u00fcsliriegel, essbare, Berry Blast, eine explosion von fruchtigen aromen und energy-drinks. Bestellen sie jetzt und g\u00f6nnen sie sich ein geschmackserlebnis dynamisch und entspannend<a href=\"https:\/\/fuelpackz.com\/\" target=\"_blank\" rel=\"noopener\">e!<\/a><\/p>","protected":false},"excerpt":{"rendered":"<p>Unsere m\u00fcsliriegel essbare Berry Blast bieten eine explosion von fruchtigen aromen bei jedem bissen, und bietet ihnen ein geschmackserlebnis dynamische inspiriert durch die frische der beeren. Nutzen sie diese erfahrung, revitalisierende und gleichzeitig die beruhigende wirkung des .Berry Blast sorte<\/p>","protected":false},"featured_media":2101,"comment_status":"open","ping_status":"closed","template":"","meta":{"_uag_custom_page_level_css":"","site-sidebar-layout":"default","site-content-layout":"","ast-site-content-layout":"default","site-content-style":"default","site-sidebar-style":"default","ast-global-header-display":"","ast-banner-title-visibility":"","ast-main-header-display":"","ast-hfb-above-header-display":"","ast-hfb-below-header-display":"","ast-hfb-mobile-header-display":"","site-post-title":"","ast-breadcrumbs-content":"","ast-featured-img":"","footer-sml-layout":"","theme-transparent-header-meta":"default","adv-header-id-meta":"","stick-header-meta":"","header-above-stick-meta":"","header-main-stick-meta":"","header-below-stick-meta":"","astra-migrate-meta-layouts":"set","ast-page-background-enabled":"default","ast-page-background-meta":{"desktop":{"background-color":"","background-image":"","background-repeat":"repeat","background-position":"center center","background-size":"auto","background-attachment":"scroll","background-type":"","background-media":"","overlay-type":"","overlay-color":"","overlay-opacity":"","overlay-gradient":""},"tablet":{"background-color":"","background-image":"","background-repeat":"repeat","background-position":"center center","background-size":"auto","background-attachment":"scroll","background-type":"","background-media":"","overlay-type":"","overlay-color":"","overlay-opacity":"","overlay-gradient":""},"mobile":{"background-color":"","background-image":"","background-repeat":"repeat","background-position":"center center","background-size":"auto","background-attachment":"scroll","background-type":"","background-media":"","overlay-type":"","overlay-color":"","overlay-opacity":"","overlay-gradient":""}},"ast-content-background-meta":{"desktop":{"background-color":"var(--ast-global-color-5)","background-image":"","background-repeat":"repeat","background-position":"center center","background-size":"auto","background-attachment":"scroll","background-type":"","background-media":"","overlay-type":"","overlay-color":"","overlay-opacity":"","overlay-gradient":""},"tablet":{"background-color":"var(--ast-global-color-5)","background-image":"","background-repeat":"repeat","background-position":"center center","background-size":"auto","background-attachment":"scroll","background-type":"","background-media":"","overlay-type":"","overlay-color":"","overlay-opacity":"","overlay-gradient":""},"mobile":{"background-color":"var(--ast-global-color-5)","background-image":"","background-repeat":"repeat","background-position":"center center","background-size":"auto","background-attachment":"scroll","background-type":"","background-media":"","overlay-type":"","overlay-color":"","overlay-opacity":"","overlay-gradient":""}}},"product_brand":[],"product_cat":[28],"product_tag":[203,205,204,74,206],"class_list":{"0":"post-2100","1":"product","2":"type-product","3":"status-publish","4":"has-post-thumbnail","6":"product_cat-varietes-de-cannabis","7":"product_tag-barres-de-cereales","8":"product_tag-berry-blast","9":"product_tag-cbd","10":"product_tag-relaxation","11":"product_tag-saveur-fruitee","12":"desktop-align-left","13":"tablet-align-left","14":"mobile-align-left","16":"first","17":"instock","18":"sale","19":"shipping-taxable","20":"purchasable","21":"product-type-variable"},"uagb_featured_image_src":{"full":["https:\/\/pressurezone.shop\/wp-content\/uploads\/2024\/04\/photo1712356437-5.jpeg",800,696,false],"thumbnail":["https:\/\/pressurezone.shop\/wp-content\/uploads\/2024\/04\/photo1712356437-5-150x150.jpeg",150,150,true],"medium":["https:\/\/pressurezone.shop\/wp-content\/uploads\/2024\/04\/photo1712356437-5-300x261.jpeg",300,261,true],"medium_large":["https:\/\/pressurezone.shop\/wp-content\/uploads\/2024\/04\/photo1712356437-5-768x668.jpeg",768,668,true],"large":["https:\/\/pressurezone.shop\/wp-content\/uploads\/2024\/04\/photo1712356437-5.jpeg",800,696,false],"1536x1536":["https:\/\/pressurezone.shop\/wp-content\/uploads\/2024\/04\/photo1712356437-5.jpeg",800,696,false],"2048x2048":["https:\/\/pressurezone.shop\/wp-content\/uploads\/2024\/04\/photo1712356437-5.jpeg",800,696,false],"trp-custom-language-flag":["https:\/\/pressurezone.shop\/wp-content\/uploads\/2024\/04\/photo1712356437-5.jpeg",14,12,false],"woocommerce_thumbnail":["https:\/\/pressurezone.shop\/wp-content\/uploads\/2024\/04\/photo1712356437-5-300x300.jpeg",300,300,true],"woocommerce_single":["https:\/\/pressurezone.shop\/wp-content\/uploads\/2024\/04\/photo1712356437-5-600x522.jpeg",600,522,true],"woocommerce_gallery_thumbnail":["https:\/\/pressurezone.shop\/wp-content\/uploads\/2024\/04\/photo1712356437-5-100x100.jpeg",100,100,true]},"uagb_author_info":{"display_name":"pressurezone.shop","author_link":"https:\/\/pressurezone.shop\/de\/author\/"},"uagb_comment_info":12,"uagb_excerpt":"Nos barres de c\u00e9r\u00e9ales comestibles Berry Blast\u00a0 offrent une explosion de saveurs fruit\u00e9es \u00e0 chaque bouch\u00e9e, vous offrant une exp\u00e9rience gustative dynamique inspir\u00e9e par la fra\u00eecheur des baies. Profitez de cette exp\u00e9rience revitalisante tout en b\u00e9n\u00e9ficiant des bienfaits apaisants du .Berry Blast strain","_links":{"self":[{"href":"https:\/\/pressurezone.shop\/de\/wp-json\/wp\/v2\/product\/2100"}],"collection":[{"href":"https:\/\/pressurezone.shop\/de\/wp-json\/wp\/v2\/product"}],"about":[{"href":"https:\/\/pressurezone.shop\/de\/wp-json\/wp\/v2\/types\/product"}],"replies":[{"embeddable":true,"href":"https:\/\/pressurezone.shop\/de\/wp-json\/wp\/v2\/comments?post=2100"}],"version-history":[{"count":6,"href":"https:\/\/pressurezone.shop\/de\/wp-json\/wp\/v2\/product\/2100\/revisions"}],"predecessor-version":[{"id":2192,"href":"https:\/\/pressurezone.shop\/de\/wp-json\/wp\/v2\/product\/2100\/revisions\/2192"}],"wp:featuredmedia":[{"embeddable":true,"href":"https:\/\/pressurezone.shop\/de\/wp-json\/wp\/v2\/media\/2101"}],"wp:attachment":[{"href":"https:\/\/pressurezone.shop\/de\/wp-json\/wp\/v2\/media?parent=2100"}],"wp:term":[{"taxonomy":"product_brand","embeddable":true,"href":"https:\/\/pressurezone.shop\/de\/wp-json\/wp\/v2\/product_brand?post=2100"},{"taxonomy":"product_cat","embeddable":true,"href":"https:\/\/pressurezone.shop\/de\/wp-json\/wp\/v2\/product_cat?post=2100"},{"taxonomy":"product_tag","embeddable":true,"href":"https:\/\/pressurezone.shop\/de\/wp-json\/wp\/v2\/product_tag?post=2100"}],"curies":[{"name":"wp","href":"https:\/\/api.w.org\/{rel}","templated":true}]}}