{"id":2110,"date":"2024-04-09T17:06:37","date_gmt":"2024-04-09T16:06:37","guid":{"rendered":"https:\/\/pressurezone.shop\/?post_type=product&#038;p=2110"},"modified":"2024-04-10T22:29:37","modified_gmt":"2024-04-10T20:29:37","slug":"runtz-cake","status":"publish","type":"product","link":"https:\/\/pressurezone.shop\/de\/product\/runtz-cake\/","title":{"rendered":"Runtz Cake"},"content":{"rendered":"<p>Runtz Cake ist eine hybrid-sorte ausgewogen (50% indica\/50% sativa) erstellt, indem die k\u00f6stliche st\u00e4mme, White Runtz und Wedding Cake. Nommm\u00e9e nach seinem unglaublichen geschmack, Runtz Cake ist die knospe perfekt f\u00fcr alle liebhaber von hybriden. Diese knospe bietet einen geschmack der s\u00fc\u00dfen beeren super s\u00fc\u00df und fruchtig, mit ablauf, leicht herb und s\u00fc\u00df von vanille und zitrusfr\u00fcchten. Das aroma ist sehr \u00e4hnlich, mit herber note von zitrusfr\u00fcchten vive, akzentuiert durch s\u00fc\u00dfigkeiten, die den frischen beeren und der s\u00fc\u00dfen fr\u00fcchte, die verst\u00e4rken die s\u00fc\u00dfe da die knospen vergl\u00fchen.<\/p>\n<p>Die wirkung von Runtz Cake f\u00fchlt sie einige minuten nach ihrer letzten ausatmung, indem sie ihr gehirn ein gef\u00fchl von energie und kreativit\u00e4t, begleitet von einem kribbeln stimulans auf der r\u00fcckseite des kopfes und des halses.<\/p>\n<p>Dieses kribbeln breitet sich bald im ganzen k\u00f6rper, so dass sie die totale entspannung von kopf bis fu\u00df, und manchmal sogar eine gewisse erregung. Dieser effekt kann manchmal ein beruhigungsmittel, also achten sie auf ihre mischung, wenn sie fragen haben, dinge zu tun. Zusammenhang mit einem durchschnittlichen THC-hoch von 22 bis 24 %, diese effekte machen Runtz Cake ist eine ausgezeichnete wahl f\u00fcr die behandlung chronischer stress, kopfschmerzen oder migr\u00e4ne, depressionen, chronischen schmerzen, schlaflosigkeit und chronische m\u00fcdigkeit.<\/p>\n<p>Diese knospe hat die form von kleinen k\u00f6pfen dicht in form von popcorn, einem gr\u00fcnen wald mit bernsteinfarbenen nuancen, feine haare, bernsteinfarbenen und einer schicht aus winzigen bernsteinfarbenen trichomen kristalline<a href=\"https:\/\/fuelpackz.com\/\" target=\"_blank\" rel=\"noopener\">.<\/a><\/p>","protected":false},"excerpt":{"rendered":"<h4><a href=\"https:\/\/pressurezone.shop\/de\/\">Runtz Cake cannabis<\/a><\/h4>","protected":false},"featured_media":2120,"comment_status":"open","ping_status":"closed","template":"","meta":{"_uag_custom_page_level_css":"","site-sidebar-layout":"default","site-content-layout":"","ast-site-content-layout":"default","site-content-style":"default","site-sidebar-style":"default","ast-global-header-display":"","ast-banner-title-visibility":"","ast-main-header-display":"","ast-hfb-above-header-display":"","ast-hfb-below-header-display":"","ast-hfb-mobile-header-display":"","site-post-title":"","ast-breadcrumbs-content":"","ast-featured-img":"","footer-sml-layout":"","theme-transparent-header-meta":"default","adv-header-id-meta":"","stick-header-meta":"","header-above-stick-meta":"","header-main-stick-meta":"","header-below-stick-meta":"","astra-migrate-meta-layouts":"set","ast-page-background-enabled":"default","ast-page-background-meta":{"desktop":{"background-color":"","background-image":"","background-repeat":"repeat","background-position":"center center","background-size":"auto","background-attachment":"scroll","background-type":"","background-media":"","overlay-type":"","overlay-color":"","overlay-opacity":"","overlay-gradient":""},"tablet":{"background-color":"","background-image":"","background-repeat":"repeat","background-position":"center center","background-size":"auto","background-attachment":"scroll","background-type":"","background-media":"","overlay-type":"","overlay-color":"","overlay-opacity":"","overlay-gradient":""},"mobile":{"background-color":"","background-image":"","background-repeat":"repeat","background-position":"center center","background-size":"auto","background-attachment":"scroll","background-type":"","background-media":"","overlay-type":"","overlay-color":"","overlay-opacity":"","overlay-gradient":""}},"ast-content-background-meta":{"desktop":{"background-color":"var(--ast-global-color-5)","background-image":"","background-repeat":"repeat","background-position":"center center","background-size":"auto","background-attachment":"scroll","background-type":"","background-media":"","overlay-type":"","overlay-color":"","overlay-opacity":"","overlay-gradient":""},"tablet":{"background-color":"var(--ast-global-color-5)","background-image":"","background-repeat":"repeat","background-position":"center center","background-size":"auto","background-attachment":"scroll","background-type":"","background-media":"","overlay-type":"","overlay-color":"","overlay-opacity":"","overlay-gradient":""},"mobile":{"background-color":"var(--ast-global-color-5)","background-image":"","background-repeat":"repeat","background-position":"center center","background-size":"auto","background-attachment":"scroll","background-type":"","background-media":"","overlay-type":"","overlay-color":"","overlay-opacity":"","overlay-gradient":""}}},"product_brand":[],"product_cat":[28],"product_tag":[183,203,214],"class_list":{"0":"post-2110","1":"product","2":"type-product","3":"status-publish","4":"has-post-thumbnail","6":"product_cat-varietes-de-cannabis","7":"product_tag-baies","8":"product_tag-barres-de-cereales","9":"product_tag-runtz-cake","10":"desktop-align-left","11":"tablet-align-left","12":"mobile-align-left","14":"first","15":"instock","16":"sale","17":"shipping-taxable","18":"purchasable","19":"product-type-variable"},"uagb_featured_image_src":{"full":["https:\/\/pressurezone.shop\/wp-content\/uploads\/2024\/04\/photo1712356436-2.jpeg",800,752,false],"thumbnail":["https:\/\/pressurezone.shop\/wp-content\/uploads\/2024\/04\/photo1712356436-2-150x150.jpeg",150,150,true],"medium":["https:\/\/pressurezone.shop\/wp-content\/uploads\/2024\/04\/photo1712356436-2-300x282.jpeg",300,282,true],"medium_large":["https:\/\/pressurezone.shop\/wp-content\/uploads\/2024\/04\/photo1712356436-2-768x722.jpeg",768,722,true],"large":["https:\/\/pressurezone.shop\/wp-content\/uploads\/2024\/04\/photo1712356436-2.jpeg",800,752,false],"1536x1536":["https:\/\/pressurezone.shop\/wp-content\/uploads\/2024\/04\/photo1712356436-2.jpeg",800,752,false],"2048x2048":["https:\/\/pressurezone.shop\/wp-content\/uploads\/2024\/04\/photo1712356436-2.jpeg",800,752,false],"trp-custom-language-flag":["https:\/\/pressurezone.shop\/wp-content\/uploads\/2024\/04\/photo1712356436-2.jpeg",13,12,false],"woocommerce_thumbnail":["https:\/\/pressurezone.shop\/wp-content\/uploads\/2024\/04\/photo1712356436-2-300x300.jpeg",300,300,true],"woocommerce_single":["https:\/\/pressurezone.shop\/wp-content\/uploads\/2024\/04\/photo1712356436-2-600x564.jpeg",600,564,true],"woocommerce_gallery_thumbnail":["https:\/\/pressurezone.shop\/wp-content\/uploads\/2024\/04\/photo1712356436-2-100x100.jpeg",100,100,true]},"uagb_author_info":{"display_name":"pressurezone.shop","author_link":"https:\/\/pressurezone.shop\/de\/author\/"},"uagb_comment_info":0,"uagb_excerpt":"Runtz Cake cannabis","_links":{"self":[{"href":"https:\/\/pressurezone.shop\/de\/wp-json\/wp\/v2\/product\/2110"}],"collection":[{"href":"https:\/\/pressurezone.shop\/de\/wp-json\/wp\/v2\/product"}],"about":[{"href":"https:\/\/pressurezone.shop\/de\/wp-json\/wp\/v2\/types\/product"}],"replies":[{"embeddable":true,"href":"https:\/\/pressurezone.shop\/de\/wp-json\/wp\/v2\/comments?post=2110"}],"version-history":[{"count":4,"href":"https:\/\/pressurezone.shop\/de\/wp-json\/wp\/v2\/product\/2110\/revisions"}],"predecessor-version":[{"id":2187,"href":"https:\/\/pressurezone.shop\/de\/wp-json\/wp\/v2\/product\/2110\/revisions\/2187"}],"wp:featuredmedia":[{"embeddable":true,"href":"https:\/\/pressurezone.shop\/de\/wp-json\/wp\/v2\/media\/2120"}],"wp:attachment":[{"href":"https:\/\/pressurezone.shop\/de\/wp-json\/wp\/v2\/media?parent=2110"}],"wp:term":[{"taxonomy":"product_brand","embeddable":true,"href":"https:\/\/pressurezone.shop\/de\/wp-json\/wp\/v2\/product_brand?post=2110"},{"taxonomy":"product_cat","embeddable":true,"href":"https:\/\/pressurezone.shop\/de\/wp-json\/wp\/v2\/product_cat?post=2110"},{"taxonomy":"product_tag","embeddable":true,"href":"https:\/\/pressurezone.shop\/de\/wp-json\/wp\/v2\/product_tag?post=2110"}],"curies":[{"name":"wp","href":"https:\/\/api.w.org\/{rel}","templated":true}]}}