{"id":2139,"date":"2024-04-09T17:14:36","date_gmt":"2024-04-09T16:14:36","guid":{"rendered":"https:\/\/pressurezone.shop\/?post_type=product&#038;p=2139"},"modified":"2024-04-09T17:14:36","modified_gmt":"2024-04-09T16:14:36","slug":"silverback-glue","status":"publish","type":"product","link":"https:\/\/pressurezone.shop\/de\/product\/silverback-glue\/","title":{"rendered":"Silverback Glue"},"content":{"rendered":"<h2>Silverback Glue<\/h2>\n<p>Entdecken sie unsere k\u00f6stlichen m\u00fcsliriegel, essbare Silverback Glue an CBD, eine k\u00f6stliche fusion mit exotischen aromen und entspannender machen. Bestellen sie jetzt und genie\u00dfen sie ein geschmackserlebnis einzigartig und beruhigend!<\/p>","protected":false},"excerpt":{"rendered":"<p>Unsere m\u00fcsliriegel essbare Silverback Glue im CBD, bringen sie in ein geschmackserlebnis exquisite, mit ihrer mischung aus k\u00f6stlichen exotischen aromen und CBD von h\u00f6chster qualit\u00e4t. Entspannen sie sich und lassen sie sich von dieser fusion, die spa\u00df!<\/p>","protected":false},"featured_media":2140,"comment_status":"open","ping_status":"closed","template":"","meta":{"_uag_custom_page_level_css":"","site-sidebar-layout":"default","site-content-layout":"","ast-site-content-layout":"default","site-content-style":"default","site-sidebar-style":"default","ast-global-header-display":"","ast-banner-title-visibility":"","ast-main-header-display":"","ast-hfb-above-header-display":"","ast-hfb-below-header-display":"","ast-hfb-mobile-header-display":"","site-post-title":"","ast-breadcrumbs-content":"","ast-featured-img":"","footer-sml-layout":"","theme-transparent-header-meta":"default","adv-header-id-meta":"","stick-header-meta":"","header-above-stick-meta":"","header-main-stick-meta":"","header-below-stick-meta":"","astra-migrate-meta-layouts":"set","ast-page-background-enabled":"default","ast-page-background-meta":{"desktop":{"background-color":"","background-image":"","background-repeat":"repeat","background-position":"center center","background-size":"auto","background-attachment":"scroll","background-type":"","background-media":"","overlay-type":"","overlay-color":"","overlay-opacity":"","overlay-gradient":""},"tablet":{"background-color":"","background-image":"","background-repeat":"repeat","background-position":"center center","background-size":"auto","background-attachment":"scroll","background-type":"","background-media":"","overlay-type":"","overlay-color":"","overlay-opacity":"","overlay-gradient":""},"mobile":{"background-color":"","background-image":"","background-repeat":"repeat","background-position":"center center","background-size":"auto","background-attachment":"scroll","background-type":"","background-media":"","overlay-type":"","overlay-color":"","overlay-opacity":"","overlay-gradient":""}},"ast-content-background-meta":{"desktop":{"background-color":"var(--ast-global-color-5)","background-image":"","background-repeat":"repeat","background-position":"center center","background-size":"auto","background-attachment":"scroll","background-type":"","background-media":"","overlay-type":"","overlay-color":"","overlay-opacity":"","overlay-gradient":""},"tablet":{"background-color":"var(--ast-global-color-5)","background-image":"","background-repeat":"repeat","background-position":"center center","background-size":"auto","background-attachment":"scroll","background-type":"","background-media":"","overlay-type":"","overlay-color":"","overlay-opacity":"","overlay-gradient":""},"mobile":{"background-color":"var(--ast-global-color-5)","background-image":"","background-repeat":"repeat","background-position":"center center","background-size":"auto","background-attachment":"scroll","background-type":"","background-media":"","overlay-type":"","overlay-color":"","overlay-opacity":"","overlay-gradient":""}}},"product_brand":[],"product_cat":[28],"product_tag":[],"class_list":{"0":"post-2139","1":"product","2":"type-product","3":"status-publish","4":"has-post-thumbnail","6":"product_cat-varietes-de-cannabis","7":"desktop-align-left","8":"tablet-align-left","9":"mobile-align-left","11":"first","12":"instock","13":"sale","14":"shipping-taxable","15":"purchasable","16":"product-type-variable"},"uagb_featured_image_src":{"full":["https:\/\/pressurezone.shop\/wp-content\/uploads\/2024\/04\/photo1712356436-2-1.jpeg",800,788,false],"thumbnail":["https:\/\/pressurezone.shop\/wp-content\/uploads\/2024\/04\/photo1712356436-2-1-150x150.jpeg",150,150,true],"medium":["https:\/\/pressurezone.shop\/wp-content\/uploads\/2024\/04\/photo1712356436-2-1-300x296.jpeg",300,296,true],"medium_large":["https:\/\/pressurezone.shop\/wp-content\/uploads\/2024\/04\/photo1712356436-2-1-768x756.jpeg",768,756,true],"large":["https:\/\/pressurezone.shop\/wp-content\/uploads\/2024\/04\/photo1712356436-2-1.jpeg",800,788,false],"1536x1536":["https:\/\/pressurezone.shop\/wp-content\/uploads\/2024\/04\/photo1712356436-2-1.jpeg",800,788,false],"2048x2048":["https:\/\/pressurezone.shop\/wp-content\/uploads\/2024\/04\/photo1712356436-2-1.jpeg",800,788,false],"trp-custom-language-flag":["https:\/\/pressurezone.shop\/wp-content\/uploads\/2024\/04\/photo1712356436-2-1.jpeg",12,12,false],"woocommerce_thumbnail":["https:\/\/pressurezone.shop\/wp-content\/uploads\/2024\/04\/photo1712356436-2-1-300x300.jpeg",300,300,true],"woocommerce_single":["https:\/\/pressurezone.shop\/wp-content\/uploads\/2024\/04\/photo1712356436-2-1-600x591.jpeg",600,591,true],"woocommerce_gallery_thumbnail":["https:\/\/pressurezone.shop\/wp-content\/uploads\/2024\/04\/photo1712356436-2-1-100x100.jpeg",100,100,true]},"uagb_author_info":{"display_name":"pressurezone.shop","author_link":"https:\/\/pressurezone.shop\/de\/author\/"},"uagb_comment_info":0,"uagb_excerpt":"Nos barres de c\u00e9r\u00e9ales comestibles Silverback Glue au CBD vous transportent dans une exp\u00e9rience gustative exquise, avec leur m\u00e9lange savoureux de saveurs exotiques et de CBD de qualit\u00e9 sup\u00e9rieure. D\u00e9tendez-vous et laissez-vous emporter par cette fusion de plaisir!","_links":{"self":[{"href":"https:\/\/pressurezone.shop\/de\/wp-json\/wp\/v2\/product\/2139"}],"collection":[{"href":"https:\/\/pressurezone.shop\/de\/wp-json\/wp\/v2\/product"}],"about":[{"href":"https:\/\/pressurezone.shop\/de\/wp-json\/wp\/v2\/types\/product"}],"replies":[{"embeddable":true,"href":"https:\/\/pressurezone.shop\/de\/wp-json\/wp\/v2\/comments?post=2139"}],"version-history":[{"count":2,"href":"https:\/\/pressurezone.shop\/de\/wp-json\/wp\/v2\/product\/2139\/revisions"}],"predecessor-version":[{"id":2148,"href":"https:\/\/pressurezone.shop\/de\/wp-json\/wp\/v2\/product\/2139\/revisions\/2148"}],"wp:featuredmedia":[{"embeddable":true,"href":"https:\/\/pressurezone.shop\/de\/wp-json\/wp\/v2\/media\/2140"}],"wp:attachment":[{"href":"https:\/\/pressurezone.shop\/de\/wp-json\/wp\/v2\/media?parent=2139"}],"wp:term":[{"taxonomy":"product_brand","embeddable":true,"href":"https:\/\/pressurezone.shop\/de\/wp-json\/wp\/v2\/product_brand?post=2139"},{"taxonomy":"product_cat","embeddable":true,"href":"https:\/\/pressurezone.shop\/de\/wp-json\/wp\/v2\/product_cat?post=2139"},{"taxonomy":"product_tag","embeddable":true,"href":"https:\/\/pressurezone.shop\/de\/wp-json\/wp\/v2\/product_tag?post=2139"}],"curies":[{"name":"wp","href":"https:\/\/api.w.org\/{rel}","templated":true}]}}