{"id":2546,"date":"2024-04-19T06:04:27","date_gmt":"2024-04-19T04:04:27","guid":{"rendered":"https:\/\/pressurezone.shop\/?post_type=product&#038;p=2546"},"modified":"2024-11-10T18:48:39","modified_gmt":"2024-11-10T17:48:39","slug":"good-preroll-blunts","status":"publish","type":"product","link":"https:\/\/pressurezone.shop\/de\/product\/good-preroll-blunts\/","title":{"rendered":"Goo&#039;d pre-roll blunts"},"content":{"rendered":"<p>Genie\u00dfen sie die ultimative erfahrung von cannabis mit Goo&#039;d pre-roll Blunts, dichtungen pre-gerollt top-qualit\u00e4t und bieten eine unvergleichliche leistung und einen ausgezeichneten geschmack. Entspannen sie sich und genie\u00dfen sie jeden atemzug der diese blunts, die begeistern. Bestellen sie jetzt und erleben sie die euphorie der Goo&#039;d pre-roll Blunts !<\/p>\n<p><strong>USP :<\/strong><\/p>\n<p>Goo&#039;d pre-roll Blunts \u2013 Die Helligkeit des Cannabis bei Jedem Zug<\/p>\n<p><strong>Vorteile :<\/strong><\/p>\n<p>Die Goo&#039;d pre-roll Blunts bieten eine einzigartige erfahrung mit ihrem unvergleichlichen macht und ihrem exquisiten geschmack. Diese dichtungen pre-wraps sind perfekt f\u00fcr diejenigen, die nach einer erfahrung suchen, der konsum von cannabis von h\u00f6chster qualit\u00e4t.<\/p>","protected":false},"excerpt":{"rendered":"<p>Die Goo&#039;d pre-roll Blunts sind der inbegriff von cannabis, mit kraft und geschmack in jedem zug. Schauen sie sich die euphorie der Goo&#039;d pre-roll Blunts jetzt !<\/p>","protected":false},"featured_media":2547,"comment_status":"open","ping_status":"closed","template":"","meta":{"_uag_custom_page_level_css":"","site-sidebar-layout":"default","site-content-layout":"","ast-site-content-layout":"default","site-content-style":"default","site-sidebar-style":"default","ast-global-header-display":"","ast-banner-title-visibility":"","ast-main-header-display":"","ast-hfb-above-header-display":"","ast-hfb-below-header-display":"","ast-hfb-mobile-header-display":"","site-post-title":"","ast-breadcrumbs-content":"","ast-featured-img":"","footer-sml-layout":"","theme-transparent-header-meta":"default","adv-header-id-meta":"","stick-header-meta":"","header-above-stick-meta":"","header-main-stick-meta":"","header-below-stick-meta":"","astra-migrate-meta-layouts":"set","ast-page-background-enabled":"default","ast-page-background-meta":{"desktop":{"background-color":"","background-image":"","background-repeat":"repeat","background-position":"center center","background-size":"auto","background-attachment":"scroll","background-type":"","background-media":"","overlay-type":"","overlay-color":"","overlay-opacity":"","overlay-gradient":""},"tablet":{"background-color":"","background-image":"","background-repeat":"repeat","background-position":"center center","background-size":"auto","background-attachment":"scroll","background-type":"","background-media":"","overlay-type":"","overlay-color":"","overlay-opacity":"","overlay-gradient":""},"mobile":{"background-color":"","background-image":"","background-repeat":"repeat","background-position":"center center","background-size":"auto","background-attachment":"scroll","background-type":"","background-media":"","overlay-type":"","overlay-color":"","overlay-opacity":"","overlay-gradient":""}},"ast-content-background-meta":{"desktop":{"background-color":"var(--ast-global-color-5)","background-image":"","background-repeat":"repeat","background-position":"center center","background-size":"auto","background-attachment":"scroll","background-type":"","background-media":"","overlay-type":"","overlay-color":"","overlay-opacity":"","overlay-gradient":""},"tablet":{"background-color":"var(--ast-global-color-5)","background-image":"","background-repeat":"repeat","background-position":"center center","background-size":"auto","background-attachment":"scroll","background-type":"","background-media":"","overlay-type":"","overlay-color":"","overlay-opacity":"","overlay-gradient":""},"mobile":{"background-color":"var(--ast-global-color-5)","background-image":"","background-repeat":"repeat","background-position":"center center","background-size":"auto","background-attachment":"scroll","background-type":"","background-media":"","overlay-type":"","overlay-color":"","overlay-opacity":"","overlay-gradient":""}}},"product_brand":[],"product_cat":[262],"product_tag":[72,245,244,243,167,152,150],"class_list":{"0":"post-2546","1":"product","2":"type-product","3":"status-publish","4":"has-post-thumbnail","6":"product_cat-preprolls","7":"product_tag-cannabis","8":"product_tag-commande","9":"product_tag-detente","10":"product_tag-joints-pre-roules","11":"product_tag-puissance","12":"product_tag-qualite-superieure","13":"product_tag-saveur-exquise","14":"desktop-align-left","15":"tablet-align-left","16":"mobile-align-left","18":"first","19":"instock","20":"sale","21":"shipping-taxable","22":"purchasable","23":"product-type-variable"},"uagb_featured_image_src":{"full":["https:\/\/pressurezone.shop\/wp-content\/uploads\/2024\/04\/photo1712354183-1.jpeg",898,1280,false],"thumbnail":["https:\/\/pressurezone.shop\/wp-content\/uploads\/2024\/04\/photo1712354183-1-150x150.jpeg",150,150,true],"medium":["https:\/\/pressurezone.shop\/wp-content\/uploads\/2024\/04\/photo1712354183-1-210x300.jpeg",210,300,true],"medium_large":["https:\/\/pressurezone.shop\/wp-content\/uploads\/2024\/04\/photo1712354183-1-768x1095.jpeg",768,1095,true],"large":["https:\/\/pressurezone.shop\/wp-content\/uploads\/2024\/04\/photo1712354183-1-718x1024.jpeg",718,1024,true],"1536x1536":["https:\/\/pressurezone.shop\/wp-content\/uploads\/2024\/04\/photo1712354183-1.jpeg",898,1280,false],"2048x2048":["https:\/\/pressurezone.shop\/wp-content\/uploads\/2024\/04\/photo1712354183-1.jpeg",898,1280,false],"trp-custom-language-flag":["https:\/\/pressurezone.shop\/wp-content\/uploads\/2024\/04\/photo1712354183-1-8x12.jpeg",8,12,true],"woocommerce_thumbnail":["https:\/\/pressurezone.shop\/wp-content\/uploads\/2024\/04\/photo1712354183-1-300x300.jpeg",300,300,true],"woocommerce_single":["https:\/\/pressurezone.shop\/wp-content\/uploads\/2024\/04\/photo1712354183-1-600x855.jpeg",600,855,true],"woocommerce_gallery_thumbnail":["https:\/\/pressurezone.shop\/wp-content\/uploads\/2024\/04\/photo1712354183-1-100x100.jpeg",100,100,true]},"uagb_author_info":{"display_name":"pressurezone.shop","author_link":"https:\/\/pressurezone.shop\/de\/author\/"},"uagb_comment_info":1,"uagb_excerpt":"Les Goo'd Preroll Blunts sont la quintessence du cannabis, offrant puissance et saveur dans chaque bouff\u00e9e. D\u00e9couvrez l'euphorie des Goo'd Preroll Blunts d\u00e8s maintenant !","_links":{"self":[{"href":"https:\/\/pressurezone.shop\/de\/wp-json\/wp\/v2\/product\/2546"}],"collection":[{"href":"https:\/\/pressurezone.shop\/de\/wp-json\/wp\/v2\/product"}],"about":[{"href":"https:\/\/pressurezone.shop\/de\/wp-json\/wp\/v2\/types\/product"}],"replies":[{"embeddable":true,"href":"https:\/\/pressurezone.shop\/de\/wp-json\/wp\/v2\/comments?post=2546"}],"version-history":[{"count":1,"href":"https:\/\/pressurezone.shop\/de\/wp-json\/wp\/v2\/product\/2546\/revisions"}],"predecessor-version":[{"id":2551,"href":"https:\/\/pressurezone.shop\/de\/wp-json\/wp\/v2\/product\/2546\/revisions\/2551"}],"wp:featuredmedia":[{"embeddable":true,"href":"https:\/\/pressurezone.shop\/de\/wp-json\/wp\/v2\/media\/2547"}],"wp:attachment":[{"href":"https:\/\/pressurezone.shop\/de\/wp-json\/wp\/v2\/media?parent=2546"}],"wp:term":[{"taxonomy":"product_brand","embeddable":true,"href":"https:\/\/pressurezone.shop\/de\/wp-json\/wp\/v2\/product_brand?post=2546"},{"taxonomy":"product_cat","embeddable":true,"href":"https:\/\/pressurezone.shop\/de\/wp-json\/wp\/v2\/product_cat?post=2546"},{"taxonomy":"product_tag","embeddable":true,"href":"https:\/\/pressurezone.shop\/de\/wp-json\/wp\/v2\/product_tag?post=2546"}],"curies":[{"name":"wp","href":"https:\/\/api.w.org\/{rel}","templated":true}]}}