{"id":2995,"date":"2024-10-11T00:48:46","date_gmt":"2024-10-10T22:48:46","guid":{"rendered":"https:\/\/pressurezone.shop\/?post_type=product&#038;p=2995"},"modified":"2024-11-02T20:29:52","modified_gmt":"2024-11-02T19:29:52","slug":"variete-amnesia-haze-aaa","status":"publish","type":"product","link":"https:\/\/pressurezone.shop\/de\/product\/variete-amnesia-haze-aaa\/","title":{"rendered":"Sorte Amnesia Haze AAA"},"content":{"rendered":"<div class=\"flex-shrink-0 flex flex-col relative items-end\">\n<div>\n<div class=\"pt-0\">\n<div class=\"gizmo-bot-avatar flex h-8 w-8 items-center justify-center overflow-hidden rounded-full\">\n<div class=\"relative p-1 rounded-sm flex items-center justify-center bg-token-main-surface-primary text-token-text-primary h-8 w-8\"><\/div>\n<\/div>\n<\/div>\n<\/div>\n<\/div>\n<div class=\"group\/conversation-turn relative flex w-full min-w-0 flex-col agent-turn\">\n<div class=\"flex-col gap-1 md:gap-3\">\n<div class=\"flex max-w-full flex-col flex-grow\">\n<div class=\"min-h-8 text-message flex w-full flex-col items-end gap-2 whitespace-normal break-words [.text-message+&amp;]:mt-5\" dir=\"auto\" data-message-author-role=\"assistant\" data-message-id=\"c196b9dc-78ca-4eba-b0a0-e89d30d874b9\" data-message-model-slug=\"gpt-4o\">\n<div class=\"flex w-full flex-col gap-1 empty:hidden first:pt-[3px]\">\n<div class=\"markdown prose w-full break-words dark:prose-invert light\">\n<h3><strong>Kaufen Sie die Sorte Amnesia Haze AAA Online in Europa auf <a href=\"https:\/\/pressurezone.shop\/de\/\" target=\"_new\" rel=\"noopener\">Druckbereich<\/a><\/strong><\/h3>\n<p>Entdecken Sie die Macht der<strong>Amnesia Haze AAA<\/strong>eine <strong>Cannabissorte<\/strong> au\u00dfergew\u00f6hnlich und eine der bevorzugten Wahl von <strong>sativa-dominant hybrid<\/strong>. Diese Sorte ist eine genetische Mischung aus einer jamaikanischen Sativa, einer laotischen Sativa und einer afghanisch-hawaiianischen Indica und ist ber\u00fchmt f\u00fcr ihre stimulierende Wirkung und geistige Klarheit. Wenn du eine Sorte f\u00fcr den ganzen Tag suchst, ist Amnesia Haze AAA ideal f\u00fcr dich.<\/p>\n<h3>Wirkung und Nutzen von Amnesia Haze AAA Weed Strain<\/h3>\n<p>Dank seines Verh\u00e4ltnisses <strong>80% sativa \/ 20% indica<\/strong>Die <strong>Cannabissorte Amnesia Haze AAA<\/strong> ist speziell f\u00fcr Momente mentaler Klarheit und Energie formuliert. Sie ist perfekt f\u00fcr alle, die aktiv, konzentriert und positiv bleiben wollen. Hier sind die wichtigsten Wirkungen:<\/p>\n<ul>\n<li><strong>Kreativit\u00e4t und Euphorie<\/strong> : Amnesia Haze AAA regt den Geist an und f\u00f6rdert einen angenehmen euphorischen Zustand.<\/li>\n<li><strong>Psychoaktiver Boost<\/strong> : Ideal f\u00fcr Stimmungsaufhellung und Lachanf\u00e4lle.<\/li>\n<li><strong>Nachhaltige Energie<\/strong> : Verleiht einen Energieschub, perfekt um motiviert in den Tag zu starten.<\/li>\n<\/ul>\n<p>Mit einer Rate von <strong>Hoher THC-Gehalt von 22%<\/strong>Diese <strong>Cannabissorte<\/strong> ist ideal f\u00fcr alle, die eine intensive Wirkung ohne die Schwere von Indica suchen.<\/p>\n<h3>Therapeutische Vorteile von Amnesia Haze AAA<\/h3>\n<p>Die <strong>Sorte Amnesia Haze AAA<\/strong> ist auch f\u00fcr seine zahlreichen gesundheitlichen Vorteile bekannt. Seine stimulierende und euphorisierende Wirkung kann bei der Linderung :<\/p>\n<ul>\n<li><strong>Angst und Depression<\/strong> : Reduziert Stress und hebt die Stimmung.<\/li>\n<li><strong>M\u00fcdigkeit und ADHS<\/strong> : F\u00f6rdert die Energie und Konzentration und hilft bei M\u00fcdigkeit und ADHS-Symptomen.<\/li>\n<li><strong>Migr\u00e4ne und Kopfschmerzen<\/strong> : Wirksam bei der Linderung von chronischen Schmerzen und Kopfschmerzen.<\/li>\n<li><strong>K\u00f6rperliche Schmerzen<\/strong> Kann leichte K\u00f6rperschmerzen lindern, ohne zu bet\u00e4uben.<\/li>\n<\/ul>\n<p>Mit weniger als 1% CBD ist Amnesia Haze AAA weniger geeignet f\u00fcr Behandlungen, die hohe CBD-Konzentrationen erfordern, wie z. B. Epilepsie, aber es ist perfekt f\u00fcr diejenigen, die ihre Stimmung und Energie verbessern wollen<a href=\"https:\/\/fuelpackz.com\/\" target=\"_blank\" rel=\"noopener\">.<\/a><\/p>\n<h3>Profil von Saveurs et Ar\u00f4mes<\/h3>\n<p>L'<strong>Amnesia Haze AAA<\/strong> zeichnet sich auch durch sein komplexes Geschmacksprofil und sein reiches Aroma aus. Sie finden darin Noten von :<\/p>\n<ul>\n<li><strong>Fruchtig und Zitronen<\/strong> : Ein s\u00e4uerlich-frischer Geschmack, der die Geschmacksknospen zum Schwingen bringt.<\/li>\n<li><strong>W\u00fcrzig und erdig<\/strong> : Eine Tiefe, die einen Hauch von Komplexit\u00e4t verleiht und den fruchtigen Geschmack ausgleicht.<\/li>\n<\/ul>\n<p>Sein einzigartiger Duft hinterl\u00e4sst einen bleibenden Eindruck, indem er ein Aroma mischt <strong>zitronig und erdig<\/strong> die sich mit jedem Zug intensiviert.<\/p>\n<h3>Warum Amnesia Haze AAA kaufen auf <a href=\"https:\/\/pressurezone.shop\/de\/\" target=\"_new\" rel=\"noopener\">Druckbereich<\/a>?<\/h3>\n<p>Bei <strong>Druckbereich<\/strong>Wir verpflichten uns, die <strong>Cannabissorten<\/strong> in Premiumqualit\u00e4t f\u00fcr unsere Kunden in Europa. Unsere <strong>Sorte Amnesia Haze AAA<\/strong> wird sorgf\u00e4ltig getestet, um Kraft, Reinheit und Sicherheit zu gew\u00e4hrleisten, was sie zur perfekten Wahl f\u00fcr Sativaliebhaber macht:<\/p>\n<ul>\n<li><strong>H\u00f6chste Qualit\u00e4t<\/strong> : Jede Charge wird kontrolliert, um ein au\u00dfergew\u00f6hnliches Erlebnis zu gew\u00e4hrleisten.<\/li>\n<li><strong>Vielfalt f\u00fcr den Tag<\/strong> : Ideal f\u00fcr kreative und energiegeladene Momente.<\/li>\n<li><strong>Engagierter Kundenservice<\/strong> : Unser Team hilft Ihnen bei der Auswahl der Sorte, die Ihren Bed\u00fcrfnissen entspricht.<\/li>\n<\/ul>\n<h3>H\u00e4ufig gestellte Fragen<\/h3>\n<h4>Was sind die Haupteffekte der Amnesia Haze AAA?<\/h4>\n<p>Amnesia Haze AAA ist energiespendend und euphorisierend, perfekt f\u00fcr aktive Tage, regt die Kreativit\u00e4t an und verbessert die Stimmung.<\/p>\n<h4>Ist die Sorte Amnesia Haze AAA f\u00fcr chronische Schmerzen geeignet?<\/h4>\n<p>Ja, diese Sorte ist wirksam bei der Linderung von leichten bis mittelschweren Schmerzen, Kopfschmerzen und Migr\u00e4ne, w\u00e4hrend sie gleichzeitig positive Energie spendet.<\/p>\n<h4>Kann Amnesia Haze AAA zur Behandlung von Angstzust\u00e4nden verwendet werden?<\/h4>\n<p>Ja, Amnesia Haze AAA hilft, Angstzust\u00e4nde und Depressionen zu reduzieren, indem es einen positiven und ruhigen Gem\u00fctszustand f\u00f6rdert.<\/p>\n<h3>Bestellen Sie die Sorte Amnesia Haze AAA Online in Europa auf <a href=\"https:\/\/pressurezone.shop\/de\/\" target=\"_new\" rel=\"noopener\">Druckbereich<\/a><\/h3>\n<p>Sind Sie bereit, die stimulierenden Vorteile der<strong>Amnesia Haze AAA<\/strong>? <strong>Bestellen Sie jetzt<\/strong> auf <a href=\"https:\/\/pressurezone.shop\/de\/\" target=\"_new\" rel=\"noopener\">Druckbereich<\/a> f\u00fcr ein Premium-Erlebnis in Bezug auf <strong>Cannabissorte<\/strong>. Nutzen Sie unsere exklusive Auswahl und unseren schnellen und zuverl\u00e4ssigen Service, um von einer diskreten und effizienten Lieferung zu profitieren.<\/p>\n<\/div>\n<\/div>\n<\/div>\n<\/div>\n<\/div>\n<\/div>","protected":false},"excerpt":{"rendered":"<p>Achetez la Vari\u00e9t\u00e9 Amnesia Haze AAA en Ligne en Europe sur Pressure Zone D\u00e9couvrez la puissance de l&rsquo;Amnesia Haze AAA, une vari\u00e9t\u00e9 de cannabis exceptionnelle et l&rsquo;un des choix pr\u00e9f\u00e9r\u00e9s des amateurs de sativa-dominant hybrid. Issue d\u2019un m\u00e9lange g\u00e9n\u00e9tique entre une sativa jama\u00efcaine, une sativa laotienne, et une indica Afghan Hawaiian, cette vari\u00e9t\u00e9 est c\u00e9l\u00e8bre [&hellip;]<\/p>","protected":false},"featured_media":3025,"comment_status":"closed","ping_status":"closed","template":"","meta":{"_uag_custom_page_level_css":"","site-sidebar-layout":"default","site-content-layout":"","ast-site-content-layout":"default","site-content-style":"default","site-sidebar-style":"default","ast-global-header-display":"","ast-banner-title-visibility":"","ast-main-header-display":"","ast-hfb-above-header-display":"","ast-hfb-below-header-display":"","ast-hfb-mobile-header-display":"","site-post-title":"","ast-breadcrumbs-content":"","ast-featured-img":"","footer-sml-layout":"","theme-transparent-header-meta":"default","adv-header-id-meta":"","stick-header-meta":"","header-above-stick-meta":"","header-main-stick-meta":"","header-below-stick-meta":"","astra-migrate-meta-layouts":"set","ast-page-background-enabled":"default","ast-page-background-meta":{"desktop":{"background-color":"","background-image":"","background-repeat":"repeat","background-position":"center center","background-size":"auto","background-attachment":"scroll","background-type":"","background-media":"","overlay-type":"","overlay-color":"","overlay-opacity":"","overlay-gradient":""},"tablet":{"background-color":"","background-image":"","background-repeat":"repeat","background-position":"center center","background-size":"auto","background-attachment":"scroll","background-type":"","background-media":"","overlay-type":"","overlay-color":"","overlay-opacity":"","overlay-gradient":""},"mobile":{"background-color":"","background-image":"","background-repeat":"repeat","background-position":"center center","background-size":"auto","background-attachment":"scroll","background-type":"","background-media":"","overlay-type":"","overlay-color":"","overlay-opacity":"","overlay-gradient":""}},"ast-content-background-meta":{"desktop":{"background-color":"var(--ast-global-color-5)","background-image":"","background-repeat":"repeat","background-position":"center center","background-size":"auto","background-attachment":"scroll","background-type":"","background-media":"","overlay-type":"","overlay-color":"","overlay-opacity":"","overlay-gradient":""},"tablet":{"background-color":"var(--ast-global-color-5)","background-image":"","background-repeat":"repeat","background-position":"center center","background-size":"auto","background-attachment":"scroll","background-type":"","background-media":"","overlay-type":"","overlay-color":"","overlay-opacity":"","overlay-gradient":""},"mobile":{"background-color":"var(--ast-global-color-5)","background-image":"","background-repeat":"repeat","background-position":"center center","background-size":"auto","background-attachment":"scroll","background-type":"","background-media":"","overlay-type":"","overlay-color":"","overlay-opacity":"","overlay-gradient":""}}},"product_brand":[],"product_cat":[28,273],"product_tag":[274],"class_list":{"0":"post-2995","1":"product","2":"type-product","3":"status-publish","4":"has-post-thumbnail","6":"product_cat-varietes-de-cannabis","7":"product_cat-varietes-de-cannabis-sativa","8":"product_tag-amnesia-haze-aaa-weed-strain-for-sale-poland","9":"desktop-align-left","10":"tablet-align-left","11":"mobile-align-left","13":"first","14":"instock","15":"shipping-taxable","16":"purchasable","17":"product-type-variable"},"uagb_featured_image_src":{"full":["https:\/\/pressurezone.shop\/wp-content\/uploads\/2024\/10\/Amnesia-Haze-AAA-Weed-Strain.jpg",1000,1000,false],"thumbnail":["https:\/\/pressurezone.shop\/wp-content\/uploads\/2024\/10\/Amnesia-Haze-AAA-Weed-Strain-150x150.jpg",150,150,true],"medium":["https:\/\/pressurezone.shop\/wp-content\/uploads\/2024\/10\/Amnesia-Haze-AAA-Weed-Strain-300x300.jpg",300,300,true],"medium_large":["https:\/\/pressurezone.shop\/wp-content\/uploads\/2024\/10\/Amnesia-Haze-AAA-Weed-Strain-768x768.jpg",768,768,true],"large":["https:\/\/pressurezone.shop\/wp-content\/uploads\/2024\/10\/Amnesia-Haze-AAA-Weed-Strain.jpg",1000,1000,false],"1536x1536":["https:\/\/pressurezone.shop\/wp-content\/uploads\/2024\/10\/Amnesia-Haze-AAA-Weed-Strain.jpg",1000,1000,false],"2048x2048":["https:\/\/pressurezone.shop\/wp-content\/uploads\/2024\/10\/Amnesia-Haze-AAA-Weed-Strain.jpg",1000,1000,false],"trp-custom-language-flag":["https:\/\/pressurezone.shop\/wp-content\/uploads\/2024\/10\/Amnesia-Haze-AAA-Weed-Strain-12x12.jpg",12,12,true],"woocommerce_thumbnail":["https:\/\/pressurezone.shop\/wp-content\/uploads\/2024\/10\/Amnesia-Haze-AAA-Weed-Strain-300x300.jpg",300,300,true],"woocommerce_single":["https:\/\/pressurezone.shop\/wp-content\/uploads\/2024\/10\/Amnesia-Haze-AAA-Weed-Strain-600x600.jpg",600,600,true],"woocommerce_gallery_thumbnail":["https:\/\/pressurezone.shop\/wp-content\/uploads\/2024\/10\/Amnesia-Haze-AAA-Weed-Strain-100x100.jpg",100,100,true]},"uagb_author_info":{"display_name":"pressurezone.shop","author_link":"https:\/\/pressurezone.shop\/de\/author\/"},"uagb_comment_info":0,"uagb_excerpt":"Achetez la Vari\u00e9t\u00e9 Amnesia Haze AAA en Ligne en Europe sur Pressure Zone D\u00e9couvrez la puissance de l&rsquo;Amnesia Haze AAA, une vari\u00e9t\u00e9 de cannabis exceptionnelle et l&rsquo;un des choix pr\u00e9f\u00e9r\u00e9s des amateurs de sativa-dominant hybrid. Issue d\u2019un m\u00e9lange g\u00e9n\u00e9tique entre une sativa jama\u00efcaine, une sativa laotienne, et une indica Afghan Hawaiian, cette vari\u00e9t\u00e9 est c\u00e9l\u00e8bre&hellip;","_links":{"self":[{"href":"https:\/\/pressurezone.shop\/de\/wp-json\/wp\/v2\/product\/2995"}],"collection":[{"href":"https:\/\/pressurezone.shop\/de\/wp-json\/wp\/v2\/product"}],"about":[{"href":"https:\/\/pressurezone.shop\/de\/wp-json\/wp\/v2\/types\/product"}],"replies":[{"embeddable":true,"href":"https:\/\/pressurezone.shop\/de\/wp-json\/wp\/v2\/comments?post=2995"}],"version-history":[{"count":3,"href":"https:\/\/pressurezone.shop\/de\/wp-json\/wp\/v2\/product\/2995\/revisions"}],"predecessor-version":[{"id":3625,"href":"https:\/\/pressurezone.shop\/de\/wp-json\/wp\/v2\/product\/2995\/revisions\/3625"}],"wp:featuredmedia":[{"embeddable":true,"href":"https:\/\/pressurezone.shop\/de\/wp-json\/wp\/v2\/media\/3025"}],"wp:attachment":[{"href":"https:\/\/pressurezone.shop\/de\/wp-json\/wp\/v2\/media?parent=2995"}],"wp:term":[{"taxonomy":"product_brand","embeddable":true,"href":"https:\/\/pressurezone.shop\/de\/wp-json\/wp\/v2\/product_brand?post=2995"},{"taxonomy":"product_cat","embeddable":true,"href":"https:\/\/pressurezone.shop\/de\/wp-json\/wp\/v2\/product_cat?post=2995"},{"taxonomy":"product_tag","embeddable":true,"href":"https:\/\/pressurezone.shop\/de\/wp-json\/wp\/v2\/product_tag?post=2995"}],"curies":[{"name":"wp","href":"https:\/\/api.w.org\/{rel}","templated":true}]}}