{"id":2997,"date":"2024-10-11T00:48:46","date_gmt":"2024-10-10T22:48:46","guid":{"rendered":"https:\/\/pressurezone.shop\/?post_type=product&#038;p=2997"},"modified":"2024-11-02T21:20:18","modified_gmt":"2024-11-02T20:20:18","slug":"cannabis-durban-poison","status":"publish","type":"product","link":"https:\/\/pressurezone.shop\/de\/product\/cannabis-durban-gift\/","title":{"rendered":"Cannabis Durban Poison"},"content":{"rendered":"<div class=\"flex-shrink-0 flex flex-col relative items-end\">\n<div>\n<div class=\"pt-0\">\n<div class=\"gizmo-bot-avatar flex h-8 w-8 items-center justify-center overflow-hidden rounded-full\">\n<div class=\"relative p-1 rounded-sm flex items-center justify-center bg-token-main-surface-primary text-token-text-primary h-8 w-8\"><\/div>\n<\/div>\n<\/div>\n<\/div>\n<\/div>\n<div class=\"group\/conversation-turn relative flex w-full min-w-0 flex-col agent-turn\">\n<div class=\"flex-col gap-1 md:gap-3\">\n<div class=\"flex max-w-full flex-col flex-grow\">\n<div class=\"min-h-8 text-message flex w-full flex-col items-end gap-2 whitespace-normal break-words [.text-message+&amp;]:mt-5\" dir=\"auto\" data-message-author-role=\"assistant\" data-message-id=\"61f48bb6-5012-4687-959b-b761f2de1d5e\" data-message-model-slug=\"gpt-4o\">\n<div class=\"flex w-full flex-col gap-1 empty:hidden first:pt-[3px]\">\n<div class=\"markdown prose w-full break-words dark:prose-invert light\">\n<h2><strong>Kaufen Sie die Cannabis-Sorte Durban Poison online auf <a href=\"https:\/\/pressurezone.shop\/de\/\" target=\"_new\" rel=\"noopener\">Druckbereich<\/a><\/strong><\/h2>\n<p>Entdecken Sie <strong>Durban Poison<\/strong>eine <strong>Cannabissorte<\/strong> reine Sativa, die weltweit f\u00fcr ihre au\u00dfergew\u00f6hnliche Potenz bekannt ist. Ausgestattet mit <strong>THC-Werte von bis zu 28%+.<\/strong>Durban Poison ist eine ideale Sorte f\u00fcr Sativaliebhaber, die ein energetisierendes und zerebrales High suchen. Ber\u00fchmt f\u00fcr ihr erdiges, leicht s\u00fc\u00dfliches Aroma mit einem Hauch von Kiefer, ist diese Sorte perfekt f\u00fcr Tagesaktivit\u00e4ten geeignet und regt Kreativit\u00e4t und Motivation an.<\/p>\n<h3>Wirkungen und Nutzen von Durban Poison Cannabis<\/h3>\n<p>Die <strong>Sorte Durban Poison<\/strong> ist bekannt f\u00fcr ihre schnelle und intensive Wirkung, die einen Boost an geistiger Klarheit und Gl\u00fcckseligkeit bewirkt. Hier ist, was Sie von dieser kraftvollen Sorte erwarten k\u00f6nnen :<\/p>\n<ul>\n<li><strong>Energie und Kreativit\u00e4t<\/strong> : Perfekt f\u00fcr Momente der Inspiration und Kreativit\u00e4t.<\/li>\n<li><strong>Euphorie und Fokus<\/strong> : Stimuliert die Konzentration und f\u00f6rdert eine positive Stimmung, ideal f\u00fcr Tagesaktivit\u00e4ten.<\/li>\n<li><strong>Langfristige Wirkung<\/strong> : Ein lang anhaltendes High, das Sie den ganzen Tag \u00fcber begleitet, ohne zu beschweren.<\/li>\n<\/ul>\n<p>Mit einem <strong>kraftvolles High<\/strong> und das Fehlen von sedierenden Effekten ist Durban Poison perfekt f\u00fcr aktive Nutzer, die nach einer stimulierenden Erfahrung suchen.<\/p>\n<h3>Therapeutische Vorteile von Durban Poison Cannabis<\/h3>\n<p>Zus\u00e4tzlich zu seiner belebenden Wirkung, <strong>Durban Poison<\/strong> ist wegen seiner zahlreichen therapeutischen Vorteile eine beliebte Option :<\/p>\n<ul>\n<li><strong>Linderung von Depressionen und \u00c4ngsten<\/strong> : Beruhigt den Geist und reduziert negative Gef\u00fchle, bringt ein Gef\u00fchl von Ruhe und geistiger Klarheit.<\/li>\n<li><strong>Reduktion von chronischen Schmerzen<\/strong> : Wirksam zur Linderung anhaltender Schmerzen ohne schwere Nebenwirkungen.<\/li>\n<li><strong>Behandlung von \u00dcbelkeit<\/strong> : Hilft, die Symptome von \u00dcbelkeit zu lindern, ideal f\u00fcr Menschen mit Magen-Darm-Beschwerden.<\/li>\n<\/ul>\n<p>Durban Poison ist auch f\u00fcr seinen hohen Gehalt an Trichomen bekannt, was es zu einer ausgezeichneten Wahl f\u00fcr die Herstellung von Konzentraten macht.<\/p>\n<h3>Aromen und Geschm\u00e4cker von Durban Poison<\/h3>\n<p>Das einzigartige aromatische Profil von <strong>Durban Poison<\/strong> macht sie zu einer unvergesslichen Sinneserfahrung:<\/p>\n<ul>\n<li><strong>Geschm\u00e4cker<\/strong> : Ein erdiger und s\u00fc\u00dfer Geschmack, ausgeglichen durch einen Hauch von Kiefer, der eine angenehme Frische verleiht.<\/li>\n<li><strong>Aromen<\/strong> : Ein s\u00fc\u00dfer, w\u00fcrziger Duft, der an einen Kiefernwald erinnert. Perfekt f\u00fcr alle, die Sorten mit nat\u00fcrlichen, belebenden D\u00fcften m\u00f6gen.<a href=\"https:\/\/fuelpackz.com\/\" target=\"_blank\" rel=\"noopener\">.<\/a><\/li>\n<\/ul>\n<p>Diese <strong>nat\u00fcrliche Aromen und Geschm\u00e4cker<\/strong> machen jeden Zug an Durban Poison zu einem unvergesslichen Erlebnis, perfekt f\u00fcr Liebhaber von reinen und intensiven Sativas.<\/p>\n<h3>Warum Kaufen Durban Poison Cannabis Auf <a href=\"https:\/\/pressurezone.shop\/de\/\" target=\"_new\" rel=\"noopener\">Druckbereich<\/a>?<\/h3>\n<p>Bei <strong>Druckbereich<\/strong>Wir w\u00e4hlen aus <strong>Cannabissorten<\/strong> von h\u00f6chster Qualit\u00e4t, die angebaut und getestet werden, um unseren Kunden in Europa ein hochwertiges Erlebnis zu bieten. <strong>Durban Poison<\/strong> ist eine Sorte, die wegen ihrer Kraft und ihrer belebenden Wirkung gesch\u00e4tzt wird. Hier sind die Gr\u00fcnde, warum Sie bei uns kaufen sollten :<\/p>\n<ul>\n<li><strong>Premium-Qualit\u00e4t<\/strong> : Unsere Produkte werden streng getestet, um Reinheit und Kraft zu gew\u00e4hrleisten.<\/li>\n<li><strong>Energetisierende Erfahrung<\/strong> : Perfekt f\u00fcr Momente der Konzentration, der Kreativit\u00e4t und des Wohlbefindens am Tag.<\/li>\n<li><strong>Engagierter Kundenservice<\/strong> : Unser Team ist da, um Sie zur <strong>Cannabissorte<\/strong> die am besten zu Ihren Bed\u00fcrfnissen passt.<\/li>\n<\/ul>\n<h3>H\u00e4ufig gestellte Fragen<\/h3>\n<h4>Was sind die Hauptwirkungen von Durban Poison?<\/h4>\n<p>Durban Poison ist bekannt f\u00fcr seine schnelle und starke Wirkung auf das Gehirn und sorgt f\u00fcr einen Kreativit\u00e4ts-, Gl\u00fccks- und Energieboost. Es ist eine ideale Sorte f\u00fcr Tagesaktivit\u00e4ten.<\/p>\n<h4>Ist Durban Poison wirksam bei der Linderung von Schmerzen und Depressionen?<\/h4>\n<p>Ja, Durban Poison ist aufgrund seiner belebenden und positiven Wirkung wirksam bei der Linderung von chronischen Schmerzen und der Behandlung von Beschwerden wie Depressionen und Angstzust\u00e4nden.<\/p>\n<h4>Welche Geschmacksrichtungen und Aromen sind in Durban Poison vorherrschend?<\/h4>\n<p>Durban Poison bietet einen erdigen, s\u00fc\u00dfen Geschmack mit Kiefernaromen und einem Hauch von Holz, perfekt f\u00fcr ein nat\u00fcrliches Erlebnis.<\/p>\n<h3>Bestellen Sie die Durban Poison Cannabis Sorte Online auf <a href=\"https:\/\/pressurezone.shop\/de\/\" target=\"_new\" rel=\"noopener\">Druckbereich<\/a><\/h3>\n<p>Sind Sie bereit, die Kraft und Energie von <strong>Durban Poison<\/strong>? <strong>Bestellen Sie jetzt<\/strong> auf <a href=\"https:\/\/pressurezone.shop\/de\/\" target=\"_new\" rel=\"noopener\">Druckbereich<\/a> f\u00fcr eine Erfahrung von <strong>Cannabissorte<\/strong> reine Sativa, perfekt f\u00fcr Momente der Inspiration und des Wohlbefindens. Genie\u00dfen Sie eine schnelle und diskrete Lieferung und lassen Sie sich von der hervorragenden Qualit\u00e4t unserer Produkte begeistern.<\/p>\n<\/div>\n<\/div>\n<\/div>\n<\/div>\n<\/div>\n<\/div>","protected":false},"excerpt":{"rendered":"<p><strong>Flavour:<\/strong>\u00a0Earthy | Pine | Sweet<br \/>\n<strong>Medical Usage (Medizinische Verwendung):<\/strong>\u00a0Chronische Schmerzen | Depression | Angst | Stress<br \/>\n<strong>THC Content:<\/strong>\u00a028%+ Highest<\/p>","protected":false},"featured_media":3029,"comment_status":"closed","ping_status":"closed","template":"","meta":{"_uag_custom_page_level_css":"","site-sidebar-layout":"default","site-content-layout":"","ast-site-content-layout":"default","site-content-style":"default","site-sidebar-style":"default","ast-global-header-display":"","ast-banner-title-visibility":"","ast-main-header-display":"","ast-hfb-above-header-display":"","ast-hfb-below-header-display":"","ast-hfb-mobile-header-display":"","site-post-title":"","ast-breadcrumbs-content":"","ast-featured-img":"","footer-sml-layout":"","theme-transparent-header-meta":"default","adv-header-id-meta":"","stick-header-meta":"","header-above-stick-meta":"","header-main-stick-meta":"","header-below-stick-meta":"","astra-migrate-meta-layouts":"set","ast-page-background-enabled":"default","ast-page-background-meta":{"desktop":{"background-color":"","background-image":"","background-repeat":"repeat","background-position":"center center","background-size":"auto","background-attachment":"scroll","background-type":"","background-media":"","overlay-type":"","overlay-color":"","overlay-opacity":"","overlay-gradient":""},"tablet":{"background-color":"","background-image":"","background-repeat":"repeat","background-position":"center center","background-size":"auto","background-attachment":"scroll","background-type":"","background-media":"","overlay-type":"","overlay-color":"","overlay-opacity":"","overlay-gradient":""},"mobile":{"background-color":"","background-image":"","background-repeat":"repeat","background-position":"center center","background-size":"auto","background-attachment":"scroll","background-type":"","background-media":"","overlay-type":"","overlay-color":"","overlay-opacity":"","overlay-gradient":""}},"ast-content-background-meta":{"desktop":{"background-color":"var(--ast-global-color-5)","background-image":"","background-repeat":"repeat","background-position":"center center","background-size":"auto","background-attachment":"scroll","background-type":"","background-media":"","overlay-type":"","overlay-color":"","overlay-opacity":"","overlay-gradient":""},"tablet":{"background-color":"var(--ast-global-color-5)","background-image":"","background-repeat":"repeat","background-position":"center center","background-size":"auto","background-attachment":"scroll","background-type":"","background-media":"","overlay-type":"","overlay-color":"","overlay-opacity":"","overlay-gradient":""},"mobile":{"background-color":"var(--ast-global-color-5)","background-image":"","background-repeat":"repeat","background-position":"center center","background-size":"auto","background-attachment":"scroll","background-type":"","background-media":"","overlay-type":"","overlay-color":"","overlay-opacity":"","overlay-gradient":""}}},"product_brand":[],"product_cat":[28,273],"product_tag":[],"class_list":{"0":"post-2997","1":"product","2":"type-product","3":"status-publish","4":"has-post-thumbnail","6":"product_cat-varietes-de-cannabis","7":"product_cat-varietes-de-cannabis-sativa","8":"desktop-align-left","9":"tablet-align-left","10":"mobile-align-left","12":"first","13":"instock","14":"shipping-taxable","15":"purchasable","16":"product-type-variable"},"uagb_featured_image_src":{"full":["https:\/\/pressurezone.shop\/wp-content\/uploads\/2024\/10\/Buy-Durban-Poison-Cannabis.png",906,955,false],"thumbnail":["https:\/\/pressurezone.shop\/wp-content\/uploads\/2024\/10\/Buy-Durban-Poison-Cannabis-150x150.png",150,150,true],"medium":["https:\/\/pressurezone.shop\/wp-content\/uploads\/2024\/10\/Buy-Durban-Poison-Cannabis-285x300.png",285,300,true],"medium_large":["https:\/\/pressurezone.shop\/wp-content\/uploads\/2024\/10\/Buy-Durban-Poison-Cannabis-768x810.png",768,810,true],"large":["https:\/\/pressurezone.shop\/wp-content\/uploads\/2024\/10\/Buy-Durban-Poison-Cannabis.png",906,955,false],"1536x1536":["https:\/\/pressurezone.shop\/wp-content\/uploads\/2024\/10\/Buy-Durban-Poison-Cannabis.png",906,955,false],"2048x2048":["https:\/\/pressurezone.shop\/wp-content\/uploads\/2024\/10\/Buy-Durban-Poison-Cannabis.png",906,955,false],"trp-custom-language-flag":["https:\/\/pressurezone.shop\/wp-content\/uploads\/2024\/10\/Buy-Durban-Poison-Cannabis-11x12.png",11,12,true],"woocommerce_thumbnail":["https:\/\/pressurezone.shop\/wp-content\/uploads\/2024\/10\/Buy-Durban-Poison-Cannabis-300x300.png",300,300,true],"woocommerce_single":["https:\/\/pressurezone.shop\/wp-content\/uploads\/2024\/10\/Buy-Durban-Poison-Cannabis-600x632.png",600,632,true],"woocommerce_gallery_thumbnail":["https:\/\/pressurezone.shop\/wp-content\/uploads\/2024\/10\/Buy-Durban-Poison-Cannabis-100x100.png",100,100,true]},"uagb_author_info":{"display_name":"pressurezone.shop","author_link":"https:\/\/pressurezone.shop\/de\/author\/"},"uagb_comment_info":0,"uagb_excerpt":"Flavour:\u00a0Earthy | Pine | Sweet Medical Usage:\u00a0Chronic Pain | Depression | Anxiety | Stress THC Content:\u00a028%+ Highest","_links":{"self":[{"href":"https:\/\/pressurezone.shop\/de\/wp-json\/wp\/v2\/product\/2997"}],"collection":[{"href":"https:\/\/pressurezone.shop\/de\/wp-json\/wp\/v2\/product"}],"about":[{"href":"https:\/\/pressurezone.shop\/de\/wp-json\/wp\/v2\/types\/product"}],"replies":[{"embeddable":true,"href":"https:\/\/pressurezone.shop\/de\/wp-json\/wp\/v2\/comments?post=2997"}],"version-history":[{"count":3,"href":"https:\/\/pressurezone.shop\/de\/wp-json\/wp\/v2\/product\/2997\/revisions"}],"predecessor-version":[{"id":3689,"href":"https:\/\/pressurezone.shop\/de\/wp-json\/wp\/v2\/product\/2997\/revisions\/3689"}],"wp:featuredmedia":[{"embeddable":true,"href":"https:\/\/pressurezone.shop\/de\/wp-json\/wp\/v2\/media\/3029"}],"wp:attachment":[{"href":"https:\/\/pressurezone.shop\/de\/wp-json\/wp\/v2\/media?parent=2997"}],"wp:term":[{"taxonomy":"product_brand","embeddable":true,"href":"https:\/\/pressurezone.shop\/de\/wp-json\/wp\/v2\/product_brand?post=2997"},{"taxonomy":"product_cat","embeddable":true,"href":"https:\/\/pressurezone.shop\/de\/wp-json\/wp\/v2\/product_cat?post=2997"},{"taxonomy":"product_tag","embeddable":true,"href":"https:\/\/pressurezone.shop\/de\/wp-json\/wp\/v2\/product_tag?post=2997"}],"curies":[{"name":"wp","href":"https:\/\/api.w.org\/{rel}","templated":true}]}}