{"id":2998,"date":"2024-10-11T00:48:46","date_gmt":"2024-10-10T22:48:46","guid":{"rendered":"https:\/\/pressurezone.shop\/?post_type=product&#038;p=2998"},"modified":"2024-11-02T21:52:53","modified_gmt":"2024-11-02T20:52:53","slug":"candyland-aaaa-weed-strain","status":"publish","type":"product","link":"https:\/\/pressurezone.shop\/de\/product\/candyland-aaaa-weed-strain\/","title":{"rendered":"Candyland AAAA Weed Strain"},"content":{"rendered":"<h3><strong>Kaufen Sie Candyland AAAA Weed Strain Sorte Online in Europa auf <a href=\"https:\/\/pressurezone.shop\/de\/\" target=\"_new\" rel=\"noopener\">Druckbereich<\/a><\/strong><\/h3>\n<p>Entdecken Sie <strong>Candyland AAAA Weed Strain<\/strong>eine <strong>Cannabissorte<\/strong> Sativa-dominante Sorte, die ein energetisierendes und fr\u00f6hliches High bietet, das perfekt ist, um Ihre Tage zu erhellen. Das Ergebnis einer Kreuzung zwischen den legend\u00e4ren <strong>Granddaddy Purps<\/strong> und <strong>Platinum Cookies<\/strong>Candyland wurde entwickelt, um den Geist zu stimulieren und die Kreativit\u00e4t zu wecken. Mit THC-Werten von bis zu 24% sorgt diese starke Sorte f\u00fcr einen euphorischen Boost und eine Dosis gute Laune, die ideal f\u00fcr die t\u00e4glichen Aufgaben ist.<a href=\"https:\/\/fuelpackz.com\/\" target=\"_blank\" rel=\"noopener\">.<\/a><\/p>\n<h3>Wirkungen und Nutzen von Candyland AAAA Weed Strain<\/h3>\n<p>Die <strong>Sorte Candyland AAAA Weed Strain<\/strong> ist bekannt f\u00fcr seine stimulierende und ausgleichende Wirkung, perfekt f\u00fcr aktive Momente :<\/p>\n<ul>\n<li><strong>Euphorie und Gl\u00fcck<\/strong> : Sorgt f\u00fcr ein fr\u00f6hliches und optimistisches High, ideal zur Stimmungsaufhellung.<\/li>\n<li><strong>Kreative Stimulation<\/strong> : Hilft, die Kreativit\u00e4t und Vorstellungskraft anzuregen, perfekt f\u00fcr k\u00fcnstlerische Aufgaben.<\/li>\n<li><strong>Leichte Entspannung<\/strong> : Verleiht eine subtile Ruhe ohne schwere Effekte, ideal, um konzentriert zu bleiben.<\/li>\n<\/ul>\n<p>Mit einem <strong>Hohes THC von 24%<\/strong>Candyland ist kraftvoll und eignet sich f\u00fcr Nutzer, die nach positiver Energie und einem anregenden High suchen.<\/p>\n<h3>Therapeutische Vorteile von Candyland AAAA Weed Strain<\/h3>\n<p>Dank seiner ausgewogenen Wirkung <strong>Candyland<\/strong> wird oft gew\u00e4hlt, um verschiedene Symptome und Zust\u00e4nde zu lindern:<\/p>\n<ul>\n<li><strong>Reduzierung von Angst und Depressionen<\/strong> : Wirkt beruhigend auf gestresste Gem\u00fcter und f\u00f6rdert einen Zustand des Wohlbefindens.<\/li>\n<li><strong>Linderung von chronischen Schmerzen<\/strong> : Lindert leichte bis m\u00e4\u00dfige K\u00f6rperschmerzen.<\/li>\n<li><strong>Behandlung von ADHS und Bipolarer St\u00f6rung<\/strong> : Hilft, die Konzentration zu verbessern und die Symptome von Stimmungsschwankungen zu bew\u00e4ltigen.<\/li>\n<\/ul>\n<p>Diese <strong>Cannabissorte<\/strong> ist perfekt f\u00fcr diejenigen, die nach einer nat\u00fcrlichen L\u00f6sung f\u00fcr Stress und Schmerzlinderung ohne \u00fcberm\u00e4\u00dfige Sedierung suchen.<\/p>\n<h3>Geschm\u00e4cker und Aromen von Candyland<\/h3>\n<p>Candyland zeichnet sich durch ein s\u00fc\u00dfes und erdiges Geschmacksprofil aus, das an Bonbons erinnert:<\/p>\n<ul>\n<li><strong>Geschm\u00e4cker<\/strong> : Ein s\u00fc\u00dfer, leicht w\u00fcrziger Geschmack mit einem erdigen Touch, der das Erlebnis abrundet.<\/li>\n<li><strong>Aromen<\/strong> : Ein s\u00fc\u00dfer, warmer Duft mit einer subtilen Gew\u00fcrznote, der ein einzigartiges Dufterlebnis bietet.<\/li>\n<\/ul>\n<p>Diese <strong>gierige Geschm\u00e4cker und Aromen<\/strong> machen Candyland zu einer unverzichtbaren Sorte f\u00fcr Cannabisliebhaber mit einem s\u00fc\u00dfen und delikaten Geschmack.<\/p>\n<h3>Warum Candyland AAAA Weed Strain kaufen auf <a href=\"https:\/\/pressurezone.shop\/de\/\" target=\"_new\" rel=\"noopener\">Druckbereich<\/a>?<\/h3>\n<p>Bei <strong>Druckbereich<\/strong>Wir bieten <strong>Cannabissorten<\/strong> von h\u00f6chster Qualit\u00e4t, die sorgf\u00e4ltig auf ihre Kraft und Reinheit getestet wurden. <strong>Candyland AAAA Weed Strain<\/strong> ist eine unserer besten Sorten wegen ihrer energiespendenden Wirkung und ihres einzigartigen Geschmacks. Hier sind die Gr\u00fcnde f\u00fcr die Wahl von Pressure Zone :<\/p>\n<ul>\n<li><strong>Premium-Qualit\u00e4t<\/strong> : Unsere Produkte werden streng getestet, um ein qualitativ hochwertiges Erlebnis zu gew\u00e4hrleisten.<\/li>\n<li><strong>Stimulierende und positive Wirkung<\/strong> : Ideal f\u00fcr kreative und konzentrierte Momente.<\/li>\n<li><strong>Engagierter Kundenservice<\/strong> : Wir stehen Ihnen zur Verf\u00fcgung, um die <strong>Cannabissorte<\/strong> die am besten zu Ihren Bed\u00fcrfnissen passt.<\/li>\n<\/ul>\n<h3>H\u00e4ufig gestellte Fragen<\/h3>\n<h4>Was sind die Hauptwirkungen von Candyland AAAA Weed Strain?<\/h4>\n<p>Candyland ist bekannt f\u00fcr seine euphorisierende und stimulierende Wirkung und bietet eine Verbesserung der Stimmung und geistige Klarheit, die perfekt f\u00fcr aktive Tage ist.<\/p>\n<h4>Ist Candyland wirksam bei der Linderung von Schmerzen und Angstzust\u00e4nden?<\/h4>\n<p>Ja, diese <strong>Cannabissorte<\/strong> ist ideal, um \u00c4ngste abzubauen, die Stimmung zu verbessern und leichte bis mittelschwere chronische Schmerzen zu lindern.<\/p>\n<h4>Welche Geschmacksrichtungen und Aromen sind in Candyland vorherrschend?<\/h4>\n<p>Candyland bietet einen s\u00fc\u00dfen Geschmack mit erdigen und w\u00fcrzigen Noten, begleitet von einem reichen Aroma, das an Bonbons erinnert.<\/p>\n<h3>Bestellen Sie Candyland AAAA Weed Strain Sorte Online in Europa auf <a href=\"https:\/\/pressurezone.shop\/de\/\" target=\"_new\" rel=\"noopener\">Druckbereich<\/a><\/h3>\n<p>Bereit, die fr\u00f6hlichen und anregenden Wirkungen von <strong>Candyland AAAA Weed Strain<\/strong>? <strong>Bestellen Sie jetzt<\/strong> auf <a href=\"https:\/\/pressurezone.shop\/de\/\" target=\"_new\" rel=\"noopener\">Druckbereich<\/a> f\u00fcr eine Erfahrung von <strong>Cannabissorte<\/strong> au\u00dfergew\u00f6hnlich, ideal, um Ihren Tag zu erhellen und die Kreativit\u00e4t zu f\u00f6rdern. Mit einer schnellen und diskreten Lieferung garantiert Ihnen Pressure Zone ein sorgenfreies Einkaufserlebnis.<\/p>\n<h4><\/h4>","protected":false},"excerpt":{"rendered":"<p>Achetez la Vari\u00e9t\u00e9 Candyland AAAA Weed Strain en Ligne en Europe sur Pressure Zone D\u00e9couvrez Candyland AAAA Weed Strain, une vari\u00e9t\u00e9 de cannabis sativa-dominante qui offre un high \u00e9nergisant et joyeux, parfait pour illuminer vos journ\u00e9es. R\u00e9sultant d&rsquo;un croisement entre les l\u00e9gendaires Granddaddy Purps et Platinum Cookies, Candyland est con\u00e7ue pour stimuler l\u2019esprit et \u00e9veiller [&hellip;]<\/p>","protected":false},"featured_media":3031,"comment_status":"closed","ping_status":"closed","template":"","meta":{"_uag_custom_page_level_css":"","site-sidebar-layout":"default","site-content-layout":"","ast-site-content-layout":"default","site-content-style":"default","site-sidebar-style":"default","ast-global-header-display":"","ast-banner-title-visibility":"","ast-main-header-display":"","ast-hfb-above-header-display":"","ast-hfb-below-header-display":"","ast-hfb-mobile-header-display":"","site-post-title":"","ast-breadcrumbs-content":"","ast-featured-img":"","footer-sml-layout":"","theme-transparent-header-meta":"default","adv-header-id-meta":"","stick-header-meta":"","header-above-stick-meta":"","header-main-stick-meta":"","header-below-stick-meta":"","astra-migrate-meta-layouts":"set","ast-page-background-enabled":"default","ast-page-background-meta":{"desktop":{"background-color":"","background-image":"","background-repeat":"repeat","background-position":"center center","background-size":"auto","background-attachment":"scroll","background-type":"","background-media":"","overlay-type":"","overlay-color":"","overlay-opacity":"","overlay-gradient":""},"tablet":{"background-color":"","background-image":"","background-repeat":"repeat","background-position":"center center","background-size":"auto","background-attachment":"scroll","background-type":"","background-media":"","overlay-type":"","overlay-color":"","overlay-opacity":"","overlay-gradient":""},"mobile":{"background-color":"","background-image":"","background-repeat":"repeat","background-position":"center center","background-size":"auto","background-attachment":"scroll","background-type":"","background-media":"","overlay-type":"","overlay-color":"","overlay-opacity":"","overlay-gradient":""}},"ast-content-background-meta":{"desktop":{"background-color":"var(--ast-global-color-5)","background-image":"","background-repeat":"repeat","background-position":"center center","background-size":"auto","background-attachment":"scroll","background-type":"","background-media":"","overlay-type":"","overlay-color":"","overlay-opacity":"","overlay-gradient":""},"tablet":{"background-color":"var(--ast-global-color-5)","background-image":"","background-repeat":"repeat","background-position":"center center","background-size":"auto","background-attachment":"scroll","background-type":"","background-media":"","overlay-type":"","overlay-color":"","overlay-opacity":"","overlay-gradient":""},"mobile":{"background-color":"var(--ast-global-color-5)","background-image":"","background-repeat":"repeat","background-position":"center center","background-size":"auto","background-attachment":"scroll","background-type":"","background-media":"","overlay-type":"","overlay-color":"","overlay-opacity":"","overlay-gradient":""}}},"product_brand":[],"product_cat":[28,273],"product_tag":[276],"class_list":{"0":"post-2998","1":"product","2":"type-product","3":"status-publish","4":"has-post-thumbnail","6":"product_cat-varietes-de-cannabis","7":"product_cat-varietes-de-cannabis-sativa","8":"product_tag-buy-candyland-aaaa-weed-strain-europe","9":"desktop-align-left","10":"tablet-align-left","11":"mobile-align-left","13":"first","14":"instock","15":"shipping-taxable","16":"purchasable","17":"product-type-variable"},"uagb_featured_image_src":{"full":["https:\/\/pressurezone.shop\/wp-content\/uploads\/2024\/10\/Candyland-AAAA-Weed-Strain.jpg",1000,1000,false],"thumbnail":["https:\/\/pressurezone.shop\/wp-content\/uploads\/2024\/10\/Candyland-AAAA-Weed-Strain-150x150.jpg",150,150,true],"medium":["https:\/\/pressurezone.shop\/wp-content\/uploads\/2024\/10\/Candyland-AAAA-Weed-Strain-300x300.jpg",300,300,true],"medium_large":["https:\/\/pressurezone.shop\/wp-content\/uploads\/2024\/10\/Candyland-AAAA-Weed-Strain-768x768.jpg",768,768,true],"large":["https:\/\/pressurezone.shop\/wp-content\/uploads\/2024\/10\/Candyland-AAAA-Weed-Strain.jpg",1000,1000,false],"1536x1536":["https:\/\/pressurezone.shop\/wp-content\/uploads\/2024\/10\/Candyland-AAAA-Weed-Strain.jpg",1000,1000,false],"2048x2048":["https:\/\/pressurezone.shop\/wp-content\/uploads\/2024\/10\/Candyland-AAAA-Weed-Strain.jpg",1000,1000,false],"trp-custom-language-flag":["https:\/\/pressurezone.shop\/wp-content\/uploads\/2024\/10\/Candyland-AAAA-Weed-Strain-12x12.jpg",12,12,true],"woocommerce_thumbnail":["https:\/\/pressurezone.shop\/wp-content\/uploads\/2024\/10\/Candyland-AAAA-Weed-Strain-300x300.jpg",300,300,true],"woocommerce_single":["https:\/\/pressurezone.shop\/wp-content\/uploads\/2024\/10\/Candyland-AAAA-Weed-Strain-600x600.jpg",600,600,true],"woocommerce_gallery_thumbnail":["https:\/\/pressurezone.shop\/wp-content\/uploads\/2024\/10\/Candyland-AAAA-Weed-Strain-100x100.jpg",100,100,true]},"uagb_author_info":{"display_name":"pressurezone.shop","author_link":"https:\/\/pressurezone.shop\/de\/author\/"},"uagb_comment_info":0,"uagb_excerpt":"Achetez la Vari\u00e9t\u00e9 Candyland AAAA Weed Strain en Ligne en Europe sur Pressure Zone D\u00e9couvrez Candyland AAAA Weed Strain, une vari\u00e9t\u00e9 de cannabis sativa-dominante qui offre un high \u00e9nergisant et joyeux, parfait pour illuminer vos journ\u00e9es. R\u00e9sultant d&rsquo;un croisement entre les l\u00e9gendaires Granddaddy Purps et Platinum Cookies, Candyland est con\u00e7ue pour stimuler l\u2019esprit et \u00e9veiller&hellip;","_links":{"self":[{"href":"https:\/\/pressurezone.shop\/de\/wp-json\/wp\/v2\/product\/2998"}],"collection":[{"href":"https:\/\/pressurezone.shop\/de\/wp-json\/wp\/v2\/product"}],"about":[{"href":"https:\/\/pressurezone.shop\/de\/wp-json\/wp\/v2\/types\/product"}],"replies":[{"embeddable":true,"href":"https:\/\/pressurezone.shop\/de\/wp-json\/wp\/v2\/comments?post=2998"}],"version-history":[{"count":3,"href":"https:\/\/pressurezone.shop\/de\/wp-json\/wp\/v2\/product\/2998\/revisions"}],"predecessor-version":[{"id":3730,"href":"https:\/\/pressurezone.shop\/de\/wp-json\/wp\/v2\/product\/2998\/revisions\/3730"}],"wp:featuredmedia":[{"embeddable":true,"href":"https:\/\/pressurezone.shop\/de\/wp-json\/wp\/v2\/media\/3031"}],"wp:attachment":[{"href":"https:\/\/pressurezone.shop\/de\/wp-json\/wp\/v2\/media?parent=2998"}],"wp:term":[{"taxonomy":"product_brand","embeddable":true,"href":"https:\/\/pressurezone.shop\/de\/wp-json\/wp\/v2\/product_brand?post=2998"},{"taxonomy":"product_cat","embeddable":true,"href":"https:\/\/pressurezone.shop\/de\/wp-json\/wp\/v2\/product_cat?post=2998"},{"taxonomy":"product_tag","embeddable":true,"href":"https:\/\/pressurezone.shop\/de\/wp-json\/wp\/v2\/product_tag?post=2998"}],"curies":[{"name":"wp","href":"https:\/\/api.w.org\/{rel}","templated":true}]}}