{"id":3000,"date":"2024-10-11T00:48:46","date_gmt":"2024-10-10T22:48:46","guid":{"rendered":"https:\/\/pressurezone.shop\/?post_type=product&#038;p=3000"},"modified":"2024-11-02T21:42:31","modified_gmt":"2024-11-02T20:42:31","slug":"tropic-truffle-weed","status":"publish","type":"product","link":"https:\/\/pressurezone.shop\/de\/product\/tropic-truffle-weed\/","title":{"rendered":"Tropic Truffle Weed"},"content":{"rendered":"<div class=\"flex-shrink-0 flex flex-col relative items-end\">\n<div>\n<div class=\"pt-0\">\n<div class=\"gizmo-bot-avatar flex h-8 w-8 items-center justify-center overflow-hidden rounded-full\">\n<div class=\"relative p-1 rounded-sm flex items-center justify-center bg-token-main-surface-primary text-token-text-primary h-8 w-8\"><\/div>\n<\/div>\n<\/div>\n<\/div>\n<\/div>\n<div class=\"group\/conversation-turn relative flex w-full min-w-0 flex-col agent-turn\">\n<div class=\"flex-col gap-1 md:gap-3\">\n<div class=\"flex max-w-full flex-col flex-grow\">\n<div class=\"min-h-8 text-message flex w-full flex-col items-end gap-2 whitespace-normal break-words [.text-message+&amp;]:mt-5\" dir=\"auto\" data-message-author-role=\"assistant\" data-message-id=\"decf5806-5b3f-4973-94a7-c02a9406dcce\" data-message-model-slug=\"gpt-4o\">\n<div class=\"flex w-full flex-col gap-1 empty:hidden first:pt-[3px]\">\n<div class=\"markdown prose w-full break-words dark:prose-invert light\">\n<h3><strong>Kaufen Sie Tropic Truffle Weed Sorte Online in Europa auf <a href=\"https:\/\/pressurezone.shop\/de\/\" target=\"_new\" rel=\"noopener\">Druckbereich<\/a><\/strong><\/h3>\n<p>Entdecken Sie <strong>Tropic Truffle Weed<\/strong>Auch bekannt als \"Tropic Truffles\" - eine <strong>Cannabissorte<\/strong> leicht sativa-dominiert (60% sativa \/ 40% indica). Entstanden aus einer seltenen Kreuzung zwischen <strong>Tropicana Cookies<\/strong> und <strong>Mint Chocolate Chip Cookies<\/strong>Diese Sorte ist ein wahres Fest f\u00fcr die Geschmacksnerven und den Geist. Mit Aromen von s\u00fc\u00dfen Zitrusfr\u00fcchten und erdigen Kiefern bietet Tropic Truffle ein ausgewogenes High, ideal f\u00fcr alle, die einen sanften Energieschub und einen Moment der kreativen Entspannung suchen.<a href=\"https:\/\/fuelpackz.com\/\" target=\"_blank\" rel=\"noopener\">.<\/a><\/p>\n<h3>Wirkung und Nutzen von Tropic Truffle Weed<\/h3>\n<p>Die <strong>Sorte Tropic Truffle Weed<\/strong> zeichnet sich durch seine energetisierende und stimulierende Wirkung aus, die perfekt f\u00fcr kreative und soziale Aktivit\u00e4ten geeignet ist :<\/p>\n<ul>\n<li><strong>Energie und Kreativit\u00e4t<\/strong> : Ideal f\u00fcr k\u00fcnstlerische Momente, f\u00f6rdert die Konzentration und die Kreativit\u00e4t.<\/li>\n<li><strong>Bliss und Gl\u00fcck<\/strong> : Vermittelt ein Gef\u00fchl des Wohlbefindens und einen euphorischen Zustand der Freude.<\/li>\n<li><strong>Sanfte K\u00f6rperentspannung<\/strong> Tropic Truffle: Entspannend, ohne sedativ zu sein, ist Tropic Truffle perfekt, um sich zu entspannen, ohne den Geist zu beschweren.<\/li>\n<\/ul>\n<p>Mit Niveaus von <strong>THC von 18-20%<\/strong>Tropic Truffle ist eine kraftvolle Sorte, die Energie und Entspannung ausgleicht, ideal f\u00fcr Genussmomente oder kreative Projekte.<\/p>\n<h3>Therapeutische Vorteile von Tropic Truffle Weed<\/h3>\n<p>Aufgrund seiner belebenden und ausgleichenden Wirkung wird Tropic Truffle h\u00e4ufig zur Linderung verschiedener Symptome und Zust\u00e4nde gew\u00e4hlt:<\/p>\n<ul>\n<li><strong>Verringerung der chronischen M\u00fcdigkeit<\/strong> : Belebt K\u00f6rper und Geist, um M\u00fcdigkeit zu bek\u00e4mpfen.<\/li>\n<li><strong>Linderung von ADD\/ADHD und Stress<\/strong> : Beruhigt den Geist und verbessert gleichzeitig die Konzentration.<\/li>\n<li><strong>Behandlung von Migr\u00e4ne und Depressionen<\/strong> : Wirkt gegen Kopfschmerzen, hebt die Stimmung und bietet eine nat\u00fcrliche Linderung.<\/li>\n<\/ul>\n<p>Diese <strong>Cannabissorte<\/strong> ist perfekt f\u00fcr diejenigen, die therapeutische Vorteile ohne den typischen sedierenden Effekt von Indicas suchen, und bietet eine sanfte, aber effektive Option f\u00fcr den Tag.<\/p>\n<h3>Geschmack und Aroma von Tropic Truffle<\/h3>\n<p>Tropic Truffle bietet ein Geschmacks- und Aromaprofil, das ebenso einzigartig wie einpr\u00e4gsam ist:<\/p>\n<ul>\n<li><strong>Geschm\u00e4cker<\/strong> : Ein Geschmack von s\u00fc\u00dfen Zitrusfr\u00fcchten, mit subtilen Noten von Kiefer und einem Hauch von Holz.<\/li>\n<li><strong>Aromen<\/strong> : Ein erdiger Duft mit Akzenten von Zitrone und s\u00e4uerlichem Holz, der eine reiche und lebhafte Sinneserfahrung schafft.<\/li>\n<\/ul>\n<p>Diese <strong>intensive Geschmacks- und Aromastoffe<\/strong> machen Tropic Truffle zu einer idealen Sorte f\u00fcr alle, die einen frischen, exotischen Geschmack lieben.<\/p>\n<h3>Warum Tropic Truffle Weed kaufen auf <a href=\"https:\/\/pressurezone.shop\/de\/\" target=\"_new\" rel=\"noopener\">Druckbereich<\/a>?<\/h3>\n<p>Bei <strong>Druckbereich<\/strong>Wir w\u00e4hlen aus <strong>Cannabissorten<\/strong> premium, die streng auf ihre Kraft und Reinheit getestet wurden. <strong>Tropic Truffle Weed<\/strong> ist eine unserer besten Sorten wegen ihrer ausgewogenen Wirkung und ihres einzigartigen Aromaprofils. Hier sind die Gr\u00fcnde f\u00fcr die Wahl von Pressure Zone :<\/p>\n<ul>\n<li><strong>Premium-Qualit\u00e4t<\/strong> : Unsere Produkte werden sorgf\u00e4ltig getestet, um ein qualitativ hochwertiges Erlebnis zu gew\u00e4hrleisten.<\/li>\n<li><strong>Stimulierende und entspannende Wirkung<\/strong> : Ideal f\u00fcr Momente der Entspannung ohne Schwere, perfekt, um aktiv zu bleiben.<\/li>\n<li><strong>Expert Customer Service<\/strong> : Wir stehen zur Verf\u00fcgung, um Sie zur <strong>Cannabissorte<\/strong> der zu Ihren Bed\u00fcrfnissen passt.<\/li>\n<\/ul>\n<h3>H\u00e4ufig gestellte Fragen<\/h3>\n<h4>Was sind die Hauptwirkungen von Tropic Truffle Weed?<\/h4>\n<p>Tropic Truffle sorgt f\u00fcr ein kreatives und euphorisches High, das sich perfekt f\u00fcr soziale oder kreative Momente eignet. Seine Wirkung ist anregend, aber sanft und bietet ein ideales Gleichgewicht zwischen Energie und Entspannung.<\/p>\n<h4>Ist Tropic Truffle wirksam bei M\u00fcdigkeit und Stress?<\/h4>\n<p>Ja, diese <strong>Cannabissorte<\/strong> ist besonders wirksam bei der Bek\u00e4mpfung von M\u00fcdigkeit, der Linderung von Stress und der Verbesserung der Stimmung, was ihn zu einer ausgezeichneten Wahl f\u00fcr aktive Tage macht.<\/p>\n<h4>Welche Geschmacksrichtungen und Aromen dominieren in Tropic Truffle?<\/h4>\n<p>Tropic Truffle bietet Aromen von Zitrusfr\u00fcchten und Kiefer, begleitet von erdigen und holzigen Aromen mit einem Hauch von saurer Zitrone.<\/p>\n<h3>Bestellen Sie Tropic Truffle Weed Sorte Online in Europa auf <a href=\"https:\/\/pressurezone.shop\/de\/\" target=\"_new\" rel=\"noopener\">Druckbereich<\/a><\/h3>\n<p>Sind Sie bereit, die perfekte Balance zwischen Energie und Entspannung von <strong>Tropic Truffle Weed<\/strong>? <strong>Bestellen Sie jetzt<\/strong> auf <a href=\"https:\/\/pressurezone.shop\/de\/\" target=\"_new\" rel=\"noopener\">Druckbereich<\/a> f\u00fcr eine Erfahrung von <strong>Cannabissorte<\/strong> au\u00dfergew\u00f6hnlich, ideal zum Stressabbau und zur kreativen Inspiration. Nutzen Sie unseren diskreten und schnellen Lieferservice f\u00fcr ein unbeschwertes Einkaufserlebnis.<\/p>\n<\/div>\n<\/div>\n<\/div>\n<\/div>\n<\/div>\n<\/div>","protected":false},"excerpt":{"rendered":"<p><strong>Flavour:<\/strong>\u00a0Citrus | Fruity | Pine | Sour | Sweet<br \/>\n<strong>Medical Usage (Medizinische Verwendung):<\/strong>\u00a0ADD\/ADHD | Depression | M\u00fcdigkeit | Headaches | Stress<br \/>\n<strong>THC Content:<\/strong>\u00a028%+<\/p>","protected":false},"featured_media":3035,"comment_status":"closed","ping_status":"closed","template":"","meta":{"_uag_custom_page_level_css":"","site-sidebar-layout":"default","site-content-layout":"","ast-site-content-layout":"default","site-content-style":"default","site-sidebar-style":"default","ast-global-header-display":"","ast-banner-title-visibility":"","ast-main-header-display":"","ast-hfb-above-header-display":"","ast-hfb-below-header-display":"","ast-hfb-mobile-header-display":"","site-post-title":"","ast-breadcrumbs-content":"","ast-featured-img":"","footer-sml-layout":"","theme-transparent-header-meta":"default","adv-header-id-meta":"","stick-header-meta":"","header-above-stick-meta":"","header-main-stick-meta":"","header-below-stick-meta":"","astra-migrate-meta-layouts":"set","ast-page-background-enabled":"default","ast-page-background-meta":{"desktop":{"background-color":"","background-image":"","background-repeat":"repeat","background-position":"center center","background-size":"auto","background-attachment":"scroll","background-type":"","background-media":"","overlay-type":"","overlay-color":"","overlay-opacity":"","overlay-gradient":""},"tablet":{"background-color":"","background-image":"","background-repeat":"repeat","background-position":"center center","background-size":"auto","background-attachment":"scroll","background-type":"","background-media":"","overlay-type":"","overlay-color":"","overlay-opacity":"","overlay-gradient":""},"mobile":{"background-color":"","background-image":"","background-repeat":"repeat","background-position":"center center","background-size":"auto","background-attachment":"scroll","background-type":"","background-media":"","overlay-type":"","overlay-color":"","overlay-opacity":"","overlay-gradient":""}},"ast-content-background-meta":{"desktop":{"background-color":"var(--ast-global-color-5)","background-image":"","background-repeat":"repeat","background-position":"center center","background-size":"auto","background-attachment":"scroll","background-type":"","background-media":"","overlay-type":"","overlay-color":"","overlay-opacity":"","overlay-gradient":""},"tablet":{"background-color":"var(--ast-global-color-5)","background-image":"","background-repeat":"repeat","background-position":"center center","background-size":"auto","background-attachment":"scroll","background-type":"","background-media":"","overlay-type":"","overlay-color":"","overlay-opacity":"","overlay-gradient":""},"mobile":{"background-color":"var(--ast-global-color-5)","background-image":"","background-repeat":"repeat","background-position":"center center","background-size":"auto","background-attachment":"scroll","background-type":"","background-media":"","overlay-type":"","overlay-color":"","overlay-opacity":"","overlay-gradient":""}}},"product_brand":[],"product_cat":[28,277],"product_tag":[280],"class_list":{"0":"post-3000","1":"product","2":"type-product","3":"status-publish","4":"has-post-thumbnail","6":"product_cat-varietes-de-cannabis","7":"product_cat-varietes-de-cannabis-hybrides","8":"product_tag-buy-tropic-truffle-weed-europe","9":"desktop-align-left","10":"tablet-align-left","11":"mobile-align-left","13":"first","14":"instock","15":"shipping-taxable","16":"purchasable","17":"product-type-variable"},"uagb_featured_image_src":{"full":["https:\/\/pressurezone.shop\/wp-content\/uploads\/2024\/10\/Buy-Tropic-Truffle-Weed.jpg",973,978,false],"thumbnail":["https:\/\/pressurezone.shop\/wp-content\/uploads\/2024\/10\/Buy-Tropic-Truffle-Weed-150x150.jpg",150,150,true],"medium":["https:\/\/pressurezone.shop\/wp-content\/uploads\/2024\/10\/Buy-Tropic-Truffle-Weed-298x300.jpg",298,300,true],"medium_large":["https:\/\/pressurezone.shop\/wp-content\/uploads\/2024\/10\/Buy-Tropic-Truffle-Weed-768x772.jpg",768,772,true],"large":["https:\/\/pressurezone.shop\/wp-content\/uploads\/2024\/10\/Buy-Tropic-Truffle-Weed.jpg",973,978,false],"1536x1536":["https:\/\/pressurezone.shop\/wp-content\/uploads\/2024\/10\/Buy-Tropic-Truffle-Weed.jpg",973,978,false],"2048x2048":["https:\/\/pressurezone.shop\/wp-content\/uploads\/2024\/10\/Buy-Tropic-Truffle-Weed.jpg",973,978,false],"trp-custom-language-flag":["https:\/\/pressurezone.shop\/wp-content\/uploads\/2024\/10\/Buy-Tropic-Truffle-Weed-12x12.jpg",12,12,true],"woocommerce_thumbnail":["https:\/\/pressurezone.shop\/wp-content\/uploads\/2024\/10\/Buy-Tropic-Truffle-Weed-300x300.jpg",300,300,true],"woocommerce_single":["https:\/\/pressurezone.shop\/wp-content\/uploads\/2024\/10\/Buy-Tropic-Truffle-Weed-600x603.jpg",600,603,true],"woocommerce_gallery_thumbnail":["https:\/\/pressurezone.shop\/wp-content\/uploads\/2024\/10\/Buy-Tropic-Truffle-Weed-100x100.jpg",100,100,true]},"uagb_author_info":{"display_name":"pressurezone.shop","author_link":"https:\/\/pressurezone.shop\/de\/author\/"},"uagb_comment_info":0,"uagb_excerpt":"Flavour:\u00a0Citrus | Fruity | Pine | Sour | Sweet Medical Usage:\u00a0ADD\/ADHD | Depression | Fatigue | Headaches | Stress THC Content:\u00a028%+","_links":{"self":[{"href":"https:\/\/pressurezone.shop\/de\/wp-json\/wp\/v2\/product\/3000"}],"collection":[{"href":"https:\/\/pressurezone.shop\/de\/wp-json\/wp\/v2\/product"}],"about":[{"href":"https:\/\/pressurezone.shop\/de\/wp-json\/wp\/v2\/types\/product"}],"replies":[{"embeddable":true,"href":"https:\/\/pressurezone.shop\/de\/wp-json\/wp\/v2\/comments?post=3000"}],"version-history":[{"count":3,"href":"https:\/\/pressurezone.shop\/de\/wp-json\/wp\/v2\/product\/3000\/revisions"}],"predecessor-version":[{"id":3722,"href":"https:\/\/pressurezone.shop\/de\/wp-json\/wp\/v2\/product\/3000\/revisions\/3722"}],"wp:featuredmedia":[{"embeddable":true,"href":"https:\/\/pressurezone.shop\/de\/wp-json\/wp\/v2\/media\/3035"}],"wp:attachment":[{"href":"https:\/\/pressurezone.shop\/de\/wp-json\/wp\/v2\/media?parent=3000"}],"wp:term":[{"taxonomy":"product_brand","embeddable":true,"href":"https:\/\/pressurezone.shop\/de\/wp-json\/wp\/v2\/product_brand?post=3000"},{"taxonomy":"product_cat","embeddable":true,"href":"https:\/\/pressurezone.shop\/de\/wp-json\/wp\/v2\/product_cat?post=3000"},{"taxonomy":"product_tag","embeddable":true,"href":"https:\/\/pressurezone.shop\/de\/wp-json\/wp\/v2\/product_tag?post=3000"}],"curies":[{"name":"wp","href":"https:\/\/api.w.org\/{rel}","templated":true}]}}