{"id":3002,"date":"2024-10-11T00:48:46","date_gmt":"2024-10-10T22:48:46","guid":{"rendered":"https:\/\/pressurezone.shop\/?post_type=product&#038;p=3002"},"modified":"2024-11-03T22:05:40","modified_gmt":"2024-11-03T21:05:40","slug":"runtz-hybrid-marijuana-strain","status":"publish","type":"product","link":"https:\/\/pressurezone.shop\/de\/product\/runtz-hybrid-marihuana-strain\/","title":{"rendered":"Runtz Hybrid Marihuana Strain"},"content":{"rendered":"<div class=\"flex-shrink-0 flex flex-col relative items-end\">\n<div>\n<div class=\"pt-0\">\n<div class=\"gizmo-bot-avatar flex h-8 w-8 items-center justify-center overflow-hidden rounded-full\">\n<div class=\"relative p-1 rounded-sm flex items-center justify-center bg-token-main-surface-primary text-token-text-primary h-8 w-8\"><\/div>\n<\/div>\n<\/div>\n<\/div>\n<\/div>\n<div class=\"group\/conversation-turn relative flex w-full min-w-0 flex-col agent-turn\">\n<div class=\"flex-col gap-1 md:gap-3\">\n<div class=\"flex max-w-full flex-col flex-grow\">\n<div class=\"min-h-8 text-message flex w-full flex-col items-end gap-2 whitespace-normal break-words [.text-message+&amp;]:mt-5\" dir=\"auto\" data-message-author-role=\"assistant\" data-message-id=\"b0f80e70-ff19-4165-92ed-7de0846c43b5\" data-message-model-slug=\"gpt-4o\">\n<div class=\"flex w-full flex-col gap-1 empty:hidden first:pt-[3px]\">\n<div class=\"markdown prose w-full break-words dark:prose-invert light\">\n<h3><strong>Kaufen Sie die Runtz Hybrid Marijuana Strain online in Europa auf <a href=\"https:\/\/pressurezone.shop\/de\/\" target=\"_new\" rel=\"noopener\">Pressure Zone Shop<\/a><\/strong><\/h3>\n<p>Entdecken Sie die <strong>Runtz Hybrid Marihuana Strain<\/strong>Eine perfekt ausbalancierte Hybridsorte (50% indica \/ 50% sativa), die von S\u00fc\u00dfigkeiten inspiriert ist und aus der Kreuzung der ber\u00fchmten <strong>Zkittlez<\/strong> und <strong>Gelato<\/strong>. Mit Aromen von tropischen Fr\u00fcchten, Zitrusfr\u00fcchten und einem Hauch von s\u00e4uerlichen Beeren, <strong>Runtz<\/strong> ist ein wahrer Gaumenschmaus, verfeinert mit einer leichten, w\u00fcrzigen Ananasbowle, die sich im Laufe der Zeit entfaltet.<\/p>\n<h3>Warum die Runtz Hybrid Marihuana Strain w\u00e4hlen?<\/h3>\n<p><strong>Runtz Hybrid Marihuana Strain<\/strong> bietet eine starke Erfahrung mit einem THC-Gehalt, der zwischen 19% und 29% schwankt. Zus\u00e4tzlich zu seinem gourmandigen Geschmacksprofil, <strong>Runtz<\/strong> ist eine beliebte Wahl f\u00fcr diejenigen, die Symptome wie Schlaflosigkeit, chronische Schmerzen und Stress lindern wollen. Sie liefert ein ausgewogenes High zwischen Entspannung und Euphorie, perfekt f\u00fcr Cannabisliebhaber, die sowohl Entspannung als auch geistige Stimulation suchen.<a href=\"https:\/\/fuelpackz.com\/\" target=\"_blank\" rel=\"noopener\">.<\/a><\/p>\n<ul>\n<li><strong>Typ<\/strong> Ausgewogene Hybride (50% Indica \/ 50% Sativa)<\/li>\n<li><strong>THC<\/strong> : Zwischen 19% und 29% f\u00fcr eine kraftvolle und lang anhaltende Erfahrung<\/li>\n<\/ul>\n<h3>Wirkungen und Vorteile der Runtz Weed Strain<\/h3>\n<p>Die <strong>Runtz Weed Strain<\/strong> ist bekannt f\u00fcr sein ausgewogenes High, das ein Gef\u00fchl von Gl\u00fcck und Ruhe hervorruft und gleichzeitig eine sanfte Entspannung des K\u00f6rpers erm\u00f6glicht. Es ist perfekt f\u00fcr Abende oder Momente der Entspannung, in denen man geistig engagiert bleiben und gleichzeitig den K\u00f6rper entlasten m\u00f6chte.<\/p>\n<ul>\n<li><strong>Effekte<\/strong> : Euphorie, Entspannung, Gl\u00fcck, Stimulation<\/li>\n<li><strong>Perfekt F\u00fcr<\/strong> : Schlaflosigkeit, Chronische Schmerzen, Appetitlosigkeit, Stress, Angstzust\u00e4nde<\/li>\n<\/ul>\n<h3>Durch Runtz Cannabis Strain gelinderte Bedingungen<\/h3>\n<p>Dank seiner einzigartigen Kombination aus stimulierenden und beruhigenden Effekten, <strong>Runtz<\/strong> wird oft gew\u00e4hlt, um mehrere Zust\u00e4nde zu lindern:<\/p>\n<ul>\n<li><strong>Schlaflosigkeit und chronische Schmerzen<\/strong> : F\u00f6rdert den Schlaf und lindert K\u00f6rperschmerzen.<\/li>\n<li><strong>Stress und Angst<\/strong> : Beruhigt den Geist und f\u00fchrt zu einem Zustand des Wohlbefindens.<\/li>\n<li><strong>Appetitlosigkeit<\/strong> : Regt den Appetit an mit einer fr\u00f6hlichen und aufmunternden Wirkung.<\/li>\n<\/ul>\n<h3>Geschm\u00e4cker und Aromen der Runtz Marihuana Strain<\/h3>\n<p>Die <strong>Runtz Marihuana Strain<\/strong> bietet eine wahre Explosion von fruchtigen Aromen mit Noten von <strong>citrus<\/strong>von <strong>s\u00e4uerliche Beeren<\/strong>und ein Hauch von w\u00fcrziger Ananas. Sein Aroma wird leicht scharf, wenn man die Buds aufbricht, und setzt eine Mischung aus tropischen Fr\u00fcchten und Zitrusfr\u00fcchten frei, die Liebhaber von Gourmetgeschmack begeistern wird.<\/p>\n<ul>\n<li><strong>Geschm\u00e4cker<\/strong> : Zitrusfr\u00fcchte, Beeren, Tropisch, Ananas, W\u00fcrzig<\/li>\n<li><strong>Aromen<\/strong> : Fruchtig, scharf, Zitrusfr\u00fcchte, s\u00fc\u00dfe Beeren<\/li>\n<\/ul>\n<h3>Aussehen der Runtz Cannabis Flower<\/h3>\n<p>Die Knospen von <strong>Runtz<\/strong> sind kompakt und traubenf\u00f6rmig, tief olivgr\u00fcn mit einem Hauch von dunklem Violett. Sie sind mit feinen orangefarbenen H\u00e4rchen durchsetzt und mit einer frostigen Schicht aus kristallinen Trichomen \u00fcberzogen, was ein attraktives, harziges Aussehen erzeugt.<\/p>\n<h3>Bestellen Sie die Runtz Hybrid Marijuana Strain online im Pressure Zone Shop<\/h3>\n<p>Bereit, den reichen Geschmack und die ausgewogene Wirkung der <strong>Runtz Hybrid Marihuana Strain<\/strong> ? Bestellen Sie jetzt auf <a href=\"https:\/\/pressurezone.shop\/de\/\" target=\"_new\" rel=\"noopener\">Pressure Zone Shop<\/a> und genie\u00dfen Sie ein einzigartiges Cannabis-Erlebnis, das ideal ist, um den Geist zu beruhigen und den K\u00f6rper zu revitalisieren. Egal, ob Sie ein Liebhaber s\u00fc\u00dfer Aromen sind oder nach einem ausgewogenen High suchen, <strong>Runtz<\/strong> ist die perfekte Wahl f\u00fcr ein erstklassiges Erlebnis.<\/p>\n<\/div>\n<\/div>\n<\/div>\n<\/div>\n<\/div>\n<\/div>","protected":false},"excerpt":{"rendered":"<p><strong>Flavour:<\/strong>\u00a0Fruchtig | Pineapple | Spicy | Sweet | Tropical<br \/>\n<strong>Medical Usage (Medizinische Verwendung):<\/strong>\u00a0Anxiety | Chronic Pain | Insomnia | Nausea | Stress<br \/>\n<strong>THC Content:<\/strong>\u00a020% Highest<\/p>","protected":false},"featured_media":3039,"comment_status":"closed","ping_status":"closed","template":"","meta":{"_uag_custom_page_level_css":"","site-sidebar-layout":"default","site-content-layout":"","ast-site-content-layout":"default","site-content-style":"default","site-sidebar-style":"default","ast-global-header-display":"","ast-banner-title-visibility":"","ast-main-header-display":"","ast-hfb-above-header-display":"","ast-hfb-below-header-display":"","ast-hfb-mobile-header-display":"","site-post-title":"","ast-breadcrumbs-content":"","ast-featured-img":"","footer-sml-layout":"","theme-transparent-header-meta":"default","adv-header-id-meta":"","stick-header-meta":"","header-above-stick-meta":"","header-main-stick-meta":"","header-below-stick-meta":"","astra-migrate-meta-layouts":"set","ast-page-background-enabled":"default","ast-page-background-meta":{"desktop":{"background-color":"","background-image":"","background-repeat":"repeat","background-position":"center center","background-size":"auto","background-attachment":"scroll","background-type":"","background-media":"","overlay-type":"","overlay-color":"","overlay-opacity":"","overlay-gradient":""},"tablet":{"background-color":"","background-image":"","background-repeat":"repeat","background-position":"center center","background-size":"auto","background-attachment":"scroll","background-type":"","background-media":"","overlay-type":"","overlay-color":"","overlay-opacity":"","overlay-gradient":""},"mobile":{"background-color":"","background-image":"","background-repeat":"repeat","background-position":"center center","background-size":"auto","background-attachment":"scroll","background-type":"","background-media":"","overlay-type":"","overlay-color":"","overlay-opacity":"","overlay-gradient":""}},"ast-content-background-meta":{"desktop":{"background-color":"var(--ast-global-color-5)","background-image":"","background-repeat":"repeat","background-position":"center center","background-size":"auto","background-attachment":"scroll","background-type":"","background-media":"","overlay-type":"","overlay-color":"","overlay-opacity":"","overlay-gradient":""},"tablet":{"background-color":"var(--ast-global-color-5)","background-image":"","background-repeat":"repeat","background-position":"center center","background-size":"auto","background-attachment":"scroll","background-type":"","background-media":"","overlay-type":"","overlay-color":"","overlay-opacity":"","overlay-gradient":""},"mobile":{"background-color":"var(--ast-global-color-5)","background-image":"","background-repeat":"repeat","background-position":"center center","background-size":"auto","background-attachment":"scroll","background-type":"","background-media":"","overlay-type":"","overlay-color":"","overlay-opacity":"","overlay-gradient":""}}},"product_brand":[],"product_cat":[28,277],"product_tag":[282],"class_list":{"0":"post-3002","1":"product","2":"type-product","3":"status-publish","4":"has-post-thumbnail","6":"product_cat-varietes-de-cannabis","7":"product_cat-varietes-de-cannabis-hybrides","8":"product_tag-runtz-hybrid-marijuana-strain-for-sale-europe","9":"desktop-align-left","10":"tablet-align-left","11":"mobile-align-left","13":"first","14":"instock","15":"shipping-taxable","16":"purchasable","17":"product-type-variable"},"uagb_featured_image_src":{"full":["https:\/\/pressurezone.shop\/wp-content\/uploads\/2024\/10\/Runtz-Hybrid-Marijuana-Strain.jpg",948,958,false],"thumbnail":["https:\/\/pressurezone.shop\/wp-content\/uploads\/2024\/10\/Runtz-Hybrid-Marijuana-Strain-150x150.jpg",150,150,true],"medium":["https:\/\/pressurezone.shop\/wp-content\/uploads\/2024\/10\/Runtz-Hybrid-Marijuana-Strain-297x300.jpg",297,300,true],"medium_large":["https:\/\/pressurezone.shop\/wp-content\/uploads\/2024\/10\/Runtz-Hybrid-Marijuana-Strain-768x776.jpg",768,776,true],"large":["https:\/\/pressurezone.shop\/wp-content\/uploads\/2024\/10\/Runtz-Hybrid-Marijuana-Strain.jpg",948,958,false],"1536x1536":["https:\/\/pressurezone.shop\/wp-content\/uploads\/2024\/10\/Runtz-Hybrid-Marijuana-Strain.jpg",948,958,false],"2048x2048":["https:\/\/pressurezone.shop\/wp-content\/uploads\/2024\/10\/Runtz-Hybrid-Marijuana-Strain.jpg",948,958,false],"trp-custom-language-flag":["https:\/\/pressurezone.shop\/wp-content\/uploads\/2024\/10\/Runtz-Hybrid-Marijuana-Strain-12x12.jpg",12,12,true],"woocommerce_thumbnail":["https:\/\/pressurezone.shop\/wp-content\/uploads\/2024\/10\/Runtz-Hybrid-Marijuana-Strain-300x300.jpg",300,300,true],"woocommerce_single":["https:\/\/pressurezone.shop\/wp-content\/uploads\/2024\/10\/Runtz-Hybrid-Marijuana-Strain-600x606.jpg",600,606,true],"woocommerce_gallery_thumbnail":["https:\/\/pressurezone.shop\/wp-content\/uploads\/2024\/10\/Runtz-Hybrid-Marijuana-Strain-100x100.jpg",100,100,true]},"uagb_author_info":{"display_name":"pressurezone.shop","author_link":"https:\/\/pressurezone.shop\/de\/author\/"},"uagb_comment_info":0,"uagb_excerpt":"Flavour:\u00a0Fruity | Pineapple | Spicy | Sweet | Tropical Medical Usage:\u00a0Anxiety | Chronic Pain | Insomnia | Nausea | Stress THC Content:\u00a020% Highest","_links":{"self":[{"href":"https:\/\/pressurezone.shop\/de\/wp-json\/wp\/v2\/product\/3002"}],"collection":[{"href":"https:\/\/pressurezone.shop\/de\/wp-json\/wp\/v2\/product"}],"about":[{"href":"https:\/\/pressurezone.shop\/de\/wp-json\/wp\/v2\/types\/product"}],"replies":[{"embeddable":true,"href":"https:\/\/pressurezone.shop\/de\/wp-json\/wp\/v2\/comments?post=3002"}],"version-history":[{"count":2,"href":"https:\/\/pressurezone.shop\/de\/wp-json\/wp\/v2\/product\/3002\/revisions"}],"predecessor-version":[{"id":4014,"href":"https:\/\/pressurezone.shop\/de\/wp-json\/wp\/v2\/product\/3002\/revisions\/4014"}],"wp:featuredmedia":[{"embeddable":true,"href":"https:\/\/pressurezone.shop\/de\/wp-json\/wp\/v2\/media\/3039"}],"wp:attachment":[{"href":"https:\/\/pressurezone.shop\/de\/wp-json\/wp\/v2\/media?parent=3002"}],"wp:term":[{"taxonomy":"product_brand","embeddable":true,"href":"https:\/\/pressurezone.shop\/de\/wp-json\/wp\/v2\/product_brand?post=3002"},{"taxonomy":"product_cat","embeddable":true,"href":"https:\/\/pressurezone.shop\/de\/wp-json\/wp\/v2\/product_cat?post=3002"},{"taxonomy":"product_tag","embeddable":true,"href":"https:\/\/pressurezone.shop\/de\/wp-json\/wp\/v2\/product_tag?post=3002"}],"curies":[{"name":"wp","href":"https:\/\/api.w.org\/{rel}","templated":true}]}}