{"id":3016,"date":"2024-10-11T00:48:47","date_gmt":"2024-10-10T22:48:47","guid":{"rendered":"https:\/\/pressurezone.shop\/?post_type=product&#038;p=3016"},"modified":"2024-11-02T22:08:51","modified_gmt":"2024-11-02T21:08:51","slug":"ewok-strain-small-buds","status":"publish","type":"product","link":"https:\/\/pressurezone.shop\/de\/product\/ewok-strain-small-buds\/","title":{"rendered":"Ewok Strain Small Buds - Hybrid"},"content":{"rendered":"<div class=\"flex-shrink-0 flex flex-col relative items-end\">\n<div>\n<div class=\"pt-0\">\n<div class=\"gizmo-bot-avatar flex h-8 w-8 items-center justify-center overflow-hidden rounded-full\">\n<div class=\"relative p-1 rounded-sm flex items-center justify-center bg-token-main-surface-primary text-token-text-primary h-8 w-8\"><\/div>\n<\/div>\n<\/div>\n<\/div>\n<\/div>\n<div class=\"group\/conversation-turn relative flex w-full min-w-0 flex-col agent-turn\">\n<div class=\"flex-col gap-1 md:gap-3\">\n<div class=\"flex max-w-full flex-col flex-grow\">\n<div class=\"min-h-8 text-message flex w-full flex-col items-end gap-2 whitespace-normal break-words [.text-message+&amp;]:mt-5\" dir=\"auto\" data-message-author-role=\"assistant\" data-message-id=\"31af42ca-c24e-41d6-9fe5-c859d28070bf\" data-message-model-slug=\"gpt-4o\">\n<div class=\"flex w-full flex-col gap-1 empty:hidden first:pt-[3px]\">\n<div class=\"markdown prose w-full break-words dark:prose-invert light\">\n<h3><strong>Kaufen Sie die Sorte Ewok Strain Small Buds - Hybrid online in Europa auf <a href=\"https:\/\/pressurezone.shop\/de\/\" target=\"_new\" rel=\"noopener\">Druckbereich<\/a><\/strong><\/h3>\n<p>Entdecken Sie <strong>Ewok Strain Small Buds - Hybrid<\/strong>eine <strong>Cannabissorte<\/strong> Ein einzigartiger Hybrid, der die Aromen von Kush, Zitrusfr\u00fcchten, N\u00fcssen und Minze zu einem reichhaltigen und komplexen Erlebnis vereint. Ewok zeichnet sich durch ihre kleinen, mit roten Haaren bedeckten K\u00f6pfe und ihr mit Mandarine vermischtes Kush-Aroma aus und bietet ein energetisierendes und entspannendes High, das perfekt ist, um die Kreativit\u00e4t zu f\u00f6rdern und das Wohlbefinden zu steigern. Diese starke Mischung induziert intensive zerebrale Effekte, die die Sinne wecken und gleichzeitig den K\u00f6rper beruhigen<a href=\"https:\/\/fuelpackz.com\/\" target=\"_blank\" rel=\"noopener\">.<\/a><\/p>\n<h3>Wirkung und Nutzen von Ewok Strain Small Buds - Hybrid<\/h3>\n<p>Die <strong>Vielfalt Ewok Strain Small Buds - Hybrid<\/strong> ist bekannt f\u00fcr seine ausgewogene Wirkung, die ein energetisierendes und gleichzeitig beruhigendes High :<\/p>\n<ul>\n<li><strong>Kreativit\u00e4t und Konzentration<\/strong> : Regt den Geist an, perfekt f\u00fcr kreative T\u00e4tigkeiten und Konzentration.<\/li>\n<li><strong>Euphorie und Entspannung<\/strong> : Vermittelt ein Gef\u00fchl des Gl\u00fccks, w\u00e4hrend der K\u00f6rper entspannt wird, ideal f\u00fcr eine vollst\u00e4ndige Entspannung.<\/li>\n<li><strong>Energie und Bes\u00e4nftigung<\/strong> : Eine einzigartige Balance, die eine sanfte Energie f\u00f6rdert und gleichzeitig innere Ruhe vermittelt.<\/li>\n<\/ul>\n<p>Mit starken zerebralen Effekten ist Ewok eine ideale Option f\u00fcr kreative oder entspannende Momente.<\/p>\n<h3>Therapeutische Vorteile von Ewok Strain Small Buds - Hybrid<\/h3>\n<p>Aufgrund seiner ausgewogenen Wirkung <strong>Ewok<\/strong> wird oft gew\u00e4hlt, um verschiedene Symptome und Zust\u00e4nde zu lindern:<\/p>\n<ul>\n<li><strong>Linderung von Schmerzen und Entz\u00fcndungen<\/strong> : Lindert chronische Schmerzen, Muskelkr\u00e4mpfe und reduziert Entz\u00fcndungen.<\/li>\n<li><strong>Stimmungsaufhellung und Stressabbau<\/strong> : Wirkt gegen Depressionen, Stress und M\u00fcdigkeit.<\/li>\n<li><strong>Behandlung von Schlaflosigkeit und Appetitlosigkeit<\/strong> : F\u00f6rdert einen erholsamen Schlaf und regt den Appetit an, ideal f\u00fcr Nutzer mit Schlafst\u00f6rungen oder Appetitlosigkeit.<\/li>\n<\/ul>\n<p>Diese <strong>Cannabissorte<\/strong> ist perfekt f\u00fcr Nutzer, die eine energetisierende und entspannende Wirkung ohne schwere Sedierung suchen, ideal f\u00fcr den Gebrauch am Abend oder nach einem langen Tag.<\/p>\n<h3>Geschmack und Aroma von Ewok<\/h3>\n<p>Ewok besticht auch durch sein reichhaltiges und intensives Geschmacks- und Aromaprofil :<\/p>\n<ul>\n<li><strong>Geschm\u00e4cker<\/strong> : Ein ausgepr\u00e4gter Zitrusgeschmack nach Zitrone und Fr\u00fcchten, der durch Kiefernnoten aufgewertet wird, die f\u00fcr Frische sorgen.<\/li>\n<li><strong>Aromen<\/strong> : Ein erdiger, fruchtiger Duft mit einem scharfen Hauch von Zitrone, der das Erlebnis perfekt abrundet.<\/li>\n<\/ul>\n<p>Diese <strong>nat\u00fcrliche Aromen und Geschm\u00e4cker<\/strong> machen jeden Zug an Ewok zu einem angenehmen sensorischen Erlebnis, perfekt f\u00fcr Liebhaber von Zitrus- und Kush-Geschmack.<\/p>\n<h3>Warum Ewok Strain Small Buds - Hybrid kaufen bei <a href=\"https:\/\/pressurezone.shop\/de\/\" target=\"_new\" rel=\"noopener\">Druckbereich<\/a>?<\/h3>\n<p>Bei <strong>Druckbereich<\/strong>Wir bieten <strong>Cannabissorten<\/strong> premium, die sorgf\u00e4ltig ausgew\u00e4hlt und getestet wurden, um eine einwandfreie Qualit\u00e4t zu bieten. <strong>Ewok Strain Small Buds - Hybrid<\/strong> ist eine unserer Lieblingssorten wegen ihrer ausgewogenen Wirkung und intensiven Aromen. Hier sind die Gr\u00fcnde f\u00fcr die Wahl von Pressure Zone :<\/p>\n<ul>\n<li><strong>H\u00f6chste Qualit\u00e4t<\/strong> : Unsere Produkte werden streng getestet, um Reinheit und Kraft zu gew\u00e4hrleisten.<\/li>\n<li><strong>Energetisierende und entspannende Wirkung<\/strong> : Perfekt f\u00fcr die Bew\u00e4ltigung von Stress und Schmerzen, w\u00e4hrend man aktiv bleibt.<\/li>\n<li><strong>Engagierter Kundenservice<\/strong> : Wir stehen Ihnen zur Verf\u00fcgung, um die <strong>Cannabissorte<\/strong> die Ihren Bed\u00fcrfnissen entspricht.<\/li>\n<\/ul>\n<h3>H\u00e4ufig gestellte Fragen<\/h3>\n<h4>Was sind die Hauptwirkungen von Ewok Strain Small Buds - Hybrid?<\/h4>\n<p>Ewok bietet ein perfektes Gleichgewicht zwischen Energie und Entspannung, regt die Kreativit\u00e4t an und beruhigt gleichzeitig den Geist. Sie ist ideal f\u00fcr Entspannungsmomente oder kreative Aktivit\u00e4ten.<\/p>\n<h4>Ist Ewok wirksam bei der Linderung von Schmerzen und Schlaflosigkeit?<\/h4>\n<p>Ja, diese <strong>Cannabissorte<\/strong> ist wirksam bei der Linderung chronischer Schmerzen, der Verringerung von Entz\u00fcndungen und der F\u00f6rderung eines tiefen und erholsamen Schlafs.<\/p>\n<h4>Welche Aromen und Geschm\u00e4cker dominieren in Ewok?<\/h4>\n<p>Ewok bietet Zitrus- und Zitronenaromen, die von erdigen und scharfen Noten begleitet werden und ideal f\u00fcr Liebhaber frischer und nat\u00fcrlicher Geschm\u00e4cker sind.<\/p>\n<h3>Bestellen Sie die Sorte Ewok Strain Small Buds - Hybrid online in Europa auf <a href=\"https:\/\/pressurezone.shop\/de\/\" target=\"_new\" rel=\"noopener\">Druckbereich<\/a><\/h3>\n<p>Sind Sie bereit, die einzigartige Balance zwischen Energie und Entspannung von <strong>Ewok Strain Small Buds - Hybrid<\/strong>? <strong>Bestellen Sie jetzt<\/strong> auf <a href=\"https:\/\/pressurezone.shop\/de\/\" target=\"_new\" rel=\"noopener\">Druckbereich<\/a> f\u00fcr eine Erfahrung von <strong>Cannabissorte<\/strong> au\u00dfergew\u00f6hnlich, ideal f\u00fcr die Bew\u00e4ltigung von Stress, Schmerzen und Stimmungsschwankungen. Mit einer schnellen und diskreten Lieferung garantiert Ihnen Pressure Zone ein sorgenfreies Einkaufserlebnis.<\/p>\n<\/div>\n<\/div>\n<\/div>\n<\/div>\n<\/div>\n<\/div>","protected":false},"excerpt":{"rendered":"<div class=\"product-short-description\">\n<p>Hybrid -\u00a0<span class=\"strain-percentages\">50% Sativa \/ 50% Indica<\/span><\/p>\n<\/div>","protected":false},"featured_media":3084,"comment_status":"closed","ping_status":"closed","template":"","meta":{"_uag_custom_page_level_css":"","site-sidebar-layout":"default","site-content-layout":"","ast-site-content-layout":"default","site-content-style":"default","site-sidebar-style":"default","ast-global-header-display":"","ast-banner-title-visibility":"","ast-main-header-display":"","ast-hfb-above-header-display":"","ast-hfb-below-header-display":"","ast-hfb-mobile-header-display":"","site-post-title":"","ast-breadcrumbs-content":"","ast-featured-img":"","footer-sml-layout":"","theme-transparent-header-meta":"default","adv-header-id-meta":"","stick-header-meta":"","header-above-stick-meta":"","header-main-stick-meta":"","header-below-stick-meta":"","astra-migrate-meta-layouts":"set","ast-page-background-enabled":"default","ast-page-background-meta":{"desktop":{"background-color":"","background-image":"","background-repeat":"repeat","background-position":"center center","background-size":"auto","background-attachment":"scroll","background-type":"","background-media":"","overlay-type":"","overlay-color":"","overlay-opacity":"","overlay-gradient":""},"tablet":{"background-color":"","background-image":"","background-repeat":"repeat","background-position":"center center","background-size":"auto","background-attachment":"scroll","background-type":"","background-media":"","overlay-type":"","overlay-color":"","overlay-opacity":"","overlay-gradient":""},"mobile":{"background-color":"","background-image":"","background-repeat":"repeat","background-position":"center center","background-size":"auto","background-attachment":"scroll","background-type":"","background-media":"","overlay-type":"","overlay-color":"","overlay-opacity":"","overlay-gradient":""}},"ast-content-background-meta":{"desktop":{"background-color":"var(--ast-global-color-5)","background-image":"","background-repeat":"repeat","background-position":"center center","background-size":"auto","background-attachment":"scroll","background-type":"","background-media":"","overlay-type":"","overlay-color":"","overlay-opacity":"","overlay-gradient":""},"tablet":{"background-color":"var(--ast-global-color-5)","background-image":"","background-repeat":"repeat","background-position":"center center","background-size":"auto","background-attachment":"scroll","background-type":"","background-media":"","overlay-type":"","overlay-color":"","overlay-opacity":"","overlay-gradient":""},"mobile":{"background-color":"var(--ast-global-color-5)","background-image":"","background-repeat":"repeat","background-position":"center center","background-size":"auto","background-attachment":"scroll","background-type":"","background-media":"","overlay-type":"","overlay-color":"","overlay-opacity":"","overlay-gradient":""}}},"product_brand":[],"product_cat":[28,277],"product_tag":[296],"class_list":{"0":"post-3016","1":"product","2":"type-product","3":"status-publish","4":"has-post-thumbnail","6":"product_cat-varietes-de-cannabis","7":"product_cat-varietes-de-cannabis-hybrides","8":"product_tag-order-ewok-strain-small-buds-hybrid-europe","9":"desktop-align-left","10":"tablet-align-left","11":"mobile-align-left","13":"first","14":"instock","15":"shipping-taxable","16":"purchasable","17":"product-type-variable"},"uagb_featured_image_src":{"full":["https:\/\/pressurezone.shop\/wp-content\/uploads\/2024\/10\/Ewok-Strain-Small-Buds-\u2013-Hybrid.webp",2048,1365,false],"thumbnail":["https:\/\/pressurezone.shop\/wp-content\/uploads\/2024\/10\/Ewok-Strain-Small-Buds-\u2013-Hybrid-150x150.webp",150,150,true],"medium":["https:\/\/pressurezone.shop\/wp-content\/uploads\/2024\/10\/Ewok-Strain-Small-Buds-\u2013-Hybrid-300x200.webp",300,200,true],"medium_large":["https:\/\/pressurezone.shop\/wp-content\/uploads\/2024\/10\/Ewok-Strain-Small-Buds-\u2013-Hybrid-768x512.webp",768,512,true],"large":["https:\/\/pressurezone.shop\/wp-content\/uploads\/2024\/10\/Ewok-Strain-Small-Buds-\u2013-Hybrid-1024x683.webp",1024,683,true],"1536x1536":["https:\/\/pressurezone.shop\/wp-content\/uploads\/2024\/10\/Ewok-Strain-Small-Buds-\u2013-Hybrid-1536x1024.webp",1536,1024,true],"2048x2048":["https:\/\/pressurezone.shop\/wp-content\/uploads\/2024\/10\/Ewok-Strain-Small-Buds-\u2013-Hybrid.webp",2048,1365,false],"trp-custom-language-flag":["https:\/\/pressurezone.shop\/wp-content\/uploads\/2024\/10\/Ewok-Strain-Small-Buds-\u2013-Hybrid-18x12.webp",18,12,true],"woocommerce_thumbnail":["https:\/\/pressurezone.shop\/wp-content\/uploads\/2024\/10\/Ewok-Strain-Small-Buds-\u2013-Hybrid-300x300.webp",300,300,true],"woocommerce_single":["https:\/\/pressurezone.shop\/wp-content\/uploads\/2024\/10\/Ewok-Strain-Small-Buds-\u2013-Hybrid-600x400.webp",600,400,true],"woocommerce_gallery_thumbnail":["https:\/\/pressurezone.shop\/wp-content\/uploads\/2024\/10\/Ewok-Strain-Small-Buds-\u2013-Hybrid-100x100.webp",100,100,true]},"uagb_author_info":{"display_name":"pressurezone.shop","author_link":"https:\/\/pressurezone.shop\/de\/author\/"},"uagb_comment_info":0,"uagb_excerpt":"Hybrid \u2013\u00a050% Sativa \/ 50% Indica","_links":{"self":[{"href":"https:\/\/pressurezone.shop\/de\/wp-json\/wp\/v2\/product\/3016"}],"collection":[{"href":"https:\/\/pressurezone.shop\/de\/wp-json\/wp\/v2\/product"}],"about":[{"href":"https:\/\/pressurezone.shop\/de\/wp-json\/wp\/v2\/types\/product"}],"replies":[{"embeddable":true,"href":"https:\/\/pressurezone.shop\/de\/wp-json\/wp\/v2\/comments?post=3016"}],"version-history":[{"count":3,"href":"https:\/\/pressurezone.shop\/de\/wp-json\/wp\/v2\/product\/3016\/revisions"}],"predecessor-version":[{"id":3761,"href":"https:\/\/pressurezone.shop\/de\/wp-json\/wp\/v2\/product\/3016\/revisions\/3761"}],"wp:featuredmedia":[{"embeddable":true,"href":"https:\/\/pressurezone.shop\/de\/wp-json\/wp\/v2\/media\/3084"}],"wp:attachment":[{"href":"https:\/\/pressurezone.shop\/de\/wp-json\/wp\/v2\/media?parent=3016"}],"wp:term":[{"taxonomy":"product_brand","embeddable":true,"href":"https:\/\/pressurezone.shop\/de\/wp-json\/wp\/v2\/product_brand?post=3016"},{"taxonomy":"product_cat","embeddable":true,"href":"https:\/\/pressurezone.shop\/de\/wp-json\/wp\/v2\/product_cat?post=3016"},{"taxonomy":"product_tag","embeddable":true,"href":"https:\/\/pressurezone.shop\/de\/wp-json\/wp\/v2\/product_tag?post=3016"}],"curies":[{"name":"wp","href":"https:\/\/api.w.org\/{rel}","templated":true}]}}