{"id":3017,"date":"2024-10-11T00:48:47","date_gmt":"2024-10-10T22:48:47","guid":{"rendered":"https:\/\/pressurezone.shop\/?post_type=product&#038;p=3017"},"modified":"2024-11-02T21:05:06","modified_gmt":"2024-11-02T20:05:06","slug":"variete-blue-dream-sativa-weed","status":"publish","type":"product","link":"https:\/\/pressurezone.shop\/de\/product\/variete-blue-dream-sativa-weed\/","title":{"rendered":"Sorte Blue Dream Sativa Weed"},"content":{"rendered":"<div class=\"flex-shrink-0 flex flex-col relative items-end\">\n<div>\n<div class=\"pt-0\">\n<div class=\"gizmo-bot-avatar flex h-8 w-8 items-center justify-center overflow-hidden rounded-full\">\n<div class=\"relative p-1 rounded-sm flex items-center justify-center bg-token-main-surface-primary text-token-text-primary h-8 w-8\"><\/div>\n<\/div>\n<\/div>\n<\/div>\n<\/div>\n<div class=\"group\/conversation-turn relative flex w-full min-w-0 flex-col agent-turn\">\n<div class=\"flex-col gap-1 md:gap-3\">\n<div class=\"flex max-w-full flex-col flex-grow\">\n<div class=\"min-h-8 text-message flex w-full flex-col items-end gap-2 whitespace-normal break-words [.text-message+&amp;]:mt-5\" dir=\"auto\" data-message-author-role=\"assistant\" data-message-id=\"80b1f5b6-568d-46db-a3c2-595360001213\" data-message-model-slug=\"gpt-4o\">\n<div class=\"flex w-full flex-col gap-1 empty:hidden first:pt-[3px]\">\n<div class=\"markdown prose w-full break-words dark:prose-invert light\">\n<h3><strong>Kaufen Sie Blue Dream Sativa Weed Online in Europa auf <a href=\"https:\/\/pressurezone.shop\/de\/\" target=\"_new\" rel=\"noopener\">Druckbereich<\/a><\/strong><\/h3>\n<p>Entdecken Sie <strong>Blue Dream Sativa Weed<\/strong>eine <strong>Cannabissorte<\/strong> leicht sativadominierte Hybridpflanze, die aus einer Kreuzung der ber\u00fchmten St\u00e4mme <strong>Blueberry<\/strong> und <strong>Haze<\/strong>. Blue Dream ist bekannt f\u00fcr seine ausgewogene Wirkung und sein s\u00fc\u00dfes Blaubeeraroma und ist eine ideale Sorte f\u00fcr alle, die ihre Kreativit\u00e4t anregen wollen, w\u00e4hrend sie eine s\u00fc\u00dfe und angenehme Erfahrung genie\u00dfen.<a href=\"https:\/\/fuelpackz.com\/\" target=\"_blank\" rel=\"noopener\">.<\/a><\/p>\n<h3>Wirkung und Nutzen von Blue Dream Sativa Weed<\/h3>\n<p>Die <strong>Sorte Blue Dream Sativa Weed<\/strong> wird wegen seiner belebenden und euphorischen Wirkung sehr gesch\u00e4tzt, die perfekt ist, um die Stimmung zu heben und den Geist zu stimulieren:<\/p>\n<ul>\n<li><strong>Kreativit\u00e4t und Energie<\/strong> : F\u00f6rdert die Konzentration und inspiriert die Kreativit\u00e4t, ideal f\u00fcr k\u00fcnstlerische Aktivit\u00e4ten.<\/li>\n<li><strong>Euphorie und Gl\u00fcck<\/strong> : Sorgt f\u00fcr ein Gef\u00fchl der Freude und des Wohlbefindens und reduziert belastende Gedanken.<\/li>\n<li><strong>Ausgewogener Effekt<\/strong> : Bietet ein anregendes Gehirn-High und eine leichte k\u00f6rperliche Entspannung, die ein angenehmes Gef\u00fchl ohne Schwere vermittelt.<\/li>\n<\/ul>\n<p>Mit einer Rate von <strong>Starkes THC<\/strong>Blue Dream ist perfekt f\u00fcr alle, die sich ein belebendes Erlebnis ohne \u00fcberm\u00e4\u00dfige Intensit\u00e4t w\u00fcnschen, das sich f\u00fcr kreative oder soziale Momente eignet.<\/p>\n<h3>Therapeutische Vorteile von Blue Dream Sativa Weed<\/h3>\n<p>Blue Dream ist auch f\u00fcr seine therapeutischen Vorteile bekannt, was es zu einer beliebten Wahl bei medizinischen Anwendern macht. Seine beruhigenden und energetisierenden Effekte werden h\u00e4ufig :<\/p>\n<ul>\n<li><strong>Linderung von Stress und \u00c4ngsten<\/strong> : Beruhigt den gestressten Geist und reduziert Angstsymptome.<\/li>\n<li><strong>Verringerung von Schmerzen und Entz\u00fcndungen<\/strong> : Wirkt gegen chronische Schmerzen und Entz\u00fcndungen, die durch Verletzungen oder Krankheiten verursacht werden.<\/li>\n<li><strong>Verbesserung der Stimmung<\/strong> Wirksamkeit: Wirkt bei leichten bis mittelschweren Depressionen und bringt eine beruhigende und positive Wirkung mit sich.<\/li>\n<li><strong>Linderung von \u00dcbelkeit<\/strong> N\u00fctzlich f\u00fcr Personen, die unter \u00dcbelkeit, posttraumatischer Belastungsst\u00f6rung (PTSD) und \u00e4hnlichen Beschwerden leiden.<\/li>\n<\/ul>\n<p>Diese <strong>Cannabissorte<\/strong> ist auch ideal f\u00fcr Menschen, die unter Schlafst\u00f6rungen leiden, da sie hilft, Entspannung herbeizuf\u00fchren, ohne eine schwere Sedierung zu verursachen.<\/p>\n<h3>Geschmack und Aroma von Blue Dream Sativa Weed<\/h3>\n<p>Blue Dream zeichnet sich nicht nur durch seine Wirkung aus, sondern auch durch seinen k\u00f6stlichen Geschmack und seine Aromen :<\/p>\n<ul>\n<li><strong>Geschm\u00e4cker<\/strong> : Eine fruchtige S\u00fc\u00dfe von Heidelbeeren, begleitet von s\u00fc\u00dfen und kr\u00e4uterigen Noten mit einem Hauch von Vanille.<\/li>\n<li><strong>Aromen<\/strong> : Ein erdiger, fruchtiger Duft mit einem Hauch von Heidelbeere und Vanille, der an einen frisch gebackenen Heidelbeerkuchen erinnert.<\/li>\n<\/ul>\n<p>Jeder Zug dieser <strong>Cannabissorte<\/strong> hinterl\u00e4sst einen s\u00fc\u00dfen, einpr\u00e4gsamen Geschmack, der perfekt f\u00fcr Liebhaber fruchtiger und s\u00fc\u00dfer Aromen ist.<\/p>\n<h3>Warum Blue Dream Sativa Weed kaufen auf <a href=\"https:\/\/pressurezone.shop\/de\/\" target=\"_new\" rel=\"noopener\">Druckbereich<\/a>?<\/h3>\n<p>Bei <strong>Druckbereich<\/strong>Wir w\u00e4hlen aus <strong>Cannabissorten<\/strong> von h\u00f6chster Qualit\u00e4t, um unseren Kunden in Europa ein einzigartiges Erlebnis zu garantieren. <strong>Blue Dream Sativa Weed<\/strong> ist eine unserer f\u00fchrenden Sorten, die ein perfektes Gleichgewicht zwischen geistiger Stimulation und k\u00f6rperlicher Entspannung bietet. Hier sind die Gr\u00fcnde, warum Sie bei uns kaufen sollten :<\/p>\n<ul>\n<li><strong>Qualit\u00e4t Garantie<\/strong> : Unsere Produkte werden streng getestet, um Reinheit und Kraft zu gew\u00e4hrleisten.<\/li>\n<li><strong>Premium-Auswahl<\/strong> : Blue Dream ist ideal f\u00fcr kreative und soziale Momente.<\/li>\n<li><strong>Engagierter Kundenservice<\/strong> : Unser Team steht Ihnen zur Verf\u00fcgung, um die <strong>Cannabissorte<\/strong> der zu Ihren Bed\u00fcrfnissen passt.<\/li>\n<\/ul>\n<h3>H\u00e4ufig gestellte Fragen<\/h3>\n<h4>Was sind die Hauptwirkungen von Blue Dream Sativa Weed?<\/h4>\n<p>Die <strong>Sorte Blue Dream Sativa Weed<\/strong> ist bekannt f\u00fcr seine belebende und euphorische Wirkung auf das Gehirn und seine F\u00e4higkeit, den K\u00f6rper ohne Schwere zu beruhigen. Sie eignet sich hervorragend, um sich zu entspannen und gleichzeitig produktiv und kreativ zu bleiben.<\/p>\n<h4>Ist Blue Dream f\u00fcr chronische Schmerzen geeignet?<\/h4>\n<p>Ja, Blue Dream ist ideal, um chronische Schmerzen zu lindern, Entz\u00fcndungen zu hemmen und Beschwerden zu beruhigen, die mit Stress und Angst verbunden sind.<\/p>\n<h4>Welche Aromen und Geschm\u00e4cker dominieren in Blue Dream?<\/h4>\n<p>Blue Dream bietet einen s\u00fc\u00dfen Geschmack nach Heidelbeeren und Vanille, begleitet von fruchtigen und erdigen Aromen, die an einen frisch gebackenen Heidelbeerkuchen erinnern.<\/p>\n<h3>Bestellen Sie Blue Dream Sativa Weed online in Europa auf <a href=\"https:\/\/pressurezone.shop\/de\/\" target=\"_new\" rel=\"noopener\">Druckbereich<\/a><\/h3>\n<p>Sind Sie bereit, die perfekte Balance zwischen Stimulation und Entspannung zu entdecken mit <strong>Blue Dream Sativa Weed<\/strong>? <strong>Bestellen Sie jetzt<\/strong> auf <a href=\"https:\/\/pressurezone.shop\/de\/\" target=\"_new\" rel=\"noopener\">Druckbereich<\/a> f\u00fcr eine Erfahrung von <strong>Cannabissorte<\/strong> au\u00dfergew\u00f6hnlich, ideal, um Stress abzubauen und die Kreativit\u00e4t zu f\u00f6rdern. Unsere Premiumprodukte und unser zuverl\u00e4ssiger Lieferservice garantieren Ihnen ein sorgenfreies Einkaufserlebnis.<\/p>\n<\/div>\n<\/div>\n<\/div>\n<\/div>\n<\/div>\n<\/div>","protected":false},"excerpt":{"rendered":"<p>Achetez la Vari\u00e9t\u00e9 Blue Dream Sativa Weed en Ligne en Europe sur Pressure Zone D\u00e9couvrez Blue Dream Sativa Weed, une vari\u00e9t\u00e9 de cannabis hybride l\u00e9g\u00e8rement dominante en sativa, issue d\u2019un croisement entre les c\u00e9l\u00e8bres souches Blueberry et Haze. R\u00e9put\u00e9e pour ses effets \u00e9quilibr\u00e9s et son ar\u00f4me doux de myrtilles, Blue Dream est une vari\u00e9t\u00e9 id\u00e9ale [&hellip;]<\/p>","protected":false},"featured_media":3091,"comment_status":"closed","ping_status":"closed","template":"","meta":{"_uag_custom_page_level_css":"","site-sidebar-layout":"default","site-content-layout":"","ast-site-content-layout":"default","site-content-style":"default","site-sidebar-style":"default","ast-global-header-display":"","ast-banner-title-visibility":"","ast-main-header-display":"","ast-hfb-above-header-display":"","ast-hfb-below-header-display":"","ast-hfb-mobile-header-display":"","site-post-title":"","ast-breadcrumbs-content":"","ast-featured-img":"","footer-sml-layout":"","theme-transparent-header-meta":"default","adv-header-id-meta":"","stick-header-meta":"","header-above-stick-meta":"","header-main-stick-meta":"","header-below-stick-meta":"","astra-migrate-meta-layouts":"set","ast-page-background-enabled":"default","ast-page-background-meta":{"desktop":{"background-color":"","background-image":"","background-repeat":"repeat","background-position":"center center","background-size":"auto","background-attachment":"scroll","background-type":"","background-media":"","overlay-type":"","overlay-color":"","overlay-opacity":"","overlay-gradient":""},"tablet":{"background-color":"","background-image":"","background-repeat":"repeat","background-position":"center center","background-size":"auto","background-attachment":"scroll","background-type":"","background-media":"","overlay-type":"","overlay-color":"","overlay-opacity":"","overlay-gradient":""},"mobile":{"background-color":"","background-image":"","background-repeat":"repeat","background-position":"center center","background-size":"auto","background-attachment":"scroll","background-type":"","background-media":"","overlay-type":"","overlay-color":"","overlay-opacity":"","overlay-gradient":""}},"ast-content-background-meta":{"desktop":{"background-color":"var(--ast-global-color-5)","background-image":"","background-repeat":"repeat","background-position":"center center","background-size":"auto","background-attachment":"scroll","background-type":"","background-media":"","overlay-type":"","overlay-color":"","overlay-opacity":"","overlay-gradient":""},"tablet":{"background-color":"var(--ast-global-color-5)","background-image":"","background-repeat":"repeat","background-position":"center center","background-size":"auto","background-attachment":"scroll","background-type":"","background-media":"","overlay-type":"","overlay-color":"","overlay-opacity":"","overlay-gradient":""},"mobile":{"background-color":"var(--ast-global-color-5)","background-image":"","background-repeat":"repeat","background-position":"center center","background-size":"auto","background-attachment":"scroll","background-type":"","background-media":"","overlay-type":"","overlay-color":"","overlay-opacity":"","overlay-gradient":""}}},"product_brand":[],"product_cat":[28,273],"product_tag":[297],"class_list":{"0":"post-3017","1":"product","2":"type-product","3":"status-publish","4":"has-post-thumbnail","6":"product_cat-varietes-de-cannabis","7":"product_cat-varietes-de-cannabis-sativa","8":"product_tag-blue-dream-sativa-weed-strain-for-sale-europe","9":"desktop-align-left","10":"tablet-align-left","11":"mobile-align-left","13":"first","14":"instock","15":"shipping-taxable","16":"purchasable","17":"product-type-variable"},"uagb_featured_image_src":{"full":["https:\/\/pressurezone.shop\/wp-content\/uploads\/2024\/10\/Blue-Dream-Sativa-Weed-Strain.webp",570,464,false],"thumbnail":["https:\/\/pressurezone.shop\/wp-content\/uploads\/2024\/10\/Blue-Dream-Sativa-Weed-Strain-150x150.webp",150,150,true],"medium":["https:\/\/pressurezone.shop\/wp-content\/uploads\/2024\/10\/Blue-Dream-Sativa-Weed-Strain-300x244.webp",300,244,true],"medium_large":["https:\/\/pressurezone.shop\/wp-content\/uploads\/2024\/10\/Blue-Dream-Sativa-Weed-Strain.webp",570,464,false],"large":["https:\/\/pressurezone.shop\/wp-content\/uploads\/2024\/10\/Blue-Dream-Sativa-Weed-Strain.webp",570,464,false],"1536x1536":["https:\/\/pressurezone.shop\/wp-content\/uploads\/2024\/10\/Blue-Dream-Sativa-Weed-Strain.webp",570,464,false],"2048x2048":["https:\/\/pressurezone.shop\/wp-content\/uploads\/2024\/10\/Blue-Dream-Sativa-Weed-Strain.webp",570,464,false],"trp-custom-language-flag":["https:\/\/pressurezone.shop\/wp-content\/uploads\/2024\/10\/Blue-Dream-Sativa-Weed-Strain-15x12.webp",15,12,true],"woocommerce_thumbnail":["https:\/\/pressurezone.shop\/wp-content\/uploads\/2024\/10\/Blue-Dream-Sativa-Weed-Strain-300x300.webp",300,300,true],"woocommerce_single":["https:\/\/pressurezone.shop\/wp-content\/uploads\/2024\/10\/Blue-Dream-Sativa-Weed-Strain.webp",570,464,false],"woocommerce_gallery_thumbnail":["https:\/\/pressurezone.shop\/wp-content\/uploads\/2024\/10\/Blue-Dream-Sativa-Weed-Strain-100x100.webp",100,100,true]},"uagb_author_info":{"display_name":"pressurezone.shop","author_link":"https:\/\/pressurezone.shop\/de\/author\/"},"uagb_comment_info":0,"uagb_excerpt":"Achetez la Vari\u00e9t\u00e9 Blue Dream Sativa Weed en Ligne en Europe sur Pressure Zone D\u00e9couvrez Blue Dream Sativa Weed, une vari\u00e9t\u00e9 de cannabis hybride l\u00e9g\u00e8rement dominante en sativa, issue d\u2019un croisement entre les c\u00e9l\u00e8bres souches Blueberry et Haze. R\u00e9put\u00e9e pour ses effets \u00e9quilibr\u00e9s et son ar\u00f4me doux de myrtilles, Blue Dream est une vari\u00e9t\u00e9 id\u00e9ale&hellip;","_links":{"self":[{"href":"https:\/\/pressurezone.shop\/de\/wp-json\/wp\/v2\/product\/3017"}],"collection":[{"href":"https:\/\/pressurezone.shop\/de\/wp-json\/wp\/v2\/product"}],"about":[{"href":"https:\/\/pressurezone.shop\/de\/wp-json\/wp\/v2\/types\/product"}],"replies":[{"embeddable":true,"href":"https:\/\/pressurezone.shop\/de\/wp-json\/wp\/v2\/comments?post=3017"}],"version-history":[{"count":3,"href":"https:\/\/pressurezone.shop\/de\/wp-json\/wp\/v2\/product\/3017\/revisions"}],"predecessor-version":[{"id":3665,"href":"https:\/\/pressurezone.shop\/de\/wp-json\/wp\/v2\/product\/3017\/revisions\/3665"}],"wp:featuredmedia":[{"embeddable":true,"href":"https:\/\/pressurezone.shop\/de\/wp-json\/wp\/v2\/media\/3091"}],"wp:attachment":[{"href":"https:\/\/pressurezone.shop\/de\/wp-json\/wp\/v2\/media?parent=3017"}],"wp:term":[{"taxonomy":"product_brand","embeddable":true,"href":"https:\/\/pressurezone.shop\/de\/wp-json\/wp\/v2\/product_brand?post=3017"},{"taxonomy":"product_cat","embeddable":true,"href":"https:\/\/pressurezone.shop\/de\/wp-json\/wp\/v2\/product_cat?post=3017"},{"taxonomy":"product_tag","embeddable":true,"href":"https:\/\/pressurezone.shop\/de\/wp-json\/wp\/v2\/product_tag?post=3017"}],"curies":[{"name":"wp","href":"https:\/\/api.w.org\/{rel}","templated":true}]}}