{"id":3018,"date":"2024-10-11T00:48:47","date_gmt":"2024-10-10T22:48:47","guid":{"rendered":"https:\/\/pressurezone.shop\/?post_type=product&#038;p=3018"},"modified":"2024-11-02T22:00:35","modified_gmt":"2024-11-02T21:00:35","slug":"chemnesia-marijuana-sativa-flower","status":"publish","type":"product","link":"https:\/\/pressurezone.shop\/de\/product\/chemnesia-marijuana-sativa-blume\/","title":{"rendered":"Chemnesia Marihuana Sativa Blume"},"content":{"rendered":"<div class=\"flex-shrink-0 flex flex-col relative items-end\">\n<div>\n<div class=\"pt-0\">\n<div class=\"gizmo-bot-avatar flex h-8 w-8 items-center justify-center overflow-hidden rounded-full\">\n<div class=\"relative p-1 rounded-sm flex items-center justify-center bg-token-main-surface-primary text-token-text-primary h-8 w-8\"><\/div>\n<\/div>\n<\/div>\n<\/div>\n<\/div>\n<div class=\"group\/conversation-turn relative flex w-full min-w-0 flex-col agent-turn\">\n<div class=\"flex-col gap-1 md:gap-3\">\n<div class=\"flex max-w-full flex-col flex-grow\">\n<div class=\"min-h-8 text-message flex w-full flex-col items-end gap-2 whitespace-normal break-words [.text-message+&amp;]:mt-5\" dir=\"auto\" data-message-author-role=\"assistant\" data-message-id=\"3080cb38-8d56-4b58-a889-8442814920d4\" data-message-model-slug=\"gpt-4o\">\n<div class=\"flex w-full flex-col gap-1 empty:hidden first:pt-[3px]\">\n<div class=\"markdown prose w-full break-words dark:prose-invert light\">\n<h3><strong>Kaufen Sie die Sorte Chemnesia Marijuana Sativa Flower online in Europa auf <a href=\"https:\/\/pressurezone.shop\/de\/\" target=\"_new\" rel=\"noopener\">Druckbereich<\/a><\/strong><\/h3>\n<p>Entdecken Sie <strong>Chemnesia Marihuana Sativa Blume<\/strong>eine <strong>Cannabissorte<\/strong> kr\u00e4ftige Sativa, die aus der Kreuzung der ber\u00fchmten <strong>Amnesia Sour Diesel<\/strong> und <strong>I-95<\/strong>. Chemnesia ist f\u00fcr seine intensive und lang anhaltende Wirkung bekannt und bietet eine einzigartige zerebrale Erfahrung, die den Geist anregt und die Stimmung hebt. Chemnesia ist perfekt f\u00fcr alle, die ein anregendes und energetisierendes High suchen.<\/p>\n<h3>Wirkungen und Vorteile von Chemnesia Marijuana Sativa Flower<\/h3>\n<p>Die <strong>Sorte Chemnesia Marihuana Sativa Flower<\/strong> wird wegen seiner euphorischen und stimulierenden Wirkung gesch\u00e4tzt, die den Geist weckt und die Kreativit\u00e4t ankurbelt:<\/p>\n<ul>\n<li><strong>Kreativit\u00e4t und geistige Klarheit<\/strong> : Ein zerebrales High, das inspiriert und die Konzentration f\u00f6rdert.<\/li>\n<li><strong>Euphorie und Gute Laune<\/strong> : Bietet einen lang anhaltenden Gl\u00fcckseffekt und ist perfekt f\u00fcr soziale Momente.<\/li>\n<li><strong>Energie und Fokus<\/strong> : Stimuliert die geistige Energie, ideal, um produktiv und wachsam zu bleiben<a href=\"https:\/\/fuelpackz.com\/\" target=\"_blank\" rel=\"noopener\">.<\/a><\/li>\n<\/ul>\n<p>Mit intensiven Effekten und einem <strong>langanhaltendes High<\/strong>Chemnesia ist die perfekte Wahl f\u00fcr alle, die den ganzen Tag \u00fcber aktiv und kreativ sein wollen.<\/p>\n<h3>Therapeutische Vorteile von Chemnesia Marijuana Sativa Flower<\/h3>\n<p>Dank seines kraftvollen und ausgewogenen Profils <strong>Chemnesia<\/strong> wird oft gew\u00e4hlt, um verschiedene Symptome und Zust\u00e4nde zu lindern:<\/p>\n<ul>\n<li><strong>Reduktion von chronischen Schmerzen<\/strong> : Wirksam bei der Linderung von anhaltenden Schmerzen ohne sedierende Wirkung.<\/li>\n<li><strong>Umgang mit M\u00fcdigkeit und Stress<\/strong> : Bietet einen geistigen Energieschub, der gegen M\u00fcdigkeit und Stress hilft.<\/li>\n<li><strong>Behandlung von Depressionen und ADHS<\/strong> : F\u00f6rdert geistige Klarheit und eine positive Stimmung, ideal f\u00fcr Anwender, die geistige Erleichterung suchen.<\/li>\n<\/ul>\n<p>Diese <strong>Cannabissorte<\/strong> ist perfekt f\u00fcr diejenigen, die einen mentalen Boost ohne Sedierung suchen, ideal f\u00fcr die Anwendung tags\u00fcber und zur F\u00f6rderung der Kreativit\u00e4t.<\/p>\n<h3>Geschmack und Aroma von Chemnesia<\/h3>\n<p>Chemnesia besticht auch durch sein intensives und einzigartiges Geschmacksprofil, das es zu einem Erlebnis f\u00fcr die Sinne macht :<\/p>\n<ul>\n<li><strong>Geschm\u00e4cker<\/strong> : Eine Mischung aus Zitrone und Diesel mit einem Hauch von Kr\u00e4utern, die einen erfrischenden und scharfen Geschmack erzeugt.<\/li>\n<li><strong>Aromen<\/strong> : Ein chemischer Dieselduft, der durch saure Zitrone und einen leichten Hauch von Sour aufgewertet wird.<\/li>\n<\/ul>\n<p>Diese <strong>gewagte Geschm\u00e4cker und Aromen<\/strong> machen jeden Zug an Chemnesia zu einem unvergesslichen Erlebnis, perfekt f\u00fcr alle, die einen robusten und ausgepr\u00e4gten Geschmack lieben.<\/p>\n<h3>Warum Chemnesia Marijuana Sativa Flower kaufen auf <a href=\"https:\/\/pressurezone.shop\/de\/\" target=\"_new\" rel=\"noopener\">Druckbereich<\/a>?<\/h3>\n<p>Bei <strong>Druckbereich<\/strong>Wir bieten <strong>Cannabissorten<\/strong> premium, die sorgf\u00e4ltig ausgew\u00e4hlt und getestet wurden, um eine einwandfreie Qualit\u00e4t zu bieten. <strong>Chemnesia Marihuana Sativa Blume<\/strong> ist eine unserer besten Sorten wegen ihrer starken Effekte und intensiven Geschm\u00e4cker. Hier sind die Gr\u00fcnde, warum Sie bei uns kaufen sollten :<\/p>\n<ul>\n<li><strong>Premium-Qualit\u00e4t<\/strong> : Unsere Produkte werden streng getestet, um Reinheit und Kraft zu gew\u00e4hrleisten.<\/li>\n<li><strong>Energisierende und stimulierende Wirkung<\/strong> : Ideal, um den ganzen Tag \u00fcber produktiv und kreativ zu bleiben.<\/li>\n<li><strong>Engagierter Kundenservice<\/strong> : Unser Team ist da, um Sie zu f\u00fchren und alle Ihre Fragen \u00fcber die <strong>Cannabissorte<\/strong> die Ihren Bed\u00fcrfnissen entspricht.<\/li>\n<\/ul>\n<h3>H\u00e4ufig gestellte Fragen<\/h3>\n<h4>Was sind die Hauptwirkungen von Chemnesia Marijuana Sativa Flower?<\/h4>\n<p>Chemnesia sorgt f\u00fcr ein intensives, energetisierendes Gehirn-High, das perfekt f\u00fcr Kreativit\u00e4t und Euphorie ist. Es ist eine ideale Sorte, um produktiv und gut gelaunt zu bleiben.<\/p>\n<h4>Ist Chemnesia wirksam gegen Schmerzen und M\u00fcdigkeit?<\/h4>\n<p>Ja, diese <strong>Cannabissorte<\/strong> ist hervorragend geeignet, um chronische Schmerzen zu lindern, M\u00fcdigkeit zu reduzieren und die Stimmung zu verbessern, indem es eine verl\u00e4ngerte geistige Energie bietet.<\/p>\n<h4>Welche Geschmacksrichtungen und Aromen dominieren in Chemnesia?<\/h4>\n<p>Chemnesia bietet Zitronen- und Dieselgeschmack mit Aromen von Chemie, Zitrone und s\u00e4uerlichen Noten und schafft so ein intensives Sinneserlebnis.<\/p>\n<h3>Bestellen Sie die Sorte Chemnesia Marijuana Sativa Flower online in Europa auf <a href=\"https:\/\/pressurezone.shop\/de\/\" target=\"_new\" rel=\"noopener\">Druckbereich<\/a><\/h3>\n<p>Sind Sie bereit, die kraftvollen und anregenden Wirkungen von <strong>Chemnesia Marihuana Sativa Blume<\/strong>? <strong>Bestellen Sie jetzt<\/strong> auf <a href=\"https:\/\/pressurezone.shop\/de\/\" target=\"_new\" rel=\"noopener\">Druckbereich<\/a> f\u00fcr eine Erfahrung von <strong>Cannabissorte<\/strong> einzigartig, perfekt, um die Stimmung zu heben und den Geist zu stimulieren. Mit unserem schnellen und diskreten Lieferservice erleben Sie ein einfaches und sicheres Online-Einkaufserlebnis.<\/p>\n<\/div>\n<\/div>\n<\/div>\n<\/div>\n<\/div>\n<\/div>","protected":false},"excerpt":{"rendered":"<p>Achetez la Vari\u00e9t\u00e9 Chemnesia Marijuana Sativa Flower en Ligne en Europe sur Pressure Zone D\u00e9couvrez Chemnesia Marijuana Sativa Flower, une vari\u00e9t\u00e9 de cannabis sativa puissante, n\u00e9e du croisement entre les c\u00e9l\u00e8bres Amnesia Sour Diesel et I-95. Chemnesia est r\u00e9put\u00e9e pour ses effets intenses et durables, offrant une exp\u00e9rience c\u00e9r\u00e9brale unique qui stimule l\u2019esprit et \u00e9l\u00e8ve [&hellip;]<\/p>","protected":false},"featured_media":3093,"comment_status":"closed","ping_status":"closed","template":"","meta":{"_uag_custom_page_level_css":"","site-sidebar-layout":"default","site-content-layout":"","ast-site-content-layout":"default","site-content-style":"default","site-sidebar-style":"default","ast-global-header-display":"","ast-banner-title-visibility":"","ast-main-header-display":"","ast-hfb-above-header-display":"","ast-hfb-below-header-display":"","ast-hfb-mobile-header-display":"","site-post-title":"","ast-breadcrumbs-content":"","ast-featured-img":"","footer-sml-layout":"","theme-transparent-header-meta":"default","adv-header-id-meta":"","stick-header-meta":"","header-above-stick-meta":"","header-main-stick-meta":"","header-below-stick-meta":"","astra-migrate-meta-layouts":"set","ast-page-background-enabled":"default","ast-page-background-meta":{"desktop":{"background-color":"","background-image":"","background-repeat":"repeat","background-position":"center center","background-size":"auto","background-attachment":"scroll","background-type":"","background-media":"","overlay-type":"","overlay-color":"","overlay-opacity":"","overlay-gradient":""},"tablet":{"background-color":"","background-image":"","background-repeat":"repeat","background-position":"center center","background-size":"auto","background-attachment":"scroll","background-type":"","background-media":"","overlay-type":"","overlay-color":"","overlay-opacity":"","overlay-gradient":""},"mobile":{"background-color":"","background-image":"","background-repeat":"repeat","background-position":"center center","background-size":"auto","background-attachment":"scroll","background-type":"","background-media":"","overlay-type":"","overlay-color":"","overlay-opacity":"","overlay-gradient":""}},"ast-content-background-meta":{"desktop":{"background-color":"var(--ast-global-color-5)","background-image":"","background-repeat":"repeat","background-position":"center center","background-size":"auto","background-attachment":"scroll","background-type":"","background-media":"","overlay-type":"","overlay-color":"","overlay-opacity":"","overlay-gradient":""},"tablet":{"background-color":"var(--ast-global-color-5)","background-image":"","background-repeat":"repeat","background-position":"center center","background-size":"auto","background-attachment":"scroll","background-type":"","background-media":"","overlay-type":"","overlay-color":"","overlay-opacity":"","overlay-gradient":""},"mobile":{"background-color":"var(--ast-global-color-5)","background-image":"","background-repeat":"repeat","background-position":"center center","background-size":"auto","background-attachment":"scroll","background-type":"","background-media":"","overlay-type":"","overlay-color":"","overlay-opacity":"","overlay-gradient":""}}},"product_brand":[],"product_cat":[28,273],"product_tag":[298],"class_list":{"0":"post-3018","1":"product","2":"type-product","3":"status-publish","4":"has-post-thumbnail","6":"product_cat-varietes-de-cannabis","7":"product_cat-varietes-de-cannabis-sativa","8":"product_tag-order-chemnesia-marijuana-sativa-flower-france","9":"desktop-align-left","10":"tablet-align-left","11":"mobile-align-left","13":"first","14":"instock","15":"shipping-taxable","16":"purchasable","17":"product-type-variable"},"uagb_featured_image_src":{"full":["https:\/\/pressurezone.shop\/wp-content\/uploads\/2024\/10\/Chemnesia-Marijuana-Sativa-Flower.webp",570,464,false],"thumbnail":["https:\/\/pressurezone.shop\/wp-content\/uploads\/2024\/10\/Chemnesia-Marijuana-Sativa-Flower-150x150.webp",150,150,true],"medium":["https:\/\/pressurezone.shop\/wp-content\/uploads\/2024\/10\/Chemnesia-Marijuana-Sativa-Flower-300x244.webp",300,244,true],"medium_large":["https:\/\/pressurezone.shop\/wp-content\/uploads\/2024\/10\/Chemnesia-Marijuana-Sativa-Flower.webp",570,464,false],"large":["https:\/\/pressurezone.shop\/wp-content\/uploads\/2024\/10\/Chemnesia-Marijuana-Sativa-Flower.webp",570,464,false],"1536x1536":["https:\/\/pressurezone.shop\/wp-content\/uploads\/2024\/10\/Chemnesia-Marijuana-Sativa-Flower.webp",570,464,false],"2048x2048":["https:\/\/pressurezone.shop\/wp-content\/uploads\/2024\/10\/Chemnesia-Marijuana-Sativa-Flower.webp",570,464,false],"trp-custom-language-flag":["https:\/\/pressurezone.shop\/wp-content\/uploads\/2024\/10\/Chemnesia-Marijuana-Sativa-Flower-15x12.webp",15,12,true],"woocommerce_thumbnail":["https:\/\/pressurezone.shop\/wp-content\/uploads\/2024\/10\/Chemnesia-Marijuana-Sativa-Flower-300x300.webp",300,300,true],"woocommerce_single":["https:\/\/pressurezone.shop\/wp-content\/uploads\/2024\/10\/Chemnesia-Marijuana-Sativa-Flower.webp",570,464,false],"woocommerce_gallery_thumbnail":["https:\/\/pressurezone.shop\/wp-content\/uploads\/2024\/10\/Chemnesia-Marijuana-Sativa-Flower-100x100.webp",100,100,true]},"uagb_author_info":{"display_name":"pressurezone.shop","author_link":"https:\/\/pressurezone.shop\/de\/author\/"},"uagb_comment_info":0,"uagb_excerpt":"Achetez la Vari\u00e9t\u00e9 Chemnesia Marijuana Sativa Flower en Ligne en Europe sur Pressure Zone D\u00e9couvrez Chemnesia Marijuana Sativa Flower, une vari\u00e9t\u00e9 de cannabis sativa puissante, n\u00e9e du croisement entre les c\u00e9l\u00e8bres Amnesia Sour Diesel et I-95. Chemnesia est r\u00e9put\u00e9e pour ses effets intenses et durables, offrant une exp\u00e9rience c\u00e9r\u00e9brale unique qui stimule l\u2019esprit et \u00e9l\u00e8ve&hellip;","_links":{"self":[{"href":"https:\/\/pressurezone.shop\/de\/wp-json\/wp\/v2\/product\/3018"}],"collection":[{"href":"https:\/\/pressurezone.shop\/de\/wp-json\/wp\/v2\/product"}],"about":[{"href":"https:\/\/pressurezone.shop\/de\/wp-json\/wp\/v2\/types\/product"}],"replies":[{"embeddable":true,"href":"https:\/\/pressurezone.shop\/de\/wp-json\/wp\/v2\/comments?post=3018"}],"version-history":[{"count":3,"href":"https:\/\/pressurezone.shop\/de\/wp-json\/wp\/v2\/product\/3018\/revisions"}],"predecessor-version":[{"id":3746,"href":"https:\/\/pressurezone.shop\/de\/wp-json\/wp\/v2\/product\/3018\/revisions\/3746"}],"wp:featuredmedia":[{"embeddable":true,"href":"https:\/\/pressurezone.shop\/de\/wp-json\/wp\/v2\/media\/3093"}],"wp:attachment":[{"href":"https:\/\/pressurezone.shop\/de\/wp-json\/wp\/v2\/media?parent=3018"}],"wp:term":[{"taxonomy":"product_brand","embeddable":true,"href":"https:\/\/pressurezone.shop\/de\/wp-json\/wp\/v2\/product_brand?post=3018"},{"taxonomy":"product_cat","embeddable":true,"href":"https:\/\/pressurezone.shop\/de\/wp-json\/wp\/v2\/product_cat?post=3018"},{"taxonomy":"product_tag","embeddable":true,"href":"https:\/\/pressurezone.shop\/de\/wp-json\/wp\/v2\/product_tag?post=3018"}],"curies":[{"name":"wp","href":"https:\/\/api.w.org\/{rel}","templated":true}]}}