{"id":3021,"date":"2024-10-11T00:48:47","date_gmt":"2024-10-10T22:48:47","guid":{"rendered":"https:\/\/pressurezone.shop\/?post_type=product&#038;p=3021"},"modified":"2024-11-02T21:00:01","modified_gmt":"2024-11-02T20:00:01","slug":"black-cherry-soda-hybrid-flower","status":"publish","type":"product","link":"https:\/\/pressurezone.shop\/de\/product\/black-cherry-soda-hybrid-flower\/","title":{"rendered":"Black Cherry Soda Hybrid Flower"},"content":{"rendered":"<h3><strong>Kaufen Sie die Black Cherry Soda Hybrid Flower Sorte online in Europa auf <a href=\"https:\/\/pressurezone.shop\/de\/\" target=\"_new\" rel=\"noopener\">Druckbereich<\/a><\/strong><\/h3>\n<p>Entdecken Sie die <strong>Cannabissorte Black Cherry Soda Hybrid Flower<\/strong>Eine dominante Sativa (80% Sativa \/ 20% Indica), die ein einzigartiges und visuell \u00fcberw\u00e4ltigendes Erlebnis bietet. Mit ihren dichten Knospen, die mit glitzernden Kristallen, orangefarbenen Haaren und Schattierungen von Violett und Hellgr\u00fcn bedeckt sind, <strong>Black Cherry Soda<\/strong> ist ebenso sch\u00f6n wie kraftvoll. Perfekt f\u00fcr alle, die nach einem anregenden High suchen, ist diese <strong>Cannabissorte<\/strong> vereint fruchtigen Geschmack und zerebrale Kraft<a href=\"https:\/\/fuelpackz.com\/\" target=\"_blank\" rel=\"noopener\">.<\/a><\/p>\n<h3>Wirkung und Nutzen von Black Cherry Soda Hybrid Flower<\/h3>\n<p>Die <strong>Sorte Black Cherry Soda Hybrid Flower<\/strong> zeichnet sich durch seine belebende Wirkung aus, die eine perfekte Mischung aus Entspannung und Energie bietet. Hier sind die wichtigsten Wirkungen dieser au\u00dfergew\u00f6hnlichen Sorte :<\/p>\n<ul>\n<li><strong>Entspannung und Energie<\/strong> : Ein ideales Gleichgewicht zwischen einem beruhigten Geist und neuer Energie.<\/li>\n<li><strong>Gehirnempfindung<\/strong> : Sorgt f\u00fcr eine stimulierende Gehirnerfahrung und ein angenehmes Kribbeln im Oberk\u00f6rper.<\/li>\n<li><strong>Erwachen und Wohlbefinden<\/strong> : Hebt die Stimmung und verleiht ein Gef\u00fchl der Leichtigkeit, ideal, um Stress zu vertreiben.<\/li>\n<\/ul>\n<p>Obwohl das High stark ist, wird Black Cherry Soda f\u00fcr seinen Wohlf\u00fchleffekt ohne \u00fcberm\u00e4\u00dfige Intensit\u00e4t gesch\u00e4tzt, was es zu einer ausgezeichneten Wahl f\u00fcr ein angenehmes Erlebnis zu jeder Tageszeit macht.<\/p>\n<h3>Therapeutische Vorteile von Black Cherry Soda<\/h3>\n<p>Zus\u00e4tzlich zu seiner stimulierenden Wirkung <strong>Black Cherry Soda<\/strong> ist f\u00fcr seine therapeutischen Vorteile bekannt. Dank ihres dominanten Sativa-Profils kann sie bei der Linderung :<\/p>\n<ul>\n<li><strong>Depressionen und \u00c4ngste<\/strong> : Beruhigt den Geist und f\u00f6rdert einen positiven Gem\u00fctszustand.<\/li>\n<li><strong>Stressabbau<\/strong> : Ein nat\u00fcrliches Mittel, um Stressgef\u00fchle und Anspannung zu reduzieren.<\/li>\n<li><strong>Linderung von Schmerzen<\/strong> : Wirkt bei leichten Schmerzen lindernd und verleiht gleichzeitig ein Gef\u00fchl der Leichtigkeit.<\/li>\n<\/ul>\n<p>Mit seinem hohen zerebralen Effekt und seinen beruhigenden Eigenschaften ist dieser <strong>Cannabissorte<\/strong> ist ideal f\u00fcr alle, die eine Kombination aus geistigem Wohlbefinden und k\u00f6rperlicher Entspannung suchen.<\/p>\n<h3>Geschmack und Aroma von Black Cherry Soda<\/h3>\n<p>Das Geschmacks- und Aromaprofil von <strong>Black Cherry Soda Hybrid Flower<\/strong> ist so au\u00dfergew\u00f6hnlich wie seine Auswirkungen:<\/p>\n<ul>\n<li><strong>Geschm\u00e4cker<\/strong> : Ein s\u00fc\u00dfer Beerengeschmack mit fruchtigen Noten, die an eine Mischung aus Kirschen und s\u00fc\u00dfen Fr\u00fcchten erinnern.<\/li>\n<li><strong>Aromen<\/strong> : Ein intensiver Geruch nach Heidelbeeren und Erde, mit einer s\u00fc\u00dfen und leicht scharfen Note.<\/li>\n<\/ul>\n<p>Diese <strong>einzigartige Geschm\u00e4cker und Aromen<\/strong> machen jeden Zug zu einem k\u00f6stlichen Erlebnis, perfekt f\u00fcr Liebhaber fruchtiger und s\u00fc\u00dfer Sorten.<\/p>\n<h3>Warum Black Cherry Soda Hybrid Flower kaufen auf <a href=\"https:\/\/pressurezone.shop\/de\/\" target=\"_new\" rel=\"noopener\">Druckbereich<\/a>?<\/h3>\n<p>Bei <strong>Druckbereich<\/strong>Wir haben uns dazu verpflichtet, Ihnen <strong>Cannabissorten<\/strong> von h\u00f6chster Qualit\u00e4t f\u00fcr unsere Kunden in Europa. <strong>Black Cherry Soda Hybrid Flower<\/strong> ist eine unserer Lieblingssorten, die aufgrund ihrer ausgewogenen Sch\u00e4rfe und ihres einzigartigen Geschmacksprofils ausgew\u00e4hlt wurde. Hier sind die Gr\u00fcnde, warum Sie bei uns kaufen sollten :<\/p>\n<ul>\n<li><strong>Qualit\u00e4t und Reinheit<\/strong> : Wir w\u00e4hlen unsere Produkte aus und testen sie, um ein qualitativ hochwertiges Erlebnis zu gew\u00e4hrleisten.<\/li>\n<li><strong>Sinnliche Erfahrung<\/strong> : Genie\u00dfen Sie eine Vielfalt, die ein perfektes Gleichgewicht zwischen Entspannung und Stimulation bietet.<\/li>\n<li><strong>Expert Customer Service<\/strong> : Unser Team hilft Ihnen dabei, die <strong>Cannabissorte<\/strong> die Ihren Bed\u00fcrfnissen entspricht.<\/li>\n<\/ul>\n<h3>H\u00e4ufig gestellte Fragen<\/h3>\n<h4>Was sind die Hauptwirkungen von Black Cherry Soda Hybrid Flower?<\/h4>\n<p>Die <strong>Sorte Black Cherry Soda Hybrid Flower<\/strong> wirkt energetisierend und entspannend, perfekt f\u00fcr die geistige Erweckung und beruhigt gleichzeitig den K\u00f6rper. Seine Wirkung auf das Gehirn ist anregend und f\u00f6rdert ein Gef\u00fchl des Wohlbefindens.<\/p>\n<h4>Kann man Black Cherry Soda zur Linderung von Stress und Depressionen verwenden?<\/h4>\n<p>Ja, diese <strong>Cannabissorte<\/strong> eignet sich hervorragend zum Abbau von Stress und Depressionen und f\u00f6rdert einen positiven und beruhigten Gem\u00fctszustand.<\/p>\n<h4>Welche Geschmacksrichtungen und Aromen sind in Black Cherry Soda vorherrschend?<\/h4>\n<p>Diese Sorte bietet einen s\u00fc\u00dfen Beerengeschmack mit fruchtigen Noten. Ihr Aroma ist eine Mischung aus Heidelbeeren, Erde und einer leicht scharfen S\u00fc\u00dfe.<\/p>\n<h3>Bestellen Sie die Black Cherry Soda Hybrid Flower Sorte online in Europa auf <a href=\"https:\/\/pressurezone.shop\/de\/\" target=\"_new\" rel=\"noopener\">Druckbereich<\/a><\/h3>\n<p>Sind Sie bereit, die energiespendende und fruchtige Wirkung von <strong>Black Cherry Soda Hybrid Flower<\/strong>? <strong>Bestellen Sie jetzt<\/strong> auf <a href=\"https:\/\/pressurezone.shop\/de\/\" target=\"_new\" rel=\"noopener\">Druckbereich<\/a> f\u00fcr eine Erfahrung von <strong>Cannabissorte<\/strong> au\u00dfergew\u00f6hnlich, perfekt um Stress abzubauen und die Stimmung zu heben. Mit einer schnellen Lieferung und einem aufmerksamen Kundenservice ist Pressure Zone Ihr vertrauensw\u00fcrdiger Shop f\u00fcr ein Premium-Cannabis-Erlebnis in Europa.<\/p>","protected":false},"excerpt":{"rendered":"<p>Achetez la Vari\u00e9t\u00e9 Black Cherry Soda Hybrid Flower en Ligne en Europe sur Pressure Zone D\u00e9couvrez la vari\u00e9t\u00e9 de cannabis Black Cherry Soda Hybrid Flower, une sativa dominante (80% sativa \/ 20% indica) qui offre une exp\u00e9rience unique et visuellement saisissante. Avec ses bourgeons denses couverts de cristaux scintillants, de poils orange et de nuances [&hellip;]<\/p>","protected":false},"featured_media":3099,"comment_status":"closed","ping_status":"closed","template":"","meta":{"_uag_custom_page_level_css":"","site-sidebar-layout":"default","site-content-layout":"","ast-site-content-layout":"default","site-content-style":"default","site-sidebar-style":"default","ast-global-header-display":"","ast-banner-title-visibility":"","ast-main-header-display":"","ast-hfb-above-header-display":"","ast-hfb-below-header-display":"","ast-hfb-mobile-header-display":"","site-post-title":"","ast-breadcrumbs-content":"","ast-featured-img":"","footer-sml-layout":"","theme-transparent-header-meta":"default","adv-header-id-meta":"","stick-header-meta":"","header-above-stick-meta":"","header-main-stick-meta":"","header-below-stick-meta":"","astra-migrate-meta-layouts":"set","ast-page-background-enabled":"default","ast-page-background-meta":{"desktop":{"background-color":"","background-image":"","background-repeat":"repeat","background-position":"center center","background-size":"auto","background-attachment":"scroll","background-type":"","background-media":"","overlay-type":"","overlay-color":"","overlay-opacity":"","overlay-gradient":""},"tablet":{"background-color":"","background-image":"","background-repeat":"repeat","background-position":"center center","background-size":"auto","background-attachment":"scroll","background-type":"","background-media":"","overlay-type":"","overlay-color":"","overlay-opacity":"","overlay-gradient":""},"mobile":{"background-color":"","background-image":"","background-repeat":"repeat","background-position":"center center","background-size":"auto","background-attachment":"scroll","background-type":"","background-media":"","overlay-type":"","overlay-color":"","overlay-opacity":"","overlay-gradient":""}},"ast-content-background-meta":{"desktop":{"background-color":"var(--ast-global-color-5)","background-image":"","background-repeat":"repeat","background-position":"center center","background-size":"auto","background-attachment":"scroll","background-type":"","background-media":"","overlay-type":"","overlay-color":"","overlay-opacity":"","overlay-gradient":""},"tablet":{"background-color":"var(--ast-global-color-5)","background-image":"","background-repeat":"repeat","background-position":"center center","background-size":"auto","background-attachment":"scroll","background-type":"","background-media":"","overlay-type":"","overlay-color":"","overlay-opacity":"","overlay-gradient":""},"mobile":{"background-color":"var(--ast-global-color-5)","background-image":"","background-repeat":"repeat","background-position":"center center","background-size":"auto","background-attachment":"scroll","background-type":"","background-media":"","overlay-type":"","overlay-color":"","overlay-opacity":"","overlay-gradient":""}}},"product_brand":[],"product_cat":[28,277],"product_tag":[301],"class_list":{"0":"post-3021","1":"product","2":"type-product","3":"status-publish","4":"has-post-thumbnail","6":"product_cat-varietes-de-cannabis","7":"product_cat-varietes-de-cannabis-hybrides","8":"product_tag-black-cherry-soda-hybrid-flower-europe","9":"desktop-align-left","10":"tablet-align-left","11":"mobile-align-left","13":"first","14":"instock","15":"shipping-taxable","16":"purchasable","17":"product-type-variable"},"uagb_featured_image_src":{"full":["https:\/\/pressurezone.shop\/wp-content\/uploads\/2024\/10\/Black-Cherry-Soda-Hybrid-Flower.webp",2048,1365,false],"thumbnail":["https:\/\/pressurezone.shop\/wp-content\/uploads\/2024\/10\/Black-Cherry-Soda-Hybrid-Flower-150x150.webp",150,150,true],"medium":["https:\/\/pressurezone.shop\/wp-content\/uploads\/2024\/10\/Black-Cherry-Soda-Hybrid-Flower-300x200.webp",300,200,true],"medium_large":["https:\/\/pressurezone.shop\/wp-content\/uploads\/2024\/10\/Black-Cherry-Soda-Hybrid-Flower-768x512.webp",768,512,true],"large":["https:\/\/pressurezone.shop\/wp-content\/uploads\/2024\/10\/Black-Cherry-Soda-Hybrid-Flower-1024x683.webp",1024,683,true],"1536x1536":["https:\/\/pressurezone.shop\/wp-content\/uploads\/2024\/10\/Black-Cherry-Soda-Hybrid-Flower-1536x1024.webp",1536,1024,true],"2048x2048":["https:\/\/pressurezone.shop\/wp-content\/uploads\/2024\/10\/Black-Cherry-Soda-Hybrid-Flower.webp",2048,1365,false],"trp-custom-language-flag":["https:\/\/pressurezone.shop\/wp-content\/uploads\/2024\/10\/Black-Cherry-Soda-Hybrid-Flower-18x12.webp",18,12,true],"woocommerce_thumbnail":["https:\/\/pressurezone.shop\/wp-content\/uploads\/2024\/10\/Black-Cherry-Soda-Hybrid-Flower-300x300.webp",300,300,true],"woocommerce_single":["https:\/\/pressurezone.shop\/wp-content\/uploads\/2024\/10\/Black-Cherry-Soda-Hybrid-Flower-600x400.webp",600,400,true],"woocommerce_gallery_thumbnail":["https:\/\/pressurezone.shop\/wp-content\/uploads\/2024\/10\/Black-Cherry-Soda-Hybrid-Flower-100x100.webp",100,100,true]},"uagb_author_info":{"display_name":"pressurezone.shop","author_link":"https:\/\/pressurezone.shop\/de\/author\/"},"uagb_comment_info":0,"uagb_excerpt":"Achetez la Vari\u00e9t\u00e9 Black Cherry Soda Hybrid Flower en Ligne en Europe sur Pressure Zone D\u00e9couvrez la vari\u00e9t\u00e9 de cannabis Black Cherry Soda Hybrid Flower, une sativa dominante (80% sativa \/ 20% indica) qui offre une exp\u00e9rience unique et visuellement saisissante. Avec ses bourgeons denses couverts de cristaux scintillants, de poils orange et de nuances&hellip;","_links":{"self":[{"href":"https:\/\/pressurezone.shop\/de\/wp-json\/wp\/v2\/product\/3021"}],"collection":[{"href":"https:\/\/pressurezone.shop\/de\/wp-json\/wp\/v2\/product"}],"about":[{"href":"https:\/\/pressurezone.shop\/de\/wp-json\/wp\/v2\/types\/product"}],"replies":[{"embeddable":true,"href":"https:\/\/pressurezone.shop\/de\/wp-json\/wp\/v2\/comments?post=3021"}],"version-history":[{"count":3,"href":"https:\/\/pressurezone.shop\/de\/wp-json\/wp\/v2\/product\/3021\/revisions"}],"predecessor-version":[{"id":3657,"href":"https:\/\/pressurezone.shop\/de\/wp-json\/wp\/v2\/product\/3021\/revisions\/3657"}],"wp:featuredmedia":[{"embeddable":true,"href":"https:\/\/pressurezone.shop\/de\/wp-json\/wp\/v2\/media\/3099"}],"wp:attachment":[{"href":"https:\/\/pressurezone.shop\/de\/wp-json\/wp\/v2\/media?parent=3021"}],"wp:term":[{"taxonomy":"product_brand","embeddable":true,"href":"https:\/\/pressurezone.shop\/de\/wp-json\/wp\/v2\/product_brand?post=3021"},{"taxonomy":"product_cat","embeddable":true,"href":"https:\/\/pressurezone.shop\/de\/wp-json\/wp\/v2\/product_cat?post=3021"},{"taxonomy":"product_tag","embeddable":true,"href":"https:\/\/pressurezone.shop\/de\/wp-json\/wp\/v2\/product_tag?post=3021"}],"curies":[{"name":"wp","href":"https:\/\/api.w.org\/{rel}","templated":true}]}}