{"id":3042,"date":"2024-10-11T00:49:11","date_gmt":"2024-10-10T22:49:11","guid":{"rendered":"https:\/\/pressurezone.shop\/?post_type=product&#038;p=3042"},"modified":"2024-11-02T20:54:43","modified_gmt":"2024-11-02T19:54:43","slug":"black-cherry-punch-weed-strain","status":"publish","type":"product","link":"https:\/\/pressurezone.shop\/de\/product\/black-cherry-punch-weed-strain\/","title":{"rendered":"Black Cherry Punch Weed Strain"},"content":{"rendered":"<div class=\"flex-shrink-0 flex flex-col relative items-end\">\n<div>\n<div class=\"pt-0\">\n<div class=\"gizmo-bot-avatar flex h-8 w-8 items-center justify-center overflow-hidden rounded-full\">\n<div class=\"relative p-1 rounded-sm flex items-center justify-center bg-token-main-surface-primary text-token-text-primary h-8 w-8\"><\/div>\n<\/div>\n<\/div>\n<\/div>\n<\/div>\n<div class=\"group\/conversation-turn relative flex w-full min-w-0 flex-col agent-turn\">\n<div class=\"flex-col gap-1 md:gap-3\">\n<div class=\"flex max-w-full flex-col flex-grow\">\n<div class=\"min-h-8 text-message flex w-full flex-col items-end gap-2 whitespace-normal break-words [.text-message+&amp;]:mt-5\" dir=\"auto\" data-message-author-role=\"assistant\" data-message-id=\"8796d146-3682-4fdd-b25a-57653fc3f992\" data-message-model-slug=\"gpt-4o\">\n<div class=\"flex w-full flex-col gap-1 empty:hidden first:pt-[3px]\">\n<div class=\"markdown prose w-full break-words dark:prose-invert light\">\n<h3><strong>Kaufen Sie Black Cherry Punch Weed Sorte Online in Europa auf <a href=\"https:\/\/pressurezone.shop\/de\/\" target=\"_new\" rel=\"noopener\">Druckbereich<\/a><\/strong><\/h3>\n<p>Entdecken Sie die <strong>Black Cherry Punch Weed Strain<\/strong>eine <strong>Cannabissorte<\/strong> Indica-dominanter Hybrid (80% indica \/ 20% sativa), der eine intensive und unvergessliche Erfahrung bietet. Das Ergebnis einer Kreuzung zwischen den ber\u00fchmten <strong>Purple Punch<\/strong> und <strong>Black Cherry Pie<\/strong>Diese Sorte kombiniert s\u00fc\u00dfe, fruchtige Aromen mit einer starken entspannenden Wirkung, ideal zum Entspannen nach einem langen Tag.<\/p>\n<h3>Wirkung und Nutzen von Black Cherry Punch Weed<\/h3>\n<p>Die <strong>Cannabissorte Black Cherry Punch<\/strong> ist bekannt f\u00fcr seine starken und schnellen Effekte, die perfekt f\u00fcr einen Moment der Tiefenentspannung sind:<\/p>\n<ul>\n<li><strong>Ruhe und Euphorie<\/strong> : Ein High, das mit einer sanften Euphorie beginnt, gefolgt von einer intensiven k\u00f6rperlichen Entspannung.<\/li>\n<li><strong>Gl\u00fcck und Entspannung<\/strong> : Stimuliert die Stimmung und beruhigt gleichzeitig k\u00f6rperliche Anspannungen.<\/li>\n<li><strong>Kribbelnder Effekt<\/strong> : Ein angenehmes Gef\u00fchl, das hinter den Augen beginnt und sich \u00fcber den ganzen K\u00f6rper ausbreitet.<\/li>\n<\/ul>\n<p>Mit einem <strong>hoher THC-Gehalt von 24-25%<\/strong> und einem CBD von 1-3% ist Black Cherry Punch ideal f\u00fcr alle, die eine starke Erfahrung suchen, die sich zur Entspannung und Schmerzlinderung eignet.<\/p>\n<h3>Therapeutische Vorteile von Black Cherry Punch Weed<\/h3>\n<p>Die <strong>Sorte Black Cherry Punch<\/strong> wird wegen seiner zahlreichen therapeutischen Vorteile besonders gesch\u00e4tzt. Dank ihrer beruhigenden Wirkung ist sie ideal f\u00fcr :<\/p>\n<ul>\n<li><strong>Stress und Depressionen lindern<\/strong> : Hilft, den Geist zu beruhigen und die Stimmung zu verbessern.<\/li>\n<li><strong>Chronische Schmerzen reduzieren<\/strong> : Wirkt bei anhaltenden Schmerzen und Muskelverspannungen.<\/li>\n<li><strong>Den Appetit verbessern und \u00dcbelkeit reduzieren<\/strong> : Perfekt f\u00fcr diejenigen, die unter Appetitlosigkeit oder \u00dcbelkeit leiden.<\/li>\n<li><strong>Den Schlaf f\u00f6rdern<\/strong> : Eine ausgezeichnete Wahl zur Linderung von Schlaflosigkeit und zur F\u00f6rderung eines guten Schlafs<a href=\"https:\/\/fuelpackz.com\/\" target=\"_blank\" rel=\"noopener\">.<\/a><\/li>\n<\/ul>\n<h3>Aromen und Geschmacksrichtungen von Black Cherry Punch Weed<\/h3>\n<p>Das aromatische Profil von <strong>Black Cherry Punch<\/strong> ist ebenso fesselnd wie seine Auswirkungen :<\/p>\n<ul>\n<li><strong>Geschm\u00e4cker<\/strong> : Ein s\u00fc\u00dfer Kirschgeschmack mit kr\u00e4uterigen, kiefernartigen und holzigen Noten, die das Erlebnis bereichern.<\/li>\n<li><strong>Aromen<\/strong> : Ein intensiver Kirschgeruch, leicht erdig und holzig, mit einem w\u00fcrzigen Hauch von Kiefer, der im Mund verbleibt.<\/li>\n<\/ul>\n<p>Diese einzigartige Mischung aus Geschmack und Aroma macht jeden Atemzug dieser <strong>Cannabissorte<\/strong> ein wahrer Genuss, perfekt f\u00fcr Liebhaber von fruchtigen und holzigen Geschm\u00e4ckern.<\/p>\n<h3>Warum Black Cherry Punch Weed kaufen auf <a href=\"https:\/\/pressurezone.shop\/de\/\" target=\"_new\" rel=\"noopener\">Druckbereich<\/a>?<\/h3>\n<p>Bei <strong>Druckbereich<\/strong>Wir w\u00e4hlen aus <strong>Cannabissorten<\/strong> premium f\u00fcr unsere Kunden in Europa. <strong>Black Cherry Punch Weed<\/strong> ist eine unserer besten Sorten, die wegen ihrer beruhigenden Wirkung und ihres ausgepr\u00e4gten Geschmacksprofils gesch\u00e4tzt wird. Hier sind die Gr\u00fcnde, warum Sie bei uns kaufen sollten :<\/p>\n<ul>\n<li><strong>H\u00f6chste Qualit\u00e4t<\/strong> Unsere Produkte werden gr\u00fcndlich getestet, um Reinheit und Kraft zu gew\u00e4hrleisten.<\/li>\n<li><strong>Entspannende Erfahrung<\/strong> : Eine perfekt ausgewogene Vielfalt, um sich zu entspannen und einen Moment des Wohlbefindens zu genie\u00dfen.<\/li>\n<li><strong>Professioneller Kundenservice<\/strong> : Unser Team steht Ihnen zur Verf\u00fcgung, um die <strong>Cannabissorte<\/strong> die Ihren Bed\u00fcrfnissen entspricht.<\/li>\n<\/ul>\n<h3>H\u00e4ufig gestellte Fragen<\/h3>\n<h4>Was sind die Hauptwirkungen von Black Cherry Punch Weed?<\/h4>\n<p>Die <strong>Sorte Black Cherry Punch Weed<\/strong> beginnt mit einer schnellen Euphorie und geistiger Ruhe, gefolgt von einer intensiven k\u00f6rperlichen Entspannung. Es ist perfekt, um sich zu entspannen und die Stimmung zu verbessern.<\/p>\n<h4>Ist Black Cherry Punch gut f\u00fcr chronische Schmerzen?<\/h4>\n<p>Ja, Black Cherry Punch wird h\u00e4ufig zur Linderung von chronischen Schmerzen, Stress und angstbedingten Beschwerden eingesetzt.<\/p>\n<h4>Welche Aromen und Geschm\u00e4cker dominieren in Black Cherry Punch?<\/h4>\n<p>Es dominieren s\u00fc\u00dfe Kirscharomen und erdige Kiefernaromen, mit einem Hauch von Holz und Gew\u00fcrzen, die jeden Zug einzigartig machen.<\/p>\n<h3>Bestellen Sie die Black Cherry Punch Weed Sorte Online in Europa auf <a href=\"https:\/\/pressurezone.shop\/de\/\" target=\"_new\" rel=\"noopener\">Druckbereich<\/a><\/h3>\n<p>Sind Sie bereit, die beruhigende Wirkung von <strong>Black Cherry Punch Weed<\/strong>? <strong>Bestellen Sie jetzt<\/strong> auf <a href=\"https:\/\/pressurezone.shop\/de\/\" target=\"_new\" rel=\"noopener\">Druckbereich<\/a> f\u00fcr eine Erfahrung von <strong>Cannabissorte<\/strong> un\u00fcbertroffen, ideal zur Entspannung und zum Stressabbau. Unsere hochwertigen Produkte und unser diskreter Service garantieren Ihnen ein einfaches und zufriedenstellendes Einkaufserlebnis.<\/p>\n<\/div>\n<\/div>\n<\/div>\n<\/div>\n<\/div>\n<\/div>","protected":false},"excerpt":{"rendered":"<p>Achetez la Vari\u00e9t\u00e9 Black Cherry Punch Weed en Ligne en Europe sur Pressure Zone D\u00e9couvrez la Black Cherry Punch Weed Strain, une vari\u00e9t\u00e9 de cannabis hybride \u00e0 dominance indica (80% indica \/ 20% sativa) qui offre une exp\u00e9rience intense et inoubliable. R\u00e9sultat d\u2019un croisement entre les c\u00e9l\u00e8bres Purple Punch et Black Cherry Pie, cette vari\u00e9t\u00e9 [&hellip;]<\/p>","protected":false},"featured_media":3117,"comment_status":"closed","ping_status":"closed","template":"","meta":{"_uag_custom_page_level_css":"","site-sidebar-layout":"default","site-content-layout":"","ast-site-content-layout":"default","site-content-style":"default","site-sidebar-style":"default","ast-global-header-display":"","ast-banner-title-visibility":"","ast-main-header-display":"","ast-hfb-above-header-display":"","ast-hfb-below-header-display":"","ast-hfb-mobile-header-display":"","site-post-title":"","ast-breadcrumbs-content":"","ast-featured-img":"","footer-sml-layout":"","theme-transparent-header-meta":"default","adv-header-id-meta":"","stick-header-meta":"","header-above-stick-meta":"","header-main-stick-meta":"","header-below-stick-meta":"","astra-migrate-meta-layouts":"set","ast-page-background-enabled":"default","ast-page-background-meta":{"desktop":{"background-color":"","background-image":"","background-repeat":"repeat","background-position":"center center","background-size":"auto","background-attachment":"scroll","background-type":"","background-media":"","overlay-type":"","overlay-color":"","overlay-opacity":"","overlay-gradient":""},"tablet":{"background-color":"","background-image":"","background-repeat":"repeat","background-position":"center center","background-size":"auto","background-attachment":"scroll","background-type":"","background-media":"","overlay-type":"","overlay-color":"","overlay-opacity":"","overlay-gradient":""},"mobile":{"background-color":"","background-image":"","background-repeat":"repeat","background-position":"center center","background-size":"auto","background-attachment":"scroll","background-type":"","background-media":"","overlay-type":"","overlay-color":"","overlay-opacity":"","overlay-gradient":""}},"ast-content-background-meta":{"desktop":{"background-color":"var(--ast-global-color-5)","background-image":"","background-repeat":"repeat","background-position":"center center","background-size":"auto","background-attachment":"scroll","background-type":"","background-media":"","overlay-type":"","overlay-color":"","overlay-opacity":"","overlay-gradient":""},"tablet":{"background-color":"var(--ast-global-color-5)","background-image":"","background-repeat":"repeat","background-position":"center center","background-size":"auto","background-attachment":"scroll","background-type":"","background-media":"","overlay-type":"","overlay-color":"","overlay-opacity":"","overlay-gradient":""},"mobile":{"background-color":"var(--ast-global-color-5)","background-image":"","background-repeat":"repeat","background-position":"center center","background-size":"auto","background-attachment":"scroll","background-type":"","background-media":"","overlay-type":"","overlay-color":"","overlay-opacity":"","overlay-gradient":""}}},"product_brand":[],"product_cat":[28,278],"product_tag":[494,306],"class_list":{"0":"post-3042","1":"product","2":"type-product","3":"status-publish","4":"has-post-thumbnail","6":"product_cat-varietes-de-cannabis","7":"product_cat-varietes-de-marijuana-indica","8":"product_tag-black-cherry-punch-weed","9":"product_tag-buy-black-cherry-punch-weed-strain-online-europe","10":"desktop-align-left","11":"tablet-align-left","12":"mobile-align-left","14":"first","15":"instock","16":"shipping-taxable","17":"purchasable","18":"product-type-variable"},"uagb_featured_image_src":{"full":["https:\/\/pressurezone.shop\/wp-content\/uploads\/2024\/10\/Black-Cherry-Punch-Weed-Strain.webp",2048,1365,false],"thumbnail":["https:\/\/pressurezone.shop\/wp-content\/uploads\/2024\/10\/Black-Cherry-Punch-Weed-Strain-150x150.webp",150,150,true],"medium":["https:\/\/pressurezone.shop\/wp-content\/uploads\/2024\/10\/Black-Cherry-Punch-Weed-Strain-300x200.webp",300,200,true],"medium_large":["https:\/\/pressurezone.shop\/wp-content\/uploads\/2024\/10\/Black-Cherry-Punch-Weed-Strain-768x512.webp",768,512,true],"large":["https:\/\/pressurezone.shop\/wp-content\/uploads\/2024\/10\/Black-Cherry-Punch-Weed-Strain-1024x683.webp",1024,683,true],"1536x1536":["https:\/\/pressurezone.shop\/wp-content\/uploads\/2024\/10\/Black-Cherry-Punch-Weed-Strain-1536x1024.webp",1536,1024,true],"2048x2048":["https:\/\/pressurezone.shop\/wp-content\/uploads\/2024\/10\/Black-Cherry-Punch-Weed-Strain.webp",2048,1365,false],"trp-custom-language-flag":["https:\/\/pressurezone.shop\/wp-content\/uploads\/2024\/10\/Black-Cherry-Punch-Weed-Strain-18x12.webp",18,12,true],"woocommerce_thumbnail":["https:\/\/pressurezone.shop\/wp-content\/uploads\/2024\/10\/Black-Cherry-Punch-Weed-Strain-300x300.webp",300,300,true],"woocommerce_single":["https:\/\/pressurezone.shop\/wp-content\/uploads\/2024\/10\/Black-Cherry-Punch-Weed-Strain-600x400.webp",600,400,true],"woocommerce_gallery_thumbnail":["https:\/\/pressurezone.shop\/wp-content\/uploads\/2024\/10\/Black-Cherry-Punch-Weed-Strain-100x100.webp",100,100,true]},"uagb_author_info":{"display_name":"pressurezone.shop","author_link":"https:\/\/pressurezone.shop\/de\/author\/"},"uagb_comment_info":0,"uagb_excerpt":"Achetez la Vari\u00e9t\u00e9 Black Cherry Punch Weed en Ligne en Europe sur Pressure Zone D\u00e9couvrez la Black Cherry Punch Weed Strain, une vari\u00e9t\u00e9 de cannabis hybride \u00e0 dominance indica (80% indica \/ 20% sativa) qui offre une exp\u00e9rience intense et inoubliable. R\u00e9sultat d\u2019un croisement entre les c\u00e9l\u00e8bres Purple Punch et Black Cherry Pie, cette vari\u00e9t\u00e9&hellip;","_links":{"self":[{"href":"https:\/\/pressurezone.shop\/de\/wp-json\/wp\/v2\/product\/3042"}],"collection":[{"href":"https:\/\/pressurezone.shop\/de\/wp-json\/wp\/v2\/product"}],"about":[{"href":"https:\/\/pressurezone.shop\/de\/wp-json\/wp\/v2\/types\/product"}],"replies":[{"embeddable":true,"href":"https:\/\/pressurezone.shop\/de\/wp-json\/wp\/v2\/comments?post=3042"}],"version-history":[{"count":3,"href":"https:\/\/pressurezone.shop\/de\/wp-json\/wp\/v2\/product\/3042\/revisions"}],"predecessor-version":[{"id":3649,"href":"https:\/\/pressurezone.shop\/de\/wp-json\/wp\/v2\/product\/3042\/revisions\/3649"}],"wp:featuredmedia":[{"embeddable":true,"href":"https:\/\/pressurezone.shop\/de\/wp-json\/wp\/v2\/media\/3117"}],"wp:attachment":[{"href":"https:\/\/pressurezone.shop\/de\/wp-json\/wp\/v2\/media?parent=3042"}],"wp:term":[{"taxonomy":"product_brand","embeddable":true,"href":"https:\/\/pressurezone.shop\/de\/wp-json\/wp\/v2\/product_brand?post=3042"},{"taxonomy":"product_cat","embeddable":true,"href":"https:\/\/pressurezone.shop\/de\/wp-json\/wp\/v2\/product_cat?post=3042"},{"taxonomy":"product_tag","embeddable":true,"href":"https:\/\/pressurezone.shop\/de\/wp-json\/wp\/v2\/product_tag?post=3042"}],"curies":[{"name":"wp","href":"https:\/\/api.w.org\/{rel}","templated":true}]}}