{"id":3043,"date":"2024-10-11T00:49:11","date_gmt":"2024-10-10T22:49:11","guid":{"rendered":"https:\/\/pressurezone.shop\/?post_type=product&#038;p=3043"},"modified":"2024-11-03T00:48:00","modified_gmt":"2024-11-02T23:48:00","slug":"glueberry-og-strain","status":"publish","type":"product","link":"https:\/\/pressurezone.shop\/de\/product\/glueberry-og-strain\/","title":{"rendered":"Glueberry OG Strain - Hybrid"},"content":{"rendered":"<div class=\"flex-shrink-0 flex flex-col relative items-end\">\n<div>\n<div class=\"pt-0\">\n<div class=\"gizmo-bot-avatar flex h-8 w-8 items-center justify-center overflow-hidden rounded-full\">\n<div class=\"relative p-1 rounded-sm flex items-center justify-center bg-token-main-surface-primary text-token-text-primary h-8 w-8\"><\/div>\n<\/div>\n<\/div>\n<\/div>\n<\/div>\n<div class=\"group\/conversation-turn relative flex w-full min-w-0 flex-col agent-turn\">\n<div class=\"flex-col gap-1 md:gap-3\">\n<div class=\"flex max-w-full flex-col flex-grow\">\n<div class=\"min-h-8 text-message flex w-full flex-col items-end gap-2 whitespace-normal break-words [.text-message+&amp;]:mt-5\" dir=\"auto\" data-message-author-role=\"assistant\" data-message-id=\"ed6d1eda-97b8-4aec-9dbd-487bf2395c6e\" data-message-model-slug=\"gpt-4o\">\n<div class=\"flex w-full flex-col gap-1 empty:hidden first:pt-[3px]\">\n<div class=\"markdown prose w-full break-words dark:prose-invert light\">\n<h3><strong>Kaufen Sie die Sorte Glueberry OG Strain - Hybrid online in Europa<\/strong><\/h3>\n<p>Entdecken Sie <strong>Glueberry OG Strain<\/strong>eine <strong>Cannabissorte<\/strong> seltener und perfekt ausgewogener Hybrid (50% indica\/50% sativa). Diese starke Hybride ist das Ergebnis der Verbindung der ber\u00fchmten St\u00e4mme <strong>Gorilla Glue<\/strong>, <strong>OG Kush<\/strong>und <strong>Blueberry<\/strong>Sie kombinieren das Beste aus ihren Effekten f\u00fcr ein einzigartiges Erlebnis.<\/p>\n<h3>Die Auswirkungen von Glueberry OG Strain<\/h3>\n<p><strong>Glueberry OG<\/strong> beginnt mit einem euphorischen Gef\u00fchl, das den Geist mit leichter geistiger Klarheit erhebt, bevor Sie in einen verschwommenen, unzusammenh\u00e4ngenden Zustand eintauchen. Dieser zerebrale Effekt macht allm\u00e4hlich einem intensiven k\u00f6rperlichen High Platz, das dich tief entspannt, ohne dich einzuschl\u00e4fern - perfekt f\u00fcr eine l\u00e4ngere Entspannung. Die ausgewogene Wirkung macht sie zu einer idealen Option f\u00fcr Sativa- und Indica-Liebhaber, die nach geistiger und k\u00f6rperlicher Ausgeglichenheit streben<a href=\"https:\/\/fuelpackz.com\/\" target=\"_blank\" rel=\"noopener\">.<\/a><\/p>\n<ul>\n<li><strong>Effekte<\/strong> : Euphorie, Entspannung, Stimmungsaufhellung<\/li>\n<li><strong>Leistung<\/strong> : Mittlerer THC-Gehalt von 15 bis 20%, ideal f\u00fcr Konsumenten, die eine moderate, aber befriedigende Intensit\u00e4t suchen.<\/li>\n<\/ul>\n<h3>Therapeutische Vorteile von Glueberry OG Strain<\/h3>\n<p>Glueberry OG wird auch wegen seiner therapeutischen Eigenschaften gesch\u00e4tzt. Seine beruhigende und entspannende Wirkung eignet sich hervorragend zur Linderung verschiedener Beschwerden :<\/p>\n<ul>\n<li><strong>Stress und PTSD<\/strong> : Lindert die Symptome, die mit chronischem Stress und posttraumatischen Belastungsst\u00f6rungen verbunden sind.<\/li>\n<li><strong>Depression<\/strong> : F\u00f6rdert eine positive Stimmung und hilft, Traurigkeit und depressive Gedanken zu lindern.<\/li>\n<li><strong>Migr\u00e4ne und Kopfschmerzen<\/strong> : Lindert Kopfschmerzen und baut Spannungen im Kopf ab.<\/li>\n<\/ul>\n<p>Dank seines einzigartigen Gleichgewichts zwischen geistiger und k\u00f6rperlicher Entspannung, <strong>Glueberry OG<\/strong> ist ideal f\u00fcr Patienten, die eine Behandlung von Beschwerden suchen, die nicht zu sedierend wirkt.<\/p>\n<h3>Geschmack und Aroma von Glueberry OG<\/h3>\n<p>Glueberry OG bietet ein reiches Geschmacks- und Aromaprofil, das an seine prestigetr\u00e4chtigen Urspr\u00fcnge erinnert :<\/p>\n<ul>\n<li><strong>Geschm\u00e4cker<\/strong> : S\u00fc\u00dfe und holzige Noten mit einem Hauch von Beeren und Kiefer, die einen komplexen und angenehmen Geschmack erzeugen.<\/li>\n<li><strong>Aromen<\/strong> Mischung aus Diesel, Zitrusfr\u00fcchten und Fr\u00fcchten mit einer pikanten Note, die vom ersten Zug an ein intensives sensorisches Erlebnis vermittelt.<\/li>\n<\/ul>\n<p>Die Verbraucher sch\u00e4tzen den Kontrast zwischen seinen s\u00fc\u00dfen, holzigen Aromen und den fruchtigen Dieselaromen, die ein einzigartiges Aromaerlebnis bieten.<\/p>\n<h3>Erscheinungsbild von Glueberry OG<\/h3>\n<p>Die Knospen von <strong>Glueberry OG<\/strong> zeichnen sich durch ihre visuelle Sch\u00f6nheit aus. Sie tragen leuchtende Neongr\u00fcnt\u00f6ne, die mit leuchtend orangefarbenen Stempeln durchsetzt und mit einer Schicht kristalliner Trichome bedeckt sind, die im Licht leuchten. Diese visuellen Merkmale sind nicht nur angenehm f\u00fcr das Auge, sondern weisen auch auf die Qualit\u00e4t und St\u00e4rke dieser <strong>Cannabissorte<\/strong>.<\/p>\n<h3>Warum Glueberry OG Strain kaufen bei <a href=\"https:\/\/pressurezone.shop\/de\/\" target=\"_new\" rel=\"noopener\">Druckbereich<\/a>?<\/h3>\n<p>Wir w\u00e4hlen unsere Produkte sorgf\u00e4ltig aus, um qualitativ hochwertige Sorten anbieten zu k\u00f6nnen, und Glueberry OG Strain ist da keine Ausnahme. Durch den Kauf bei <strong>Druckbereich<\/strong>Wenn Sie sich f\u00fcr eine der folgenden M\u00f6glichkeiten entscheiden, k\u00f6nnen Sie sicher sein, dass Sie eine Premium-Erfahrung machen:<\/p>\n<ul>\n<li><strong>H\u00f6chste Qualit\u00e4t<\/strong> Unsere Produkte werden auf Reinheit und Leistung getestet und bieten ein qualitativ hochwertiges Erlebnis.<\/li>\n<li><strong>Zuverl\u00e4ssiger Service<\/strong> : Schnelle und diskrete Lieferung in ganz Europa, damit Sie Ihre Glueberry OG ohne Sorgen genie\u00dfen k\u00f6nnen.<\/li>\n<\/ul>\n<h3>H\u00e4ufig gestellte Fragen<\/h3>\n<h4>Was unterscheidet Glueberry OG Strain von anderen Hybridsorten?<\/h4>\n<p>Glueberry OG ist eine perfekt ausgewogene Sorte, die zerebrale und physische Effekte kombiniert, ohne intensive Schl\u00e4frigkeit zu verursachen, ideal zur Entspannung ohne Sedierung.<\/p>\n<h4>Ist Glueberry OG zur Schmerzlinderung geeignet?<\/h4>\n<p>Ja, diese <strong>Cannabissorte<\/strong> ist beliebt, um chronische Schmerzen zu lindern, insbesondere Migr\u00e4ne und Kopfschmerzen.<\/p>\n<h4>Was sind die h\u00e4ufigsten Auswirkungen von Glueberry OG?<\/h4>\n<p>Die Konsumenten berichten \u00fcber ein Gef\u00fchl der Euphorie, der intensiven k\u00f6rperlichen Entspannung und des Stressabbaus.<\/p>\n<h3>Bestellen Glueberry OG Strain - Hybrid Online<\/h3>\n<p>Bist du bereit, die perfekte Balance von Glueberry OG Strain zu entdecken? <strong>Jetzt online kaufen<\/strong> auf <a href=\"https:\/\/pressurezone.shop\/de\/\" target=\"_new\" rel=\"noopener\">Druckbereich<\/a> und profitieren Sie von unserem zuverl\u00e4ssigen Lieferservice und den hochwertigen Produkten in Europa.<\/p>\n<\/div>\n<\/div>\n<\/div>\n<\/div>\n<\/div>\n<\/div>","protected":false},"excerpt":{"rendered":"<p>Achetez la Vari\u00e9t\u00e9 Glueberry OG Strain \u2013 Hybrid en Ligne en Europe D\u00e9couvrez Glueberry OG Strain, une vari\u00e9t\u00e9 de cannabis hybride rare et parfaitement \u00e9quilibr\u00e9e (50% indica\/50% sativa). Ce puissant hybride est le r\u00e9sultat de l\u2019alliance entre les c\u00e9l\u00e8bres souches Gorilla Glue, OG Kush, et Blueberry, combinant le meilleur de leurs effets pour une exp\u00e9rience [&hellip;]<\/p>","protected":false},"featured_media":3119,"comment_status":"closed","ping_status":"closed","template":"","meta":{"_uag_custom_page_level_css":"","site-sidebar-layout":"default","site-content-layout":"","ast-site-content-layout":"default","site-content-style":"default","site-sidebar-style":"default","ast-global-header-display":"","ast-banner-title-visibility":"","ast-main-header-display":"","ast-hfb-above-header-display":"","ast-hfb-below-header-display":"","ast-hfb-mobile-header-display":"","site-post-title":"","ast-breadcrumbs-content":"","ast-featured-img":"","footer-sml-layout":"","theme-transparent-header-meta":"default","adv-header-id-meta":"","stick-header-meta":"","header-above-stick-meta":"","header-main-stick-meta":"","header-below-stick-meta":"","astra-migrate-meta-layouts":"set","ast-page-background-enabled":"default","ast-page-background-meta":{"desktop":{"background-color":"","background-image":"","background-repeat":"repeat","background-position":"center center","background-size":"auto","background-attachment":"scroll","background-type":"","background-media":"","overlay-type":"","overlay-color":"","overlay-opacity":"","overlay-gradient":""},"tablet":{"background-color":"","background-image":"","background-repeat":"repeat","background-position":"center center","background-size":"auto","background-attachment":"scroll","background-type":"","background-media":"","overlay-type":"","overlay-color":"","overlay-opacity":"","overlay-gradient":""},"mobile":{"background-color":"","background-image":"","background-repeat":"repeat","background-position":"center center","background-size":"auto","background-attachment":"scroll","background-type":"","background-media":"","overlay-type":"","overlay-color":"","overlay-opacity":"","overlay-gradient":""}},"ast-content-background-meta":{"desktop":{"background-color":"var(--ast-global-color-5)","background-image":"","background-repeat":"repeat","background-position":"center center","background-size":"auto","background-attachment":"scroll","background-type":"","background-media":"","overlay-type":"","overlay-color":"","overlay-opacity":"","overlay-gradient":""},"tablet":{"background-color":"var(--ast-global-color-5)","background-image":"","background-repeat":"repeat","background-position":"center center","background-size":"auto","background-attachment":"scroll","background-type":"","background-media":"","overlay-type":"","overlay-color":"","overlay-opacity":"","overlay-gradient":""},"mobile":{"background-color":"var(--ast-global-color-5)","background-image":"","background-repeat":"repeat","background-position":"center center","background-size":"auto","background-attachment":"scroll","background-type":"","background-media":"","overlay-type":"","overlay-color":"","overlay-opacity":"","overlay-gradient":""}}},"product_brand":[],"product_cat":[28,277],"product_tag":[307],"class_list":{"0":"post-3043","1":"product","2":"type-product","3":"status-publish","4":"has-post-thumbnail","6":"product_cat-varietes-de-cannabis","7":"product_cat-varietes-de-cannabis-hybrides","8":"product_tag-buy-glueberry-og-strain-hybrid-europe","9":"desktop-align-left","10":"tablet-align-left","11":"mobile-align-left","13":"first","14":"instock","15":"shipping-taxable","16":"purchasable","17":"product-type-variable"},"uagb_featured_image_src":{"full":["https:\/\/pressurezone.shop\/wp-content\/uploads\/2024\/10\/Glueberry-OG-Strain-\u2013-Hybrid.jpg",2560,1707,false],"thumbnail":["https:\/\/pressurezone.shop\/wp-content\/uploads\/2024\/10\/Glueberry-OG-Strain-\u2013-Hybrid-150x150.jpg",150,150,true],"medium":["https:\/\/pressurezone.shop\/wp-content\/uploads\/2024\/10\/Glueberry-OG-Strain-\u2013-Hybrid-300x200.jpg",300,200,true],"medium_large":["https:\/\/pressurezone.shop\/wp-content\/uploads\/2024\/10\/Glueberry-OG-Strain-\u2013-Hybrid-768x512.jpg",768,512,true],"large":["https:\/\/pressurezone.shop\/wp-content\/uploads\/2024\/10\/Glueberry-OG-Strain-\u2013-Hybrid-1024x683.jpg",1024,683,true],"1536x1536":["https:\/\/pressurezone.shop\/wp-content\/uploads\/2024\/10\/Glueberry-OG-Strain-\u2013-Hybrid-1536x1024.jpg",1536,1024,true],"2048x2048":["https:\/\/pressurezone.shop\/wp-content\/uploads\/2024\/10\/Glueberry-OG-Strain-\u2013-Hybrid-2048x1366.jpg",2048,1366,true],"trp-custom-language-flag":["https:\/\/pressurezone.shop\/wp-content\/uploads\/2024\/10\/Glueberry-OG-Strain-\u2013-Hybrid-18x12.jpg",18,12,true],"woocommerce_thumbnail":["https:\/\/pressurezone.shop\/wp-content\/uploads\/2024\/10\/Glueberry-OG-Strain-\u2013-Hybrid-300x300.jpg",300,300,true],"woocommerce_single":["https:\/\/pressurezone.shop\/wp-content\/uploads\/2024\/10\/Glueberry-OG-Strain-\u2013-Hybrid-600x400.jpg",600,400,true],"woocommerce_gallery_thumbnail":["https:\/\/pressurezone.shop\/wp-content\/uploads\/2024\/10\/Glueberry-OG-Strain-\u2013-Hybrid-100x100.jpg",100,100,true]},"uagb_author_info":{"display_name":"pressurezone.shop","author_link":"https:\/\/pressurezone.shop\/de\/author\/"},"uagb_comment_info":0,"uagb_excerpt":"Achetez la Vari\u00e9t\u00e9 Glueberry OG Strain \u2013 Hybrid en Ligne en Europe D\u00e9couvrez Glueberry OG Strain, une vari\u00e9t\u00e9 de cannabis hybride rare et parfaitement \u00e9quilibr\u00e9e (50% indica\/50% sativa). Ce puissant hybride est le r\u00e9sultat de l\u2019alliance entre les c\u00e9l\u00e8bres souches Gorilla Glue, OG Kush, et Blueberry, combinant le meilleur de leurs effets pour une exp\u00e9rience&hellip;","_links":{"self":[{"href":"https:\/\/pressurezone.shop\/de\/wp-json\/wp\/v2\/product\/3043"}],"collection":[{"href":"https:\/\/pressurezone.shop\/de\/wp-json\/wp\/v2\/product"}],"about":[{"href":"https:\/\/pressurezone.shop\/de\/wp-json\/wp\/v2\/types\/product"}],"replies":[{"embeddable":true,"href":"https:\/\/pressurezone.shop\/de\/wp-json\/wp\/v2\/comments?post=3043"}],"version-history":[{"count":3,"href":"https:\/\/pressurezone.shop\/de\/wp-json\/wp\/v2\/product\/3043\/revisions"}],"predecessor-version":[{"id":3800,"href":"https:\/\/pressurezone.shop\/de\/wp-json\/wp\/v2\/product\/3043\/revisions\/3800"}],"wp:featuredmedia":[{"embeddable":true,"href":"https:\/\/pressurezone.shop\/de\/wp-json\/wp\/v2\/media\/3119"}],"wp:attachment":[{"href":"https:\/\/pressurezone.shop\/de\/wp-json\/wp\/v2\/media?parent=3043"}],"wp:term":[{"taxonomy":"product_brand","embeddable":true,"href":"https:\/\/pressurezone.shop\/de\/wp-json\/wp\/v2\/product_brand?post=3043"},{"taxonomy":"product_cat","embeddable":true,"href":"https:\/\/pressurezone.shop\/de\/wp-json\/wp\/v2\/product_cat?post=3043"},{"taxonomy":"product_tag","embeddable":true,"href":"https:\/\/pressurezone.shop\/de\/wp-json\/wp\/v2\/product_tag?post=3043"}],"curies":[{"name":"wp","href":"https:\/\/api.w.org\/{rel}","templated":true}]}}