{"id":3064,"date":"2024-10-11T00:49:43","date_gmt":"2024-10-10T22:49:43","guid":{"rendered":"https:\/\/pressurezone.shop\/?post_type=product&#038;p=3064"},"modified":"2024-11-02T22:28:07","modified_gmt":"2024-11-02T21:28:07","slug":"gary-payton-hybrid-strain","status":"publish","type":"product","link":"https:\/\/pressurezone.shop\/de\/product\/gary-payton-hybrid-strain\/","title":{"rendered":"Gary Payton Hybrid Strain"},"content":{"rendered":"<h3><strong>Kaufen Sie die Gary Payton Hybrid Strain Sorte online in Europa auf <a href=\"https:\/\/pressurezone.shop\/de\/\" target=\"_new\" rel=\"noopener\">Druckbereich<\/a><\/strong><\/h3>\n<p>Entdecken Sie <strong>Gary Payton Hybrid Strain<\/strong>eine <strong>Cannabissorte<\/strong> beliebter Hybrid, entstanden aus einer Zusammenarbeit zwischen <strong>Cookies<\/strong> und <strong>Powerzzz Genetics<\/strong>. Benannt nach dem ber\u00fchmten NBA-Basketballspieler Hall of Famer, vereint diese einzigartige Sorte die Genetik von <strong>The Y<\/strong> und <strong>Snowman<\/strong> um ein starkes, geschmackvolles und visuell auffallendes Profil zu bieten. Gary Payton wird wegen seines hohen THC-Gehalts und seiner ausgewogenen Wirkung gesch\u00e4tzt, wobei fast kein CBD-Gehalt vorhanden ist.<a href=\"https:\/\/fuelpackz.com\/\" target=\"_blank\" rel=\"noopener\">.<\/a><\/p>\n<h3>Wirkungen und Vorteile von Gary Payton Hybrid Strain<\/h3>\n<p>Die <strong>Vielfalt Gary Payton Hybrid Strain<\/strong> ist bekannt f\u00fcr seine anregende und ausgewogene Wirkung, die perfekt f\u00fcr kreative und soziale Momente ist :<\/p>\n<ul>\n<li><strong>Kreativit\u00e4t und Konzentration<\/strong> : F\u00f6rdert einen klaren und kreativen Geisteszustand, perfekt f\u00fcr k\u00fcnstlerische Aktivit\u00e4ten.<\/li>\n<li><strong>Energie und Euphorie<\/strong> : Bietet ein energetisierendes High, das die Stimmung hebt und Stress abbaut.<\/li>\n<li><strong>Lachen und Gl\u00fcck<\/strong> : Verursacht ein fr\u00f6hliches und geselliges Gef\u00fchl, ideal f\u00fcr gemeinsame Momente.<\/li>\n<\/ul>\n<p>Mit einem <strong>moderates und ausgewogenes High<\/strong>Gary Payton ist eine ideale Option f\u00fcr den Einsatz tags\u00fcber oder abends und bietet eine Erfahrung, die anregend bleibt, ohne \u00fcbertrieben zu sein.<\/p>\n<h3>Therapeutische Vorteile von Gary Payton Hybrid Strain<\/h3>\n<p>Gary Payton wird auch wegen seiner therapeutischen Vorteile gesch\u00e4tzt und bietet eine wirksame Linderung bei verschiedenen Symptomen :<\/p>\n<ul>\n<li><strong>Abbau von Angst und Stress<\/strong> : Beruhigt den Geist, w\u00e4hrend ein ausgeglichenes Energieniveau aufrechterhalten wird.<\/li>\n<li><strong>Linderung von Migr\u00e4ne und Kopfschmerzen<\/strong> : Wirksam zur Linderung von Schmerzen und zum Abbau von Verspannungen.<\/li>\n<li><strong>Behandlung von Depressionen und ADHS<\/strong> : Hilft, die Stimmung zu heben und verbessert die Konzentration, perfekt f\u00fcr Stimmungsschwankungen.<\/li>\n<\/ul>\n<p>Diese <strong>Cannabissorte<\/strong> ist ideal f\u00fcr Nutzer, die nach mentaler Entlastung suchen und gleichzeitig produktiv und engagiert in ihren t\u00e4glichen Aktivit\u00e4ten bleiben wollen.<\/p>\n<h3>Geschmacksrichtungen und Aromen von Gary Payton<\/h3>\n<p>Gary Payton zeichnet sich auch durch sein einzigartiges und intensives Aromaprofil aus:<\/p>\n<ul>\n<li><strong>Geschm\u00e4cker<\/strong> : Ein ausgepr\u00e4gter Dieselgeschmack mit w\u00fcrzigen Kr\u00e4uternoten und einer subtilen S\u00fc\u00dfe.<\/li>\n<li><strong>Aromen<\/strong> : Ein erdiger Dieselduft mit einem Hauch von S\u00e4ure und Kr\u00e4utern, perfekt f\u00fcr alle, die kr\u00e4ftige Aromen m\u00f6gen.<\/li>\n<\/ul>\n<p>Diese <strong>gewagte Geschm\u00e4cker und Aromen<\/strong> machen jeden Zug an Gary Payton zu einem unvergesslichen Erlebnis, perfekt f\u00fcr Liebhaber intensiver und reichhaltiger Profile.<\/p>\n<h3>Warum Gary Payton Hybrid Strain kaufen auf <a href=\"https:\/\/pressurezone.shop\/de\/\" target=\"_new\" rel=\"noopener\">Druckbereich<\/a>?<\/h3>\n<p>Bei <strong>Druckbereich<\/strong>Wir bieten <strong>Cannabissorten<\/strong> premium, die sorgf\u00e4ltig ausgew\u00e4hlt wurden, um Reinheit und Kraft zu bieten. <strong>Gary Payton Hybrid Strain<\/strong> ist eine unserer begehrtesten Sorten aufgrund ihrer ausgewogenen Wirkung und ihres reichen Geschmacks. Hier sind die Gr\u00fcnde f\u00fcr die Wahl von Pressure Zone :<\/p>\n<ul>\n<li><strong>Premium-Qualit\u00e4t<\/strong> : Unsere Produkte werden streng getestet, um ein qualitativ hochwertiges Erlebnis zu gew\u00e4hrleisten.<\/li>\n<li><strong>Energetisierende und beruhigende Wirkung<\/strong> : Ideal f\u00fcr kreative und soziale Momente.<\/li>\n<li><strong>Engagierter Kundenservice<\/strong> : Unser Team hilft Ihnen bei der Auswahl der <strong>Cannabissorte<\/strong> die Ihren Bed\u00fcrfnissen entspricht.<\/li>\n<\/ul>\n<h3>H\u00e4ufig gestellte Fragen<\/h3>\n<h4>Was sind die Haupteffekte von Gary Payton Hybrid Strain?<\/h4>\n<p>Gary Payton bietet ein ausgewogenes und anregendes High, das perfekt ist, um die Konzentration zu verbessern und die Stimmung zu heben. Ideal f\u00fcr soziale Momente und kreative Entspannung.<\/p>\n<h4>Ist Gary Payton ein wirksames Mittel gegen Stress und Migr\u00e4ne?<\/h4>\n<p>Ja, diese <strong>Cannabissorte<\/strong> ist wirksam beim Abbau von Stress, bei der Linderung von Migr\u00e4ne und bei der Linderung von Depressions- und Angstsymptomen.<\/p>\n<h4>Welche Geschmacksrichtungen und Aromen dominieren in Gary Payton?<\/h4>\n<p>Gary Payton bietet Diesel- und Gew\u00fcrzaromen mit einem erdigen und s\u00e4uerlichen Aroma und sorgt so f\u00fcr ein intensives und befriedigendes Sinneserlebnis.<\/p>\n<h3>Bestellen Sie die Gary Payton Hybrid Strain Sorte online in Europa auf <a href=\"https:\/\/pressurezone.shop\/de\/\" target=\"_new\" rel=\"noopener\">Druckbereich<\/a><\/h3>\n<p>Sind Sie bereit, die einzigartige und ausgewogene Erfahrung von <strong>Gary Payton Hybrid Strain<\/strong>? <strong>Bestellen Sie jetzt<\/strong> auf <a href=\"https:\/\/pressurezone.shop\/de\/\" target=\"_new\" rel=\"noopener\">Druckbereich<\/a> f\u00fcr eine <strong>Cannabissorte<\/strong> von hoher Qualit\u00e4t, ideal um die Stimmung zu heben und die Kreativit\u00e4t anzuregen. Nutzen Sie unseren schnellen und diskreten Lieferservice f\u00fcr ein sorgenfreies Einkaufserlebnis.<\/p>","protected":false},"excerpt":{"rendered":"<p>Achetez la Vari\u00e9t\u00e9 Gary Payton Hybrid Strain en Ligne en Europe sur Pressure Zone D\u00e9couvrez Gary Payton Hybrid Strain, une vari\u00e9t\u00e9 de cannabis hybride tr\u00e8s pris\u00e9e, n\u00e9e d&rsquo;une collaboration entre Cookies et Powerzzz Genetics. Nomm\u00e9e en l&rsquo;honneur du c\u00e9l\u00e8bre basketteur NBA Hall of Famer, cette vari\u00e9t\u00e9 unique combine les g\u00e9n\u00e9tiques de The Y et Snowman [&hellip;]<\/p>","protected":false},"featured_media":3142,"comment_status":"closed","ping_status":"closed","template":"","meta":{"_uag_custom_page_level_css":"","site-sidebar-layout":"default","site-content-layout":"","ast-site-content-layout":"default","site-content-style":"default","site-sidebar-style":"default","ast-global-header-display":"","ast-banner-title-visibility":"","ast-main-header-display":"","ast-hfb-above-header-display":"","ast-hfb-below-header-display":"","ast-hfb-mobile-header-display":"","site-post-title":"","ast-breadcrumbs-content":"","ast-featured-img":"","footer-sml-layout":"","theme-transparent-header-meta":"default","adv-header-id-meta":"","stick-header-meta":"","header-above-stick-meta":"","header-main-stick-meta":"","header-below-stick-meta":"","astra-migrate-meta-layouts":"set","ast-page-background-enabled":"default","ast-page-background-meta":{"desktop":{"background-color":"","background-image":"","background-repeat":"repeat","background-position":"center center","background-size":"auto","background-attachment":"scroll","background-type":"","background-media":"","overlay-type":"","overlay-color":"","overlay-opacity":"","overlay-gradient":""},"tablet":{"background-color":"","background-image":"","background-repeat":"repeat","background-position":"center center","background-size":"auto","background-attachment":"scroll","background-type":"","background-media":"","overlay-type":"","overlay-color":"","overlay-opacity":"","overlay-gradient":""},"mobile":{"background-color":"","background-image":"","background-repeat":"repeat","background-position":"center center","background-size":"auto","background-attachment":"scroll","background-type":"","background-media":"","overlay-type":"","overlay-color":"","overlay-opacity":"","overlay-gradient":""}},"ast-content-background-meta":{"desktop":{"background-color":"var(--ast-global-color-5)","background-image":"","background-repeat":"repeat","background-position":"center center","background-size":"auto","background-attachment":"scroll","background-type":"","background-media":"","overlay-type":"","overlay-color":"","overlay-opacity":"","overlay-gradient":""},"tablet":{"background-color":"var(--ast-global-color-5)","background-image":"","background-repeat":"repeat","background-position":"center center","background-size":"auto","background-attachment":"scroll","background-type":"","background-media":"","overlay-type":"","overlay-color":"","overlay-opacity":"","overlay-gradient":""},"mobile":{"background-color":"var(--ast-global-color-5)","background-image":"","background-repeat":"repeat","background-position":"center center","background-size":"auto","background-attachment":"scroll","background-type":"","background-media":"","overlay-type":"","overlay-color":"","overlay-opacity":"","overlay-gradient":""}}},"product_brand":[],"product_cat":[28,277],"product_tag":[314],"class_list":{"0":"post-3064","1":"product","2":"type-product","3":"status-publish","4":"has-post-thumbnail","6":"product_cat-varietes-de-cannabis","7":"product_cat-varietes-de-cannabis-hybrides","8":"product_tag-buy-gary-payton-hybrid-strain-europe","9":"desktop-align-left","10":"tablet-align-left","11":"mobile-align-left","13":"first","14":"instock","15":"shipping-taxable","16":"purchasable","17":"product-type-variable"},"uagb_featured_image_src":{"full":["https:\/\/pressurezone.shop\/wp-content\/uploads\/2024\/10\/Gary-Payton-Hybrid-Strain.webp",2560,1707,false],"thumbnail":["https:\/\/pressurezone.shop\/wp-content\/uploads\/2024\/10\/Gary-Payton-Hybrid-Strain-150x150.webp",150,150,true],"medium":["https:\/\/pressurezone.shop\/wp-content\/uploads\/2024\/10\/Gary-Payton-Hybrid-Strain-300x200.webp",300,200,true],"medium_large":["https:\/\/pressurezone.shop\/wp-content\/uploads\/2024\/10\/Gary-Payton-Hybrid-Strain-768x512.webp",768,512,true],"large":["https:\/\/pressurezone.shop\/wp-content\/uploads\/2024\/10\/Gary-Payton-Hybrid-Strain-1024x683.webp",1024,683,true],"1536x1536":["https:\/\/pressurezone.shop\/wp-content\/uploads\/2024\/10\/Gary-Payton-Hybrid-Strain-1536x1024.webp",1536,1024,true],"2048x2048":["https:\/\/pressurezone.shop\/wp-content\/uploads\/2024\/10\/Gary-Payton-Hybrid-Strain-2048x1366.webp",2048,1366,true],"trp-custom-language-flag":["https:\/\/pressurezone.shop\/wp-content\/uploads\/2024\/10\/Gary-Payton-Hybrid-Strain-18x12.webp",18,12,true],"woocommerce_thumbnail":["https:\/\/pressurezone.shop\/wp-content\/uploads\/2024\/10\/Gary-Payton-Hybrid-Strain-300x300.webp",300,300,true],"woocommerce_single":["https:\/\/pressurezone.shop\/wp-content\/uploads\/2024\/10\/Gary-Payton-Hybrid-Strain-600x400.webp",600,400,true],"woocommerce_gallery_thumbnail":["https:\/\/pressurezone.shop\/wp-content\/uploads\/2024\/10\/Gary-Payton-Hybrid-Strain-100x100.webp",100,100,true]},"uagb_author_info":{"display_name":"pressurezone.shop","author_link":"https:\/\/pressurezone.shop\/de\/author\/"},"uagb_comment_info":0,"uagb_excerpt":"Achetez la Vari\u00e9t\u00e9 Gary Payton Hybrid Strain en Ligne en Europe sur Pressure Zone D\u00e9couvrez Gary Payton Hybrid Strain, une vari\u00e9t\u00e9 de cannabis hybride tr\u00e8s pris\u00e9e, n\u00e9e d&rsquo;une collaboration entre Cookies et Powerzzz Genetics. Nomm\u00e9e en l&rsquo;honneur du c\u00e9l\u00e8bre basketteur NBA Hall of Famer, cette vari\u00e9t\u00e9 unique combine les g\u00e9n\u00e9tiques de The Y et Snowman&hellip;","_links":{"self":[{"href":"https:\/\/pressurezone.shop\/de\/wp-json\/wp\/v2\/product\/3064"}],"collection":[{"href":"https:\/\/pressurezone.shop\/de\/wp-json\/wp\/v2\/product"}],"about":[{"href":"https:\/\/pressurezone.shop\/de\/wp-json\/wp\/v2\/types\/product"}],"replies":[{"embeddable":true,"href":"https:\/\/pressurezone.shop\/de\/wp-json\/wp\/v2\/comments?post=3064"}],"version-history":[{"count":3,"href":"https:\/\/pressurezone.shop\/de\/wp-json\/wp\/v2\/product\/3064\/revisions"}],"predecessor-version":[{"id":3792,"href":"https:\/\/pressurezone.shop\/de\/wp-json\/wp\/v2\/product\/3064\/revisions\/3792"}],"wp:featuredmedia":[{"embeddable":true,"href":"https:\/\/pressurezone.shop\/de\/wp-json\/wp\/v2\/media\/3142"}],"wp:attachment":[{"href":"https:\/\/pressurezone.shop\/de\/wp-json\/wp\/v2\/media?parent=3064"}],"wp:term":[{"taxonomy":"product_brand","embeddable":true,"href":"https:\/\/pressurezone.shop\/de\/wp-json\/wp\/v2\/product_brand?post=3064"},{"taxonomy":"product_cat","embeddable":true,"href":"https:\/\/pressurezone.shop\/de\/wp-json\/wp\/v2\/product_cat?post=3064"},{"taxonomy":"product_tag","embeddable":true,"href":"https:\/\/pressurezone.shop\/de\/wp-json\/wp\/v2\/product_tag?post=3064"}],"curies":[{"name":"wp","href":"https:\/\/api.w.org\/{rel}","templated":true}]}}