{"id":3067,"date":"2024-10-11T00:49:43","date_gmt":"2024-10-10T22:49:43","guid":{"rendered":"https:\/\/pressurezone.shop\/?post_type=product&#038;p=3067"},"modified":"2024-11-02T21:56:54","modified_gmt":"2024-11-02T20:56:54","slug":"cannatonic-hybris-weed-strain","status":"publish","type":"product","link":"https:\/\/pressurezone.shop\/de\/product\/cannatonic-hybris-weed-strain\/","title":{"rendered":"Cannatonic Hybris Weed Strain"},"content":{"rendered":"<div class=\"flex-shrink-0 flex flex-col relative items-end\">\n<div>\n<div class=\"pt-0\">\n<div class=\"gizmo-bot-avatar flex h-8 w-8 items-center justify-center overflow-hidden rounded-full\">\n<div class=\"relative p-1 rounded-sm flex items-center justify-center bg-token-main-surface-primary text-token-text-primary h-8 w-8\"><\/div>\n<\/div>\n<\/div>\n<\/div>\n<\/div>\n<div class=\"group\/conversation-turn relative flex w-full min-w-0 flex-col agent-turn\">\n<div class=\"flex-col gap-1 md:gap-3\">\n<div class=\"flex max-w-full flex-col flex-grow\">\n<div class=\"min-h-8 text-message flex w-full flex-col items-end gap-2 whitespace-normal break-words [.text-message+&amp;]:mt-5\" dir=\"auto\" data-message-author-role=\"assistant\" data-message-id=\"2c0d1260-0329-48f0-9c39-8b79d93f44c9\" data-message-model-slug=\"gpt-4o\">\n<div class=\"flex w-full flex-col gap-1 empty:hidden first:pt-[3px]\">\n<div class=\"markdown prose w-full break-words dark:prose-invert light\">\n<h3><strong>Kaufen Sie die Sorte Cannatonic Hybris Weed Strain Online in Europa auf <a href=\"https:\/\/pressurezone.shop\/de\/\" target=\"_new\" rel=\"noopener\">Druckbereich<\/a><\/strong><\/h3>\n<p>Entdecken Sie <strong>Cannatonic Hybris Weed Strain<\/strong>eine <strong>Cannabissorte<\/strong> perfekt ausgewogener Hybrid (50% indica \/ 50% sativa), der die starken St\u00e4mme kombiniert <strong>MK Ultra<\/strong> und <strong>G13 Haze<\/strong>. Cannatonic ist eine einzigartige Sorte, die wegen ihrer medizinischen Eigenschaften und ihrer entspannenden Wirkung gesch\u00e4tzt wird, die K\u00f6rper und Geist beruhigt, ohne eine Sedierung zu verursachen. Mit hohen CBD- und niedrigen THC-Werten ist sie ideal f\u00fcr Nutzer, die therapeutische Linderung und sanfte Entspannung suchen.<a href=\"https:\/\/fuelpackz.com\/\" target=\"_blank\" rel=\"noopener\">.<\/a><\/p>\n<h3>Wirkung und Nutzen von Cannatonic Hybris Weed Strain<\/h3>\n<p>Die <strong>Sorte Cannatonic Hybris Weed Strain<\/strong> ist bekannt f\u00fcr seine beruhigende und ausgleichende Wirkung, die Linderung ohne Schl\u00e4frigkeit verschafft :<\/p>\n<ul>\n<li><strong>Beruhigende Entspannung<\/strong> : Entspannt K\u00f6rper und Geist, perfekt zum Entspannen ohne Sedierung.<\/li>\n<li><strong>Gute Laune und Ruhe<\/strong> : F\u00f6rdert eine positive Stimmung und einen friedlichen Gem\u00fctszustand.<\/li>\n<li><strong>Energetisierende Wirkung Leicht euphorisch<\/strong> : Bringt ein ideales Gleichgewicht zwischen Ruhe und leichter Euphorie, ideal f\u00fcr den Gebrauch am Tag.<\/li>\n<\/ul>\n<p>Mit Niveaus von <strong>THC niedrig (7-8%)<\/strong> und von <strong>Hohe CBD (12-14%)<\/strong>Cannatonic ist perfekt f\u00fcr diejenigen, die nach einer sanften, aber wirksamen medizinischen Erfahrung suchen.<\/p>\n<h3>Therapeutische Vorteile von Cannatonic Hybris Weed Strain<\/h3>\n<p>Aufgrund seiner ausgewogenen Wirkung und seines Cannabinoidprofils, <strong>Cannatonic<\/strong> wird oft wegen seiner zahlreichen therapeutischen Vorteile gew\u00e4hlt :<\/p>\n<ul>\n<li><strong>Linderung von chronischen Schmerzen und Kr\u00e4mpfen<\/strong> : Wirksam zur Linderung von Schmerzen ohne die schwere Wirkung von Indicas.<\/li>\n<li><strong>Abbau von Angst und Stress<\/strong> : Perfekt, um den t\u00e4glichen Stress abzubauen und ein Gef\u00fchl der Ruhe zu f\u00f6rdern.<\/li>\n<li><strong>Behandlung von Kopfschmerzen und Migr\u00e4ne<\/strong> : Hilft bei Migr\u00e4ne und Kopfschmerzen, ideal f\u00fcr diejenigen, die nach einer nat\u00fcrlichen Option suchen.<\/li>\n<li><strong>Reduzierung von Muskelkr\u00e4mpfen<\/strong> : Lindert Muskelkr\u00e4mpfe und entspannt den K\u00f6rper.<\/li>\n<\/ul>\n<p>Diese <strong>Cannabissorte<\/strong> ist ideal f\u00fcr Nutzer, die eine entspannende und medizinische Wirkung ohne intensive psychoaktive Effekte suchen, ideal f\u00fcr den Gebrauch am Tag.<\/p>\n<h3>Cannatonics Aromen und Geschm\u00e4cker<\/h3>\n<p>Cannatonic wird f\u00fcr seine Vorteile ebenso gesch\u00e4tzt wie f\u00fcr seinen einzigartigen Geschmack und seine Aromen :<\/p>\n<ul>\n<li><strong>Geschm\u00e4cker<\/strong> : Ein klassischer Geschmack von saurer Zitrone mit w\u00fcrzigen und holzigen Noten, die einen weichen und s\u00fc\u00dfen Touch verleihen.<\/li>\n<li><strong>Aromen<\/strong> : Ein erdiger Duft mit Akzenten von Zitrone, w\u00fcrzigen Kr\u00e4utern und einer leicht s\u00fc\u00dflichen Note.<\/li>\n<\/ul>\n<p>Diese <strong>nat\u00fcrliche Aromen und Geschm\u00e4cker<\/strong> machen jeden Zug an Cannatonic zu einem beruhigenden Erlebnis, perfekt f\u00fcr alle, die einen frischen und ausgewogenen Geschmack lieben.<\/p>\n<h3>Warum Cannatonic Hybris Weed Strain kaufen auf <a href=\"https:\/\/pressurezone.shop\/de\/\" target=\"_new\" rel=\"noopener\">Druckbereich<\/a>?<\/h3>\n<p>Bei <strong>Druckbereich<\/strong>Wir w\u00e4hlen aus <strong>Cannabissorten<\/strong> von h\u00f6chster Qualit\u00e4t, um unseren Kunden in Europa ein optimales Erlebnis zu bieten. <strong>Cannatonic Hybris Weed Strain<\/strong> ist eine unserer besten Sorten aufgrund ihrer ausgewogenen Wirkung und ihrer medizinischen Vorteile. Hier sind die Gr\u00fcnde f\u00fcr die Wahl von Pressure Zone :<\/p>\n<ul>\n<li><strong>Premium-Qualit\u00e4t<\/strong> : Unsere Produkte werden sorgf\u00e4ltig getestet, um eine reine und effektive Erfahrung zu gew\u00e4hrleisten.<\/li>\n<li><strong>Ausgewogener und medizinischer Effekt<\/strong> : Ideal f\u00fcr Nutzer, die sanfte Entspannung und therapeutische Linderung suchen.<\/li>\n<li><strong>Expert Customer Service<\/strong> : Wir stehen zur Verf\u00fcgung, um Sie zur <strong>Cannabissorte<\/strong> der zu Ihren Bed\u00fcrfnissen passt.<\/li>\n<\/ul>\n<h3>H\u00e4ufig gestellte Fragen<\/h3>\n<h4>Was sind die Hauptwirkungen von Cannatonic Hybris Weed Strain?<\/h4>\n<p>Cannatonic sorgt f\u00fcr eine beruhigende Entspannung ohne Sedierung und bietet ein perfektes Gleichgewicht zwischen Entspannung und leichter Euphorie. Seine Wirkung ist ideal f\u00fcr den Gebrauch am Tag.<\/p>\n<h4>Ist Cannatonic wirksam bei der Linderung von Schmerzen und Angstzust\u00e4nden?<\/h4>\n<p>Ja, diese <strong>Cannabissorte<\/strong> eignet sich hervorragend zur Verringerung von chronischen Schmerzen, Kr\u00e4mpfen, Angst und Stress und bietet eine nat\u00fcrliche und beruhigende Linderung.<\/p>\n<h4>Welche Geschmacksrichtungen und Aromen dominieren in Cannatonic?<\/h4>\n<p>Cannatonic bietet zitronige und w\u00fcrzige Aromen mit holzigen Noten und einem erdigen, s\u00fc\u00dfen Aroma, perfekt f\u00fcr ein ausgewogenes Erlebnis.<\/p>\n<h3>Bestellen Sie die Sorte Cannatonic Hybris Weed Strain online in Europa auf <a href=\"https:\/\/pressurezone.shop\/de\/\" target=\"_new\" rel=\"noopener\">Druckbereich<\/a><\/h3>\n<p>Sind Sie bereit, die therapeutischen und entspannenden Vorteile von <strong>Cannatonic Hybris Weed Strain<\/strong>? <strong>Bestellen Sie jetzt<\/strong> auf <a href=\"https:\/\/pressurezone.shop\/de\/\" target=\"_new\" rel=\"noopener\">Druckbereich<\/a> f\u00fcr eine Erfahrung von <strong>Cannabissorte<\/strong> einzigartig und von h\u00f6chster Qualit\u00e4t, ideal f\u00fcr die Behandlung von Schmerzen, Stress und Muskelverspannungen. Unser schneller und diskreter Lieferservice garantiert Ihnen ein unbeschwertes Einkaufserlebnis.<\/p>\n<\/div>\n<\/div>\n<\/div>\n<\/div>\n<\/div>\n<\/div>","protected":false},"excerpt":{"rendered":"<p>THC: 7-8%, CBD: 14%, CBN: 1%<\/p>","protected":false},"featured_media":3148,"comment_status":"closed","ping_status":"closed","template":"","meta":{"_uag_custom_page_level_css":"","site-sidebar-layout":"default","site-content-layout":"","ast-site-content-layout":"default","site-content-style":"default","site-sidebar-style":"default","ast-global-header-display":"","ast-banner-title-visibility":"","ast-main-header-display":"","ast-hfb-above-header-display":"","ast-hfb-below-header-display":"","ast-hfb-mobile-header-display":"","site-post-title":"","ast-breadcrumbs-content":"","ast-featured-img":"","footer-sml-layout":"","theme-transparent-header-meta":"default","adv-header-id-meta":"","stick-header-meta":"","header-above-stick-meta":"","header-main-stick-meta":"","header-below-stick-meta":"","astra-migrate-meta-layouts":"set","ast-page-background-enabled":"default","ast-page-background-meta":{"desktop":{"background-color":"","background-image":"","background-repeat":"repeat","background-position":"center center","background-size":"auto","background-attachment":"scroll","background-type":"","background-media":"","overlay-type":"","overlay-color":"","overlay-opacity":"","overlay-gradient":""},"tablet":{"background-color":"","background-image":"","background-repeat":"repeat","background-position":"center center","background-size":"auto","background-attachment":"scroll","background-type":"","background-media":"","overlay-type":"","overlay-color":"","overlay-opacity":"","overlay-gradient":""},"mobile":{"background-color":"","background-image":"","background-repeat":"repeat","background-position":"center center","background-size":"auto","background-attachment":"scroll","background-type":"","background-media":"","overlay-type":"","overlay-color":"","overlay-opacity":"","overlay-gradient":""}},"ast-content-background-meta":{"desktop":{"background-color":"var(--ast-global-color-5)","background-image":"","background-repeat":"repeat","background-position":"center center","background-size":"auto","background-attachment":"scroll","background-type":"","background-media":"","overlay-type":"","overlay-color":"","overlay-opacity":"","overlay-gradient":""},"tablet":{"background-color":"var(--ast-global-color-5)","background-image":"","background-repeat":"repeat","background-position":"center center","background-size":"auto","background-attachment":"scroll","background-type":"","background-media":"","overlay-type":"","overlay-color":"","overlay-opacity":"","overlay-gradient":""},"mobile":{"background-color":"var(--ast-global-color-5)","background-image":"","background-repeat":"repeat","background-position":"center center","background-size":"auto","background-attachment":"scroll","background-type":"","background-media":"","overlay-type":"","overlay-color":"","overlay-opacity":"","overlay-gradient":""}}},"product_brand":[],"product_cat":[28,277],"product_tag":[496,317],"class_list":{"0":"post-3067","1":"product","2":"type-product","3":"status-publish","4":"has-post-thumbnail","6":"product_cat-varietes-de-cannabis","7":"product_cat-varietes-de-cannabis-hybrides","8":"product_tag-cannatonic-hybris-weed-strain","9":"product_tag-cannatonic-hybris-weed-strain-for-sale","10":"desktop-align-left","11":"tablet-align-left","12":"mobile-align-left","14":"first","15":"instock","16":"shipping-taxable","17":"purchasable","18":"product-type-variable"},"uagb_featured_image_src":{"full":["https:\/\/pressurezone.shop\/wp-content\/uploads\/2024\/10\/Cannatonic-Hybris-Weed-Strain.webp",2560,1707,false],"thumbnail":["https:\/\/pressurezone.shop\/wp-content\/uploads\/2024\/10\/Cannatonic-Hybris-Weed-Strain-150x150.webp",150,150,true],"medium":["https:\/\/pressurezone.shop\/wp-content\/uploads\/2024\/10\/Cannatonic-Hybris-Weed-Strain-300x200.webp",300,200,true],"medium_large":["https:\/\/pressurezone.shop\/wp-content\/uploads\/2024\/10\/Cannatonic-Hybris-Weed-Strain-768x512.webp",768,512,true],"large":["https:\/\/pressurezone.shop\/wp-content\/uploads\/2024\/10\/Cannatonic-Hybris-Weed-Strain-1024x683.webp",1024,683,true],"1536x1536":["https:\/\/pressurezone.shop\/wp-content\/uploads\/2024\/10\/Cannatonic-Hybris-Weed-Strain-1536x1024.webp",1536,1024,true],"2048x2048":["https:\/\/pressurezone.shop\/wp-content\/uploads\/2024\/10\/Cannatonic-Hybris-Weed-Strain-2048x1366.webp",2048,1366,true],"trp-custom-language-flag":["https:\/\/pressurezone.shop\/wp-content\/uploads\/2024\/10\/Cannatonic-Hybris-Weed-Strain-18x12.webp",18,12,true],"woocommerce_thumbnail":["https:\/\/pressurezone.shop\/wp-content\/uploads\/2024\/10\/Cannatonic-Hybris-Weed-Strain-300x300.webp",300,300,true],"woocommerce_single":["https:\/\/pressurezone.shop\/wp-content\/uploads\/2024\/10\/Cannatonic-Hybris-Weed-Strain-600x400.webp",600,400,true],"woocommerce_gallery_thumbnail":["https:\/\/pressurezone.shop\/wp-content\/uploads\/2024\/10\/Cannatonic-Hybris-Weed-Strain-100x100.webp",100,100,true]},"uagb_author_info":{"display_name":"pressurezone.shop","author_link":"https:\/\/pressurezone.shop\/de\/author\/"},"uagb_comment_info":0,"uagb_excerpt":"THC: 7-8%, CBD: 14%, CBN: 1%","_links":{"self":[{"href":"https:\/\/pressurezone.shop\/de\/wp-json\/wp\/v2\/product\/3067"}],"collection":[{"href":"https:\/\/pressurezone.shop\/de\/wp-json\/wp\/v2\/product"}],"about":[{"href":"https:\/\/pressurezone.shop\/de\/wp-json\/wp\/v2\/types\/product"}],"replies":[{"embeddable":true,"href":"https:\/\/pressurezone.shop\/de\/wp-json\/wp\/v2\/comments?post=3067"}],"version-history":[{"count":3,"href":"https:\/\/pressurezone.shop\/de\/wp-json\/wp\/v2\/product\/3067\/revisions"}],"predecessor-version":[{"id":3738,"href":"https:\/\/pressurezone.shop\/de\/wp-json\/wp\/v2\/product\/3067\/revisions\/3738"}],"wp:featuredmedia":[{"embeddable":true,"href":"https:\/\/pressurezone.shop\/de\/wp-json\/wp\/v2\/media\/3148"}],"wp:attachment":[{"href":"https:\/\/pressurezone.shop\/de\/wp-json\/wp\/v2\/media?parent=3067"}],"wp:term":[{"taxonomy":"product_brand","embeddable":true,"href":"https:\/\/pressurezone.shop\/de\/wp-json\/wp\/v2\/product_brand?post=3067"},{"taxonomy":"product_cat","embeddable":true,"href":"https:\/\/pressurezone.shop\/de\/wp-json\/wp\/v2\/product_cat?post=3067"},{"taxonomy":"product_tag","embeddable":true,"href":"https:\/\/pressurezone.shop\/de\/wp-json\/wp\/v2\/product_tag?post=3067"}],"curies":[{"name":"wp","href":"https:\/\/api.w.org\/{rel}","templated":true}]}}