{"id":3074,"date":"2024-10-11T00:50:08","date_gmt":"2024-10-10T22:50:08","guid":{"rendered":"https:\/\/pressurezone.shop\/?post_type=product&#038;p=3074"},"modified":"2024-11-02T21:13:52","modified_gmt":"2024-11-02T20:13:52","slug":"blueberry-indica-dominant-hybrid-strain","status":"publish","type":"product","link":"https:\/\/pressurezone.shop\/de\/product\/blueberry-indica-dominant-hybrid-strain\/","title":{"rendered":"Blueberry Indica Dominant Hybrid Strain"},"content":{"rendered":"<div class=\"flex-shrink-0 flex flex-col relative items-end\">\n<div>\n<div class=\"pt-0\">\n<div class=\"gizmo-bot-avatar flex h-8 w-8 items-center justify-center overflow-hidden rounded-full\">\n<div class=\"relative p-1 rounded-sm flex items-center justify-center bg-token-main-surface-primary text-token-text-primary h-8 w-8\"><\/div>\n<\/div>\n<\/div>\n<\/div>\n<\/div>\n<div class=\"group\/conversation-turn relative flex w-full min-w-0 flex-col agent-turn\">\n<div class=\"flex-col gap-1 md:gap-3\">\n<div class=\"flex max-w-full flex-col flex-grow\">\n<div class=\"min-h-8 text-message flex w-full flex-col items-end gap-2 whitespace-normal break-words [.text-message+&amp;]:mt-5\" dir=\"auto\" data-message-author-role=\"assistant\" data-message-id=\"63aaa22f-ef16-464b-8e98-482d71247fb6\" data-message-model-slug=\"gpt-4o\">\n<div class=\"flex w-full flex-col gap-1 empty:hidden first:pt-[3px]\">\n<div class=\"markdown prose w-full break-words dark:prose-invert light\">\n<h3><strong>Kaufen Sie die Sorte Blueberry Indica Dominant Hybrid Strain Online auf <a href=\"https:\/\/pressurezone.shop\/de\/\" target=\"_new\" rel=\"noopener\">Druckbereich<\/a><\/strong><\/h3>\n<p>Entdecken Sie die <strong>Blueberry Indica Dominant Hybrid Strain<\/strong>eine <strong>Cannabissorte<\/strong> die eine Indica-Dominanz (80% indica\/20% sativa) mit einem unvergesslichen Geschmack von Heidelbeeren und Vanille verbindet. Diese legend\u00e4re Sorte, die f\u00fcr ihre starke und beruhigende Wirkung bekannt ist, geht auf die 70er Jahre zur\u00fcck, wo sie von dem ber\u00fchmten amerikanischen Z\u00fcchter DJ Short aus Landrace-St\u00e4mmen entwickelt wurde. Obwohl ihre genaue Verwandtschaft ein R\u00e4tsel ist, wird vermutet, dass <strong>Blueberry<\/strong> steigt von den St\u00fcmpfen ab <strong>Purple Thai<\/strong> und <strong>Afghanisch<\/strong>.<\/p>\n<h3>Wirkungen und Nutzen von Blueberry Indica Dominant Hybrid Strain<\/h3>\n<p>Die <strong>Sorte Blueberry Indica Dominant Hybrid Strain<\/strong> ist bekannt f\u00fcr seine beruhigende und euphorisierende Wirkung, die ein tiefes Gef\u00fchl des Wohlbefindens vermittelt :<\/p>\n<ul>\n<li><strong>Euphorie und Gl\u00fcck<\/strong> : Bietet ein Gef\u00fchl der Freude und eine positive Stimmung.<\/li>\n<li><strong>Schl\u00e4frigkeit und Entspannung<\/strong> : Perfekt f\u00fcr einen entspannten Abend oder zur F\u00f6rderung des Schlafs.<\/li>\n<li><strong>Tiefe Ruhe<\/strong> : Versetzt den Geist in einen Zustand entspannten Denkens und d\u00e4mpft stressige Gedanken.<\/li>\n<\/ul>\n<p>Mit einem <strong>Durchschnittlicher THC von 16-24%<\/strong>Diese Sorte bietet eine umfassende Entspannung, die sich sanft einstellt und Geist und K\u00f6rper von Anspannungen befreit.<\/p>\n<h3>Therapeutische Vorteile von Blueberry Indica Dominant Hybrid Strain<\/h3>\n<p>Aufgrund ihrer beruhigenden Wirkung wird Blueberry oft wegen ihrer therapeutischen Vorteile ausgew\u00e4hlt. Sie ist besonders wirksam bei :<\/p>\n<ul>\n<li><strong>Depressionen und \u00c4ngste lindern<\/strong> : Seine beruhigende Wirkung hilft, den Geist zu bes\u00e4nftigen und negative Gedanken zu reduzieren.<\/li>\n<li><strong>Reduzierung von Schmerzen und Migr\u00e4ne<\/strong> : Wirksam bei der Linderung von chronischen Schmerzen und anhaltenden Migr\u00e4neanf\u00e4llen.<\/li>\n<li><strong>Verbesserung des Schlafs<\/strong> Die sedierende Wirkung macht es zu einer idealen Option f\u00fcr diejenigen, die mit Schlaflosigkeit k\u00e4mpfen.<\/li>\n<li><strong>Reduktion von \u00dcbelkeit<\/strong> : Gesch\u00e4tzt wegen seiner Eigenschaften gegen \u00dcbelkeit<a href=\"https:\/\/fuelpackz.com\/\" target=\"_blank\" rel=\"noopener\">.<\/a><\/li>\n<\/ul>\n<p>Diese <strong>Cannabissorte<\/strong> ist perfekt f\u00fcr alle, die nach einer nat\u00fcrlichen L\u00f6sung gegen Stress, chronische M\u00fcdigkeit und Kopfschmerzen suchen, die vollst\u00e4ndige Entspannung und dauerhafte Linderung bringt.<\/p>\n<h3>Geschmack und Aroma von Blueberry Indica Dominant Hybrid Strain<\/h3>\n<p>Blueberry ist ebenso ber\u00fchmt f\u00fcr seinen Geschmack wie f\u00fcr seine Wirkung :<\/p>\n<ul>\n<li><strong>Geschm\u00e4cker<\/strong> : Ein reicher, s\u00fc\u00dfer Geschmack nach Beeren und Blaubeeren, begleitet von Holz- und Vanille-Nuancen.<\/li>\n<li><strong>Aromen<\/strong> : Ein fruchtiger und erdiger Geruch, vermischt mit w\u00fcrzigen und s\u00fc\u00dfen Blumennoten und einem Hauch von Vanille.<\/li>\n<\/ul>\n<p>Diese <strong>einzigartige Geschm\u00e4cker und Aromen<\/strong> machen jeden Zug an dieser unwiderstehlichen Sorte, die ideal f\u00fcr Liebhaber s\u00fc\u00dfer und leckerer Geschm\u00e4cker ist.<\/p>\n<h3>Warum Blueberry Indica Dominant Hybrid Strain kaufen auf <a href=\"https:\/\/pressurezone.shop\/de\/\" target=\"_new\" rel=\"noopener\">Druckbereich<\/a>?<\/h3>\n<p>Bei <strong>Druckbereich<\/strong>Wir w\u00e4hlen aus <strong>Cannabissorten<\/strong> in Premium-Qualit\u00e4t, die sorgf\u00e4ltig getestet wurden, um Kraft und Reinheit zu gew\u00e4hrleisten. <strong>Blueberry Indica Dominant Hybrid Strain<\/strong> ist eine unserer f\u00fchrenden Sorten, die sich perfekt zur Entspannung und Stressbew\u00e4ltigung eignet. Hier sind die Gr\u00fcnde, warum Sie bei uns kaufen sollten :<\/p>\n<ul>\n<li><strong>H\u00f6chste Qualit\u00e4t<\/strong> : Unsere Produkte werden getestet und garantieren eine qualitativ hochwertige Erfahrung.<\/li>\n<li><strong>Beruhigende Effekte<\/strong> : Ideal zum Entspannen und zur Verbesserung der Stimmung.<\/li>\n<li><strong>Engagierter Kundenservice<\/strong> : Unser Team ist da, um Sie zur <strong>Cannabissorte<\/strong> die Ihren Bed\u00fcrfnissen entspricht.<\/li>\n<\/ul>\n<h3>H\u00e4ufig gestellte Fragen<\/h3>\n<h4>Was sind die Hauptwirkungen von Blueberry Indica Dominant Hybrid Strain?<\/h4>\n<p>Die <strong>Sorte Blueberry Indica Dominant Hybrid Strain<\/strong> bietet ein euphorisches und entspannendes High, das perfekt ist, um Stress zu lindern, die Stimmung zu verbessern und den Schlaf zu f\u00f6rdern.<\/p>\n<h4>Ist Blueberry f\u00fcr Migr\u00e4ne und chronische Schmerzen geeignet?<\/h4>\n<p>Ja, Blueberry ist ideal zur Verringerung chronischer Schmerzen, zur Linderung von Migr\u00e4ne und zur Beruhigung k\u00f6rperlicher Spannungen.<\/p>\n<h4>Welche Aromen und Geschm\u00e4cker dominieren in Blueberry?<\/h4>\n<p>Diese Sorte bietet einen s\u00fc\u00dfen Geschmack nach Heidelbeeren und Vanille, begleitet von erdigen und blumigen Aromen mit einer w\u00fcrzigen und s\u00fc\u00dfen Note.<\/p>\n<h3>Bestellen Sie die Sorte Blueberry Indica Dominant Hybrid Strain online auf <a href=\"https:\/\/pressurezone.shop\/de\/\" target=\"_new\" rel=\"noopener\">Druckbereich<\/a><\/h3>\n<p>Sind Sie bereit, die entspannende Wirkung und den s\u00fc\u00dfen Geschmack von <strong>Blueberry Indica Dominant Hybrid Strain<\/strong>? <strong>Bestellen Sie jetzt<\/strong> auf <a href=\"https:\/\/pressurezone.shop\/de\/\" target=\"_new\" rel=\"noopener\">Druckbereich<\/a> f\u00fcr eine Erfahrung von <strong>Cannabissorte<\/strong> premium, ideal, um den Geist zu beruhigen und den K\u00f6rper zu entspannen. Mit einem zuverl\u00e4ssigen Lieferservice und einem hervorragenden Kundensupport garantiert Ihnen Pressure Zone ein sorgenfreies Einkaufserlebnis.<\/p>\n<\/div>\n<\/div>\n<\/div>\n<\/div>\n<\/div>\n<\/div>","protected":false},"excerpt":{"rendered":"<p>Achetez la Vari\u00e9t\u00e9 Blueberry Indica Dominant Hybrid Strain en Ligne sur Pressure Zone D\u00e9couvrez la Blueberry Indica Dominant Hybrid Strain, une vari\u00e9t\u00e9 de cannabis qui allie une dominance indica (80% indica\/20% sativa) \u00e0 une saveur inoubliable de myrtilles et de vanille. Connue pour son effet puissant et apaisant, cette vari\u00e9t\u00e9 l\u00e9gendaire remonte aux ann\u00e9es 70, [&hellip;]<\/p>","protected":false},"featured_media":3160,"comment_status":"closed","ping_status":"closed","template":"","meta":{"_uag_custom_page_level_css":"","site-sidebar-layout":"default","site-content-layout":"","ast-site-content-layout":"default","site-content-style":"default","site-sidebar-style":"default","ast-global-header-display":"","ast-banner-title-visibility":"","ast-main-header-display":"","ast-hfb-above-header-display":"","ast-hfb-below-header-display":"","ast-hfb-mobile-header-display":"","site-post-title":"","ast-breadcrumbs-content":"","ast-featured-img":"","footer-sml-layout":"","theme-transparent-header-meta":"default","adv-header-id-meta":"","stick-header-meta":"","header-above-stick-meta":"","header-main-stick-meta":"","header-below-stick-meta":"","astra-migrate-meta-layouts":"set","ast-page-background-enabled":"default","ast-page-background-meta":{"desktop":{"background-color":"","background-image":"","background-repeat":"repeat","background-position":"center center","background-size":"auto","background-attachment":"scroll","background-type":"","background-media":"","overlay-type":"","overlay-color":"","overlay-opacity":"","overlay-gradient":""},"tablet":{"background-color":"","background-image":"","background-repeat":"repeat","background-position":"center center","background-size":"auto","background-attachment":"scroll","background-type":"","background-media":"","overlay-type":"","overlay-color":"","overlay-opacity":"","overlay-gradient":""},"mobile":{"background-color":"","background-image":"","background-repeat":"repeat","background-position":"center center","background-size":"auto","background-attachment":"scroll","background-type":"","background-media":"","overlay-type":"","overlay-color":"","overlay-opacity":"","overlay-gradient":""}},"ast-content-background-meta":{"desktop":{"background-color":"var(--ast-global-color-5)","background-image":"","background-repeat":"repeat","background-position":"center center","background-size":"auto","background-attachment":"scroll","background-type":"","background-media":"","overlay-type":"","overlay-color":"","overlay-opacity":"","overlay-gradient":""},"tablet":{"background-color":"var(--ast-global-color-5)","background-image":"","background-repeat":"repeat","background-position":"center center","background-size":"auto","background-attachment":"scroll","background-type":"","background-media":"","overlay-type":"","overlay-color":"","overlay-opacity":"","overlay-gradient":""},"mobile":{"background-color":"var(--ast-global-color-5)","background-image":"","background-repeat":"repeat","background-position":"center center","background-size":"auto","background-attachment":"scroll","background-type":"","background-media":"","overlay-type":"","overlay-color":"","overlay-opacity":"","overlay-gradient":""}}},"product_brand":[],"product_cat":[28,278],"product_tag":[320],"class_list":{"0":"post-3074","1":"product","2":"type-product","3":"status-publish","4":"has-post-thumbnail","6":"product_cat-varietes-de-cannabis","7":"product_cat-varietes-de-marijuana-indica","8":"product_tag-order-blueberry-indica-dominant-hybrid-strain-europe","9":"desktop-align-left","10":"tablet-align-left","11":"mobile-align-left","13":"first","14":"instock","15":"shipping-taxable","16":"purchasable","17":"product-type-variable"},"uagb_featured_image_src":{"full":["https:\/\/pressurezone.shop\/wp-content\/uploads\/2024\/10\/Blueberry-Indica-Dominant-Hybrid-Strain.webp",2560,1707,false],"thumbnail":["https:\/\/pressurezone.shop\/wp-content\/uploads\/2024\/10\/Blueberry-Indica-Dominant-Hybrid-Strain-150x150.webp",150,150,true],"medium":["https:\/\/pressurezone.shop\/wp-content\/uploads\/2024\/10\/Blueberry-Indica-Dominant-Hybrid-Strain-300x200.webp",300,200,true],"medium_large":["https:\/\/pressurezone.shop\/wp-content\/uploads\/2024\/10\/Blueberry-Indica-Dominant-Hybrid-Strain-768x512.webp",768,512,true],"large":["https:\/\/pressurezone.shop\/wp-content\/uploads\/2024\/10\/Blueberry-Indica-Dominant-Hybrid-Strain-1024x683.webp",1024,683,true],"1536x1536":["https:\/\/pressurezone.shop\/wp-content\/uploads\/2024\/10\/Blueberry-Indica-Dominant-Hybrid-Strain-1536x1024.webp",1536,1024,true],"2048x2048":["https:\/\/pressurezone.shop\/wp-content\/uploads\/2024\/10\/Blueberry-Indica-Dominant-Hybrid-Strain-2048x1366.webp",2048,1366,true],"trp-custom-language-flag":["https:\/\/pressurezone.shop\/wp-content\/uploads\/2024\/10\/Blueberry-Indica-Dominant-Hybrid-Strain-18x12.webp",18,12,true],"woocommerce_thumbnail":["https:\/\/pressurezone.shop\/wp-content\/uploads\/2024\/10\/Blueberry-Indica-Dominant-Hybrid-Strain-300x300.webp",300,300,true],"woocommerce_single":["https:\/\/pressurezone.shop\/wp-content\/uploads\/2024\/10\/Blueberry-Indica-Dominant-Hybrid-Strain-600x400.webp",600,400,true],"woocommerce_gallery_thumbnail":["https:\/\/pressurezone.shop\/wp-content\/uploads\/2024\/10\/Blueberry-Indica-Dominant-Hybrid-Strain-100x100.webp",100,100,true]},"uagb_author_info":{"display_name":"pressurezone.shop","author_link":"https:\/\/pressurezone.shop\/de\/author\/"},"uagb_comment_info":0,"uagb_excerpt":"Achetez la Vari\u00e9t\u00e9 Blueberry Indica Dominant Hybrid Strain en Ligne sur Pressure Zone D\u00e9couvrez la Blueberry Indica Dominant Hybrid Strain, une vari\u00e9t\u00e9 de cannabis qui allie une dominance indica (80% indica\/20% sativa) \u00e0 une saveur inoubliable de myrtilles et de vanille. Connue pour son effet puissant et apaisant, cette vari\u00e9t\u00e9 l\u00e9gendaire remonte aux ann\u00e9es 70,&hellip;","_links":{"self":[{"href":"https:\/\/pressurezone.shop\/de\/wp-json\/wp\/v2\/product\/3074"}],"collection":[{"href":"https:\/\/pressurezone.shop\/de\/wp-json\/wp\/v2\/product"}],"about":[{"href":"https:\/\/pressurezone.shop\/de\/wp-json\/wp\/v2\/types\/product"}],"replies":[{"embeddable":true,"href":"https:\/\/pressurezone.shop\/de\/wp-json\/wp\/v2\/comments?post=3074"}],"version-history":[{"count":3,"href":"https:\/\/pressurezone.shop\/de\/wp-json\/wp\/v2\/product\/3074\/revisions"}],"predecessor-version":[{"id":3681,"href":"https:\/\/pressurezone.shop\/de\/wp-json\/wp\/v2\/product\/3074\/revisions\/3681"}],"wp:featuredmedia":[{"embeddable":true,"href":"https:\/\/pressurezone.shop\/de\/wp-json\/wp\/v2\/media\/3160"}],"wp:attachment":[{"href":"https:\/\/pressurezone.shop\/de\/wp-json\/wp\/v2\/media?parent=3074"}],"wp:term":[{"taxonomy":"product_brand","embeddable":true,"href":"https:\/\/pressurezone.shop\/de\/wp-json\/wp\/v2\/product_brand?post=3074"},{"taxonomy":"product_cat","embeddable":true,"href":"https:\/\/pressurezone.shop\/de\/wp-json\/wp\/v2\/product_cat?post=3074"},{"taxonomy":"product_tag","embeddable":true,"href":"https:\/\/pressurezone.shop\/de\/wp-json\/wp\/v2\/product_tag?post=3074"}],"curies":[{"name":"wp","href":"https:\/\/api.w.org\/{rel}","templated":true}]}}