{"id":3087,"date":"2024-10-11T00:50:35","date_gmt":"2024-10-10T22:50:35","guid":{"rendered":"https:\/\/pressurezone.shop\/?post_type=product&#038;p=3087"},"modified":"2024-11-02T20:24:09","modified_gmt":"2024-11-02T19:24:09","slug":"variete-allen-wrench-sativa","status":"publish","type":"product","link":"https:\/\/pressurezone.shop\/de\/product\/variete-alle-wrench-sativa\/","title":{"rendered":"Allen Wrench Sativa Strain"},"content":{"rendered":"<h3><strong>Kaufen Sie die Allen Wrench Sativa-Sorte online auf <a href=\"https:\/\/pressurezone.shop\/de\/\" target=\"_new\" rel=\"noopener\">Druckbereich<\/a><\/strong><\/h3>\n<p>Entdecken Sie die unglaubliche <strong>Cannabissorte Allen Wrench Sativa<\/strong>Eine Hybridkreuzung zwischen den ber\u00fchmten St\u00e4mmen. <strong>NYC Diesel<\/strong> und <strong>Trainwreck<\/strong>. Durch die Kombination der besten Eigenschaften dieser beiden renommierten Sorten bietet Allen Wrench ein einzigartiges Erlebnis, das sowohl kraftvoll als auch belebend ist. Mit seinem unverwechselbaren Aroma und seinem k\u00f6stlichen, frischen Geschmack ist dieser <strong>sativa<\/strong> ist perfekt f\u00fcr Cannabisliebhaber, die einen intensiven Geschmack und lang anhaltende Effekte suchen<a href=\"https:\/\/fuelpackz.com\/\" target=\"_blank\" rel=\"noopener\">.<\/a><\/p>\n<h3>Wirkung und Nutzen von Allen Wrench Sativa<\/h3>\n<p>Die <strong>Sorte Allen Wrench Sativa<\/strong> wird wegen seiner energiespendenden und euphorisierenden Wirkung gesch\u00e4tzt. Hier erfahren Sie, was Sie von diesem au\u00dfergew\u00f6hnlichen Stamm erwarten k\u00f6nnen :<\/p>\n<ul>\n<li><strong>Energie und Kreativit\u00e4t<\/strong> : Erh\u00f6ht die Energie und verbessert die Konzentration, ideal f\u00fcr kreative T\u00e4tigkeiten.<\/li>\n<li><strong>Euphorie und Gl\u00fcck<\/strong> : Hilft, die Stimmung zu heben und sorgt f\u00fcr ein Gef\u00fchl des Wohlbefindens.<\/li>\n<li><strong>Nachhaltiger Effekt<\/strong> : Die Essenz dieser Sorte bleibt stundenlang im Raum und schafft eine beruhigende Atmosph\u00e4re.<\/li>\n<\/ul>\n<p>Dank eines THC-Gehalts von 21% ist diese <strong>Cannabissorte Allen Wrench<\/strong> wird f\u00fcr diejenigen empfohlen, die ihre Kreativit\u00e4t anregen, ihre Stimmung verbessern und den ganzen Tag \u00fcber wachsam bleiben wollen.<\/p>\n<h3>Einzigartige Geschm\u00e4cker und Aromen<\/h3>\n<p>Die <strong>Cannabissorte Allen Wrench<\/strong> bietet eine unvergessliche Kombination von Geschm\u00e4ckern und Aromen :<\/p>\n<ul>\n<li><strong>Geschm\u00e4cker<\/strong> : Eine Mischung aus <strong>citrus, orange, kiefer, s\u00fc\u00df und holzig<\/strong>Der Geschmack ist klar und erfrischend.<\/li>\n<li><strong>Aromen<\/strong> : Ein komplexer Duft, der Noten vermischt <strong>erdig, blumig, fruchtig, sauer und s\u00fc\u00df<\/strong>Das ist ein sehr sch\u00f6nes Bild, das einen bleibenden Eindruck im Raum hinterl\u00e4sst.<\/li>\n<\/ul>\n<p>Mit Notizen von <strong>skunky und Grapefruit<\/strong>Das Aroma von Allen Wrench ist intensiv und angenehm, ideal f\u00fcr alle, die einen starken und belebenden Duft m\u00f6gen.<\/p>\n<h3>Potenzieller Nutzen f\u00fcr die Gesundheit<\/h3>\n<p>Allen Wrench Sativa wird h\u00e4ufig wegen ihrer positiven Wirkung bei der Behandlung verschiedener Beschwerden ausgew\u00e4hlt :<\/p>\n<ul>\n<li><strong>Verbessert den Appetit und die Stimmung<\/strong> : Regt den Appetit an und hilft, Stimmungsschwankungen zu verringern.<\/li>\n<li><strong>Erh\u00f6ht die Energie und die Wachsamkeit<\/strong> : Ideal f\u00fcr hektische Tage, an denen Energie und geistige Klarheit ben\u00f6tigt werden.<\/li>\n<li><strong>Abbau von Stress und \u00c4ngsten<\/strong> : Lindert Spannungen und vermittelt ein Gef\u00fchl geistiger Ruhe.<\/li>\n<\/ul>\n<p>Diese <strong>Cannabissorte<\/strong> wird auch zur Linderung von Symptomen wie ADD\/ADHD, M\u00fcdigkeit, Migr\u00e4ne, chronischen Schmerzen und sogar Schlaflosigkeit eingesetzt.<\/p>\n<h3>Warum Allen Wrench Sativa kaufen auf <a href=\"https:\/\/pressurezone.shop\/de\/\" target=\"_new\" rel=\"noopener\">Druckbereich<\/a>?<\/h3>\n<p>Bei <strong>Druckbereich<\/strong>Wir verpflichten uns, Ihnen <strong>Cannabissorten<\/strong> von hoher Qualit\u00e4t. Unsere Produkte werden auf maximale Reinheit und Wirksamkeit getestet, und die <strong>Vielfalt Allen Wrench<\/strong> ist da keine Ausnahme. Wenn Sie sich bei uns f\u00fcr Allen Wrench entscheiden, profitieren Sie von :<\/p>\n<ul>\n<li><strong>H\u00f6chste Qualit\u00e4t<\/strong> : Eine sorgf\u00e4ltig gez\u00fcchtete und kontrollierte Sorte f\u00fcr ein optimales Erlebnis.<\/li>\n<li><strong>Von einer sorgf\u00e4ltigen Auswahl<\/strong> Allen Wrench Sativa ist eine einzigartige Sorte f\u00fcr alle, die sowohl Energie als auch Wohlbefinden suchen.<\/li>\n<li><strong>Einem engagierten Kundenservice<\/strong> : Wir sind hier, um Ihnen bei der Auswahl der Sorte zu helfen, die am besten zu Ihren Bed\u00fcrfnissen passt.<\/li>\n<\/ul>\n<h3>H\u00e4ufig gestellte Fragen<\/h3>\n<h4>Was sind die Haupteffekte der Allen Wrench Sativa?<\/h4>\n<p>Diese Sorte wirkt energiespendend und euphorisierend und ist ideal, um die Kreativit\u00e4t zu f\u00f6rdern und konzentriert zu bleiben. Au\u00dferdem sorgt sie f\u00fcr ein lang anhaltendes Gl\u00fccksgef\u00fchl.<\/p>\n<h4>Kann der Allen Wrench zur Schmerzlinderung verwendet werden?<\/h4>\n<p>Ja, Allen Wrench wird zur Linderung verschiedener Symptome eingesetzt, u. a. bei chronischen Schmerzen, Depressionen und Migr\u00e4ne.<\/p>\n<h4>Welche Aromen sind bei dieser Sorte vorherrschend?<\/h4>\n<p>Die Sorte Allen Wrench Sativa zeichnet sich durch ihre Aromen aus <strong>erdig, blumig und fruchtig<\/strong>. Sie ist stark und angenehm zugleich und bietet ein umfassendes sensorisches Erlebnis.<\/p>\n<h3>Bestellen Sie die Allen Wrench Sativa-Sorte online auf <a href=\"https:\/\/pressurezone.shop\/de\/\" target=\"_new\" rel=\"noopener\">Druckbereich<\/a><\/h3>\n<p>Sind Sie bereit, die Kraft und die Vorteile von Allen Wrench Sativa zu entdecken? <strong>Bestellen Sie jetzt<\/strong> auf <a href=\"https:\/\/pressurezone.shop\/de\/\" target=\"_new\" rel=\"noopener\">Druckbereich<\/a> um eine <strong>Cannabissorte<\/strong> au\u00dfergew\u00f6hnlich, das Ihren Geist erheben und Ihre Energie auffrischen wird. Unsere Premiumprodukte und unser schneller und diskreter Service garantieren Ihnen ein sorgenfreies Einkaufserlebnis.<\/p>","protected":false},"excerpt":{"rendered":"<p>THC: 19-22%<\/p>","protected":false},"featured_media":3169,"comment_status":"closed","ping_status":"closed","template":"","meta":{"_uag_custom_page_level_css":"","site-sidebar-layout":"default","site-content-layout":"","ast-site-content-layout":"default","site-content-style":"default","site-sidebar-style":"default","ast-global-header-display":"","ast-banner-title-visibility":"","ast-main-header-display":"","ast-hfb-above-header-display":"","ast-hfb-below-header-display":"","ast-hfb-mobile-header-display":"","site-post-title":"","ast-breadcrumbs-content":"","ast-featured-img":"","footer-sml-layout":"","theme-transparent-header-meta":"default","adv-header-id-meta":"","stick-header-meta":"","header-above-stick-meta":"","header-main-stick-meta":"","header-below-stick-meta":"","astra-migrate-meta-layouts":"set","ast-page-background-enabled":"default","ast-page-background-meta":{"desktop":{"background-color":"","background-image":"","background-repeat":"repeat","background-position":"center center","background-size":"auto","background-attachment":"scroll","background-type":"","background-media":"","overlay-type":"","overlay-color":"","overlay-opacity":"","overlay-gradient":""},"tablet":{"background-color":"","background-image":"","background-repeat":"repeat","background-position":"center center","background-size":"auto","background-attachment":"scroll","background-type":"","background-media":"","overlay-type":"","overlay-color":"","overlay-opacity":"","overlay-gradient":""},"mobile":{"background-color":"","background-image":"","background-repeat":"repeat","background-position":"center center","background-size":"auto","background-attachment":"scroll","background-type":"","background-media":"","overlay-type":"","overlay-color":"","overlay-opacity":"","overlay-gradient":""}},"ast-content-background-meta":{"desktop":{"background-color":"var(--ast-global-color-5)","background-image":"","background-repeat":"repeat","background-position":"center center","background-size":"auto","background-attachment":"scroll","background-type":"","background-media":"","overlay-type":"","overlay-color":"","overlay-opacity":"","overlay-gradient":""},"tablet":{"background-color":"var(--ast-global-color-5)","background-image":"","background-repeat":"repeat","background-position":"center center","background-size":"auto","background-attachment":"scroll","background-type":"","background-media":"","overlay-type":"","overlay-color":"","overlay-opacity":"","overlay-gradient":""},"mobile":{"background-color":"var(--ast-global-color-5)","background-image":"","background-repeat":"repeat","background-position":"center center","background-size":"auto","background-attachment":"scroll","background-type":"","background-media":"","overlay-type":"","overlay-color":"","overlay-opacity":"","overlay-gradient":""}}},"product_brand":[],"product_cat":[28,273],"product_tag":[323],"class_list":{"0":"post-3087","1":"product","2":"type-product","3":"status-publish","4":"has-post-thumbnail","6":"product_cat-varietes-de-cannabis","7":"product_cat-varietes-de-cannabis-sativa","8":"product_tag-buy-allen-wrench-sativa-strain-online-europ","9":"desktop-align-left","10":"tablet-align-left","11":"mobile-align-left","13":"first","14":"instock","15":"shipping-taxable","16":"purchasable","17":"product-type-variable"},"uagb_featured_image_src":{"full":["https:\/\/pressurezone.shop\/wp-content\/uploads\/2024\/10\/Allen-Wrench-Sativa-Strain.webp",2560,1707,false],"thumbnail":["https:\/\/pressurezone.shop\/wp-content\/uploads\/2024\/10\/Allen-Wrench-Sativa-Strain-150x150.webp",150,150,true],"medium":["https:\/\/pressurezone.shop\/wp-content\/uploads\/2024\/10\/Allen-Wrench-Sativa-Strain-300x200.webp",300,200,true],"medium_large":["https:\/\/pressurezone.shop\/wp-content\/uploads\/2024\/10\/Allen-Wrench-Sativa-Strain-768x512.webp",768,512,true],"large":["https:\/\/pressurezone.shop\/wp-content\/uploads\/2024\/10\/Allen-Wrench-Sativa-Strain-1024x683.webp",1024,683,true],"1536x1536":["https:\/\/pressurezone.shop\/wp-content\/uploads\/2024\/10\/Allen-Wrench-Sativa-Strain-1536x1024.webp",1536,1024,true],"2048x2048":["https:\/\/pressurezone.shop\/wp-content\/uploads\/2024\/10\/Allen-Wrench-Sativa-Strain-2048x1366.webp",2048,1366,true],"trp-custom-language-flag":["https:\/\/pressurezone.shop\/wp-content\/uploads\/2024\/10\/Allen-Wrench-Sativa-Strain-18x12.webp",18,12,true],"woocommerce_thumbnail":["https:\/\/pressurezone.shop\/wp-content\/uploads\/2024\/10\/Allen-Wrench-Sativa-Strain-300x300.webp",300,300,true],"woocommerce_single":["https:\/\/pressurezone.shop\/wp-content\/uploads\/2024\/10\/Allen-Wrench-Sativa-Strain-600x400.webp",600,400,true],"woocommerce_gallery_thumbnail":["https:\/\/pressurezone.shop\/wp-content\/uploads\/2024\/10\/Allen-Wrench-Sativa-Strain-100x100.webp",100,100,true]},"uagb_author_info":{"display_name":"pressurezone.shop","author_link":"https:\/\/pressurezone.shop\/de\/author\/"},"uagb_comment_info":0,"uagb_excerpt":"THC: 19-22%","_links":{"self":[{"href":"https:\/\/pressurezone.shop\/de\/wp-json\/wp\/v2\/product\/3087"}],"collection":[{"href":"https:\/\/pressurezone.shop\/de\/wp-json\/wp\/v2\/product"}],"about":[{"href":"https:\/\/pressurezone.shop\/de\/wp-json\/wp\/v2\/types\/product"}],"replies":[{"embeddable":true,"href":"https:\/\/pressurezone.shop\/de\/wp-json\/wp\/v2\/comments?post=3087"}],"version-history":[{"count":3,"href":"https:\/\/pressurezone.shop\/de\/wp-json\/wp\/v2\/product\/3087\/revisions"}],"predecessor-version":[{"id":3617,"href":"https:\/\/pressurezone.shop\/de\/wp-json\/wp\/v2\/product\/3087\/revisions\/3617"}],"wp:featuredmedia":[{"embeddable":true,"href":"https:\/\/pressurezone.shop\/de\/wp-json\/wp\/v2\/media\/3169"}],"wp:attachment":[{"href":"https:\/\/pressurezone.shop\/de\/wp-json\/wp\/v2\/media?parent=3087"}],"wp:term":[{"taxonomy":"product_brand","embeddable":true,"href":"https:\/\/pressurezone.shop\/de\/wp-json\/wp\/v2\/product_brand?post=3087"},{"taxonomy":"product_cat","embeddable":true,"href":"https:\/\/pressurezone.shop\/de\/wp-json\/wp\/v2\/product_cat?post=3087"},{"taxonomy":"product_tag","embeddable":true,"href":"https:\/\/pressurezone.shop\/de\/wp-json\/wp\/v2\/product_tag?post=3087"}],"curies":[{"name":"wp","href":"https:\/\/api.w.org\/{rel}","templated":true}]}}