{"id":3090,"date":"2024-10-11T00:50:35","date_gmt":"2024-10-10T22:50:35","guid":{"rendered":"https:\/\/pressurezone.shop\/?post_type=product&#038;p=3090"},"modified":"2024-11-02T22:04:33","modified_gmt":"2024-11-02T21:04:33","slug":"duke-nukem-sativa-dominant-hybrid-strain","status":"publish","type":"product","link":"https:\/\/pressurezone.shop\/de\/product\/duke-nukem-sativa-dominant-hybrid-strain\/","title":{"rendered":"Duke Nukem Sativa Dominant Hybrid Strain"},"content":{"rendered":"<div class=\"flex-shrink-0 flex flex-col relative items-end\">\n<div>\n<div class=\"pt-0\">\n<div class=\"gizmo-bot-avatar flex h-8 w-8 items-center justify-center overflow-hidden rounded-full\">\n<div class=\"relative p-1 rounded-sm flex items-center justify-center bg-token-main-surface-primary text-token-text-primary h-8 w-8\"><\/div>\n<\/div>\n<\/div>\n<\/div>\n<\/div>\n<div class=\"group\/conversation-turn relative flex w-full min-w-0 flex-col agent-turn\">\n<div class=\"flex-col gap-1 md:gap-3\">\n<div class=\"flex max-w-full flex-col flex-grow\">\n<div class=\"min-h-8 text-message flex w-full flex-col items-end gap-2 whitespace-normal break-words [.text-message+&amp;]:mt-5\" dir=\"auto\" data-message-author-role=\"assistant\" data-message-id=\"24535a46-a7d2-41d9-8ab7-6b9bf0f25cfe\" data-message-model-slug=\"gpt-4o\">\n<div class=\"flex w-full flex-col gap-1 empty:hidden first:pt-[3px]\">\n<div class=\"markdown prose w-full break-words dark:prose-invert light\">\n<h3><strong>Kaufen Sie die Sorte Duke Nukem Sativa Dominant Hybrid Strain online in Europa auf <a href=\"https:\/\/pressurezone.shop\/de\/\" target=\"_new\" rel=\"noopener\">Druckbereich<\/a><\/strong><\/h3>\n<p>Entdecken Sie <strong>Duke Nukem Sativa Dominant Hybrid Strain<\/strong>eine <strong>Cannabissorte<\/strong> sativa dominant (65% sativa \/ 35% indica) aus der Kreuzung zwischen einer weiblichen <strong>Tschernobyl<\/strong> und ein M\u00e4nnchen <strong>Chemmando<\/strong>. Duke Nukem ist bekannt f\u00fcr seine stimulierende und kreative Wirkung, perfekt f\u00fcr alle, die einen Energieboost f\u00fcr den Tag suchen. Diese Sorte ist auch ideal f\u00fcr unerfahrene Z\u00fcchter, da sie resistent gegen Sch\u00e4dlinge und Pilze ist und einen mittleren bis hohen Ertrag liefert<a href=\"https:\/\/fuelpackz.com\/\" target=\"_blank\" rel=\"noopener\">.<\/a><\/p>\n<h3>Wirkung und Nutzen von Duke Nukem Sativa Dominant Hybrid Strain<\/h3>\n<p>Die <strong>Sorte Duke Nukem Sativa Dominant Hybrid Strain<\/strong> wird wegen seiner belebenden Gehirnwirkung gesch\u00e4tzt, die den Geist anregt und die Kreativit\u00e4t weckt :<\/p>\n<ul>\n<li><strong>Kreativit\u00e4t und Energie<\/strong> : Ideal f\u00fcr k\u00fcnstlerische T\u00e4tigkeiten und Aufgaben, die eine erh\u00f6hte Konzentration erfordern.<\/li>\n<li><strong>Euphorie und Gute Laune<\/strong> : F\u00f6rdert eine fr\u00f6hliche und gesellige Stimmung, perfekt f\u00fcr soziale Momente.<\/li>\n<li><strong>Konzentrierter und fokussierter Effekt<\/strong> : Verleiht geistige Klarheit, die hilft, konzentriert und produktiv zu bleiben.<\/li>\n<\/ul>\n<p>Dank seiner <strong>m\u00e4\u00dfig starkes High<\/strong>Der Duke Nukem bietet ein ausgewogenes Erlebnis und ist ideal f\u00fcr den Einsatz am Tag.<\/p>\n<h3>Therapeutische Vorteile von Duke Nukem Sativa Dominant Hybrid Strain<\/h3>\n<p>Aufgrund seiner energiespendenden und ausgleichenden Wirkung, <strong>Duke Nukem<\/strong> wird oft gew\u00e4hlt, um bei der Linderung verschiedener Symptome zu helfen:<\/p>\n<ul>\n<li><strong>Verringerung von Angst und M\u00fcdigkeit<\/strong> : Wirkt beruhigend auf den Geist und sorgt gleichzeitig f\u00fcr einen Energieschub.<\/li>\n<li><strong>Linderung von Kopfschmerzen und Augendruck<\/strong> : N\u00fctzlich zur Linderung von Kopfschmerzen und zur Linderung von Augenverspannungen.<\/li>\n<li><strong>Anregung des Appetits und Verbesserung der Stimmung<\/strong> : Perfekt f\u00fcr diejenigen, die mit Appetitlosigkeit und Stimmungsschwankungen zu k\u00e4mpfen haben.<\/li>\n<\/ul>\n<p>Diese <strong>Cannabissorte<\/strong> ist ideal f\u00fcr Anwender, die ein nat\u00fcrliches, energiespendendes Mittel zur Bew\u00e4ltigung von Schmerzen, Stress und Stimmungsschwankungen suchen.<\/p>\n<h3>Geschm\u00e4cker und Aromen von Duke Nukem<\/h3>\n<p>Duke Nukem bietet ein s\u00fc\u00dfes, tropisches Geschmackserlebnis, das von frischen, fruchtigen Aromen begleitet wird :<\/p>\n<ul>\n<li><strong>Geschm\u00e4cker<\/strong> : Ein s\u00fc\u00dfer Geschmack nach Orangen und Zitronen mit erfrischenden tropischen Noten.<\/li>\n<li><strong>Aromen<\/strong> : Ein Orangenduft mit einem Hauch von Skunk, der dem sensorischen Erlebnis Tiefe verleiht.<\/li>\n<\/ul>\n<p>Diese <strong>vibrierende Geschm\u00e4cker und Aromen<\/strong> machen Duke Nukem zu einer unverzichtbaren Sorte f\u00fcr alle, die einen fruchtigen und erfrischenden Geschmack lieben.<\/p>\n<h3>Warum Duke Nukem Sativa Dominant Hybrid Strain kaufen auf <a href=\"https:\/\/pressurezone.shop\/de\/\" target=\"_new\" rel=\"noopener\">Druckbereich<\/a>?<\/h3>\n<p>Bei <strong>Druckbereich<\/strong>Wir haben uns dazu verpflichtet, die <strong>Cannabissorten<\/strong> premium sorgf\u00e4ltig getestet, um eine einwandfreie Qualit\u00e4t zu gew\u00e4hrleisten. <strong>Duke Nukem Sativa Dominant Hybrid Strain<\/strong> ist wegen seiner ausgewogenen Wirkung und seines erfrischenden Geschmacks eine unserer f\u00fchrenden Sorten. Hier sind die Gr\u00fcnde, warum Sie sich f\u00fcr Pressure Zone entscheiden sollten :<\/p>\n<ul>\n<li><strong>H\u00f6chste Qualit\u00e4t<\/strong> : Unsere Produkte werden streng getestet, um eine optimale Reinheit und St\u00e4rke zu gew\u00e4hrleisten.<\/li>\n<li><strong>Energetisierende und ausgleichende Wirkung<\/strong> : Perfekt f\u00fcr Tagesaktivit\u00e4ten und zum Stressabbau.<\/li>\n<li><strong>Engagierter Kundenservice<\/strong> : Wir stehen Ihnen zur Verf\u00fcgung, um Ihnen bei der Auswahl der <strong>Cannabissorte<\/strong> die am besten zu Ihren Bed\u00fcrfnissen passt.<\/li>\n<\/ul>\n<h3>H\u00e4ufig gestellte Fragen<\/h3>\n<h4>Was sind die Hauptwirkungen von Duke Nukem Sativa Dominant Hybrid Strain?<\/h4>\n<p>Duke Nukem ist bekannt f\u00fcr seine energetisierende und kreative Wirkung, perfekt f\u00fcr kreative Aufgaben und um produktiv zu bleiben. Es sorgt au\u00dferdem f\u00fcr eine fr\u00f6hliche und gesellige Euphorie, die ideal f\u00fcr soziale Aktivit\u00e4ten ist.<\/p>\n<h4>Ist Duke Nukem wirksam bei der Linderung von Schmerzen und M\u00fcdigkeit?<\/h4>\n<p>Ja, diese <strong>Cannabissorte<\/strong> ist ideal zur Linderung chronischer Schmerzen, zur Verringerung von M\u00fcdigkeit und zur Verbesserung der Stimmung und bietet einen mentalen und k\u00f6rperlichen Boost.<\/p>\n<h4>Welche Geschm\u00e4cker und Aromen dominieren in Duke Nukem?<\/h4>\n<p>Duke Nukem bietet Zitrus- und Orangengeschmack mit tropischen Noten und einem skunkigen Orangenaroma, perfekt f\u00fcr alle, die erfrischende Geschm\u00e4cker m\u00f6gen.<\/p>\n<h3>Bestellen Sie die Sorte Duke Nukem Sativa Dominant Hybrid Strain online in Europa auf <a href=\"https:\/\/pressurezone.shop\/de\/\" target=\"_new\" rel=\"noopener\">Druckbereich<\/a><\/h3>\n<p>Sind Sie bereit, die energiespendende und fr\u00f6hliche Wirkung von <strong>Duke Nukem Sativa Dominant Hybrid Strain<\/strong>? <strong>Bestellen Sie jetzt<\/strong> auf <a href=\"https:\/\/pressurezone.shop\/de\/\" target=\"_new\" rel=\"noopener\">Druckbereich<\/a> f\u00fcr eine Erfahrung von <strong>Cannabissorte<\/strong> einzigartig und von h\u00f6chster Qualit\u00e4t, perfekt zur F\u00f6rderung von Kreativit\u00e4t und Konzentration. Mit unserem schnellen und diskreten Lieferservice genie\u00dfen Sie ein sorgenfreies Einkaufserlebnis.<\/p>\n<\/div>\n<\/div>\n<\/div>\n<\/div>\n<\/div>\n<\/div>","protected":false},"excerpt":{"rendered":"<p>Achetez la Vari\u00e9t\u00e9 Duke Nukem Sativa Dominant Hybrid Strain en Ligne en Europe sur Pressure Zone D\u00e9couvrez Duke Nukem Sativa Dominant Hybrid Strain, une vari\u00e9t\u00e9 de cannabis sativa dominante (65% sativa \/ 35% indica) issue du croisement entre une femelle Chernobyl et un m\u00e2le Chemmando. Duke Nukem est r\u00e9put\u00e9e pour ses effets stimulants et cr\u00e9atifs, [&hellip;]<\/p>","protected":false},"featured_media":3177,"comment_status":"closed","ping_status":"closed","template":"","meta":{"_uag_custom_page_level_css":"","site-sidebar-layout":"default","site-content-layout":"","ast-site-content-layout":"default","site-content-style":"default","site-sidebar-style":"default","ast-global-header-display":"","ast-banner-title-visibility":"","ast-main-header-display":"","ast-hfb-above-header-display":"","ast-hfb-below-header-display":"","ast-hfb-mobile-header-display":"","site-post-title":"","ast-breadcrumbs-content":"","ast-featured-img":"","footer-sml-layout":"","theme-transparent-header-meta":"default","adv-header-id-meta":"","stick-header-meta":"","header-above-stick-meta":"","header-main-stick-meta":"","header-below-stick-meta":"","astra-migrate-meta-layouts":"set","ast-page-background-enabled":"default","ast-page-background-meta":{"desktop":{"background-color":"","background-image":"","background-repeat":"repeat","background-position":"center center","background-size":"auto","background-attachment":"scroll","background-type":"","background-media":"","overlay-type":"","overlay-color":"","overlay-opacity":"","overlay-gradient":""},"tablet":{"background-color":"","background-image":"","background-repeat":"repeat","background-position":"center center","background-size":"auto","background-attachment":"scroll","background-type":"","background-media":"","overlay-type":"","overlay-color":"","overlay-opacity":"","overlay-gradient":""},"mobile":{"background-color":"","background-image":"","background-repeat":"repeat","background-position":"center center","background-size":"auto","background-attachment":"scroll","background-type":"","background-media":"","overlay-type":"","overlay-color":"","overlay-opacity":"","overlay-gradient":""}},"ast-content-background-meta":{"desktop":{"background-color":"var(--ast-global-color-5)","background-image":"","background-repeat":"repeat","background-position":"center center","background-size":"auto","background-attachment":"scroll","background-type":"","background-media":"","overlay-type":"","overlay-color":"","overlay-opacity":"","overlay-gradient":""},"tablet":{"background-color":"var(--ast-global-color-5)","background-image":"","background-repeat":"repeat","background-position":"center center","background-size":"auto","background-attachment":"scroll","background-type":"","background-media":"","overlay-type":"","overlay-color":"","overlay-opacity":"","overlay-gradient":""},"mobile":{"background-color":"var(--ast-global-color-5)","background-image":"","background-repeat":"repeat","background-position":"center center","background-size":"auto","background-attachment":"scroll","background-type":"","background-media":"","overlay-type":"","overlay-color":"","overlay-opacity":"","overlay-gradient":""}}},"product_brand":[],"product_cat":[28,273],"product_tag":[326],"class_list":{"0":"post-3090","1":"product","2":"type-product","3":"status-publish","4":"has-post-thumbnail","6":"product_cat-varietes-de-cannabis","7":"product_cat-varietes-de-cannabis-sativa","8":"product_tag-buy-duke-nukem-sativa-dominant-hybrid-strain-eu","9":"desktop-align-left","10":"tablet-align-left","11":"mobile-align-left","13":"first","14":"instock","15":"shipping-taxable","16":"purchasable","17":"product-type-variable"},"uagb_featured_image_src":{"full":["https:\/\/pressurezone.shop\/wp-content\/uploads\/2024\/10\/Duke-Nukem-Sativa-Dominant-Hybrid-Strain.webp",570,427,false],"thumbnail":["https:\/\/pressurezone.shop\/wp-content\/uploads\/2024\/10\/Duke-Nukem-Sativa-Dominant-Hybrid-Strain-150x150.webp",150,150,true],"medium":["https:\/\/pressurezone.shop\/wp-content\/uploads\/2024\/10\/Duke-Nukem-Sativa-Dominant-Hybrid-Strain-300x225.webp",300,225,true],"medium_large":["https:\/\/pressurezone.shop\/wp-content\/uploads\/2024\/10\/Duke-Nukem-Sativa-Dominant-Hybrid-Strain.webp",570,427,false],"large":["https:\/\/pressurezone.shop\/wp-content\/uploads\/2024\/10\/Duke-Nukem-Sativa-Dominant-Hybrid-Strain.webp",570,427,false],"1536x1536":["https:\/\/pressurezone.shop\/wp-content\/uploads\/2024\/10\/Duke-Nukem-Sativa-Dominant-Hybrid-Strain.webp",570,427,false],"2048x2048":["https:\/\/pressurezone.shop\/wp-content\/uploads\/2024\/10\/Duke-Nukem-Sativa-Dominant-Hybrid-Strain.webp",570,427,false],"trp-custom-language-flag":["https:\/\/pressurezone.shop\/wp-content\/uploads\/2024\/10\/Duke-Nukem-Sativa-Dominant-Hybrid-Strain-16x12.webp",16,12,true],"woocommerce_thumbnail":["https:\/\/pressurezone.shop\/wp-content\/uploads\/2024\/10\/Duke-Nukem-Sativa-Dominant-Hybrid-Strain-300x300.webp",300,300,true],"woocommerce_single":["https:\/\/pressurezone.shop\/wp-content\/uploads\/2024\/10\/Duke-Nukem-Sativa-Dominant-Hybrid-Strain.webp",570,427,false],"woocommerce_gallery_thumbnail":["https:\/\/pressurezone.shop\/wp-content\/uploads\/2024\/10\/Duke-Nukem-Sativa-Dominant-Hybrid-Strain-100x100.webp",100,100,true]},"uagb_author_info":{"display_name":"pressurezone.shop","author_link":"https:\/\/pressurezone.shop\/de\/author\/"},"uagb_comment_info":0,"uagb_excerpt":"Achetez la Vari\u00e9t\u00e9 Duke Nukem Sativa Dominant Hybrid Strain en Ligne en Europe sur Pressure Zone D\u00e9couvrez Duke Nukem Sativa Dominant Hybrid Strain, une vari\u00e9t\u00e9 de cannabis sativa dominante (65% sativa \/ 35% indica) issue du croisement entre une femelle Chernobyl et un m\u00e2le Chemmando. Duke Nukem est r\u00e9put\u00e9e pour ses effets stimulants et cr\u00e9atifs,&hellip;","_links":{"self":[{"href":"https:\/\/pressurezone.shop\/de\/wp-json\/wp\/v2\/product\/3090"}],"collection":[{"href":"https:\/\/pressurezone.shop\/de\/wp-json\/wp\/v2\/product"}],"about":[{"href":"https:\/\/pressurezone.shop\/de\/wp-json\/wp\/v2\/types\/product"}],"replies":[{"embeddable":true,"href":"https:\/\/pressurezone.shop\/de\/wp-json\/wp\/v2\/comments?post=3090"}],"version-history":[{"count":2,"href":"https:\/\/pressurezone.shop\/de\/wp-json\/wp\/v2\/product\/3090\/revisions"}],"predecessor-version":[{"id":3753,"href":"https:\/\/pressurezone.shop\/de\/wp-json\/wp\/v2\/product\/3090\/revisions\/3753"}],"wp:featuredmedia":[{"embeddable":true,"href":"https:\/\/pressurezone.shop\/de\/wp-json\/wp\/v2\/media\/3177"}],"wp:attachment":[{"href":"https:\/\/pressurezone.shop\/de\/wp-json\/wp\/v2\/media?parent=3090"}],"wp:term":[{"taxonomy":"product_brand","embeddable":true,"href":"https:\/\/pressurezone.shop\/de\/wp-json\/wp\/v2\/product_brand?post=3090"},{"taxonomy":"product_cat","embeddable":true,"href":"https:\/\/pressurezone.shop\/de\/wp-json\/wp\/v2\/product_cat?post=3090"},{"taxonomy":"product_tag","embeddable":true,"href":"https:\/\/pressurezone.shop\/de\/wp-json\/wp\/v2\/product_tag?post=3090"}],"curies":[{"name":"wp","href":"https:\/\/api.w.org\/{rel}","templated":true}]}}