{"id":3102,"date":"2024-10-11T00:51:01","date_gmt":"2024-10-10T22:51:01","guid":{"rendered":"https:\/\/pressurezone.shop\/?post_type=product&#038;p=3102"},"modified":"2024-11-02T21:38:18","modified_gmt":"2024-11-02T20:38:18","slug":"scout-master-strain","status":"publish","type":"product","link":"https:\/\/pressurezone.shop\/de\/product\/scout-master-strain\/","title":{"rendered":"Scout Master Strain"},"content":{"rendered":"<div class=\"flex-shrink-0 flex flex-col relative items-end\">\n<div>\n<div class=\"pt-0\">\n<div class=\"gizmo-bot-avatar flex h-8 w-8 items-center justify-center overflow-hidden rounded-full\">\n<div class=\"relative p-1 rounded-sm flex items-center justify-center bg-token-main-surface-primary text-token-text-primary h-8 w-8\"><\/div>\n<\/div>\n<\/div>\n<\/div>\n<\/div>\n<div class=\"group\/conversation-turn relative flex w-full min-w-0 flex-col agent-turn\">\n<div class=\"flex-col gap-1 md:gap-3\">\n<div class=\"flex max-w-full flex-col flex-grow\">\n<div class=\"min-h-8 text-message flex w-full flex-col items-end gap-2 whitespace-normal break-words [.text-message+&amp;]:mt-5\" dir=\"auto\" data-message-author-role=\"assistant\" data-message-id=\"b706f5af-8f4c-440c-ad43-4e02d613f316\" data-message-model-slug=\"gpt-4o\">\n<div class=\"flex w-full flex-col gap-1 empty:hidden first:pt-[3px]\">\n<div class=\"markdown prose w-full break-words dark:prose-invert light\">\n<h3><strong>Kaufen Sie die Sorte Scout Master Strain online in Europa auf <a href=\"https:\/\/pressurezone.shop\/de\/\" target=\"_new\" rel=\"noopener\">Druckbereich<\/a><\/strong><\/h3>\n<p>Entdecken Sie <strong>Scout Master Strain<\/strong>eine <strong>Cannabissorte<\/strong> sativa dominant (75% sativa \/ 25% indica) auch bekannt unter dem Namen \"Master Scout\". Entstanden aus einer Kreuzung zwischen den ber\u00fchmten <strong>Girl Scout Cookies<\/strong> und <strong>Master Kush<\/strong>Scout Master bietet ein kr\u00e4ftiges, ausgewogenes High, das perfekt f\u00fcr alle ist, die eine belebende Erfahrung suchen. Mit einem einzigartigen Geschmack nach Zitrone und Kiefer und einer anregenden Wirkung ist diese Sorte ideal f\u00fcr Momente der Konzentration und Kreativit\u00e4t.<\/p>\n<h3>Wirkungen und Vorteile von Scout Master Strain<\/h3>\n<p>Die <strong>Sorte Scout Master Strain<\/strong> ist bekannt f\u00fcr seine stimulierende Wirkung auf das Gehirn und sein energetisierendes High, das die Sinne anregt :<\/p>\n<ul>\n<li><strong>Gehirn- und Kreativeffekt<\/strong> : F\u00f6rdert die geistige Klarheit und regt die Kreativit\u00e4t an.<\/li>\n<li><strong>Energie und Konzentration<\/strong> : Perfekt f\u00fcr Aktivit\u00e4ten am Tag, bringt neue Energie und Fokus.<\/li>\n<li><strong>Leichte Entspannung<\/strong> : Bietet ein ideales Gleichgewicht zwischen k\u00f6rperlicher Entspannung und geistiger Stimulation.<\/li>\n<\/ul>\n<p>Dank seiner <strong>Hoher THC-Gehalt<\/strong>Scout Master bietet ein lang anhaltendes, beruhigendes High, das negative Gedanken ausl\u00f6scht und die Stimmung hebt, ohne die schwere Wirkung von Indicas.<\/p>\n<h3>Therapeutische Vorteile von Scout Master Strain<\/h3>\n<p>Scout Master ist auch wegen seiner medizinischen Vorteile beliebt und hilft dank seiner ausgewogenen Wirkung bei der Linderung verschiedener Symptome :<\/p>\n<ul>\n<li><strong>Abbau von Angst und Stress<\/strong> : Beruhigt den Geist und vermittelt ein Gef\u00fchl des Wohlbefindens.<\/li>\n<li><strong>Linderung von chronischen Schmerzen und \u00dcbelkeit<\/strong> : Wirkt gegen Schmerzen und Verdauungsst\u00f6rungen, insbesondere \u00dcbelkeit.<\/li>\n<li><strong>Anregung des Appetits<\/strong> : Ideal f\u00fcr diejenigen, die mit Appetitlosigkeit zu k\u00e4mpfen haben.<\/li>\n<li><strong>Hilfe bei ADD\/ADHD<\/strong> : Scout Master ist auch n\u00fctzlich, um die Konzentration zu verbessern und mit den Symptomen von ADHS umzugehen.<\/li>\n<\/ul>\n<p>Diese <strong>Cannabissorte<\/strong> ist perfekt f\u00fcr diejenigen, die einen mentalen Boost und eine beruhigende Wirkung suchen, die leicht bleibt, ohne die sedierende Wirkung einer Indica.<\/p>\n<h3>Geschmacksrichtungen und Aromen von Scout Master<\/h3>\n<p>Scout Master besticht auch durch sein reichhaltiges und komplexes Aromaprofil:<\/p>\n<ul>\n<li><strong>Geschm\u00e4cker<\/strong> : Eine Mischung aus Zitrusfr\u00fcchten und Kr\u00e4utern mit w\u00fcrzigen, holzigen und leicht s\u00fc\u00dfen Noten.<\/li>\n<li><strong>Aromen<\/strong> : Ein erdiger Duft von Zitrone mit einem Unterton von saurer Kiefer und einem Hauch von Gew\u00fcrzen, der mit jedem Zug intensiver wird<a href=\"https:\/\/fuelpackz.com\/\" target=\"_blank\" rel=\"noopener\">.<\/a><\/li>\n<\/ul>\n<p>Diese <strong>Geschm\u00e4cker und Aromen<\/strong> einzigartigen Eigenschaften machen Scout Master zu einer beliebten Sorte f\u00fcr alle, die einen frischen, holzigen Geschmack lieben.<\/p>\n<h3>Warum Scout Master Strain kaufen bei <a href=\"https:\/\/pressurezone.shop\/de\/\" target=\"_new\" rel=\"noopener\">Druckbereich<\/a>?<\/h3>\n<p>Bei <strong>Druckbereich<\/strong>Wir bieten <strong>Cannabissorten<\/strong> von hoher Qualit\u00e4t, die auf ihre Kraft und Reinheit getestet wurden. <strong>Scout Master Strain<\/strong> ist eine unserer besten Sorten wegen ihrer ausgewogenen Wirkung und ihres deutlichen Aromaprofils. Hier sind die Gr\u00fcnde f\u00fcr die Wahl von Pressure Zone :<\/p>\n<ul>\n<li><strong>H\u00f6chste Qualit\u00e4t<\/strong> Unsere Produkte werden streng getestet, um ein Premium-Erlebnis zu garantieren.<\/li>\n<li><strong>Leichte, stimulierende Wirkung<\/strong> : Perfekt f\u00fcr kreative und konzentrierte Momente.<\/li>\n<li><strong>Expert Customer Service<\/strong> : Wir stehen Ihnen zur Verf\u00fcgung, um die <strong>Cannabissorte<\/strong> die auf Ihre Bed\u00fcrfnisse zugeschnitten ist.<\/li>\n<\/ul>\n<h3>H\u00e4ufig gestellte Fragen<\/h3>\n<h4>Was sind die wichtigsten Auswirkungen von Scout Master Strain?<\/h4>\n<p>Scout Master sorgt f\u00fcr ein anregendes und kreatives High, das ideal f\u00fcr konzentrierte Momente und Tagesaktivit\u00e4ten ist. Es bietet ein perfektes Gleichgewicht zwischen Energie und Entspannung.<\/p>\n<h4>Ist Scout Master wirksam bei der Linderung von Stress und Schmerzen?<\/h4>\n<p>Ja, Scout Master wird h\u00e4ufig zum Stressabbau, zur Beruhigung von Angstzust\u00e4nden und zur Linderung chronischer Schmerzen eingesetzt.<\/p>\n<h4>Welche Geschmacksrichtungen und Aromen dominieren in Scout Master?<\/h4>\n<p>Scout Master bietet einen Geschmack von Zitrusfr\u00fcchten und Holz mit w\u00fcrzigen und s\u00fc\u00dfen Noten. Sein Aroma ist eine erdige Mischung mit einem Hauch von Kiefer und saurer Zitrone.<\/p>\n<h3>Bestellen Sie die Sorte Scout Master Strain online in Europa bei <a href=\"https:\/\/pressurezone.shop\/de\/\" target=\"_new\" rel=\"noopener\">Druckbereich<\/a><\/h3>\n<p>Sind Sie bereit, die perfekte Balance zwischen Energie und Entspannung von <strong>Scout Master Strain<\/strong>? <strong>Bestellen Sie jetzt<\/strong> auf <a href=\"https:\/\/pressurezone.shop\/de\/\" target=\"_new\" rel=\"noopener\">Druckbereich<\/a> f\u00fcr eine Erfahrung von <strong>Cannabissorte<\/strong> einzigartig und von hoher Qualit\u00e4t, ideal f\u00fcr Momente der Kreativit\u00e4t und Konzentration. Mit einer schnellen und diskreten Lieferung ist Pressure Zone Ihre Wahl f\u00fcr ein au\u00dfergew\u00f6hnliches Cannabis-Erlebnis.<\/p>\n<\/div>\n<\/div>\n<\/div>\n<\/div>\n<\/div>\n<\/div>","protected":false},"excerpt":{"rendered":"<p>Achetez la Vari\u00e9t\u00e9 Scout Master Strain en Ligne en Europe sur Pressure Zone D\u00e9couvrez Scout Master Strain, une vari\u00e9t\u00e9 de cannabis sativa dominante (75% sativa \/ 25% indica) \u00e9galement connue sous le nom de \u201cMaster Scout.\u201d Issue d\u2019un croisement entre les c\u00e9l\u00e8bres Girl Scout Cookies et Master Kush, Scout Master offre un high puissant et [&hellip;]<\/p>","protected":false},"featured_media":3181,"comment_status":"closed","ping_status":"closed","template":"","meta":{"_uag_custom_page_level_css":"","site-sidebar-layout":"default","site-content-layout":"","ast-site-content-layout":"default","site-content-style":"default","site-sidebar-style":"default","ast-global-header-display":"","ast-banner-title-visibility":"","ast-main-header-display":"","ast-hfb-above-header-display":"","ast-hfb-below-header-display":"","ast-hfb-mobile-header-display":"","site-post-title":"","ast-breadcrumbs-content":"","ast-featured-img":"","footer-sml-layout":"","theme-transparent-header-meta":"default","adv-header-id-meta":"","stick-header-meta":"","header-above-stick-meta":"","header-main-stick-meta":"","header-below-stick-meta":"","astra-migrate-meta-layouts":"set","ast-page-background-enabled":"default","ast-page-background-meta":{"desktop":{"background-color":"","background-image":"","background-repeat":"repeat","background-position":"center center","background-size":"auto","background-attachment":"scroll","background-type":"","background-media":"","overlay-type":"","overlay-color":"","overlay-opacity":"","overlay-gradient":""},"tablet":{"background-color":"","background-image":"","background-repeat":"repeat","background-position":"center center","background-size":"auto","background-attachment":"scroll","background-type":"","background-media":"","overlay-type":"","overlay-color":"","overlay-opacity":"","overlay-gradient":""},"mobile":{"background-color":"","background-image":"","background-repeat":"repeat","background-position":"center center","background-size":"auto","background-attachment":"scroll","background-type":"","background-media":"","overlay-type":"","overlay-color":"","overlay-opacity":"","overlay-gradient":""}},"ast-content-background-meta":{"desktop":{"background-color":"var(--ast-global-color-5)","background-image":"","background-repeat":"repeat","background-position":"center center","background-size":"auto","background-attachment":"scroll","background-type":"","background-media":"","overlay-type":"","overlay-color":"","overlay-opacity":"","overlay-gradient":""},"tablet":{"background-color":"var(--ast-global-color-5)","background-image":"","background-repeat":"repeat","background-position":"center center","background-size":"auto","background-attachment":"scroll","background-type":"","background-media":"","overlay-type":"","overlay-color":"","overlay-opacity":"","overlay-gradient":""},"mobile":{"background-color":"var(--ast-global-color-5)","background-image":"","background-repeat":"repeat","background-position":"center center","background-size":"auto","background-attachment":"scroll","background-type":"","background-media":"","overlay-type":"","overlay-color":"","overlay-opacity":"","overlay-gradient":""}}},"product_brand":[],"product_cat":[28,273],"product_tag":[328],"class_list":{"0":"post-3102","1":"product","2":"type-product","3":"status-publish","4":"has-post-thumbnail","6":"product_cat-varietes-de-cannabis","7":"product_cat-varietes-de-cannabis-sativa","8":"product_tag-buy-scout-master-strain-europe","9":"desktop-align-left","10":"tablet-align-left","11":"mobile-align-left","13":"first","14":"instock","15":"shipping-taxable","16":"purchasable","17":"product-type-variable"},"uagb_featured_image_src":{"full":["https:\/\/pressurezone.shop\/wp-content\/uploads\/2024\/10\/Buy-Scout-Master-Strain.webp",570,427,false],"thumbnail":["https:\/\/pressurezone.shop\/wp-content\/uploads\/2024\/10\/Buy-Scout-Master-Strain-150x150.webp",150,150,true],"medium":["https:\/\/pressurezone.shop\/wp-content\/uploads\/2024\/10\/Buy-Scout-Master-Strain-300x225.webp",300,225,true],"medium_large":["https:\/\/pressurezone.shop\/wp-content\/uploads\/2024\/10\/Buy-Scout-Master-Strain.webp",570,427,false],"large":["https:\/\/pressurezone.shop\/wp-content\/uploads\/2024\/10\/Buy-Scout-Master-Strain.webp",570,427,false],"1536x1536":["https:\/\/pressurezone.shop\/wp-content\/uploads\/2024\/10\/Buy-Scout-Master-Strain.webp",570,427,false],"2048x2048":["https:\/\/pressurezone.shop\/wp-content\/uploads\/2024\/10\/Buy-Scout-Master-Strain.webp",570,427,false],"trp-custom-language-flag":["https:\/\/pressurezone.shop\/wp-content\/uploads\/2024\/10\/Buy-Scout-Master-Strain-16x12.webp",16,12,true],"woocommerce_thumbnail":["https:\/\/pressurezone.shop\/wp-content\/uploads\/2024\/10\/Buy-Scout-Master-Strain-300x300.webp",300,300,true],"woocommerce_single":["https:\/\/pressurezone.shop\/wp-content\/uploads\/2024\/10\/Buy-Scout-Master-Strain.webp",570,427,false],"woocommerce_gallery_thumbnail":["https:\/\/pressurezone.shop\/wp-content\/uploads\/2024\/10\/Buy-Scout-Master-Strain-100x100.webp",100,100,true]},"uagb_author_info":{"display_name":"pressurezone.shop","author_link":"https:\/\/pressurezone.shop\/de\/author\/"},"uagb_comment_info":0,"uagb_excerpt":"Achetez la Vari\u00e9t\u00e9 Scout Master Strain en Ligne en Europe sur Pressure Zone D\u00e9couvrez Scout Master Strain, une vari\u00e9t\u00e9 de cannabis sativa dominante (75% sativa \/ 25% indica) \u00e9galement connue sous le nom de \u201cMaster Scout.\u201d Issue d\u2019un croisement entre les c\u00e9l\u00e8bres Girl Scout Cookies et Master Kush, Scout Master offre un high puissant et&hellip;","_links":{"self":[{"href":"https:\/\/pressurezone.shop\/de\/wp-json\/wp\/v2\/product\/3102"}],"collection":[{"href":"https:\/\/pressurezone.shop\/de\/wp-json\/wp\/v2\/product"}],"about":[{"href":"https:\/\/pressurezone.shop\/de\/wp-json\/wp\/v2\/types\/product"}],"replies":[{"embeddable":true,"href":"https:\/\/pressurezone.shop\/de\/wp-json\/wp\/v2\/comments?post=3102"}],"version-history":[{"count":4,"href":"https:\/\/pressurezone.shop\/de\/wp-json\/wp\/v2\/product\/3102\/revisions"}],"predecessor-version":[{"id":3714,"href":"https:\/\/pressurezone.shop\/de\/wp-json\/wp\/v2\/product\/3102\/revisions\/3714"}],"wp:featuredmedia":[{"embeddable":true,"href":"https:\/\/pressurezone.shop\/de\/wp-json\/wp\/v2\/media\/3181"}],"wp:attachment":[{"href":"https:\/\/pressurezone.shop\/de\/wp-json\/wp\/v2\/media?parent=3102"}],"wp:term":[{"taxonomy":"product_brand","embeddable":true,"href":"https:\/\/pressurezone.shop\/de\/wp-json\/wp\/v2\/product_brand?post=3102"},{"taxonomy":"product_cat","embeddable":true,"href":"https:\/\/pressurezone.shop\/de\/wp-json\/wp\/v2\/product_cat?post=3102"},{"taxonomy":"product_tag","embeddable":true,"href":"https:\/\/pressurezone.shop\/de\/wp-json\/wp\/v2\/product_tag?post=3102"}],"curies":[{"name":"wp","href":"https:\/\/api.w.org\/{rel}","templated":true}]}}