{"id":3105,"date":"2024-10-11T00:51:01","date_gmt":"2024-10-10T22:51:01","guid":{"rendered":"https:\/\/pressurezone.shop\/?post_type=product&#038;p=3105"},"modified":"2024-11-02T21:09:30","modified_gmt":"2024-11-02T20:09:30","slug":"blue-widow-strain-flower-hybrid","status":"publish","type":"product","link":"https:\/\/pressurezone.shop\/de\/product\/blue-widow-strain-flower-hybrid\/","title":{"rendered":"Blue Widow Strain Flower - Hybrid"},"content":{"rendered":"<div class=\"flex-shrink-0 flex flex-col relative items-end\">\n<div>\n<div class=\"pt-0\">\n<div class=\"gizmo-bot-avatar flex h-8 w-8 items-center justify-center overflow-hidden rounded-full\">\n<div class=\"relative p-1 rounded-sm flex items-center justify-center bg-token-main-surface-primary text-token-text-primary h-8 w-8\"><\/div>\n<\/div>\n<\/div>\n<\/div>\n<\/div>\n<div class=\"group\/conversation-turn relative flex w-full min-w-0 flex-col agent-turn\">\n<div class=\"flex-col gap-1 md:gap-3\">\n<div class=\"flex max-w-full flex-col flex-grow\">\n<div class=\"min-h-8 text-message flex w-full flex-col items-end gap-2 whitespace-normal break-words [.text-message+&amp;]:mt-5\" dir=\"auto\" data-message-author-role=\"assistant\" data-message-id=\"70c3ae0b-d9be-4c4a-bebe-d270896da6cd\" data-message-model-slug=\"gpt-4o\">\n<div class=\"flex w-full flex-col gap-1 empty:hidden first:pt-[3px]\">\n<div class=\"markdown prose w-full break-words dark:prose-invert light\">\n<h3><strong>Kaufen Sie die Sorte Blue Widow Strain Flower - Hybrid online auf <a href=\"https:\/\/pressurezone.shop\/de\/\" target=\"_new\" rel=\"noopener\">Druckbereich<\/a><\/strong><\/h3>\n<p>Entdecken Sie <strong>Blue Widow Strain Flower - Hybrid<\/strong>eine <strong>Cannabissorte<\/strong> Hybrid, der Kraft und fruchtige S\u00fc\u00dfe f\u00fcr ein unvergessliches Sinneserlebnis vereint. Blue Widow, die aus hochwertigen St\u00e4mmen stammt, verf\u00fchrt mit intensiven Aromen von Beeren, Kiefer und Zitrone, die durch einen bitters\u00fc\u00dfen Geschmack ausgeglichen werden, der Ihre Geschmacksnerven verw\u00f6hnen wird. Diese Sorte ist ideal f\u00fcr Konsumenten, die ein energetisches High suchen und gleichzeitig eine tiefe Entspannung genie\u00dfen wollen.<a href=\"https:\/\/fuelpackz.com\/\" target=\"_blank\" rel=\"noopener\">e.<\/a><\/p>\n<h3>Wirkung und Nutzen von Blue Widow Strain Flower - Hybrid<\/h3>\n<p>Die <strong>Sorte Blue Widow Strain Flower - Hybrid<\/strong> ist ber\u00fchmt f\u00fcr seine ausgewogenen und kraftvollen Effekte, die jede Sitzung zu einem unvergesslichen Erlebnis machen:<\/p>\n<ul>\n<li><strong>Energie und Euphorie<\/strong> : Stimuliert den Geist und verbessert die Stimmung, ideal f\u00fcr kreative oder soziale Momente.<\/li>\n<li><strong>Totale Entspannung<\/strong> : Entspannt K\u00f6rper und Geist, hilft Muskelverspannungen abzubauen und f\u00f6rdert die Erholung.<\/li>\n<li><strong>Fokus und Fr\u00f6hlichkeit<\/strong> : Vermittelt ein Gef\u00fchl sanfter Konzentration und einen fr\u00f6hlichen Gem\u00fctszustand.<\/li>\n<\/ul>\n<p>Blue Widow ist eine ausgezeichnete Wahl f\u00fcr einen produktiven Tag oder zum Entspannen am sp\u00e4ten Abend. Mit Effekten, die sowohl das Gehirn als auch den K\u00f6rper betreffen, ist diese <strong>Cannabissorte<\/strong> Hybrid ist perfekt f\u00fcr Nutzer aller Niveaus.<\/p>\n<h3>Therapeutischer Nutzen von Blue Widow Strain Flower - Hybrid<\/h3>\n<p>Dank seiner beruhigenden und energiespendenden Eigenschaften, <strong>Blue Widow<\/strong> wird oft gew\u00e4hlt, um bei der Bew\u00e4ltigung verschiedener Symptome zu helfen:<\/p>\n<ul>\n<li><strong>Linderung von chronischen Schmerzen und Arthritis<\/strong> : Reduziert anhaltende Schmerzen und lindert Muskelverspannungen.<\/li>\n<li><strong>Verbesserung der Stimmung<\/strong> Wirkung: Wirkt gegen Depressionen und Stress und f\u00f6rdert ein allgemeines Wohlbefinden.<\/li>\n<li><strong>Reduzierung von \u00dcbelkeit und Muskelkr\u00e4mpfen<\/strong> : Besonders n\u00fctzlich zur Beruhigung des Magens und zur L\u00f6sung von Kr\u00e4mpfen.<\/li>\n<li><strong>Hilfe beim Schlafen<\/strong> : Seine entspannende Wirkung hilft auch bei Schlaflosigkeit und f\u00f6rdert einen tiefen und erholsamen Schlaf.<\/li>\n<\/ul>\n<p>Diese <strong>Cannabissorte<\/strong> ist perfekt f\u00fcr diejenigen, die nach einer vielseitigen Option suchen, die ein breites Spektrum an Beschwerden lindern kann.<\/p>\n<h3>Geschm\u00e4cker und Aromen von Blue Widow<\/h3>\n<p>Blue Widow wird f\u00fcr seine reichhaltigen und ausgewogenen Aromen gesch\u00e4tzt, die es zu einem einzigartigen Geschmackserlebnis machen:<\/p>\n<ul>\n<li><strong>Geschm\u00e4cker<\/strong> : Ein fruchtig-s\u00fc\u00dfer Geschmack nach Beeren und Blaubeeren mit kr\u00e4uterigen und leicht s\u00fc\u00dflichen Untert\u00f6nen.<\/li>\n<li><strong>Aromen<\/strong> : Ein fesselnder Duft von erdigen Heidelbeeren, mit einem Hauch von S\u00fc\u00dfe und Fruchtigkeit, der an ein Beerendessert erinnert.<\/li>\n<\/ul>\n<p>Diese <strong>einzigartige Geschm\u00e4cker und Aromen<\/strong> bereichern das Erlebnis und machen Blue Widow zu einer idealen Sorte f\u00fcr alle, die einen fruchtig-s\u00fc\u00dfen Geschmack lieben.<\/p>\n<h3>Warum Blue Widow Strain Flower - Hybrid kaufen auf <a href=\"https:\/\/pressurezone.shop\/de\/\" target=\"_new\" rel=\"noopener\">Druckbereich<\/a>?<\/h3>\n<p>Bei <strong>Druckbereich<\/strong>Wir verpflichten uns, die <strong>Cannabissorten<\/strong> von h\u00f6chster Qualit\u00e4t, die sorgf\u00e4ltig auf ihre Kraft und Reinheit getestet wurden. <strong>Blue Widow Strain Flower - Hybrid<\/strong> ist eine unserer beliebtesten Sorten, die f\u00fcr ihre ausgewogene Wirkung und ihr einzigartiges Aromaprofil bekannt ist. Hier sind die Gr\u00fcnde, warum Sie bei uns kaufen sollten :<\/p>\n<ul>\n<li><strong>Garantierte Qualit\u00e4t und Reinheit<\/strong> : Unsere Produkte werden streng getestet, um ein qualitativ hochwertiges Erlebnis zu gew\u00e4hrleisten.<\/li>\n<li><strong>Ausgewogene Erfahrung<\/strong> : Perfekt f\u00fcr kreative und entspannende Momente.<\/li>\n<li><strong>Engagierter Kundenservice<\/strong> : Unser Team hilft Ihnen dabei, die <strong>Cannabissorte<\/strong> die Ihren Erwartungen am besten entspricht.<\/li>\n<\/ul>\n<h3>H\u00e4ufig gestellte Fragen<\/h3>\n<h4>Was sind die Hauptwirkungen von Blue Widow Strain Flower?<\/h4>\n<p>Blue Widow sorgt f\u00fcr eine ausgewogene Wirkung, die zerebrale Euphorie und k\u00f6rperliche Entspannung miteinander verbindet. Sie ist ideal, um die Kreativit\u00e4t anzuregen, die Stimmung zu verbessern und die Erholung zu f\u00f6rdern.<\/p>\n<h4>Ist Blue Widow f\u00fcr die Linderung von Schmerzen geeignet?<\/h4>\n<p>Ja, Blue Widow ist wirksam bei der Verringerung chronischer Schmerzen, Muskelkr\u00e4mpfen und der L\u00f6sung von Verspannungen und f\u00f6rdert einen positiven Gem\u00fctszustand.<\/p>\n<h4>Welche Aromen und Geschm\u00e4cker dominieren in Blue Widow?<\/h4>\n<p>Diese Sorte bietet einen s\u00fc\u00dfen Geschmack nach Beeren und Heidelbeeren mit erdigen und fruchtigen Aromen, die an ein Beerendessert erinnern.<\/p>\n<h3>Bestellen Sie die Sorte Blue Widow Strain Flower - Hybrid online auf <a href=\"https:\/\/pressurezone.shop\/de\/\" target=\"_new\" rel=\"noopener\">Druckbereich<\/a><\/h3>\n<p>Sind Sie bereit, die ausgewogene Wirkung und den fruchtigen Geschmack von <strong>Blue Widow Strain Flower - Hybrid<\/strong>? <strong>Bestellen Sie jetzt<\/strong> auf <a href=\"https:\/\/pressurezone.shop\/de\/\" target=\"_new\" rel=\"noopener\">Druckbereich<\/a> f\u00fcr eine Erfahrung von <strong>Cannabissorte<\/strong> au\u00dfergew\u00f6hnlichen Hybrid. Unsere Produkte in Premium-Qualit\u00e4t und unser diskreter und schneller Lieferservice garantieren Ihnen ein sorgenfreies Einkaufserlebnis.<\/p>\n<\/div>\n<\/div>\n<\/div>\n<\/div>\n<\/div>\n<\/div>","protected":false},"excerpt":{"rendered":"<p>Achetez la Vari\u00e9t\u00e9 Blue Widow Strain Flower \u2013 Hybrid en Ligne sur Pressure Zone D\u00e9couvrez Blue Widow Strain Flower \u2013 Hybrid, une vari\u00e9t\u00e9 de cannabis hybride qui combine puissance et douceur fruit\u00e9e pour une exp\u00e9rience sensorielle inoubliable. Issue de souches de haute qualit\u00e9, Blue Widow s\u00e9duit avec ses ar\u00f4mes intenses de baies, de pin et [&hellip;]<\/p>","protected":false},"featured_media":3193,"comment_status":"closed","ping_status":"closed","template":"","meta":{"_uag_custom_page_level_css":"","site-sidebar-layout":"default","site-content-layout":"","ast-site-content-layout":"default","site-content-style":"default","site-sidebar-style":"default","ast-global-header-display":"","ast-banner-title-visibility":"","ast-main-header-display":"","ast-hfb-above-header-display":"","ast-hfb-below-header-display":"","ast-hfb-mobile-header-display":"","site-post-title":"","ast-breadcrumbs-content":"","ast-featured-img":"","footer-sml-layout":"","theme-transparent-header-meta":"default","adv-header-id-meta":"","stick-header-meta":"","header-above-stick-meta":"","header-main-stick-meta":"","header-below-stick-meta":"","astra-migrate-meta-layouts":"set","ast-page-background-enabled":"default","ast-page-background-meta":{"desktop":{"background-color":"","background-image":"","background-repeat":"repeat","background-position":"center center","background-size":"auto","background-attachment":"scroll","background-type":"","background-media":"","overlay-type":"","overlay-color":"","overlay-opacity":"","overlay-gradient":""},"tablet":{"background-color":"","background-image":"","background-repeat":"repeat","background-position":"center center","background-size":"auto","background-attachment":"scroll","background-type":"","background-media":"","overlay-type":"","overlay-color":"","overlay-opacity":"","overlay-gradient":""},"mobile":{"background-color":"","background-image":"","background-repeat":"repeat","background-position":"center center","background-size":"auto","background-attachment":"scroll","background-type":"","background-media":"","overlay-type":"","overlay-color":"","overlay-opacity":"","overlay-gradient":""}},"ast-content-background-meta":{"desktop":{"background-color":"var(--ast-global-color-5)","background-image":"","background-repeat":"repeat","background-position":"center center","background-size":"auto","background-attachment":"scroll","background-type":"","background-media":"","overlay-type":"","overlay-color":"","overlay-opacity":"","overlay-gradient":""},"tablet":{"background-color":"var(--ast-global-color-5)","background-image":"","background-repeat":"repeat","background-position":"center center","background-size":"auto","background-attachment":"scroll","background-type":"","background-media":"","overlay-type":"","overlay-color":"","overlay-opacity":"","overlay-gradient":""},"mobile":{"background-color":"var(--ast-global-color-5)","background-image":"","background-repeat":"repeat","background-position":"center center","background-size":"auto","background-attachment":"scroll","background-type":"","background-media":"","overlay-type":"","overlay-color":"","overlay-opacity":"","overlay-gradient":""}}},"product_brand":[],"product_cat":[28,277],"product_tag":[331],"class_list":{"0":"post-3105","1":"product","2":"type-product","3":"status-publish","4":"has-post-thumbnail","6":"product_cat-varietes-de-cannabis","7":"product_cat-varietes-de-cannabis-hybrides","8":"product_tag-buy-blue-widow-strain-flower-hybrid-online-europe","9":"desktop-align-left","10":"tablet-align-left","11":"mobile-align-left","13":"first","14":"instock","15":"shipping-taxable","16":"purchasable","17":"product-type-variable"},"uagb_featured_image_src":{"full":["https:\/\/pressurezone.shop\/wp-content\/uploads\/2024\/10\/Blue-Widow-Strain-Flower-\u2013-Hybrid.webp",2560,1707,false],"thumbnail":["https:\/\/pressurezone.shop\/wp-content\/uploads\/2024\/10\/Blue-Widow-Strain-Flower-\u2013-Hybrid-150x150.webp",150,150,true],"medium":["https:\/\/pressurezone.shop\/wp-content\/uploads\/2024\/10\/Blue-Widow-Strain-Flower-\u2013-Hybrid-300x200.webp",300,200,true],"medium_large":["https:\/\/pressurezone.shop\/wp-content\/uploads\/2024\/10\/Blue-Widow-Strain-Flower-\u2013-Hybrid-768x512.webp",768,512,true],"large":["https:\/\/pressurezone.shop\/wp-content\/uploads\/2024\/10\/Blue-Widow-Strain-Flower-\u2013-Hybrid-1024x683.webp",1024,683,true],"1536x1536":["https:\/\/pressurezone.shop\/wp-content\/uploads\/2024\/10\/Blue-Widow-Strain-Flower-\u2013-Hybrid-1536x1024.webp",1536,1024,true],"2048x2048":["https:\/\/pressurezone.shop\/wp-content\/uploads\/2024\/10\/Blue-Widow-Strain-Flower-\u2013-Hybrid-2048x1366.webp",2048,1366,true],"trp-custom-language-flag":["https:\/\/pressurezone.shop\/wp-content\/uploads\/2024\/10\/Blue-Widow-Strain-Flower-\u2013-Hybrid-18x12.webp",18,12,true],"woocommerce_thumbnail":["https:\/\/pressurezone.shop\/wp-content\/uploads\/2024\/10\/Blue-Widow-Strain-Flower-\u2013-Hybrid-300x300.webp",300,300,true],"woocommerce_single":["https:\/\/pressurezone.shop\/wp-content\/uploads\/2024\/10\/Blue-Widow-Strain-Flower-\u2013-Hybrid-600x400.webp",600,400,true],"woocommerce_gallery_thumbnail":["https:\/\/pressurezone.shop\/wp-content\/uploads\/2024\/10\/Blue-Widow-Strain-Flower-\u2013-Hybrid-100x100.webp",100,100,true]},"uagb_author_info":{"display_name":"pressurezone.shop","author_link":"https:\/\/pressurezone.shop\/de\/author\/"},"uagb_comment_info":0,"uagb_excerpt":"Achetez la Vari\u00e9t\u00e9 Blue Widow Strain Flower \u2013 Hybrid en Ligne sur Pressure Zone D\u00e9couvrez Blue Widow Strain Flower \u2013 Hybrid, une vari\u00e9t\u00e9 de cannabis hybride qui combine puissance et douceur fruit\u00e9e pour une exp\u00e9rience sensorielle inoubliable. Issue de souches de haute qualit\u00e9, Blue Widow s\u00e9duit avec ses ar\u00f4mes intenses de baies, de pin et&hellip;","_links":{"self":[{"href":"https:\/\/pressurezone.shop\/de\/wp-json\/wp\/v2\/product\/3105"}],"collection":[{"href":"https:\/\/pressurezone.shop\/de\/wp-json\/wp\/v2\/product"}],"about":[{"href":"https:\/\/pressurezone.shop\/de\/wp-json\/wp\/v2\/types\/product"}],"replies":[{"embeddable":true,"href":"https:\/\/pressurezone.shop\/de\/wp-json\/wp\/v2\/comments?post=3105"}],"version-history":[{"count":3,"href":"https:\/\/pressurezone.shop\/de\/wp-json\/wp\/v2\/product\/3105\/revisions"}],"predecessor-version":[{"id":3673,"href":"https:\/\/pressurezone.shop\/de\/wp-json\/wp\/v2\/product\/3105\/revisions\/3673"}],"wp:featuredmedia":[{"embeddable":true,"href":"https:\/\/pressurezone.shop\/de\/wp-json\/wp\/v2\/media\/3193"}],"wp:attachment":[{"href":"https:\/\/pressurezone.shop\/de\/wp-json\/wp\/v2\/media?parent=3105"}],"wp:term":[{"taxonomy":"product_brand","embeddable":true,"href":"https:\/\/pressurezone.shop\/de\/wp-json\/wp\/v2\/product_brand?post=3105"},{"taxonomy":"product_cat","embeddable":true,"href":"https:\/\/pressurezone.shop\/de\/wp-json\/wp\/v2\/product_cat?post=3105"},{"taxonomy":"product_tag","embeddable":true,"href":"https:\/\/pressurezone.shop\/de\/wp-json\/wp\/v2\/product_tag?post=3105"}],"curies":[{"name":"wp","href":"https:\/\/api.w.org\/{rel}","templated":true}]}}