{"id":3122,"date":"2024-10-11T00:51:48","date_gmt":"2024-10-10T22:51:48","guid":{"rendered":"https:\/\/pressurezone.shop\/?post_type=product&#038;p=3122"},"modified":"2024-11-17T02:43:16","modified_gmt":"2024-11-17T01:43:16","slug":"huile-cbd-full-spectrum","status":"publish","type":"product","link":"https:\/\/pressurezone.shop\/de\/product\/cbd-ol-full-spectrum\/","title":{"rendered":"CBD-\u00d6l Full Spectrum"},"content":{"rendered":"<div class=\"flex-shrink-0 flex flex-col relative items-end\">\n<div>\n<div class=\"pt-0\">\n<div class=\"gizmo-bot-avatar flex h-8 w-8 items-center justify-center overflow-hidden rounded-full\">\n<div class=\"relative p-1 rounded-sm flex items-center justify-center bg-token-main-surface-primary text-token-text-primary h-8 w-8\"><\/div>\n<\/div>\n<\/div>\n<\/div>\n<\/div>\n<div class=\"group\/conversation-turn relative flex w-full min-w-0 flex-col agent-turn\">\n<div class=\"flex-col gap-1 md:gap-3\">\n<div class=\"flex max-w-full flex-col flex-grow\">\n<div class=\"min-h-8 text-message flex w-full flex-col items-end gap-2 whitespace-normal break-words [.text-message+&amp;]:mt-5\" dir=\"auto\" data-message-author-role=\"assistant\" data-message-id=\"98ec086b-188b-461b-9635-b7e503ba5c5b\" data-message-model-slug=\"gpt-4o\">\n<div class=\"flex w-full flex-col gap-1 empty:hidden first:pt-[3px]\">\n<div class=\"markdown prose w-full break-words dark:prose-invert light\">\n<h3><strong>Kaufen Sie Viridesco Full Spectrum CBD Oil online in Europa<\/strong><\/h3>\n<p>Entdecken Sie die unvergleichlichen Wohltaten der<strong>CBD-\u00d6l Viridesco Full Spectrum<\/strong>Ein hochwertiges Cannabis\u00f6l, das aus im Gew\u00e4chshaus gez\u00fcchteten Hanfbl\u00fcten gewonnen wird. Diese <strong>CBD-\u00d6l<\/strong> roh, unverarbeitet und biologisch, bietet eine vielseitige L\u00f6sung f\u00fcr den essbaren, rauchbaren und topischen Gebrauch. Sie ist ideal f\u00fcr medizinische Cannabisanwender und weithin f\u00fcr ihre heilenden Eigenschaften und einfache Anwendung bekannt.<a href=\"https:\/\/fuelpackz.com\/\" target=\"_blank\" rel=\"noopener\">.<\/a><\/p>\n<hr \/>\n<h3><strong>Was ist Viridesco Full Spectrum CBD Oil?<\/strong><\/h3>\n<p>Viridesco Full Spectrum CBD-\u00d6l ist ein <strong>hochkonzentrierter Cannabisextrakt<\/strong> entwickelt, um alle in Hanf vorkommenden Cannabinoide zu bieten. Wird oft als <strong>Rick Simpson Oil (RSO)<\/strong> oder <strong>Phoenix Tears<\/strong>Dieses \u00d6l ist eine vertrauensw\u00fcrdige Wahl f\u00fcr diejenigen, die nach nat\u00fcrlicher Linderung bei verschiedenen Beschwerden suchen.<\/p>\n<hr \/>\n<h3><strong>Produktdetails<\/strong><\/h3>\n<ul>\n<li><strong>Inhalt<\/strong> : 1 x Viridesco-\u00d6lspritze<\/li>\n<li><strong>CBD-Gehalt<\/strong> : 54,5 % &#8211; 60,7 %<\/li>\n<li><strong>Verf\u00fcgbare Gr\u00f6\u00dfen<\/strong> : von 1 mL bis 10 mL<\/li>\n<li><strong>Verpackung<\/strong> : Wird im revolution\u00e4ren Patron Eos-Dispenser f\u00fcr eine pr\u00e4zise Dosierung bis zu 0,01 mL geliefert.<\/li>\n<\/ul>\n<hr \/>\n<h3><strong>Haupteigenschaften von Viridesco Full Spectrum CBD-\u00d6l<\/strong><\/h3>\n<ol>\n<li><strong>Biologisch und roh<\/strong> : Extrahiert aus im Gew\u00e4chshaus angebauten Hanfbl\u00fcten, ohne Zusatz- oder Konservierungsstoffe.<\/li>\n<li><strong>Vielseitige Verwendung<\/strong> : Kann oral eingenommen, geraucht oder auf die Haut aufgetragen werden.<\/li>\n<li><strong>Medizinische Vorteile<\/strong> : Anerkannt zur Schmerzlinderung, Entz\u00fcndungshemmung, Stressbew\u00e4ltigung und vielem mehr.<\/li>\n<li><strong>Fortgeschrittene Konditionierung<\/strong> Der Patron Eos-Dispenser garantiert h\u00f6chste Genauigkeit und erleichtert Ihnen die Kontrolle \u00fcber Ihre Dosierung.<\/li>\n<\/ol>\n<hr \/>\n<h3><strong>Warum sollte man sich f\u00fcr Viridesco CBD-\u00d6l entscheiden?<\/strong><\/h3>\n<p>Viridesco Full Spectrum CBD-\u00d6l bietet eine nat\u00fcrliche und <strong>vollst\u00e4ndige Heilung<\/strong> f\u00fcr diejenigen, die nach einer pflanzlichen Alternative suchen. Sie enth\u00e4lt ein ausgewogenes Profil von Cannabinoiden, die synergistisch wirken und so ihre therapeutischen Wirkungen verst\u00e4rken.<\/p>\n<hr \/>\n<h3><strong>Vorteile von CBD-\u00d6l Full Spectrum<\/strong><\/h3>\n<ul>\n<li><strong>Linderung von Schmerzen<\/strong> : Lindert chronische Schmerzen, Arthritis und Muskelkater.<\/li>\n<li><strong>Entz\u00fcndungshemmend<\/strong> : Reduziert Entz\u00fcndungen und verschafft so Linderung bei Zust\u00e4nden wie IBS und Gelenkschmerzen.<\/li>\n<li><strong>Umgang mit Stress und \u00c4ngsten<\/strong> : Beruhigt den Geist und hilft, Stimmungsschwankungen zu regulieren.<\/li>\n<li><strong>F\u00f6rdert den Schlaf<\/strong> : Ideal f\u00fcr Menschen, die unter Schlaflosigkeit oder Schlafst\u00f6rungen leiden.<\/li>\n<li><strong>Gesundheit der Haut<\/strong> : Kann lokal aufgetragen werden, um Hautzust\u00e4nde wie Ekzeme und Akne zu verbessern.<\/li>\n<\/ul>\n<hr \/>\n<h3><strong>Wie man Viridesco Full Spectrum CBD-\u00d6l verwendet<\/strong><\/h3>\n<ol>\n<li><strong>Orale Einnahme<\/strong> : Legen Sie die gew\u00fcnschte Dosis unter Ihre Zunge und halten Sie sie dort 30 Sekunden lang, bevor Sie schlucken.<\/li>\n<li><strong>geraucht oder verdampft<\/strong> : F\u00fcgen Sie das \u00d6l Ihrem bevorzugten Rauch- oder Verdampfungsger\u00e4t hinzu, um eine schnelle Linderung zu erzielen.<\/li>\n<li><strong>Topische Anwendung<\/strong> : Tragen Sie eine kleine Menge direkt auf die Haut auf, um eine lokale Linderung zu erzielen.<\/li>\n<\/ol>\n<hr \/>\n<h3><strong>Empfohlene Dosierung<\/strong><\/h3>\n<p>Beginnen Sie mit einer kleinen Dosis (in der Gr\u00f6\u00dfe eines Reiskorns) und steigern Sie sie bei Bedarf schrittweise. F\u00fcr optimale Ergebnisse passen Sie die Dosis an Ihr Gewicht und den Schweregrad Ihres Zustands an.<\/p>\n<hr \/>\n<h3><strong>Warum bei Pressure Zone kaufen?<\/strong><\/h3>\n<p>Bei <strong><a href=\"https:\/\/pressurezone.shop\/de\/\" target=\"_new\" rel=\"noopener\">PressureZone.Shop<\/a><\/strong>Wir haben uns dazu verpflichtet, Premium-Cannabisprodukte anzubieten, einschlie\u00dflich der<strong>CBD-\u00d6l Viridesco Full Spectrum<\/strong>. Alle unsere Produkte werden im Labor getestet, um Sicherheit, Best\u00e4ndigkeit und Wirksamkeit zu gew\u00e4hrleisten und Ihnen das Vertrauen zu geben, das Sie brauchen, um Ihre Cannabis-Erfahrung in vollen Z\u00fcgen zu genie\u00dfen.<\/p>\n<hr \/>\n<h3><strong>Bestellen Sie noch heute das Viridesco Full Spectrum CBD \u00d6l!<\/strong><\/h3>\n<p>Entdecken Sie die nat\u00fcrlichen Vorteile von \"L'Or\u00e9al\".<strong>CBD-\u00d6l Full Spectrum<\/strong>. Kaufen Sie jetzt auf <strong><a href=\"https:\/\/pressurezone.shop\/de\/\" target=\"_new\" rel=\"noopener\">PressureZone.Shop<\/a><\/strong> f\u00fcr eine schnelle Lieferung in ganz Europa und eine un\u00fcbertroffene Qualit\u00e4t.<\/p>\n<\/div>\n<\/div>\n<\/div>\n<\/div>\n<\/div>\n<\/div>","protected":false},"excerpt":{"rendered":"<p>Achetez Viridesco Full Spectrum CBD Oil en ligne en Europe D\u00e9couvrez les bienfaits incomparables de l&rsquo;huile CBD Viridesco Full Spectrum, une huile de cannabis de qualit\u00e9 sup\u00e9rieure extraite de fleurs de chanvre cultiv\u00e9es en serre. Cette huile de CBD brute, non transform\u00e9e et biologique, offre une solution polyvalente pour une utilisation comestible, fumable et topique. [&hellip;]<\/p>","protected":false},"featured_media":3208,"comment_status":"closed","ping_status":"closed","template":"","meta":{"_uag_custom_page_level_css":"","site-sidebar-layout":"default","site-content-layout":"","ast-site-content-layout":"default","site-content-style":"default","site-sidebar-style":"default","ast-global-header-display":"","ast-banner-title-visibility":"","ast-main-header-display":"","ast-hfb-above-header-display":"","ast-hfb-below-header-display":"","ast-hfb-mobile-header-display":"","site-post-title":"","ast-breadcrumbs-content":"","ast-featured-img":"","footer-sml-layout":"","theme-transparent-header-meta":"default","adv-header-id-meta":"","stick-header-meta":"","header-above-stick-meta":"","header-main-stick-meta":"","header-below-stick-meta":"","astra-migrate-meta-layouts":"set","ast-page-background-enabled":"default","ast-page-background-meta":{"desktop":{"background-color":"","background-image":"","background-repeat":"repeat","background-position":"center center","background-size":"auto","background-attachment":"scroll","background-type":"","background-media":"","overlay-type":"","overlay-color":"","overlay-opacity":"","overlay-gradient":""},"tablet":{"background-color":"","background-image":"","background-repeat":"repeat","background-position":"center center","background-size":"auto","background-attachment":"scroll","background-type":"","background-media":"","overlay-type":"","overlay-color":"","overlay-opacity":"","overlay-gradient":""},"mobile":{"background-color":"","background-image":"","background-repeat":"repeat","background-position":"center center","background-size":"auto","background-attachment":"scroll","background-type":"","background-media":"","overlay-type":"","overlay-color":"","overlay-opacity":"","overlay-gradient":""}},"ast-content-background-meta":{"desktop":{"background-color":"var(--ast-global-color-5)","background-image":"","background-repeat":"repeat","background-position":"center center","background-size":"auto","background-attachment":"scroll","background-type":"","background-media":"","overlay-type":"","overlay-color":"","overlay-opacity":"","overlay-gradient":""},"tablet":{"background-color":"var(--ast-global-color-5)","background-image":"","background-repeat":"repeat","background-position":"center center","background-size":"auto","background-attachment":"scroll","background-type":"","background-media":"","overlay-type":"","overlay-color":"","overlay-opacity":"","overlay-gradient":""},"mobile":{"background-color":"var(--ast-global-color-5)","background-image":"","background-repeat":"repeat","background-position":"center center","background-size":"auto","background-attachment":"scroll","background-type":"","background-media":"","overlay-type":"","overlay-color":"","overlay-opacity":"","overlay-gradient":""}}},"product_brand":[],"product_cat":[334,335],"product_tag":[345],"class_list":{"0":"post-3122","1":"product","2":"type-product","3":"status-publish","4":"has-post-thumbnail","6":"product_cat-concentres-de-marijuana","7":"product_cat-achetez-phoenix-tears-en-ligne","8":"product_tag-buy-viridesco-full-spectrum-cbd-oil-online-europe","9":"desktop-align-left","10":"tablet-align-left","11":"mobile-align-left","13":"first","14":"instock","15":"shipping-taxable","16":"purchasable","17":"product-type-simple"},"uagb_featured_image_src":{"full":["https:\/\/pressurezone.shop\/wp-content\/uploads\/2024\/10\/Viridesco-Full-Spectrum-CBD-Oil.jpg",768,768,false],"thumbnail":["https:\/\/pressurezone.shop\/wp-content\/uploads\/2024\/10\/Viridesco-Full-Spectrum-CBD-Oil-150x150.jpg",150,150,true],"medium":["https:\/\/pressurezone.shop\/wp-content\/uploads\/2024\/10\/Viridesco-Full-Spectrum-CBD-Oil-300x300.jpg",300,300,true],"medium_large":["https:\/\/pressurezone.shop\/wp-content\/uploads\/2024\/10\/Viridesco-Full-Spectrum-CBD-Oil.jpg",768,768,false],"large":["https:\/\/pressurezone.shop\/wp-content\/uploads\/2024\/10\/Viridesco-Full-Spectrum-CBD-Oil.jpg",768,768,false],"1536x1536":["https:\/\/pressurezone.shop\/wp-content\/uploads\/2024\/10\/Viridesco-Full-Spectrum-CBD-Oil.jpg",768,768,false],"2048x2048":["https:\/\/pressurezone.shop\/wp-content\/uploads\/2024\/10\/Viridesco-Full-Spectrum-CBD-Oil.jpg",768,768,false],"trp-custom-language-flag":["https:\/\/pressurezone.shop\/wp-content\/uploads\/2024\/10\/Viridesco-Full-Spectrum-CBD-Oil-12x12.jpg",12,12,true],"woocommerce_thumbnail":["https:\/\/pressurezone.shop\/wp-content\/uploads\/2024\/10\/Viridesco-Full-Spectrum-CBD-Oil-300x300.jpg",300,300,true],"woocommerce_single":["https:\/\/pressurezone.shop\/wp-content\/uploads\/2024\/10\/Viridesco-Full-Spectrum-CBD-Oil-600x600.jpg",600,600,true],"woocommerce_gallery_thumbnail":["https:\/\/pressurezone.shop\/wp-content\/uploads\/2024\/10\/Viridesco-Full-Spectrum-CBD-Oil-100x100.jpg",100,100,true]},"uagb_author_info":{"display_name":"pressurezone.shop","author_link":"https:\/\/pressurezone.shop\/de\/author\/"},"uagb_comment_info":0,"uagb_excerpt":"Achetez Viridesco Full Spectrum CBD Oil en ligne en Europe D\u00e9couvrez les bienfaits incomparables de l&rsquo;huile CBD Viridesco Full Spectrum, une huile de cannabis de qualit\u00e9 sup\u00e9rieure extraite de fleurs de chanvre cultiv\u00e9es en serre. Cette huile de CBD brute, non transform\u00e9e et biologique, offre une solution polyvalente pour une utilisation comestible, fumable et topique.&hellip;","_links":{"self":[{"href":"https:\/\/pressurezone.shop\/de\/wp-json\/wp\/v2\/product\/3122"}],"collection":[{"href":"https:\/\/pressurezone.shop\/de\/wp-json\/wp\/v2\/product"}],"about":[{"href":"https:\/\/pressurezone.shop\/de\/wp-json\/wp\/v2\/types\/product"}],"replies":[{"embeddable":true,"href":"https:\/\/pressurezone.shop\/de\/wp-json\/wp\/v2\/comments?post=3122"}],"version-history":[{"count":3,"href":"https:\/\/pressurezone.shop\/de\/wp-json\/wp\/v2\/product\/3122\/revisions"}],"predecessor-version":[{"id":4656,"href":"https:\/\/pressurezone.shop\/de\/wp-json\/wp\/v2\/product\/3122\/revisions\/4656"}],"wp:featuredmedia":[{"embeddable":true,"href":"https:\/\/pressurezone.shop\/de\/wp-json\/wp\/v2\/media\/3208"}],"wp:attachment":[{"href":"https:\/\/pressurezone.shop\/de\/wp-json\/wp\/v2\/media?parent=3122"}],"wp:term":[{"taxonomy":"product_brand","embeddable":true,"href":"https:\/\/pressurezone.shop\/de\/wp-json\/wp\/v2\/product_brand?post=3122"},{"taxonomy":"product_cat","embeddable":true,"href":"https:\/\/pressurezone.shop\/de\/wp-json\/wp\/v2\/product_cat?post=3122"},{"taxonomy":"product_tag","embeddable":true,"href":"https:\/\/pressurezone.shop\/de\/wp-json\/wp\/v2\/product_tag?post=3122"}],"curies":[{"name":"wp","href":"https:\/\/api.w.org\/{rel}","templated":true}]}}