{"id":3132,"date":"2024-10-11T00:52:15","date_gmt":"2024-10-10T22:52:15","guid":{"rendered":"https:\/\/pressurezone.shop\/?post_type=product&#038;p=3132"},"modified":"2024-11-17T01:13:03","modified_gmt":"2024-11-17T00:13:03","slug":"house-brand-phoenix-tears-1ml","status":"publish","type":"product","link":"https:\/\/pressurezone.shop\/de\/product\/house-brand-phoenix-tears-1ml\/","title":{"rendered":"House Brand - Phoenix Tears (1ml)"},"content":{"rendered":"<div class=\"flex-shrink-0 flex flex-col relative items-end\">\n<div>\n<div class=\"pt-0\">\n<div class=\"gizmo-bot-avatar flex h-8 w-8 items-center justify-center overflow-hidden rounded-full\">\n<div class=\"relative p-1 rounded-sm flex items-center justify-center bg-token-main-surface-primary text-token-text-primary h-8 w-8\"><\/div>\n<\/div>\n<\/div>\n<\/div>\n<\/div>\n<div class=\"group\/conversation-turn relative flex w-full min-w-0 flex-col agent-turn\">\n<div class=\"flex-col gap-1 md:gap-3\">\n<div class=\"flex max-w-full flex-col flex-grow\">\n<div class=\"min-h-8 text-message flex w-full flex-col items-end gap-2 whitespace-normal break-words [.text-message+&amp;]:mt-5\" dir=\"auto\" data-message-author-role=\"assistant\" data-message-id=\"ba1973de-84c5-4b14-8f6a-d1a6067bc269\" data-message-model-slug=\"gpt-4o\">\n<div class=\"flex w-full flex-col gap-1 empty:hidden first:pt-[3px]\">\n<div class=\"markdown prose w-full break-words dark:prose-invert light\">\n<h3><strong>Kaufen Sie Phoenix Tears - House Brand (1ml) online in Europa<\/strong><\/h3>\n<p>Entdecken Sie die <strong>Phoenix Tears - House Brand (1ml)<\/strong>ist ein hochwertiger Cannabisextrakt, der Vollspektrum-THC (Tetrahydrocannabinol) enth\u00e4lt. Speziell f\u00fcr die Schmerzbehandlung entwickelt, wird dieses Produkt aus Bl\u00fcten hergestellt <strong>indica<\/strong> und enth\u00e4lt keine Zusatzstoffe, sondern nur einen reinen Extrakt. Jede Charge ist <strong>im Labor getestet<\/strong> zur Gew\u00e4hrleistung von Qualit\u00e4t und Konsistenz, die eine zuverl\u00e4ssige L\u00f6sung f\u00fcr den therapeutischen Gebrauch bietet<a href=\"https:\/\/fuelpackz.com\/\" target=\"_blank\" rel=\"noopener\">.<\/a><\/p>\n<hr \/>\n<h3><strong>Eigenschaften und Details des Produkts<\/strong><\/h3>\n<ul>\n<li><strong>Gr\u00f6\u00dfe der Portion<\/strong> : 1ml<\/li>\n<li><strong>Portionen pro Beh\u00e4lter<\/strong> : 10<\/li>\n<li><strong>THC-Menge pro Portion<\/strong> : 100mg THC<\/li>\n<li><strong>THC Gesamt<\/strong> : 1000mg THC pro Spritze<\/li>\n<li><strong>Zutaten<\/strong> : Cannabis-Extrakt mit vollem Spektrum<\/li>\n<li><strong>Geschmack<\/strong> : Neutral, ohne Zusatz von Aromen<\/li>\n<\/ul>\n<p><strong>Was macht Phoenix Tears einzigartig?<\/strong><br \/>\nDie Phoenix Tears sind ein <strong>vielseitiger, hochkonzentrierter Cannabisextrakt<\/strong> das f\u00fcr seine au\u00dfergew\u00f6hnlichen medizinischen Eigenschaften bekannt ist. Ideal zur Behandlung von Schmerzen, Entz\u00fcndungen und chronischen Krankheiten wie Krebs, Epilepsie oder Multipler Sklerose, bietet dieses Produkt zuverl\u00e4ssige und konsistente Ergebnisse.<\/p>\n<hr \/>\n<h3><strong>Was sind Phoenix Tears?<\/strong><\/h3>\n<p>Auch bekannt als <strong>Rick Simpson Oil (RSO)<\/strong>Phoenix Tears ist ein hochkonzentriertes Cannabis\u00f6l, das traditionell oral eingenommen wird. Ihre medizinischen Vorteile umfassen :<\/p>\n<ul>\n<li><strong>Schmerzlinderung<\/strong> : Lindert chronische und akute Schmerzen.<\/li>\n<li><strong>Entz\u00fcndungshemmende Wirkung<\/strong> : Reduziert Schwellungen und Reizungen.<\/li>\n<li><strong>Verwaltung von Krankheiten<\/strong> : Wirksam bei Erkrankungen wie Multipler Sklerose, Epilepsie und Krebs.<\/li>\n<\/ul>\n<p>Dieses Format ist einfach zu verwenden und erm\u00f6glicht eine genaue Anpassung der Dosierung an Ihre Bed\u00fcrfnisse.<\/p>\n<hr \/>\n<h3><strong>Wie man Phoenix Tears konsumiert<\/strong><\/h3>\n<ol>\n<li><strong>Beginnen Sie mit einer Kleinen Dosis<\/strong> :\n<ul>\n<li>Phoenix Tears sind sehr stark. Beginnen Sie mit einer Dosis in der Gr\u00f6\u00dfe eines <strong>Reiskorn<\/strong>.<\/li>\n<li>Erh\u00f6hen Sie die Dosis nach und nach entsprechend Ihren Bed\u00fcrfnissen.<\/li>\n<\/ul>\n<\/li>\n<li><strong>Platzieren Sie Unter der Sprache<\/strong> :\n<ul>\n<li>Verwenden Sie einen Zahnstocher oder ein kleines Werkzeug, um das \u00d6l zu platzieren. <strong>unter deiner Zunge<\/strong>.<\/li>\n<li>Halten Sie sie f\u00fcr <strong>30 Sekunden bis 1 Minute<\/strong> f\u00fcr eine optimale Absorption.<\/li>\n<\/ul>\n<\/li>\n<li><strong>Schlucken Sie das \u00d6l<\/strong> :\n<ul>\n<li>Wenn Ihnen der Geschmack nicht zusagt, k\u00f6nnen Sie es in ein Getr\u00e4nk mischen oder in Speisen einr\u00fchren.<\/li>\n<\/ul>\n<\/li>\n<li><strong>Wiederholen Sie bei Bedarf<\/strong> :\n<ul>\n<li>Je nach Vertr\u00e4glichkeit und gew\u00fcnschter Wirkung wiederholen Sie die Dosis mehrmals t\u00e4glich.<\/li>\n<\/ul>\n<\/li>\n<\/ol>\n<hr \/>\n<h3><strong>Warum sollten Sie sich f\u00fcr die Phoenix Tears von House Brand entscheiden?<\/strong><\/h3>\n<ul>\n<li><strong>Extrakt mit vollem Spektrum<\/strong> : Bewahrt alle Cannabinoide und Terpene f\u00fcr eine verbesserte therapeutische Wirkung.<\/li>\n<li><strong>Im Labor getestet<\/strong> : Garantierte Qualit\u00e4t und Leistung.<\/li>\n<li><strong>Formel auf Indica-Basis<\/strong> : Ideal zur Schmerzbew\u00e4ltigung und Entspannung.<\/li>\n<li><strong>Einfach zu verwenden<\/strong> : Verpackt in <strong>praktische Spritze<\/strong> f\u00fcr eine genaue Dosierung.<\/li>\n<\/ul>\n<hr \/>\n<h3><strong>Medizinische Vorteile<\/strong><\/h3>\n<p>Phoenix Tears sind weithin bekannt f\u00fcr ihre F\u00e4higkeit, verschiedene Gesundheitsprobleme zu behandeln, darunter :<\/p>\n<ul>\n<li><strong>Schmerzen und Entz\u00fcndungen<\/strong> : Lindert Beschwerden und reduziert Schwellungen.<\/li>\n<li><strong>Chronische Krankheiten<\/strong> : Hilft bei der Bew\u00e4ltigung der Symptome von Krebs, Epilepsie und Multipler Sklerose.<\/li>\n<li><strong>Mentale Gesundheit<\/strong> : F\u00f6rdert die Entspannung und reduziert Stress oder Angstzust\u00e4nde.<\/li>\n<li><strong>Schlafst\u00f6rungen<\/strong> : F\u00f6rdert einen erholsamen Schlaf, ideal f\u00fcr den n\u00e4chtlichen Gebrauch.<\/li>\n<\/ul>\n<hr \/>\n<h3><strong>Phoenix Tears House Brand heute online bestellen<\/strong><\/h3>\n<p>Entdecken Sie die Vorteile von <strong>Phoenix Tears - House Brand<\/strong> und schlie\u00dfen Sie sich den vielen Anwendern an, die mit diesem starken Cannabisextrakt Linderung gefunden haben. Egal, ob Sie Anf\u00e4nger oder erfahrener Nutzer sind, dieses Produkt ist f\u00fcr den therapeutischen und medizinischen Gebrauch unumg\u00e4nglich.<\/p>\n<p>Besuchen Sie <strong><a href=\"https:\/\/pressurezone.shop\/de\/\" target=\"_new\" rel=\"noopener\">PressureZone.Shop<\/a><\/strong> f\u00fcr <strong><a href=\"https:\/\/pressurezone.shop\/de\/\" target=\"_new\" rel=\"noopener\">wo kann ich Phoenix Tears kaufen?<\/a><\/strong> noch heute und genie\u00dfen Sie einen hochwertigen Cannabisextrakt, der genau auf Ihre Bed\u00fcrfnisse zugeschnitten ist.<\/p>\n<\/div>\n<\/div>\n<\/div>\n<\/div>\n<\/div>\n<\/div>","protected":false},"excerpt":{"rendered":"<p>Acheter Phoenix Tears \u2013 House Brand (1ml) en ligne en Europe D\u00e9couvrez les Phoenix Tears \u2013 House Brand (1ml), un extrait de cannabis de qualit\u00e9 sup\u00e9rieure contenant du THC (t\u00e9trahydrocannabinol) \u00e0 spectre complet. Con\u00e7u sp\u00e9cifiquement pour la gestion de la douleur, ce produit est \u00e9labor\u00e9 \u00e0 partir de fleurs indica et ne contient aucun additif, [&hellip;]<\/p>","protected":false},"featured_media":3223,"comment_status":"closed","ping_status":"closed","template":"","meta":{"_uag_custom_page_level_css":"","site-sidebar-layout":"default","site-content-layout":"","ast-site-content-layout":"default","site-content-style":"default","site-sidebar-style":"default","ast-global-header-display":"","ast-banner-title-visibility":"","ast-main-header-display":"","ast-hfb-above-header-display":"","ast-hfb-below-header-display":"","ast-hfb-mobile-header-display":"","site-post-title":"","ast-breadcrumbs-content":"","ast-featured-img":"","footer-sml-layout":"","theme-transparent-header-meta":"default","adv-header-id-meta":"","stick-header-meta":"","header-above-stick-meta":"","header-main-stick-meta":"","header-below-stick-meta":"","astra-migrate-meta-layouts":"set","ast-page-background-enabled":"default","ast-page-background-meta":{"desktop":{"background-color":"","background-image":"","background-repeat":"repeat","background-position":"center center","background-size":"auto","background-attachment":"scroll","background-type":"","background-media":"","overlay-type":"","overlay-color":"","overlay-opacity":"","overlay-gradient":""},"tablet":{"background-color":"","background-image":"","background-repeat":"repeat","background-position":"center center","background-size":"auto","background-attachment":"scroll","background-type":"","background-media":"","overlay-type":"","overlay-color":"","overlay-opacity":"","overlay-gradient":""},"mobile":{"background-color":"","background-image":"","background-repeat":"repeat","background-position":"center center","background-size":"auto","background-attachment":"scroll","background-type":"","background-media":"","overlay-type":"","overlay-color":"","overlay-opacity":"","overlay-gradient":""}},"ast-content-background-meta":{"desktop":{"background-color":"var(--ast-global-color-5)","background-image":"","background-repeat":"repeat","background-position":"center center","background-size":"auto","background-attachment":"scroll","background-type":"","background-media":"","overlay-type":"","overlay-color":"","overlay-opacity":"","overlay-gradient":""},"tablet":{"background-color":"var(--ast-global-color-5)","background-image":"","background-repeat":"repeat","background-position":"center center","background-size":"auto","background-attachment":"scroll","background-type":"","background-media":"","overlay-type":"","overlay-color":"","overlay-opacity":"","overlay-gradient":""},"mobile":{"background-color":"var(--ast-global-color-5)","background-image":"","background-repeat":"repeat","background-position":"center center","background-size":"auto","background-attachment":"scroll","background-type":"","background-media":"","overlay-type":"","overlay-color":"","overlay-opacity":"","overlay-gradient":""}}},"product_brand":[],"product_cat":[334,335],"product_tag":[349],"class_list":{"0":"post-3132","1":"product","2":"type-product","3":"status-publish","4":"has-post-thumbnail","6":"product_cat-concentres-de-marijuana","7":"product_cat-achetez-phoenix-tears-en-ligne","8":"product_tag-420-mail-order-house-brand-phoenix-tears-1ml-europe","9":"desktop-align-left","10":"tablet-align-left","11":"mobile-align-left","13":"first","14":"instock","15":"shipping-taxable","16":"purchasable","17":"product-type-simple"},"uagb_featured_image_src":{"full":["https:\/\/pressurezone.shop\/wp-content\/uploads\/2024\/10\/House-Brand-\u2013-Phoenix-Tears-1ml.webp",1200,800,false],"thumbnail":["https:\/\/pressurezone.shop\/wp-content\/uploads\/2024\/10\/House-Brand-\u2013-Phoenix-Tears-1ml-150x150.webp",150,150,true],"medium":["https:\/\/pressurezone.shop\/wp-content\/uploads\/2024\/10\/House-Brand-\u2013-Phoenix-Tears-1ml-300x200.webp",300,200,true],"medium_large":["https:\/\/pressurezone.shop\/wp-content\/uploads\/2024\/10\/House-Brand-\u2013-Phoenix-Tears-1ml-768x512.webp",768,512,true],"large":["https:\/\/pressurezone.shop\/wp-content\/uploads\/2024\/10\/House-Brand-\u2013-Phoenix-Tears-1ml-1024x683.webp",1024,683,true],"1536x1536":["https:\/\/pressurezone.shop\/wp-content\/uploads\/2024\/10\/House-Brand-\u2013-Phoenix-Tears-1ml.webp",1200,800,false],"2048x2048":["https:\/\/pressurezone.shop\/wp-content\/uploads\/2024\/10\/House-Brand-\u2013-Phoenix-Tears-1ml.webp",1200,800,false],"trp-custom-language-flag":["https:\/\/pressurezone.shop\/wp-content\/uploads\/2024\/10\/House-Brand-\u2013-Phoenix-Tears-1ml-18x12.webp",18,12,true],"woocommerce_thumbnail":["https:\/\/pressurezone.shop\/wp-content\/uploads\/2024\/10\/House-Brand-\u2013-Phoenix-Tears-1ml-300x300.webp",300,300,true],"woocommerce_single":["https:\/\/pressurezone.shop\/wp-content\/uploads\/2024\/10\/House-Brand-\u2013-Phoenix-Tears-1ml-600x400.webp",600,400,true],"woocommerce_gallery_thumbnail":["https:\/\/pressurezone.shop\/wp-content\/uploads\/2024\/10\/House-Brand-\u2013-Phoenix-Tears-1ml-100x100.webp",100,100,true]},"uagb_author_info":{"display_name":"pressurezone.shop","author_link":"https:\/\/pressurezone.shop\/de\/author\/"},"uagb_comment_info":0,"uagb_excerpt":"Acheter Phoenix Tears \u2013 House Brand (1ml) en ligne en Europe D\u00e9couvrez les Phoenix Tears \u2013 House Brand (1ml), un extrait de cannabis de qualit\u00e9 sup\u00e9rieure contenant du THC (t\u00e9trahydrocannabinol) \u00e0 spectre complet. Con\u00e7u sp\u00e9cifiquement pour la gestion de la douleur, ce produit est \u00e9labor\u00e9 \u00e0 partir de fleurs indica et ne contient aucun additif,&hellip;","_links":{"self":[{"href":"https:\/\/pressurezone.shop\/de\/wp-json\/wp\/v2\/product\/3132"}],"collection":[{"href":"https:\/\/pressurezone.shop\/de\/wp-json\/wp\/v2\/product"}],"about":[{"href":"https:\/\/pressurezone.shop\/de\/wp-json\/wp\/v2\/types\/product"}],"replies":[{"embeddable":true,"href":"https:\/\/pressurezone.shop\/de\/wp-json\/wp\/v2\/comments?post=3132"}],"version-history":[{"count":3,"href":"https:\/\/pressurezone.shop\/de\/wp-json\/wp\/v2\/product\/3132\/revisions"}],"predecessor-version":[{"id":4650,"href":"https:\/\/pressurezone.shop\/de\/wp-json\/wp\/v2\/product\/3132\/revisions\/4650"}],"wp:featuredmedia":[{"embeddable":true,"href":"https:\/\/pressurezone.shop\/de\/wp-json\/wp\/v2\/media\/3223"}],"wp:attachment":[{"href":"https:\/\/pressurezone.shop\/de\/wp-json\/wp\/v2\/media?parent=3132"}],"wp:term":[{"taxonomy":"product_brand","embeddable":true,"href":"https:\/\/pressurezone.shop\/de\/wp-json\/wp\/v2\/product_brand?post=3132"},{"taxonomy":"product_cat","embeddable":true,"href":"https:\/\/pressurezone.shop\/de\/wp-json\/wp\/v2\/product_cat?post=3132"},{"taxonomy":"product_tag","embeddable":true,"href":"https:\/\/pressurezone.shop\/de\/wp-json\/wp\/v2\/product_tag?post=3132"}],"curies":[{"name":"wp","href":"https:\/\/api.w.org\/{rel}","templated":true}]}}