{"id":3153,"date":"2024-10-11T00:53:09","date_gmt":"2024-10-10T22:53:09","guid":{"rendered":"https:\/\/pressurezone.shop\/?post_type=product&#038;p=3153"},"modified":"2024-11-16T00:42:26","modified_gmt":"2024-11-15T23:42:26","slug":"phoenix-tears-coffee-crisp-rso","status":"publish","type":"product","link":"https:\/\/pressurezone.shop\/de\/product\/phoenix-tears-coffee-crisp-rso\/","title":{"rendered":"Phoenix Tears Coffee Crisp-RSO"},"content":{"rendered":"<div class=\"flex-shrink-0 flex flex-col relative items-end\">\n<div>\n<div class=\"pt-0\">\n<div class=\"gizmo-bot-avatar flex h-8 w-8 items-center justify-center overflow-hidden rounded-full\">\n<div class=\"relative p-1 rounded-sm flex items-center justify-center bg-token-main-surface-primary text-token-text-primary h-8 w-8\"><\/div>\n<\/div>\n<\/div>\n<\/div>\n<\/div>\n<div class=\"group\/conversation-turn relative flex w-full min-w-0 flex-col agent-turn\">\n<div class=\"flex-col gap-1 md:gap-3\">\n<div class=\"flex max-w-full flex-col flex-grow\">\n<div class=\"min-h-8 text-message flex w-full flex-col items-end gap-2 whitespace-normal break-words [.text-message+&amp;]:mt-5\" dir=\"auto\" data-message-author-role=\"assistant\" data-message-id=\"df4b6c62-7efa-46a8-84b7-079888d2c07a\" data-message-model-slug=\"gpt-4o\">\n<div class=\"flex w-full flex-col gap-1 empty:hidden first:pt-[3px]\">\n<div class=\"markdown prose w-full break-words dark:prose-invert light\">\n<h3>Kaufen <strong>Phoenix Tears Coffee Crisp-RSO<\/strong> Online in Europa: Eine starke Indica-Erfahrung<\/h3>\n<p>Entdecken Sie den ultimativen Cannabisextrakt mit <strong>Phoenix Tears Coffee Crisp-RSO<\/strong>ist ein hochkonzentriertes Produkt, das f\u00fcr diejenigen entwickelt wurde, die nach unvergleichlicher Kraft und Linderung suchen. Dieser hochwertige Cannabisextrakt, der mit einem einzigartigen Kaffee-Krokant-Geschmack aufgegossen wird, macht Ihre Wellness-Routine sowohl effektiv als auch angenehm.<a href=\"https:\/\/fuelpackz.com\/\" target=\"_blank\" rel=\"noopener\">.<\/a><\/p>\n<hr \/>\n<h3><strong>Warum sollten Sie sich f\u00fcr Phoenix Tears Coffee Crisp-RSO entscheiden?<\/strong><\/h3>\n<p>Auch bekannt als <strong>Rick Simpson Oil (RSO)<\/strong>Phoenix Tears ist f\u00fcr seine au\u00dfergew\u00f6hnliche St\u00e4rke und seine medizinischen Vorteile bekannt. Dieses Produkt bietet maximale Linderung und ist gleichzeitig einfach und bequem f\u00fcr den oralen oder essbaren Gebrauch zu konsumieren.<\/p>\n<h4><strong>Vorteile Schl\u00fcssel von Phoenix Tears Coffee Crisp-RSO<\/strong><\/h4>\n<ul>\n<li><strong>Starke Schmerzlinderung<\/strong> : Ideal zur Behandlung von chronischen Schmerzen, Entz\u00fcndungen und anderen ernsthaften medizinischen Zust\u00e4nden.<\/li>\n<li><strong>Premium-Qualit\u00e4t<\/strong> : Erstklassiger Cannabis-Indica-Extrakt, der Reinheit und Wirksamkeit garantiert.<\/li>\n<li><strong>Praktisches Format<\/strong> : Wird in einer einfach zu handhabenden oralen Tube f\u00fcr eine genaue Dosierung geliefert.<\/li>\n<li><strong>K\u00f6stlicher Geschmack<\/strong> : Aufgegossen mit einem Kaffee-Krokant-Geschmack, der Ihrer Wellness-Routine einen Gourmet-Touch verleiht.<\/li>\n<\/ul>\n<hr \/>\n<h3><strong>Was macht Phoenix Tears einzigartig?<\/strong><\/h3>\n<p>Phoenix Tears Coffee Crisp - RSO bietet ein starkes Cannabis-Erlebnis, das sich durch sein therapeutisches Potenzial auszeichnet. Jeder Tropfen ist mit reinem Destillat gef\u00fcllt, das aus hochwertigen Indica-St\u00e4mmen extrahiert wurde, was es zur ersten Wahl f\u00fcr medizinische Anwender macht, die nach schneller und effektiver Linderung suchen.<\/p>\n<h4><strong>Effekte von Phoenix Tears Coffee Crisp-RSO<\/strong><\/h4>\n<ul>\n<li><strong>Tiefenentspannung<\/strong> : Beruhigende Wirkung auf den ganzen K\u00f6rper, hilft bei der Bew\u00e4ltigung von Stress und Verspannungen.<\/li>\n<li><strong>Schmerzmanagement<\/strong> : Bietet eine starke Linderung von chronischen und neuropathischen Schmerzen.<\/li>\n<li><strong>Verbesserung der Stimmung<\/strong> : Lindert die Symptome von Depressionen und Angstzust\u00e4nden.<\/li>\n<li><strong>Hilfe beim Schlafen<\/strong> : F\u00f6rdert einen erholsamen Schlaf, ideal f\u00fcr Schlaflose.<\/li>\n<\/ul>\n<hr \/>\n<h3><strong>Empfohlene Verwendungen<\/strong><\/h3>\n<ul>\n<li><strong>Sublinguale Anwendung<\/strong> : Beginnen Sie mit 1 bis 2 Tropfen unter der Zunge, um sie schnell aufzunehmen.<\/li>\n<li><strong>Essbares<\/strong> : Auf einen Keks, ein St\u00fcck Brot oder ein anderes Lebensmittel auftragen, damit es leicht aufgenommen werden kann.<\/li>\n<li><strong>Medizinische Linderung<\/strong> : Perfekt f\u00fcr medizinische Anwender, die unter chronischen Schmerzen, Entz\u00fcndungen oder schweren Beschwerden leiden.<\/li>\n<\/ul>\n<hr \/>\n<h3><strong>Produktmerkmale<\/strong><\/h3>\n<ul>\n<li><strong>Geschmack<\/strong> : Caf\u00e9 Croquant<\/li>\n<li><strong>Typ<\/strong> : Reiner Indica-Extrakt<\/li>\n<li><strong>Verwendung<\/strong> Oral\/essbar : Nur zur oralen\/essbaren Verwendung<\/li>\n<li><strong>Verpackung<\/strong> : Praktische orale Tube f\u00fcr eine genaue Dosierung<\/li>\n<\/ul>\n<hr \/>\n<h3><strong>Wie man Phoenix Tears Coffee Crisp dosiert - RSO<\/strong><\/h3>\n<ol>\n<li>Beginnen Sie mit 1 bis 2 Tropfen unter der Zunge.<\/li>\n<li>Warten Sie 1 bis 2 Stunden, um die Wirkung zu beurteilen, bevor Sie die Dosis erh\u00f6hen.<\/li>\n<li>Passen Sie sie schrittweise an Ihre individuellen Bed\u00fcrfnisse an.<\/li>\n<\/ol>\n<hr \/>\n<h3><strong>Warum medizinische Anwender Phoenix Tears Coffee Crisp lieben - RSO<\/strong><\/h3>\n<p>Phoenix Tears ist f\u00fcr seine medizinischen Anwendungen bekannt und bietet gezielte Linderung bei :<\/p>\n<ul>\n<li>Chronische Schmerzen<\/li>\n<li>Entz\u00fcndung<\/li>\n<li>Stress und Angst<\/li>\n<li>Schlafst\u00f6rungen<\/li>\n<li>Nervenschmerzen<\/li>\n<\/ul>\n<p>Wenn Sie sich f\u00fcr Phoenix Tears Coffee Crisp - RSO entscheiden, investieren Sie in ein Produkt, das mit Sorgfalt, Pr\u00e4zision und medizinischer Qualit\u00e4t entwickelt wurde, um Ihre Bed\u00fcrfnisse nach Wohlbefinden zu erf\u00fcllen.<\/p>\n<hr \/>\n<h3><strong>Phoenix Tears Coffee Crisp - RSO jetzt online in Europa bestellen<\/strong><\/h3>\n<p>Genie\u00dfen Sie eine starke Kombination aus hochwertigem Cannabis\u00f6l und einem reichhaltigen Kaffee-Krokant-Geschmack. Perfekt f\u00fcr medizinische Anwender und Cannabisliebhaber, <strong>Phoenix Tears Coffee Crisp-RSO<\/strong>\u00a0bietet unvergleichliche Leistung und Bequemlichkeit.<\/p>\n<p><strong>Jetzt kaufen bei <a href=\"https:\/\/pressurezone.shop\/de\/\" target=\"_new\" rel=\"noopener\">Pressure Zone Shop<\/a><\/strong> f\u00fcr eine schnelle und diskrete Lieferung in ganz Europa. Beginnen Sie Ihren Weg zu einem besseren Wohlbefinden noch heute!<\/p>\n<\/div>\n<\/div>\n<\/div>\n<\/div>\n<\/div>\n<\/div>","protected":false},"excerpt":{"rendered":"<p>Acheter Phoenix Tears Coffee Crisp\u2013RSO en Ligne en Europe : Une Exp\u00e9rience Puissante d\u2019Indica D\u00e9couvrez l\u2019extrait de cannabis ultime avec Phoenix Tears Coffee Crisp\u2013RSO, un produit hautement concentr\u00e9 con\u00e7u pour ceux qui recherchent une puissance et un soulagement incomparables. Cet extrait de cannabis de qualit\u00e9 sup\u00e9rieure, infus\u00e9 avec une saveur unique de caf\u00e9-croquant, rend votre [&hellip;]<\/p>","protected":false},"featured_media":3241,"comment_status":"closed","ping_status":"closed","template":"","meta":{"_uag_custom_page_level_css":"","site-sidebar-layout":"default","site-content-layout":"","ast-site-content-layout":"default","site-content-style":"default","site-sidebar-style":"default","ast-global-header-display":"","ast-banner-title-visibility":"","ast-main-header-display":"","ast-hfb-above-header-display":"","ast-hfb-below-header-display":"","ast-hfb-mobile-header-display":"","site-post-title":"","ast-breadcrumbs-content":"","ast-featured-img":"","footer-sml-layout":"","theme-transparent-header-meta":"default","adv-header-id-meta":"","stick-header-meta":"","header-above-stick-meta":"","header-main-stick-meta":"","header-below-stick-meta":"","astra-migrate-meta-layouts":"set","ast-page-background-enabled":"default","ast-page-background-meta":{"desktop":{"background-color":"","background-image":"","background-repeat":"repeat","background-position":"center center","background-size":"auto","background-attachment":"scroll","background-type":"","background-media":"","overlay-type":"","overlay-color":"","overlay-opacity":"","overlay-gradient":""},"tablet":{"background-color":"","background-image":"","background-repeat":"repeat","background-position":"center center","background-size":"auto","background-attachment":"scroll","background-type":"","background-media":"","overlay-type":"","overlay-color":"","overlay-opacity":"","overlay-gradient":""},"mobile":{"background-color":"","background-image":"","background-repeat":"repeat","background-position":"center center","background-size":"auto","background-attachment":"scroll","background-type":"","background-media":"","overlay-type":"","overlay-color":"","overlay-opacity":"","overlay-gradient":""}},"ast-content-background-meta":{"desktop":{"background-color":"var(--ast-global-color-5)","background-image":"","background-repeat":"repeat","background-position":"center center","background-size":"auto","background-attachment":"scroll","background-type":"","background-media":"","overlay-type":"","overlay-color":"","overlay-opacity":"","overlay-gradient":""},"tablet":{"background-color":"var(--ast-global-color-5)","background-image":"","background-repeat":"repeat","background-position":"center center","background-size":"auto","background-attachment":"scroll","background-type":"","background-media":"","overlay-type":"","overlay-color":"","overlay-opacity":"","overlay-gradient":""},"mobile":{"background-color":"var(--ast-global-color-5)","background-image":"","background-repeat":"repeat","background-position":"center center","background-size":"auto","background-attachment":"scroll","background-type":"","background-media":"","overlay-type":"","overlay-color":"","overlay-opacity":"","overlay-gradient":""}}},"product_brand":[],"product_cat":[334,335],"product_tag":[365,342,343,344],"class_list":{"0":"post-3153","1":"product","2":"type-product","3":"status-publish","4":"has-post-thumbnail","6":"product_cat-concentres-de-marijuana","7":"product_cat-achetez-phoenix-tears-en-ligne","8":"product_tag-buy-phoenix-tears-coffee-crisp-rso-europe","9":"product_tag-buy-phoenix-tears-online-europe","10":"product_tag-buy-rso-oil-online","11":"product_tag-stigma-grow-phoenix-tears-how-to-use","12":"desktop-align-left","13":"tablet-align-left","14":"mobile-align-left","16":"first","17":"instock","18":"shipping-taxable","19":"purchasable","20":"product-type-simple"},"uagb_featured_image_src":{"full":["https:\/\/pressurezone.shop\/wp-content\/uploads\/2024\/10\/Buy-Phoenix-Tears-Coffee-Crisp-\u2013-RSO.webp",2048,1365,false],"thumbnail":["https:\/\/pressurezone.shop\/wp-content\/uploads\/2024\/10\/Buy-Phoenix-Tears-Coffee-Crisp-\u2013-RSO-150x150.webp",150,150,true],"medium":["https:\/\/pressurezone.shop\/wp-content\/uploads\/2024\/10\/Buy-Phoenix-Tears-Coffee-Crisp-\u2013-RSO-300x200.webp",300,200,true],"medium_large":["https:\/\/pressurezone.shop\/wp-content\/uploads\/2024\/10\/Buy-Phoenix-Tears-Coffee-Crisp-\u2013-RSO-768x512.webp",768,512,true],"large":["https:\/\/pressurezone.shop\/wp-content\/uploads\/2024\/10\/Buy-Phoenix-Tears-Coffee-Crisp-\u2013-RSO-1024x683.webp",1024,683,true],"1536x1536":["https:\/\/pressurezone.shop\/wp-content\/uploads\/2024\/10\/Buy-Phoenix-Tears-Coffee-Crisp-\u2013-RSO-1536x1024.webp",1536,1024,true],"2048x2048":["https:\/\/pressurezone.shop\/wp-content\/uploads\/2024\/10\/Buy-Phoenix-Tears-Coffee-Crisp-\u2013-RSO.webp",2048,1365,false],"trp-custom-language-flag":["https:\/\/pressurezone.shop\/wp-content\/uploads\/2024\/10\/Buy-Phoenix-Tears-Coffee-Crisp-\u2013-RSO-18x12.webp",18,12,true],"woocommerce_thumbnail":["https:\/\/pressurezone.shop\/wp-content\/uploads\/2024\/10\/Buy-Phoenix-Tears-Coffee-Crisp-\u2013-RSO-300x300.webp",300,300,true],"woocommerce_single":["https:\/\/pressurezone.shop\/wp-content\/uploads\/2024\/10\/Buy-Phoenix-Tears-Coffee-Crisp-\u2013-RSO-600x400.webp",600,400,true],"woocommerce_gallery_thumbnail":["https:\/\/pressurezone.shop\/wp-content\/uploads\/2024\/10\/Buy-Phoenix-Tears-Coffee-Crisp-\u2013-RSO-100x100.webp",100,100,true]},"uagb_author_info":{"display_name":"pressurezone.shop","author_link":"https:\/\/pressurezone.shop\/de\/author\/"},"uagb_comment_info":0,"uagb_excerpt":"Acheter Phoenix Tears Coffee Crisp\u2013RSO en Ligne en Europe : Une Exp\u00e9rience Puissante d\u2019Indica D\u00e9couvrez l\u2019extrait de cannabis ultime avec Phoenix Tears Coffee Crisp\u2013RSO, un produit hautement concentr\u00e9 con\u00e7u pour ceux qui recherchent une puissance et un soulagement incomparables. Cet extrait de cannabis de qualit\u00e9 sup\u00e9rieure, infus\u00e9 avec une saveur unique de caf\u00e9-croquant, rend votre&hellip;","_links":{"self":[{"href":"https:\/\/pressurezone.shop\/de\/wp-json\/wp\/v2\/product\/3153"}],"collection":[{"href":"https:\/\/pressurezone.shop\/de\/wp-json\/wp\/v2\/product"}],"about":[{"href":"https:\/\/pressurezone.shop\/de\/wp-json\/wp\/v2\/types\/product"}],"replies":[{"embeddable":true,"href":"https:\/\/pressurezone.shop\/de\/wp-json\/wp\/v2\/comments?post=3153"}],"version-history":[{"count":3,"href":"https:\/\/pressurezone.shop\/de\/wp-json\/wp\/v2\/product\/3153\/revisions"}],"predecessor-version":[{"id":4547,"href":"https:\/\/pressurezone.shop\/de\/wp-json\/wp\/v2\/product\/3153\/revisions\/4547"}],"wp:featuredmedia":[{"embeddable":true,"href":"https:\/\/pressurezone.shop\/de\/wp-json\/wp\/v2\/media\/3241"}],"wp:attachment":[{"href":"https:\/\/pressurezone.shop\/de\/wp-json\/wp\/v2\/media?parent=3153"}],"wp:term":[{"taxonomy":"product_brand","embeddable":true,"href":"https:\/\/pressurezone.shop\/de\/wp-json\/wp\/v2\/product_brand?post=3153"},{"taxonomy":"product_cat","embeddable":true,"href":"https:\/\/pressurezone.shop\/de\/wp-json\/wp\/v2\/product_cat?post=3153"},{"taxonomy":"product_tag","embeddable":true,"href":"https:\/\/pressurezone.shop\/de\/wp-json\/wp\/v2\/product_tag?post=3153"}],"curies":[{"name":"wp","href":"https:\/\/api.w.org\/{rel}","templated":true}]}}