{"id":3159,"date":"2024-10-11T00:53:35","date_gmt":"2024-10-10T22:53:35","guid":{"rendered":"https:\/\/pressurezone.shop\/?post_type=product&#038;p=3159"},"modified":"2024-11-04T01:01:58","modified_gmt":"2024-11-04T00:01:58","slug":"raw-thc-sativa-distillate-syringes","status":"publish","type":"product","link":"https:\/\/pressurezone.shop\/de\/product\/raw-thc-sativa-distillate-syringes\/","title":{"rendered":"RAW THC Sativa Distillate Syringes"},"content":{"rendered":"<div class=\"flex-shrink-0 flex flex-col relative items-end\">\n<div>\n<div class=\"pt-0\">\n<div class=\"gizmo-bot-avatar flex h-8 w-8 items-center justify-center overflow-hidden rounded-full\">\n<div class=\"relative p-1 rounded-sm flex items-center justify-center bg-token-main-surface-primary text-token-text-primary h-8 w-8\"><\/div>\n<\/div>\n<\/div>\n<\/div>\n<\/div>\n<div class=\"group\/conversation-turn relative flex w-full min-w-0 flex-col agent-turn\">\n<div class=\"flex-col gap-1 md:gap-3\">\n<div class=\"flex max-w-full flex-col flex-grow\">\n<div class=\"min-h-8 text-message flex w-full flex-col items-end gap-2 whitespace-normal break-words [.text-message+&amp;]:mt-5\" dir=\"auto\" data-message-author-role=\"assistant\" data-message-id=\"b870d3cd-2aba-43fd-bfd2-897311b4d153\" data-message-model-slug=\"gpt-4o\">\n<div class=\"flex w-full flex-col gap-1 empty:hidden first:pt-[3px]\">\n<div class=\"markdown prose w-full break-words dark:prose-invert light\">\n<h3><strong>Kaufen Sie RAW THC Sativa Distillate Syringes Online auf <a href=\"https:\/\/pressurezone.shop\/de\/\" target=\"_new\" rel=\"noopener\">Pressure Zone Shop<\/a><\/strong><\/h3>\n<p>Entdecken Sie die <strong>RAW THC Sativa Distillate Syringes<\/strong>Eine praktische und vielseitige Methode, um die reine Kraft von THC in Form eines Destillats zu genie\u00dfen. Diese Spritzen wurden f\u00fcr Sativa-Liebhaber entwickelt, die ein energetisierendes und stimulierendes High suchen. Sie sind mit einem reinen, unverd\u00fcnnten THC-Destillat gef\u00fcllt und bieten eine optimale Flexibilit\u00e4t bei der Anwendung.<a href=\"https:\/\/fuelpackz.com\/\" target=\"_blank\" rel=\"noopener\">.<\/a><\/p>\n<h3>Warum RAW THC Sativa Distillate Syringes w\u00e4hlen?<\/h3>\n<p>Die <strong>RAW THC Sativa Distillate Syringes<\/strong> erm\u00f6glichen einen einfachen, pr\u00e4zisen und individuellen THC-Konsum. Mit ihrem reinen Destillat sind diese Spritzen perfekt f\u00fcr alle, die einen schnellen Anstieg der Wirkung w\u00fcnschen und gleichzeitig die Freiheit haben wollen, dieses Konzentrat verschiedenen Produkten oder Snacks hinzuzuf\u00fcgen. Egal, ob Sie eine direkte Dosis suchen oder Ihre eigenen Produkte infundieren wollen, diese Spritzen sind eine erstklassige Wahl.<\/p>\n<ul>\n<li><strong>Typ<\/strong> Sativa: Sativa Distillate Pur f\u00fcr ein energiegeladenes Erlebnis<\/li>\n<li><strong>Verwendung<\/strong> : Vielseitig und einfach zu dosieren<\/li>\n<\/ul>\n<h3>Ideen f\u00fcr die Verwendung von RAW THC Sativa Distillate Syringes<\/h3>\n<p>Die <strong>RAW THC Sativa Distillate Syringes<\/strong> sind unglaublich anpassungsf\u00e4hig und erm\u00f6glichen eine Vielzahl von Konsummethoden. Hier sind einige der beliebten M\u00f6glichkeiten, sie zu genie\u00dfen :<\/p>\n<ol>\n<li><strong>F\u00fcgen Sie es zu Snacks hinzu<\/strong> : Geben Sie eine Dosis auf einen Cracker, ein St\u00fcck Trockenobst oder ein anderes Lebensmittel.<\/li>\n<li><strong>Frieren Sie Dosen ein<\/strong> : Legen Sie Portionen auf Backpapier und frieren Sie sie f\u00fcr den sp\u00e4teren Gebrauch ein.<\/li>\n<li><strong>F\u00fcllen Sie eine Kapsel<\/strong> : Geben Sie eine Dosis in eine leere Kapsel, um eine diskrete Einnahme zu erm\u00f6glichen.<\/li>\n<li><strong>Mischen Sie es in Ihre Rezepte<\/strong> : Ideal, um zu Hause eigene Essbares herzustellen.<\/li>\n<li><strong>Patronen nachf\u00fcllen<\/strong> : Benutzen Sie es, um eine Patrone oder einen nachf\u00fcllbaren Stift zum Vaporisieren zu bef\u00fcllen.<\/li>\n<li><strong>Verwenden Sie es in einem Dab Rig oder einer Bong<\/strong> : F\u00fcr ein intensiveres Erlebnis f\u00fcgen Sie es Ihrem Rig oder Ihrer Bong hinzu.<\/li>\n<li><strong>F\u00fcgen Sie es einem Joint oder Blunt hinzu<\/strong> : Wickeln Sie ihn f\u00fcr mehr Power in Ihre Vorrollen ein.<\/li>\n<\/ol>\n<h3>Wirkung und Nutzen von RAW THC Sativa Distillate Syringes<\/h3>\n<p>Mit ihrem Gehalt an reinem THC <strong>RAW THC Sativa Distillate Syringes<\/strong> bieten ein schnelles und intensives High. Sie eignen sich perfekt f\u00fcr einen Energie- und Kreativit\u00e4tsschub und sorgen daf\u00fcr, dass du konzentriert bleibst, w\u00e4hrend du ein euphorisches Gef\u00fchl erzeugst.<\/p>\n<ul>\n<li><strong>Effekte<\/strong> : Stimulierend, Euphorisch, Geistige Klarheit, Fokussierend<\/li>\n<li><strong>Perfekt F\u00fcr<\/strong> : Kreative Momente, Konzentration, Energie am Tag<\/li>\n<\/ul>\n<h3>Sichere Verwendung von RAW THC Sativa Distillate Syringes<\/h3>\n<p>Die <strong>RAW THC Sativa Distillate Syringes<\/strong> enthalten ein sehr starkes Destillat. Beginnen Sie daher mit einer kleinen Dosis, um Ihre Vertr\u00e4glichkeit einzusch\u00e4tzen, besonders wenn Sie Anf\u00e4nger sind. Ihre Verwendung ist praktisch und erm\u00f6glicht eine genaue Dosierung, aber behalte immer die St\u00e4rke des Produkts im Hinterkopf.<\/p>\n<h3>Bestellen Sie RAW THC Sativa Distillate Syringes online im Pressure Zone Shop<\/h3>\n<p>Bereit, die Kraft und Flexibilit\u00e4t der <strong>RAW THC Sativa Distillate Syringes<\/strong> ? Bestellen Sie jetzt auf <a href=\"https:\/\/pressurezone.shop\/de\/\" target=\"_new\" rel=\"noopener\">Pressure Zone Shop<\/a> um ein reines und individuell anpassbares THC-Erlebnis zu genie\u00dfen. Ob Sie sie f\u00fcr Snacks, D\u00e4mpfe oder Essbares verwenden, diese Spritzen sind die perfekte Wahl f\u00fcr THC-Liebhaber, die ein intensives und vielseitiges Erlebnis suchen.<\/p>\n<\/div>\n<\/div>\n<\/div>\n<\/div>\n<\/div>\n<\/div>","protected":false},"excerpt":{"rendered":"<p>Achetez des RAW THC Sativa Distillate Syringes en Ligne sur Pressure Zone Shop D\u00e9couvrez les RAW THC Sativa Distillate Syringes, une m\u00e9thode pratique et polyvalente pour profiter de la puissance pure du THC sous forme de distillat. Con\u00e7ues pour les amateurs de sativa \u00e0 la recherche d&rsquo;un high \u00e9nergisant et stimulant, ces seringues sont remplies [&hellip;]<\/p>","protected":false},"featured_media":3249,"comment_status":"closed","ping_status":"closed","template":"","meta":{"_uag_custom_page_level_css":"","site-sidebar-layout":"default","site-content-layout":"","ast-site-content-layout":"default","site-content-style":"default","site-sidebar-style":"default","ast-global-header-display":"","ast-banner-title-visibility":"","ast-main-header-display":"","ast-hfb-above-header-display":"","ast-hfb-below-header-display":"","ast-hfb-mobile-header-display":"","site-post-title":"","ast-breadcrumbs-content":"","ast-featured-img":"","footer-sml-layout":"","theme-transparent-header-meta":"default","adv-header-id-meta":"","stick-header-meta":"","header-above-stick-meta":"","header-main-stick-meta":"","header-below-stick-meta":"","astra-migrate-meta-layouts":"set","ast-page-background-enabled":"default","ast-page-background-meta":{"desktop":{"background-color":"","background-image":"","background-repeat":"repeat","background-position":"center center","background-size":"auto","background-attachment":"scroll","background-type":"","background-media":"","overlay-type":"","overlay-color":"","overlay-opacity":"","overlay-gradient":""},"tablet":{"background-color":"","background-image":"","background-repeat":"repeat","background-position":"center center","background-size":"auto","background-attachment":"scroll","background-type":"","background-media":"","overlay-type":"","overlay-color":"","overlay-opacity":"","overlay-gradient":""},"mobile":{"background-color":"","background-image":"","background-repeat":"repeat","background-position":"center center","background-size":"auto","background-attachment":"scroll","background-type":"","background-media":"","overlay-type":"","overlay-color":"","overlay-opacity":"","overlay-gradient":""}},"ast-content-background-meta":{"desktop":{"background-color":"var(--ast-global-color-5)","background-image":"","background-repeat":"repeat","background-position":"center center","background-size":"auto","background-attachment":"scroll","background-type":"","background-media":"","overlay-type":"","overlay-color":"","overlay-opacity":"","overlay-gradient":""},"tablet":{"background-color":"var(--ast-global-color-5)","background-image":"","background-repeat":"repeat","background-position":"center center","background-size":"auto","background-attachment":"scroll","background-type":"","background-media":"","overlay-type":"","overlay-color":"","overlay-opacity":"","overlay-gradient":""},"mobile":{"background-color":"var(--ast-global-color-5)","background-image":"","background-repeat":"repeat","background-position":"center center","background-size":"auto","background-attachment":"scroll","background-type":"","background-media":"","overlay-type":"","overlay-color":"","overlay-opacity":"","overlay-gradient":""}}},"product_brand":[],"product_cat":[334,367],"product_tag":[368],"class_list":{"0":"post-3159","1":"product","2":"type-product","3":"status-publish","4":"has-post-thumbnail","6":"product_cat-concentres-de-marijuana","7":"product_cat-thc-distillates","8":"product_tag-buy-raw-thc-sativa-distillate-syringes-europe","9":"desktop-align-left","10":"tablet-align-left","11":"mobile-align-left","13":"first","14":"instock","15":"shipping-taxable","16":"purchasable","17":"product-type-variable"},"uagb_featured_image_src":{"full":["https:\/\/pressurezone.shop\/wp-content\/uploads\/2024\/10\/Buy-RAW-THC-Sativa-Distillate-Syringes.jpg",1000,1000,false],"thumbnail":["https:\/\/pressurezone.shop\/wp-content\/uploads\/2024\/10\/Buy-RAW-THC-Sativa-Distillate-Syringes-150x150.jpg",150,150,true],"medium":["https:\/\/pressurezone.shop\/wp-content\/uploads\/2024\/10\/Buy-RAW-THC-Sativa-Distillate-Syringes-300x300.jpg",300,300,true],"medium_large":["https:\/\/pressurezone.shop\/wp-content\/uploads\/2024\/10\/Buy-RAW-THC-Sativa-Distillate-Syringes-768x768.jpg",768,768,true],"large":["https:\/\/pressurezone.shop\/wp-content\/uploads\/2024\/10\/Buy-RAW-THC-Sativa-Distillate-Syringes.jpg",1000,1000,false],"1536x1536":["https:\/\/pressurezone.shop\/wp-content\/uploads\/2024\/10\/Buy-RAW-THC-Sativa-Distillate-Syringes.jpg",1000,1000,false],"2048x2048":["https:\/\/pressurezone.shop\/wp-content\/uploads\/2024\/10\/Buy-RAW-THC-Sativa-Distillate-Syringes.jpg",1000,1000,false],"trp-custom-language-flag":["https:\/\/pressurezone.shop\/wp-content\/uploads\/2024\/10\/Buy-RAW-THC-Sativa-Distillate-Syringes-12x12.jpg",12,12,true],"woocommerce_thumbnail":["https:\/\/pressurezone.shop\/wp-content\/uploads\/2024\/10\/Buy-RAW-THC-Sativa-Distillate-Syringes-300x300.jpg",300,300,true],"woocommerce_single":["https:\/\/pressurezone.shop\/wp-content\/uploads\/2024\/10\/Buy-RAW-THC-Sativa-Distillate-Syringes-600x600.jpg",600,600,true],"woocommerce_gallery_thumbnail":["https:\/\/pressurezone.shop\/wp-content\/uploads\/2024\/10\/Buy-RAW-THC-Sativa-Distillate-Syringes-100x100.jpg",100,100,true]},"uagb_author_info":{"display_name":"pressurezone.shop","author_link":"https:\/\/pressurezone.shop\/de\/author\/"},"uagb_comment_info":0,"uagb_excerpt":"Achetez des RAW THC Sativa Distillate Syringes en Ligne sur Pressure Zone Shop D\u00e9couvrez les RAW THC Sativa Distillate Syringes, une m\u00e9thode pratique et polyvalente pour profiter de la puissance pure du THC sous forme de distillat. Con\u00e7ues pour les amateurs de sativa \u00e0 la recherche d&rsquo;un high \u00e9nergisant et stimulant, ces seringues sont remplies&hellip;","_links":{"self":[{"href":"https:\/\/pressurezone.shop\/de\/wp-json\/wp\/v2\/product\/3159"}],"collection":[{"href":"https:\/\/pressurezone.shop\/de\/wp-json\/wp\/v2\/product"}],"about":[{"href":"https:\/\/pressurezone.shop\/de\/wp-json\/wp\/v2\/types\/product"}],"replies":[{"embeddable":true,"href":"https:\/\/pressurezone.shop\/de\/wp-json\/wp\/v2\/comments?post=3159"}],"version-history":[{"count":3,"href":"https:\/\/pressurezone.shop\/de\/wp-json\/wp\/v2\/product\/3159\/revisions"}],"predecessor-version":[{"id":4086,"href":"https:\/\/pressurezone.shop\/de\/wp-json\/wp\/v2\/product\/3159\/revisions\/4086"}],"wp:featuredmedia":[{"embeddable":true,"href":"https:\/\/pressurezone.shop\/de\/wp-json\/wp\/v2\/media\/3249"}],"wp:attachment":[{"href":"https:\/\/pressurezone.shop\/de\/wp-json\/wp\/v2\/media?parent=3159"}],"wp:term":[{"taxonomy":"product_brand","embeddable":true,"href":"https:\/\/pressurezone.shop\/de\/wp-json\/wp\/v2\/product_brand?post=3159"},{"taxonomy":"product_cat","embeddable":true,"href":"https:\/\/pressurezone.shop\/de\/wp-json\/wp\/v2\/product_cat?post=3159"},{"taxonomy":"product_tag","embeddable":true,"href":"https:\/\/pressurezone.shop\/de\/wp-json\/wp\/v2\/product_tag?post=3159"}],"curies":[{"name":"wp","href":"https:\/\/api.w.org\/{rel}","templated":true}]}}