{"id":3187,"date":"2024-10-11T00:54:53","date_gmt":"2024-10-10T22:54:53","guid":{"rendered":"https:\/\/pressurezone.shop\/?post_type=product&#038;p=3187"},"modified":"2024-11-04T01:24:26","modified_gmt":"2024-11-04T00:24:26","slug":"commandez-du-thc-distillate","status":"publish","type":"product","link":"https:\/\/pressurezone.shop\/de\/product\/bestellen-sie-thc-distillate\/","title":{"rendered":"THC Distillate bestellen"},"content":{"rendered":"<div class=\"flex-shrink-0 flex flex-col relative items-end\">\n<div>\n<div class=\"pt-0\">\n<div class=\"gizmo-bot-avatar flex h-8 w-8 items-center justify-center overflow-hidden rounded-full\">\n<div><\/div>\n<h4 class=\"relative p-1 rounded-sm flex items-center justify-center bg-token-main-surface-primary text-token-text-primary h-8 w-8\"><strong style=\"font-size: 1.5em;\">Bestellen Sie THC Distillate online in Europa auf <a href=\"https:\/\/pressurezone.shop\/de\/\" target=\"_new\" rel=\"noopener\">Pressure Zone Shop<\/a><\/strong><\/h4>\n<\/div>\n<\/div>\n<\/div>\n<\/div>\n<div class=\"group\/conversation-turn relative flex w-full min-w-0 flex-col agent-turn\">\n<div class=\"flex-col gap-1 md:gap-3\">\n<div class=\"flex max-w-full flex-col flex-grow\">\n<div class=\"min-h-8 text-message flex w-full flex-col items-end gap-2 whitespace-normal break-words [.text-message+&amp;]:mt-5\" dir=\"auto\" data-message-author-role=\"assistant\" data-message-id=\"8db23d52-615c-485f-bec6-b78f69bfc040\" data-message-model-slug=\"gpt-4o\">\n<div class=\"flex w-full flex-col gap-1 empty:hidden first:pt-[3px]\">\n<div class=\"markdown prose w-full break-words dark:prose-invert light\">\n<p>Erkunden Sie die Reinheit des <strong>THC Destillat<\/strong>ist ein raffinierter, l\u00f6sungsmittelfreier Cannabisextrakt mit einer THC-Konzentration von 95%. Dieses klare, goldene Konzentrat ist eine der st\u00e4rksten Formen von THC und eignet sich perfekt f\u00fcr den vielseitigen Gebrauch. Egal, ob Sie es als<strong>Nahrung<\/strong>, <strong>topisch<\/strong> oder f\u00fcr den <strong>rauchen\/verdampfen<\/strong>Unser THC-Destillat ist so konzipiert, dass es Ihren medizinischen oder freizeitlichen Bed\u00fcrfnissen entspricht.<\/p>\n<h3>Warum THC Distillate bestellen?<\/h3>\n<p><strong>THC Distillate in Europa bestellen<\/strong> ist die ideale L\u00f6sung f\u00fcr alle, die eine reine und starke Cannabis-Erfahrung suchen. Unser Destillat, eingeschlossen in einer praktischen Glasspritze, ist sofort gebrauchsfertig. F\u00fcr eine einfache Anwendung erw\u00e4rmen Sie die Spritze vor dem Gebrauch leicht, um das dickfl\u00fcssige Konzentrat fl\u00fcssiger zu verteilen.<a href=\"https:\/\/fuelpackz.com\/\" target=\"_blank\" rel=\"noopener\">.<\/a><\/p>\n<ul>\n<li><strong>Typ<\/strong> : Gereinigter Extrakt von THC<\/li>\n<li><strong>THC<\/strong> : 95%, f\u00fcr eine intensive und lang anhaltende Erfahrung<\/li>\n<\/ul>\n<h3>Methoden zur Verwendung von THC Distillate<\/h3>\n<p>Die <strong>THC Destillat<\/strong> ist eines der vielseitigsten Konzentrate und erm\u00f6glicht eine Vielzahl von Konsummethoden. Hier sind einige beliebte M\u00f6glichkeiten, von seiner Reinheit zu profitieren:<\/p>\n<ol>\n<li><strong>Rauchen oder Verdampfen<\/strong> : Ideal f\u00fcr ein sofortiges High.<\/li>\n<li><strong>Dabbing<\/strong> : F\u00fcr ein intensives Erlebnis, perfekt f\u00fcr fortgeschrittene Nutzer.<\/li>\n<li><strong>In Comestibles einarbeiten<\/strong> : F\u00fcgen Sie es Ihren Rezepten hinzu, um lang anhaltende Effekte zu erzielen.<\/li>\n<li><strong>Topisch<\/strong> : Tragen Sie es lokal auf, um gezielt Linderung zu verschaffen.<\/li>\n<\/ol>\n<h3>Vorteile und Wirkungen von THC Distillate<\/h3>\n<p>Die <strong>THC Destillat<\/strong> wird wegen seiner St\u00e4rke und schnellen Wirkung gesch\u00e4tzt und ist perfekt f\u00fcr alle, die ein sofortiges High oder eine lang anhaltende Linderung suchen. Es sorgt f\u00fcr intensive Entspannung und anhaltende Euphorie, ideal sowohl f\u00fcr medizinische als auch f\u00fcr Freizeitanwender.<\/p>\n<ul>\n<li><strong>Effekte<\/strong> : Euphorie, Entspannung, Hoher Absorptionsgrad<\/li>\n<li><strong>Perfekt F\u00fcr<\/strong> : Linderung von Schmerzen, Angst, Schlaflosigkeit, Stress<\/li>\n<\/ul>\n<h3>Warum THC Distillate w\u00e4hlen?<\/h3>\n<p>Mit einem komplexen Isolationsprozess <strong>THC Destillat<\/strong> wird destilliert, um einen der reinsten Extrakte zu erhalten, bei dem nur die gew\u00fcnschten Cannabinoide erhalten bleiben. Diese fortschrittliche Extraktion erm\u00f6glicht es, eine hohe THC-Konzentration ohne Verunreinigungen zu genie\u00dfen, w\u00e4hrend die nat\u00fcrlichen Terpene und Flavonoide des Cannabis erhalten bleiben.<\/p>\n<h3>Bestellen Sie Ihr THC Distillate in Europa \u00fcber Pressure Zone Shop<\/h3>\n<p>Sind Sie bereit, die Reinheit des <strong>THC Destillat<\/strong> ? Bestellen Sie jetzt auf <a href=\"https:\/\/pressurezone.shop\/de\/\" target=\"_new\" rel=\"noopener\">Pressure Zone Shop<\/a> um auf einen hochreinen Cannabisextrakt zuzugreifen, der perfekt ist, um alle Ihre THC-Anforderungen zu erf\u00fcllen. Ob Sie nun Freizeit- oder medizinischer Nutzer sind, das <strong>THC Destillat<\/strong> ist die ideale Wahl f\u00fcr ein leistungsstarkes und flexibles Cannabiserlebnis.<\/p>\n<\/div>\n<\/div>\n<\/div>\n<\/div>\n<\/div>\n<\/div>","protected":false},"excerpt":{"rendered":"<h3>Bestellen Sie THC Distillate in Europa \u00fcber Pressure Zone Shop<\/h3>\n<p>Sind Sie bereit, die Reinheit des <strong>THC Destillat<\/strong> ? Bestellen Sie jetzt auf <a href=\"https:\/\/pressurezone.shop\/de\/\" target=\"_new\" rel=\"noopener\">Pressure Zone Shop<\/a> um auf einen ultrareinen Cannabisextrakt zuzugreifen, der perfekt ist, um alle Ihre THC-Anforderungen zu erf\u00fcllen.<\/p>","protected":false},"featured_media":3255,"comment_status":"closed","ping_status":"closed","template":"","meta":{"_uag_custom_page_level_css":"","site-sidebar-layout":"default","site-content-layout":"","ast-site-content-layout":"default","site-content-style":"default","site-sidebar-style":"default","ast-global-header-display":"","ast-banner-title-visibility":"","ast-main-header-display":"","ast-hfb-above-header-display":"","ast-hfb-below-header-display":"","ast-hfb-mobile-header-display":"","site-post-title":"","ast-breadcrumbs-content":"","ast-featured-img":"","footer-sml-layout":"","theme-transparent-header-meta":"default","adv-header-id-meta":"","stick-header-meta":"","header-above-stick-meta":"","header-main-stick-meta":"","header-below-stick-meta":"","astra-migrate-meta-layouts":"set","ast-page-background-enabled":"default","ast-page-background-meta":{"desktop":{"background-color":"","background-image":"","background-repeat":"repeat","background-position":"center center","background-size":"auto","background-attachment":"scroll","background-type":"","background-media":"","overlay-type":"","overlay-color":"","overlay-opacity":"","overlay-gradient":""},"tablet":{"background-color":"","background-image":"","background-repeat":"repeat","background-position":"center center","background-size":"auto","background-attachment":"scroll","background-type":"","background-media":"","overlay-type":"","overlay-color":"","overlay-opacity":"","overlay-gradient":""},"mobile":{"background-color":"","background-image":"","background-repeat":"repeat","background-position":"center center","background-size":"auto","background-attachment":"scroll","background-type":"","background-media":"","overlay-type":"","overlay-color":"","overlay-opacity":"","overlay-gradient":""}},"ast-content-background-meta":{"desktop":{"background-color":"var(--ast-global-color-5)","background-image":"","background-repeat":"repeat","background-position":"center center","background-size":"auto","background-attachment":"scroll","background-type":"","background-media":"","overlay-type":"","overlay-color":"","overlay-opacity":"","overlay-gradient":""},"tablet":{"background-color":"var(--ast-global-color-5)","background-image":"","background-repeat":"repeat","background-position":"center center","background-size":"auto","background-attachment":"scroll","background-type":"","background-media":"","overlay-type":"","overlay-color":"","overlay-opacity":"","overlay-gradient":""},"mobile":{"background-color":"var(--ast-global-color-5)","background-image":"","background-repeat":"repeat","background-position":"center center","background-size":"auto","background-attachment":"scroll","background-type":"","background-media":"","overlay-type":"","overlay-color":"","overlay-opacity":"","overlay-gradient":""}}},"product_brand":[],"product_cat":[334,367],"product_tag":[371,372,373],"class_list":{"0":"post-3187","1":"product","2":"type-product","3":"status-publish","4":"has-post-thumbnail","6":"product_cat-concentres-de-marijuana","7":"product_cat-thc-distillates","8":"product_tag-1g-thc-distillates-for-sale-in-bulk","9":"product_tag-1ml-cannabis-oil-distillates-for-sale-europe","10":"product_tag-order-thc-distillate-europe","11":"desktop-align-left","12":"tablet-align-left","13":"mobile-align-left","15":"first","16":"instock","17":"shipping-taxable","18":"purchasable","19":"product-type-simple"},"uagb_featured_image_src":{"full":["https:\/\/pressurezone.shop\/wp-content\/uploads\/2024\/10\/Order-THC-Distillate-Europe.webp",570,464,false],"thumbnail":["https:\/\/pressurezone.shop\/wp-content\/uploads\/2024\/10\/Order-THC-Distillate-Europe-150x150.webp",150,150,true],"medium":["https:\/\/pressurezone.shop\/wp-content\/uploads\/2024\/10\/Order-THC-Distillate-Europe-300x244.webp",300,244,true],"medium_large":["https:\/\/pressurezone.shop\/wp-content\/uploads\/2024\/10\/Order-THC-Distillate-Europe.webp",570,464,false],"large":["https:\/\/pressurezone.shop\/wp-content\/uploads\/2024\/10\/Order-THC-Distillate-Europe.webp",570,464,false],"1536x1536":["https:\/\/pressurezone.shop\/wp-content\/uploads\/2024\/10\/Order-THC-Distillate-Europe.webp",570,464,false],"2048x2048":["https:\/\/pressurezone.shop\/wp-content\/uploads\/2024\/10\/Order-THC-Distillate-Europe.webp",570,464,false],"trp-custom-language-flag":["https:\/\/pressurezone.shop\/wp-content\/uploads\/2024\/10\/Order-THC-Distillate-Europe-15x12.webp",15,12,true],"woocommerce_thumbnail":["https:\/\/pressurezone.shop\/wp-content\/uploads\/2024\/10\/Order-THC-Distillate-Europe-300x300.webp",300,300,true],"woocommerce_single":["https:\/\/pressurezone.shop\/wp-content\/uploads\/2024\/10\/Order-THC-Distillate-Europe.webp",570,464,false],"woocommerce_gallery_thumbnail":["https:\/\/pressurezone.shop\/wp-content\/uploads\/2024\/10\/Order-THC-Distillate-Europe-100x100.webp",100,100,true]},"uagb_author_info":{"display_name":"pressurezone.shop","author_link":"https:\/\/pressurezone.shop\/de\/author\/"},"uagb_comment_info":0,"uagb_excerpt":"Commandez du THC Distillate en Europe via Pressure Zone Shop Pr\u00eat \u00e0 d\u00e9couvrir la puret\u00e9 du THC Distillate ? Commandez d\u00e8s maintenant sur Pressure Zone Shop pour acc\u00e9der \u00e0 un extrait de cannabis ultra-pur, parfait pour r\u00e9pondre \u00e0 tous vos besoins en THC.","_links":{"self":[{"href":"https:\/\/pressurezone.shop\/de\/wp-json\/wp\/v2\/product\/3187"}],"collection":[{"href":"https:\/\/pressurezone.shop\/de\/wp-json\/wp\/v2\/product"}],"about":[{"href":"https:\/\/pressurezone.shop\/de\/wp-json\/wp\/v2\/types\/product"}],"replies":[{"embeddable":true,"href":"https:\/\/pressurezone.shop\/de\/wp-json\/wp\/v2\/comments?post=3187"}],"version-history":[{"count":3,"href":"https:\/\/pressurezone.shop\/de\/wp-json\/wp\/v2\/product\/3187\/revisions"}],"predecessor-version":[{"id":4094,"href":"https:\/\/pressurezone.shop\/de\/wp-json\/wp\/v2\/product\/3187\/revisions\/4094"}],"wp:featuredmedia":[{"embeddable":true,"href":"https:\/\/pressurezone.shop\/de\/wp-json\/wp\/v2\/media\/3255"}],"wp:attachment":[{"href":"https:\/\/pressurezone.shop\/de\/wp-json\/wp\/v2\/media?parent=3187"}],"wp:term":[{"taxonomy":"product_brand","embeddable":true,"href":"https:\/\/pressurezone.shop\/de\/wp-json\/wp\/v2\/product_brand?post=3187"},{"taxonomy":"product_cat","embeddable":true,"href":"https:\/\/pressurezone.shop\/de\/wp-json\/wp\/v2\/product_cat?post=3187"},{"taxonomy":"product_tag","embeddable":true,"href":"https:\/\/pressurezone.shop\/de\/wp-json\/wp\/v2\/product_tag?post=3187"}],"curies":[{"name":"wp","href":"https:\/\/api.w.org\/{rel}","templated":true}]}}