{"id":3189,"date":"2024-10-11T00:54:54","date_gmt":"2024-10-10T22:54:54","guid":{"rendered":"https:\/\/pressurezone.shop\/?post_type=product&#038;p=3189"},"modified":"2024-11-04T01:09:45","modified_gmt":"2024-11-04T00:09:45","slug":"cherry-zkittlez-weed-thc-distillate","status":"publish","type":"product","link":"https:\/\/pressurezone.shop\/de\/product\/cherry-zkittlez-weed-thc-distillate\/","title":{"rendered":"Cherry Zkittlez Weed THC Distillate"},"content":{"rendered":"<h3><strong>Kaufen Sie Cherry Zkittlez Weed THC Distillate Online in Europa auf <a href=\"https:\/\/pressurezone.shop\/de\/\" target=\"_new\" rel=\"noopener\">Pressure Zone Shop<\/a><\/strong><\/h3>\n<p>Entdecken Sie den <strong>Cherry Zkittlez Weed THC Distillate<\/strong>Ein au\u00dfergew\u00f6hnliches, ausgewogenes und geschmackvolles Destillat, das aus der Kreuzung der ber\u00fchmten St\u00e4mme <strong>Zkittlez<\/strong> und <strong>Cherry Pie<\/strong>. Perfekt f\u00fcr Cannabisliebhaber, die ein hochwertiges Destillat suchen. Cherry Zkittlez vereint einen fruchtig-s\u00fc\u00dfen Geschmack mit einer starken und ausgewogenen Wirkung.<\/p>\n<h3>Warum Cherry Zkittlez Weed THC Distillate w\u00e4hlen?<\/h3>\n<p>Die <strong>Cherry Zkittlez THC Distillate<\/strong> zeichnet sich durch sein einzigartiges Geschmacksprofil und seine St\u00e4rke aus. Dieses THC-Destillat bietet eine Mischung aus Noten von s\u00fc\u00dfen Kirschen und tropischen Fr\u00fcchten, begleitet von einem s\u00fc\u00dfen Aroma, das an Bonbons erinnert. Ob Sie es verdampfen, zu Essbarem hinzuf\u00fcgen oder in einem Dab Rig verwenden, Cherry Zkittlez ist die perfekte Wahl f\u00fcr ein geschmackvolles und intensives Cannabis-Erlebnis.<a href=\"https:\/\/fuelpackz.com\/\" target=\"_blank\" rel=\"noopener\">.<\/a><\/p>\n<ul>\n<li><strong>Typ<\/strong> : Ausgewogener Hybrid<\/li>\n<li><strong>Herkunft<\/strong> : Kreuzung zwischen Zkittlez und Cherry Pie<\/li>\n<\/ul>\n<h3>Wirkungen und Nutzen von Cherry Zkittlez Weed THC Distillate<\/h3>\n<p>Die <strong>Cherry Zkittlez THC Distillate<\/strong> bietet ein schnelles, euphorisches High, das die Kreativit\u00e4t anregt und die Stimmung hebt. Ideal f\u00fcr gesellige Momente oder f\u00fcr einen Motivationsschub, l\u00e4sst Sie dieses Destillat entspannt, aber gleichzeitig konzentriert und inspiriert sein.<\/p>\n<ul>\n<li><strong>Effekte<\/strong> : Kreativit\u00e4t, Euphorie, Fokus, Geselligkeit, Stimmungsaufhellung<\/li>\n<li><strong>Perfekt F\u00fcr<\/strong> : Angst, Chronische Schmerzen, Kr\u00e4mpfe, Fibromyalgie, Schlaflosigkeit, Muskelkr\u00e4mpfe, Stress<\/li>\n<\/ul>\n<h3>Bedingungen Gelindert durch Cherry Zkittlez Cannabis Distillate<\/h3>\n<p>Mit seiner ausgewogenen Wirkung und dem hohen THC-Gehalt, <strong>Cherry Zkittlez Distillate<\/strong> wird h\u00e4ufig zur Bew\u00e4ltigung verschiedener k\u00f6rperlicher und geistiger Beschwerden empfohlen :<\/p>\n<ul>\n<li><strong>Chronische Schmerzen und Muskelkr\u00e4mpfe<\/strong> : Lindert anhaltende Schmerzen und baut K\u00f6rperspannungen ab.<\/li>\n<li><strong>Stress und Angst<\/strong> : F\u00f6rdert ein Gef\u00fchl des Wohlbefindens und beruhigt den Geist.<\/li>\n<li><strong>Schlaflosigkeit und Fibromyalgie<\/strong> : Hilft, die Schlafqualit\u00e4t zu verbessern und die mit Fibromyalgie verbundenen Schmerzen zu lindern.<\/li>\n<\/ul>\n<h3>Geschmack und Aroma von Cherry Zkittlez THC Distillate<\/h3>\n<p>Die <strong>Cherry Zkittlez THC Distillate<\/strong> verzaubert die Sinne mit Aromen von <strong>beeren<\/strong>von <strong>Kirsche<\/strong> und von <strong>tropische Fr\u00fcchte<\/strong>und schafft so ein s\u00fc\u00dfes und fruchtiges Geschmackserlebnis. Sein Aroma ist ebenso angenehm und kombiniert s\u00fc\u00dfe Kirschnoten mit kr\u00e4uterigen, erdigen und w\u00fcrzigen Nuancen.<\/p>\n<ul>\n<li><strong>Geschm\u00e4cker<\/strong> : Beeren, Bonbons, Kirsche, Fruchtig, S\u00fc\u00df, Tropisch<\/li>\n<li><strong>Aromen<\/strong> : Kirsche, Erdig, Kr\u00e4uter, W\u00fcrzig, S\u00fc\u00df, Tropisch<\/li>\n<\/ul>\n<h3>Anwendung und Dosierung von Cherry Zkittlez THC Distillate<\/h3>\n<p>Die <strong>Cherry Zkittlez THC Distillate<\/strong> ist stark und ideal f\u00fcr erfahrene Anwender. Ob Sie es in einem Vaporizer, einem Dab Rig oder in Essbarem verwenden, beginnen Sie mit einer kleinen Dosis und passen Sie sie entsprechend Ihrer Toleranz an. Nutzen Sie seine Vielseitigkeit f\u00fcr einen diskreten und individuellen Konsum.<\/p>\n<h3>Bestellen Sie Cherry Zkittlez Weed THC Distillate online im Pressure Zone Shop<\/h3>\n<p>Sind Sie bereit, die fruchtig-euphorische Erfahrung des <strong>Cherry Zkittlez Weed THC Distillate<\/strong> ? Bestellen Sie jetzt auf <a href=\"https:\/\/pressurezone.shop\/de\/\" target=\"_new\" rel=\"noopener\">Pressure Zone Shop<\/a> f\u00fcr ein unvergessliches Cannabis-Erlebnis, ideal zur Linderung von Beschwerden, w\u00e4hrend Sie ein s\u00fc\u00dfes, tropisches Geschmacksprofil genie\u00dfen. <strong>Cherry Zkittlez THC Distillate<\/strong> ist die perfekte Wahl f\u00fcr eine gesellige und kreative Entspannung.<\/p>","protected":false},"excerpt":{"rendered":"<p>Achetez le Cherry Zkittlez Weed THC Distillate en Ligne en Europe sur Pressure Zone Shop D\u00e9couvrez le Cherry Zkittlez Weed THC Distillate, un distillat exceptionnel \u00e9quilibr\u00e9 et savoureux, issu du croisement entre les c\u00e9l\u00e8bres souches Zkittlez et Cherry Pie. Parfait pour les amateurs de cannabis cherchant un distillat de haute qualit\u00e9, Cherry Zkittlez allie une [&hellip;]<\/p>","protected":false},"featured_media":3259,"comment_status":"closed","ping_status":"closed","template":"","meta":{"_uag_custom_page_level_css":"","site-sidebar-layout":"default","site-content-layout":"","ast-site-content-layout":"default","site-content-style":"default","site-sidebar-style":"default","ast-global-header-display":"","ast-banner-title-visibility":"","ast-main-header-display":"","ast-hfb-above-header-display":"","ast-hfb-below-header-display":"","ast-hfb-mobile-header-display":"","site-post-title":"","ast-breadcrumbs-content":"","ast-featured-img":"","footer-sml-layout":"","theme-transparent-header-meta":"default","adv-header-id-meta":"","stick-header-meta":"","header-above-stick-meta":"","header-main-stick-meta":"","header-below-stick-meta":"","astra-migrate-meta-layouts":"set","ast-page-background-enabled":"default","ast-page-background-meta":{"desktop":{"background-color":"","background-image":"","background-repeat":"repeat","background-position":"center center","background-size":"auto","background-attachment":"scroll","background-type":"","background-media":"","overlay-type":"","overlay-color":"","overlay-opacity":"","overlay-gradient":""},"tablet":{"background-color":"","background-image":"","background-repeat":"repeat","background-position":"center center","background-size":"auto","background-attachment":"scroll","background-type":"","background-media":"","overlay-type":"","overlay-color":"","overlay-opacity":"","overlay-gradient":""},"mobile":{"background-color":"","background-image":"","background-repeat":"repeat","background-position":"center center","background-size":"auto","background-attachment":"scroll","background-type":"","background-media":"","overlay-type":"","overlay-color":"","overlay-opacity":"","overlay-gradient":""}},"ast-content-background-meta":{"desktop":{"background-color":"var(--ast-global-color-5)","background-image":"","background-repeat":"repeat","background-position":"center center","background-size":"auto","background-attachment":"scroll","background-type":"","background-media":"","overlay-type":"","overlay-color":"","overlay-opacity":"","overlay-gradient":""},"tablet":{"background-color":"var(--ast-global-color-5)","background-image":"","background-repeat":"repeat","background-position":"center center","background-size":"auto","background-attachment":"scroll","background-type":"","background-media":"","overlay-type":"","overlay-color":"","overlay-opacity":"","overlay-gradient":""},"mobile":{"background-color":"var(--ast-global-color-5)","background-image":"","background-repeat":"repeat","background-position":"center center","background-size":"auto","background-attachment":"scroll","background-type":"","background-media":"","overlay-type":"","overlay-color":"","overlay-opacity":"","overlay-gradient":""}}},"product_brand":[],"product_cat":[334,367],"product_tag":[377,378,379,380],"class_list":{"0":"post-3189","1":"product","2":"type-product","3":"status-publish","4":"has-post-thumbnail","6":"product_cat-concentres-de-marijuana","7":"product_cat-thc-distillates","8":"product_tag-buy-cherry-zkittlez-weed-thc-distillate-eu","9":"product_tag-cannabis-distillates-for-sale-uk","10":"product_tag-order-thc-distillates-europe","11":"product_tag-shop-1g-distillates-online","12":"desktop-align-left","13":"tablet-align-left","14":"mobile-align-left","16":"first","17":"instock","18":"shipping-taxable","19":"purchasable","20":"product-type-simple"},"uagb_featured_image_src":{"full":["https:\/\/pressurezone.shop\/wp-content\/uploads\/2024\/10\/Cherry-Zkittlez-Weed-THC-Distillate-EU.webp",2560,1707,false],"thumbnail":["https:\/\/pressurezone.shop\/wp-content\/uploads\/2024\/10\/Cherry-Zkittlez-Weed-THC-Distillate-EU-150x150.webp",150,150,true],"medium":["https:\/\/pressurezone.shop\/wp-content\/uploads\/2024\/10\/Cherry-Zkittlez-Weed-THC-Distillate-EU-300x200.webp",300,200,true],"medium_large":["https:\/\/pressurezone.shop\/wp-content\/uploads\/2024\/10\/Cherry-Zkittlez-Weed-THC-Distillate-EU-768x512.webp",768,512,true],"large":["https:\/\/pressurezone.shop\/wp-content\/uploads\/2024\/10\/Cherry-Zkittlez-Weed-THC-Distillate-EU-1024x683.webp",1024,683,true],"1536x1536":["https:\/\/pressurezone.shop\/wp-content\/uploads\/2024\/10\/Cherry-Zkittlez-Weed-THC-Distillate-EU-1536x1024.webp",1536,1024,true],"2048x2048":["https:\/\/pressurezone.shop\/wp-content\/uploads\/2024\/10\/Cherry-Zkittlez-Weed-THC-Distillate-EU-2048x1366.webp",2048,1366,true],"trp-custom-language-flag":["https:\/\/pressurezone.shop\/wp-content\/uploads\/2024\/10\/Cherry-Zkittlez-Weed-THC-Distillate-EU-18x12.webp",18,12,true],"woocommerce_thumbnail":["https:\/\/pressurezone.shop\/wp-content\/uploads\/2024\/10\/Cherry-Zkittlez-Weed-THC-Distillate-EU-300x300.webp",300,300,true],"woocommerce_single":["https:\/\/pressurezone.shop\/wp-content\/uploads\/2024\/10\/Cherry-Zkittlez-Weed-THC-Distillate-EU-600x400.webp",600,400,true],"woocommerce_gallery_thumbnail":["https:\/\/pressurezone.shop\/wp-content\/uploads\/2024\/10\/Cherry-Zkittlez-Weed-THC-Distillate-EU-100x100.webp",100,100,true]},"uagb_author_info":{"display_name":"pressurezone.shop","author_link":"https:\/\/pressurezone.shop\/de\/author\/"},"uagb_comment_info":0,"uagb_excerpt":"Achetez le Cherry Zkittlez Weed THC Distillate en Ligne en Europe sur Pressure Zone Shop D\u00e9couvrez le Cherry Zkittlez Weed THC Distillate, un distillat exceptionnel \u00e9quilibr\u00e9 et savoureux, issu du croisement entre les c\u00e9l\u00e8bres souches Zkittlez et Cherry Pie. Parfait pour les amateurs de cannabis cherchant un distillat de haute qualit\u00e9, Cherry Zkittlez allie une&hellip;","_links":{"self":[{"href":"https:\/\/pressurezone.shop\/de\/wp-json\/wp\/v2\/product\/3189"}],"collection":[{"href":"https:\/\/pressurezone.shop\/de\/wp-json\/wp\/v2\/product"}],"about":[{"href":"https:\/\/pressurezone.shop\/de\/wp-json\/wp\/v2\/types\/product"}],"replies":[{"embeddable":true,"href":"https:\/\/pressurezone.shop\/de\/wp-json\/wp\/v2\/comments?post=3189"}],"version-history":[{"count":3,"href":"https:\/\/pressurezone.shop\/de\/wp-json\/wp\/v2\/product\/3189\/revisions"}],"predecessor-version":[{"id":4090,"href":"https:\/\/pressurezone.shop\/de\/wp-json\/wp\/v2\/product\/3189\/revisions\/4090"}],"wp:featuredmedia":[{"embeddable":true,"href":"https:\/\/pressurezone.shop\/de\/wp-json\/wp\/v2\/media\/3259"}],"wp:attachment":[{"href":"https:\/\/pressurezone.shop\/de\/wp-json\/wp\/v2\/media?parent=3189"}],"wp:term":[{"taxonomy":"product_brand","embeddable":true,"href":"https:\/\/pressurezone.shop\/de\/wp-json\/wp\/v2\/product_brand?post=3189"},{"taxonomy":"product_cat","embeddable":true,"href":"https:\/\/pressurezone.shop\/de\/wp-json\/wp\/v2\/product_cat?post=3189"},{"taxonomy":"product_tag","embeddable":true,"href":"https:\/\/pressurezone.shop\/de\/wp-json\/wp\/v2\/product_tag?post=3189"}],"curies":[{"name":"wp","href":"https:\/\/api.w.org\/{rel}","templated":true}]}}