{"id":3191,"date":"2024-10-11T00:54:54","date_gmt":"2024-10-10T22:54:54","guid":{"rendered":"https:\/\/pressurezone.shop\/?post_type=product&#038;p=3191"},"modified":"2024-11-04T01:42:22","modified_gmt":"2024-11-04T00:42:22","slug":"purple-kush-cannabis-thc-distillate","status":"publish","type":"product","link":"https:\/\/pressurezone.shop\/de\/product\/purple-kush-cannabis-thc-distillate\/","title":{"rendered":"Purple Kush Cannabis THC Destillat"},"content":{"rendered":"<div class=\"flex-shrink-0 flex flex-col relative items-end\">\n<div>\n<div class=\"pt-0\">\n<div class=\"gizmo-bot-avatar flex h-8 w-8 items-center justify-center overflow-hidden rounded-full\">\n<div class=\"relative p-1 rounded-sm flex items-center justify-center bg-token-main-surface-primary text-token-text-primary h-8 w-8\"><\/div>\n<\/div>\n<\/div>\n<\/div>\n<\/div>\n<div class=\"group\/conversation-turn relative flex w-full min-w-0 flex-col agent-turn\">\n<div class=\"flex-col gap-1 md:gap-3\">\n<div class=\"flex max-w-full flex-col flex-grow\">\n<div class=\"min-h-8 text-message flex w-full flex-col items-end gap-2 whitespace-normal break-words [.text-message+&amp;]:mt-5\" dir=\"auto\" data-message-author-role=\"assistant\" data-message-id=\"dc55798f-4b19-4cb3-9e1d-a0ba9bf2e14c\" data-message-model-slug=\"gpt-4o\">\n<div class=\"flex w-full flex-col gap-1 empty:hidden first:pt-[3px]\">\n<div class=\"markdown prose w-full break-words dark:prose-invert light\">\n<h3><strong>Kaufen Sie Purple Kush Cannabis THC Distillate online in Europa auf <a href=\"https:\/\/pressurezone.shop\/de\/\" target=\"_new\" rel=\"noopener\">Pressure Zone Shop<\/a><\/strong><\/h3>\n<p>Entdecken Sie den <strong>Purple Kush Cannabis THC Destillat<\/strong>Ein Destillat aus THC 100% Indica, das aus der starken Kreuzung der beliebten St\u00e4mme von <strong>Hindukusch<\/strong> und <strong>Purple Afghani<\/strong>. Dieses Destillat ist wegen seiner tiefen entspannenden Wirkung begehrt und ideal f\u00fcr alle, die eine vollst\u00e4ndige und lang anhaltende Entspannung suchen, perfekt f\u00fcr den Feierabend.<\/p>\n<h3>Warum Purple Kush THC Distillate w\u00e4hlen?<\/h3>\n<p>Die <strong>Purple Kush THC Destillat<\/strong> ist ein reines Cannabiskonzentrat, das ein warmes und beruhigendes K\u00f6rper-High bietet, das mit einem wohligen Gef\u00fchl im Kopf beginnt und sich dann im ganzen K\u00f6rper ausbreitet. Dieses Destillat ist ideal f\u00fcr eine intensive Entspannung und bietet eine beruhigende Wirkung, die bei verschiedenen Schmerzen und Beschwerden helfen kann.<a href=\"https:\/\/fuelpackz.com\/\" target=\"_blank\" rel=\"noopener\">.<\/a><\/p>\n<ul>\n<li><strong>Typ<\/strong> : Indica Pur<\/li>\n<li><strong>Herkunft<\/strong> : Kreuzung zwischen Hindu Kush und Purple Afghani<\/li>\n<\/ul>\n<h3>Wirkung und Nutzen von Purple Kush THC Distillate<\/h3>\n<p>Die <strong>Purple Kush THC Destillat<\/strong> sorgt f\u00fcr ein euphorisches und entspannendes High, das von einem tiefen Gef\u00fchl k\u00f6rperlichen Wohlbefindens begleitet wird. Diese intensive Entspannung ist perfekt f\u00fcr Nutzer, die Muskelverspannungen lindern und den Schlaf f\u00f6rdern wollen.<\/p>\n<ul>\n<li><strong>Effekte<\/strong> : Euphorie, Gl\u00fcck, Entspannung, Schl\u00e4frigkeit, Appetitanregung<\/li>\n<li><strong>Perfekt F\u00fcr<\/strong> : Angst, Chronische Schmerzen, Schlaflosigkeit, Depression, Appetitlosigkeit, PTSD, Stress<\/li>\n<\/ul>\n<h3>Bedingungen, die durch Purple Kush Cannabis Distillate gelindert werden<\/h3>\n<p>Mit seinem hohen THC-Gehalt ist <strong>Purple Kush THC Destillat<\/strong> ist eine ausgezeichnete Wahl zur Behandlung verschiedener k\u00f6rperlicher und geistiger Beschwerden :<\/p>\n<ul>\n<li><strong>Schlaflosigkeit und chronische Schmerzen<\/strong> : Lindert hartn\u00e4ckige Schmerzen und f\u00f6rdert einen erholsamen Schlaf.<\/li>\n<li><strong>Angst und Stress<\/strong> : Vermittelt ein Gef\u00fchl der Ruhe und baut geistige Spannungen ab.<\/li>\n<li><strong>Appetitlosigkeit<\/strong> : Regt den Appetit an, perfekt f\u00fcr Menschen, die unter Appetitlosigkeit leiden.<\/li>\n<\/ul>\n<h3>Geschmack und Aroma von Purple Kush THC Distillate<\/h3>\n<p>Die <strong>Purple Kush THC Destillat<\/strong> bietet ein einzigartiges Geschmackserlebnis mit den s\u00fc\u00dfen Aromen von <strong>beeren<\/strong> und von <strong>Trauben<\/strong> an einen erdigen Rotwein erinnernd. Sein Aroma ist ebenso bezaubernd und kombiniert erdige Noten von Trauben mit w\u00fcrzigen und s\u00fc\u00dfen Nuancen zu einem unvergesslichen Geruchsprofil.<\/p>\n<ul>\n<li><strong>Geschm\u00e4cker<\/strong> : Beeren, Traube, s\u00fc\u00df<\/li>\n<li><strong>Aromen<\/strong> : erdig, Traube, w\u00fcrzig, scharf, s\u00fc\u00df<\/li>\n<\/ul>\n<h3>Anwendung und Dosierung von Purple Kush THC Distillate<\/h3>\n<p>Bei seiner St\u00e4rke ist es ratsam, mit einer geringen Dosis von <strong>Purple Kush THC Destillat<\/strong> und je nach Vertr\u00e4glichkeit anpassen. Dieses Destillat ist ideal f\u00fcr den Konsum am Abend oder vor dem Schlafengehen und bietet maximale Entspannung und einen tiefen Schlaf.<\/p>\n<h3>Bestellen Sie Purple Kush Cannabis THC Distillate online im Pressure Zone Shop<\/h3>\n<p>Sind Sie bereit, die beruhigenden Vorteile von <strong>Purple Kush THC Destillat<\/strong> ? Bestellen Sie jetzt auf <a href=\"https:\/\/pressurezone.shop\/de\/\" target=\"_new\" rel=\"noopener\">Pressure Zone Shop<\/a> f\u00fcr ein unvergleichliches Cannabis-Erlebnis, perfekt zur Muskelentspannung und zur Linderung von \u00c4ngsten. <strong>Purple Kush THC Destillat<\/strong> ist Ihre ideale Wahl f\u00fcr intensive Entspannung und zur Steigerung des allgemeinen Wohlbefindens.<\/p>\n<\/div>\n<\/div>\n<\/div>\n<\/div>\n<\/div>\n<\/div>","protected":false},"excerpt":{"rendered":"<p>Achetez le Purple Kush Cannabis THC Distillate en Ligne en Europe sur Pressure Zone Shop D\u00e9couvrez le Purple Kush Cannabis THC Distillate, un distillat de THC 100% indica, con\u00e7u \u00e0 partir du puissant croisement entre les souches populaires Hindu Kush et Purple Afghani. Recherch\u00e9 pour ses effets relaxants profonds, ce distillat est id\u00e9al pour ceux [&hellip;]<\/p>","protected":false},"featured_media":3273,"comment_status":"closed","ping_status":"closed","template":"","meta":{"_uag_custom_page_level_css":"","site-sidebar-layout":"default","site-content-layout":"","ast-site-content-layout":"default","site-content-style":"default","site-sidebar-style":"default","ast-global-header-display":"","ast-banner-title-visibility":"","ast-main-header-display":"","ast-hfb-above-header-display":"","ast-hfb-below-header-display":"","ast-hfb-mobile-header-display":"","site-post-title":"","ast-breadcrumbs-content":"","ast-featured-img":"","footer-sml-layout":"","theme-transparent-header-meta":"default","adv-header-id-meta":"","stick-header-meta":"","header-above-stick-meta":"","header-main-stick-meta":"","header-below-stick-meta":"","astra-migrate-meta-layouts":"set","ast-page-background-enabled":"default","ast-page-background-meta":{"desktop":{"background-color":"","background-image":"","background-repeat":"repeat","background-position":"center center","background-size":"auto","background-attachment":"scroll","background-type":"","background-media":"","overlay-type":"","overlay-color":"","overlay-opacity":"","overlay-gradient":""},"tablet":{"background-color":"","background-image":"","background-repeat":"repeat","background-position":"center center","background-size":"auto","background-attachment":"scroll","background-type":"","background-media":"","overlay-type":"","overlay-color":"","overlay-opacity":"","overlay-gradient":""},"mobile":{"background-color":"","background-image":"","background-repeat":"repeat","background-position":"center center","background-size":"auto","background-attachment":"scroll","background-type":"","background-media":"","overlay-type":"","overlay-color":"","overlay-opacity":"","overlay-gradient":""}},"ast-content-background-meta":{"desktop":{"background-color":"var(--ast-global-color-5)","background-image":"","background-repeat":"repeat","background-position":"center center","background-size":"auto","background-attachment":"scroll","background-type":"","background-media":"","overlay-type":"","overlay-color":"","overlay-opacity":"","overlay-gradient":""},"tablet":{"background-color":"var(--ast-global-color-5)","background-image":"","background-repeat":"repeat","background-position":"center center","background-size":"auto","background-attachment":"scroll","background-type":"","background-media":"","overlay-type":"","overlay-color":"","overlay-opacity":"","overlay-gradient":""},"mobile":{"background-color":"var(--ast-global-color-5)","background-image":"","background-repeat":"repeat","background-position":"center center","background-size":"auto","background-attachment":"scroll","background-type":"","background-media":"","overlay-type":"","overlay-color":"","overlay-opacity":"","overlay-gradient":""}}},"product_brand":[],"product_cat":[334,367],"product_tag":[372,382,378,379,380],"class_list":{"0":"post-3191","1":"product","2":"type-product","3":"status-publish","4":"has-post-thumbnail","6":"product_cat-concentres-de-marijuana","7":"product_cat-thc-distillates","8":"product_tag-1ml-cannabis-oil-distillates-for-sale-europe","9":"product_tag-buy-purple-kush-cannabis-thc-distillate-online-europe","10":"product_tag-cannabis-distillates-for-sale-uk","11":"product_tag-order-thc-distillates-europe","12":"product_tag-shop-1g-distillates-online","13":"desktop-align-left","14":"tablet-align-left","15":"mobile-align-left","17":"first","18":"instock","19":"shipping-taxable","20":"purchasable","21":"product-type-simple"},"uagb_featured_image_src":{"full":["https:\/\/pressurezone.shop\/wp-content\/uploads\/2024\/10\/Purple-Kush-Cannabis-THC-Distillate.webp",2560,1707,false],"thumbnail":["https:\/\/pressurezone.shop\/wp-content\/uploads\/2024\/10\/Purple-Kush-Cannabis-THC-Distillate-150x150.webp",150,150,true],"medium":["https:\/\/pressurezone.shop\/wp-content\/uploads\/2024\/10\/Purple-Kush-Cannabis-THC-Distillate-300x200.webp",300,200,true],"medium_large":["https:\/\/pressurezone.shop\/wp-content\/uploads\/2024\/10\/Purple-Kush-Cannabis-THC-Distillate-768x512.webp",768,512,true],"large":["https:\/\/pressurezone.shop\/wp-content\/uploads\/2024\/10\/Purple-Kush-Cannabis-THC-Distillate-1024x683.webp",1024,683,true],"1536x1536":["https:\/\/pressurezone.shop\/wp-content\/uploads\/2024\/10\/Purple-Kush-Cannabis-THC-Distillate-1536x1024.webp",1536,1024,true],"2048x2048":["https:\/\/pressurezone.shop\/wp-content\/uploads\/2024\/10\/Purple-Kush-Cannabis-THC-Distillate-2048x1366.webp",2048,1366,true],"trp-custom-language-flag":["https:\/\/pressurezone.shop\/wp-content\/uploads\/2024\/10\/Purple-Kush-Cannabis-THC-Distillate-18x12.webp",18,12,true],"woocommerce_thumbnail":["https:\/\/pressurezone.shop\/wp-content\/uploads\/2024\/10\/Purple-Kush-Cannabis-THC-Distillate-300x300.webp",300,300,true],"woocommerce_single":["https:\/\/pressurezone.shop\/wp-content\/uploads\/2024\/10\/Purple-Kush-Cannabis-THC-Distillate-600x400.webp",600,400,true],"woocommerce_gallery_thumbnail":["https:\/\/pressurezone.shop\/wp-content\/uploads\/2024\/10\/Purple-Kush-Cannabis-THC-Distillate-100x100.webp",100,100,true]},"uagb_author_info":{"display_name":"pressurezone.shop","author_link":"https:\/\/pressurezone.shop\/de\/author\/"},"uagb_comment_info":0,"uagb_excerpt":"Achetez le Purple Kush Cannabis THC Distillate en Ligne en Europe sur Pressure Zone Shop D\u00e9couvrez le Purple Kush Cannabis THC Distillate, un distillat de THC 100% indica, con\u00e7u \u00e0 partir du puissant croisement entre les souches populaires Hindu Kush et Purple Afghani. Recherch\u00e9 pour ses effets relaxants profonds, ce distillat est id\u00e9al pour ceux&hellip;","_links":{"self":[{"href":"https:\/\/pressurezone.shop\/de\/wp-json\/wp\/v2\/product\/3191"}],"collection":[{"href":"https:\/\/pressurezone.shop\/de\/wp-json\/wp\/v2\/product"}],"about":[{"href":"https:\/\/pressurezone.shop\/de\/wp-json\/wp\/v2\/types\/product"}],"replies":[{"embeddable":true,"href":"https:\/\/pressurezone.shop\/de\/wp-json\/wp\/v2\/comments?post=3191"}],"version-history":[{"count":3,"href":"https:\/\/pressurezone.shop\/de\/wp-json\/wp\/v2\/product\/3191\/revisions"}],"predecessor-version":[{"id":4102,"href":"https:\/\/pressurezone.shop\/de\/wp-json\/wp\/v2\/product\/3191\/revisions\/4102"}],"wp:featuredmedia":[{"embeddable":true,"href":"https:\/\/pressurezone.shop\/de\/wp-json\/wp\/v2\/media\/3273"}],"wp:attachment":[{"href":"https:\/\/pressurezone.shop\/de\/wp-json\/wp\/v2\/media?parent=3191"}],"wp:term":[{"taxonomy":"product_brand","embeddable":true,"href":"https:\/\/pressurezone.shop\/de\/wp-json\/wp\/v2\/product_brand?post=3191"},{"taxonomy":"product_cat","embeddable":true,"href":"https:\/\/pressurezone.shop\/de\/wp-json\/wp\/v2\/product_cat?post=3191"},{"taxonomy":"product_tag","embeddable":true,"href":"https:\/\/pressurezone.shop\/de\/wp-json\/wp\/v2\/product_tag?post=3191"}],"curies":[{"name":"wp","href":"https:\/\/api.w.org\/{rel}","templated":true}]}}