{"id":3192,"date":"2024-10-11T00:54:54","date_gmt":"2024-10-10T22:54:54","guid":{"rendered":"https:\/\/pressurezone.shop\/?post_type=product&#038;p=3192"},"modified":"2024-11-04T01:06:07","modified_gmt":"2024-11-04T00:06:07","slug":"fire-og-strain-thc-distillate","status":"publish","type":"product","link":"https:\/\/pressurezone.shop\/de\/product\/fire-og-strain-thc-distillate\/","title":{"rendered":"Fire OG Strain THC Distillate"},"content":{"rendered":"<div class=\"flex-shrink-0 flex flex-col relative items-end\">\n<div>\n<div class=\"pt-0\">\n<div class=\"gizmo-bot-avatar flex h-8 w-8 items-center justify-center overflow-hidden rounded-full\">\n<div class=\"relative p-1 rounded-sm flex items-center justify-center bg-token-main-surface-primary text-token-text-primary h-8 w-8\"><\/div>\n<\/div>\n<\/div>\n<\/div>\n<\/div>\n<div class=\"group\/conversation-turn relative flex w-full min-w-0 flex-col agent-turn\">\n<div class=\"flex-col gap-1 md:gap-3\">\n<div class=\"flex max-w-full flex-col flex-grow\">\n<div class=\"min-h-8 text-message flex w-full flex-col items-end gap-2 whitespace-normal break-words [.text-message+&amp;]:mt-5\" dir=\"auto\" data-message-author-role=\"assistant\" data-message-id=\"402b8b02-80b6-4c34-982d-bf6d0f271433\" data-message-model-slug=\"gpt-4o\">\n<div class=\"flex w-full flex-col gap-1 empty:hidden first:pt-[3px]\">\n<div class=\"markdown prose w-full break-words dark:prose-invert light\">\n<h3><strong>Kaufen Sie Fire OG Strain THC Distillate Online in Europa auf <a href=\"https:\/\/pressurezone.shop\/de\/\" target=\"_new\" rel=\"noopener\">Pressure Zone Shop<\/a><\/strong><\/h3>\n<p>Entdecken Sie den <strong>Fire OG Strain THC Distillate<\/strong>Ein kraftvolles Destillat aus der Kreuzung der ikonischen Sorten <strong>OG Kush<\/strong> und <strong>San Fernando Valley OG Kush<\/strong>. Dieses Hybriddestillat mit Indica-Dominanz (70% indica \/ 30% sativa) bietet ein intensives Erlebnis, ideal f\u00fcr alle, die einen euphorischen Anstieg gefolgt von einer tiefen, beruhigenden Entspannung suchen.<\/p>\n<h3>Warum Fire OG Strain THC Distillate w\u00e4hlen?<\/h3>\n<p><strong>Fire OG THC Distillate<\/strong> wurde entwickelt, um ein starkes und lang anhaltendes Cannabis-Erlebnis zu bieten. Mit anf\u00e4nglichen euphorischen Effekten, die in v\u00f6llige Entspannung und einen intensiven \"Couch Lock\"-Effekt \u00fcbergehen, ist Fire OG ideal f\u00fcr erfahrene Nutzer, die ein Gef\u00fchl tiefer Ruhe und beruhigender Gl\u00fcckseligkeit suchen.<a href=\"https:\/\/fuelpackz.com\/\" target=\"_blank\" rel=\"noopener\">.<\/a><\/p>\n<ul>\n<li><strong>Typ<\/strong> : Indica-dominierte Hybride (70% Indica \/ 30% Sativa)<\/li>\n<li><strong>Herkunft<\/strong> : Kreuzung von OG Kush und San Fernando Valley OG Kush<\/li>\n<\/ul>\n<h3>Wirkung und Nutzen von Fire OG THC Distillate<\/h3>\n<p>Die <strong>Fire OG THC Distillate<\/strong> bietet ein kraftvolles, entspannendes High mit einem euphorischen H\u00f6hepunkt, der den Geist anregt und dann in eine intensive k\u00f6rperliche Entspannung \u00fcbergeht. Perfekt f\u00fcr ruhige Abende, ist dieses Destillat auch wirksam bei der Linderung verschiedener k\u00f6rperlicher und emotionaler Symptome.<\/p>\n<ul>\n<li><strong>Effekte<\/strong> : Euphorie, Gl\u00fcck, Schl\u00e4frigkeit, Intensive Entspannung<\/li>\n<li><strong>Perfekt F\u00fcr<\/strong> : Arthritis, Chronische Schmerzen, Depression, Schlaflosigkeit, Appetitlosigkeit, Migr\u00e4ne, PTSD, Stress<\/li>\n<\/ul>\n<h3>Durch Fire OG Cannabis Distillate gelinderte Bedingungen<\/h3>\n<p>Mit seinem hohen THC-Gehalt <strong>Fire OG Distillate<\/strong> wird besonders empfohlen, um ein breites Spektrum an Symptomen zu bew\u00e4ltigen:<\/p>\n<ul>\n<li><strong>Chronische Schmerzen und Arthritis<\/strong> : Lindert hartn\u00e4ckige K\u00f6rperschmerzen und Verspannungen.<\/li>\n<li><strong>Schlaflosigkeit und Appetitlosigkeit<\/strong> : Erleichtert einen tiefen Schlaf und regt den Appetit an.<\/li>\n<li><strong>Depressionen und Stress<\/strong> : Vermittelt ein Gef\u00fchl der Ruhe und des Gl\u00fccks, das die Stimmung hebt.<\/li>\n<\/ul>\n<h3>Geschmack und Aroma von Fire OG THC Distillate<\/h3>\n<p>Die <strong>Fire OG THC Distillate<\/strong> verf\u00fchrt mit seinen Aromen von Zitrusfr\u00fcchten, Zitrone und Kiefer, die durch Kr\u00e4uternoten und w\u00fcrzige S\u00fc\u00dfe erg\u00e4nzt werden. Sein erdiges, holziges Aroma, das durch eine w\u00fcrzige Note betont wird, schafft ein kraftvolles und unvergessliches Dufterlebnis.<\/p>\n<ul>\n<li><strong>Geschm\u00e4cker<\/strong> : Zitrus, Kr\u00e4uter, Zitrone, Kiefer, W\u00fcrzig, S\u00fc\u00df<\/li>\n<li><strong>Aromen<\/strong> : erdig, scharf, holzig<\/li>\n<\/ul>\n<h3>Anwendung und Dosierung von Fire OG THC Distillate<\/h3>\n<p>Die <strong>Fire OG THC Distillate<\/strong> ist sehr stark und bietet schnelle und lang anhaltende Effekte. F\u00fcr eine optimale Erfahrung beginnen Sie mit einer geringen Dosis, besonders wenn Sie Anf\u00e4nger sind, und steigern Sie sich allm\u00e4hlich, je nachdem, wie viel Sie vertragen. Dieses Destillat ist perfekt f\u00fcr Anwender, die eine intensive und lang anhaltende Entspannung suchen.<\/p>\n<h3>Bestellen Sie Fire OG THC Distillate online im Pressure Zone Shop<\/h3>\n<p>Sind Sie bereit, die Kraft und die beruhigende Wirkung von <strong>Fire OG THC Distillate<\/strong> ? Bestellen Sie jetzt auf <a href=\"https:\/\/pressurezone.shop\/de\/\" target=\"_new\" rel=\"noopener\">Pressure Zone Shop<\/a> f\u00fcr ein reines und intensives Cannabis-Erlebnis, ideal f\u00fcr eine wirksame Linderung und tiefe Entspannung. <strong>Fire OG THC Distillate<\/strong> ist die perfekte Wahl f\u00fcr entspannte Abende und zur Bew\u00e4ltigung chronischer Beschwerden.<\/p>\n<\/div>\n<\/div>\n<\/div>\n<\/div>\n<\/div>\n<\/div>","protected":false},"excerpt":{"rendered":"<p>Achetez le Fire OG Strain THC Distillate en Ligne en Europe sur Pressure Zone Shop D\u00e9couvrez le Fire OG Strain THC Distillate, un distillat puissant issu du croisement entre les vari\u00e9t\u00e9s embl\u00e9matiques OG Kush et San Fernando Valley OG Kush. Ce distillat hybride \u00e0 dominance indica (70% indica \/ 30% sativa) offre une exp\u00e9rience intense, [&hellip;]<\/p>","protected":false},"featured_media":3277,"comment_status":"closed","ping_status":"closed","template":"","meta":{"_uag_custom_page_level_css":"","site-sidebar-layout":"default","site-content-layout":"","ast-site-content-layout":"default","site-content-style":"default","site-sidebar-style":"default","ast-global-header-display":"","ast-banner-title-visibility":"","ast-main-header-display":"","ast-hfb-above-header-display":"","ast-hfb-below-header-display":"","ast-hfb-mobile-header-display":"","site-post-title":"","ast-breadcrumbs-content":"","ast-featured-img":"","footer-sml-layout":"","theme-transparent-header-meta":"default","adv-header-id-meta":"","stick-header-meta":"","header-above-stick-meta":"","header-main-stick-meta":"","header-below-stick-meta":"","astra-migrate-meta-layouts":"set","ast-page-background-enabled":"default","ast-page-background-meta":{"desktop":{"background-color":"","background-image":"","background-repeat":"repeat","background-position":"center center","background-size":"auto","background-attachment":"scroll","background-type":"","background-media":"","overlay-type":"","overlay-color":"","overlay-opacity":"","overlay-gradient":""},"tablet":{"background-color":"","background-image":"","background-repeat":"repeat","background-position":"center center","background-size":"auto","background-attachment":"scroll","background-type":"","background-media":"","overlay-type":"","overlay-color":"","overlay-opacity":"","overlay-gradient":""},"mobile":{"background-color":"","background-image":"","background-repeat":"repeat","background-position":"center center","background-size":"auto","background-attachment":"scroll","background-type":"","background-media":"","overlay-type":"","overlay-color":"","overlay-opacity":"","overlay-gradient":""}},"ast-content-background-meta":{"desktop":{"background-color":"var(--ast-global-color-5)","background-image":"","background-repeat":"repeat","background-position":"center center","background-size":"auto","background-attachment":"scroll","background-type":"","background-media":"","overlay-type":"","overlay-color":"","overlay-opacity":"","overlay-gradient":""},"tablet":{"background-color":"var(--ast-global-color-5)","background-image":"","background-repeat":"repeat","background-position":"center center","background-size":"auto","background-attachment":"scroll","background-type":"","background-media":"","overlay-type":"","overlay-color":"","overlay-opacity":"","overlay-gradient":""},"mobile":{"background-color":"var(--ast-global-color-5)","background-image":"","background-repeat":"repeat","background-position":"center center","background-size":"auto","background-attachment":"scroll","background-type":"","background-media":"","overlay-type":"","overlay-color":"","overlay-opacity":"","overlay-gradient":""}}},"product_brand":[],"product_cat":[334,367],"product_tag":[372,383,500,380],"class_list":{"0":"post-3192","1":"product","2":"type-product","3":"status-publish","4":"has-post-thumbnail","6":"product_cat-concentres-de-marijuana","7":"product_cat-thc-distillates","8":"product_tag-1ml-cannabis-oil-distillates-for-sale-europe","9":"product_tag-buy-fire-og-strain-thc-distillate-online-europe","10":"product_tag-fire-og-strain-thc-distillate","11":"product_tag-shop-1g-distillates-online","12":"desktop-align-left","13":"tablet-align-left","14":"mobile-align-left","16":"first","17":"instock","18":"shipping-taxable","19":"purchasable","20":"product-type-simple"},"uagb_featured_image_src":{"full":["https:\/\/pressurezone.shop\/wp-content\/uploads\/2024\/10\/Fire-OG-Strain-THC-Distillate.webp",2560,1707,false],"thumbnail":["https:\/\/pressurezone.shop\/wp-content\/uploads\/2024\/10\/Fire-OG-Strain-THC-Distillate-150x150.webp",150,150,true],"medium":["https:\/\/pressurezone.shop\/wp-content\/uploads\/2024\/10\/Fire-OG-Strain-THC-Distillate-300x200.webp",300,200,true],"medium_large":["https:\/\/pressurezone.shop\/wp-content\/uploads\/2024\/10\/Fire-OG-Strain-THC-Distillate-768x512.webp",768,512,true],"large":["https:\/\/pressurezone.shop\/wp-content\/uploads\/2024\/10\/Fire-OG-Strain-THC-Distillate-1024x683.webp",1024,683,true],"1536x1536":["https:\/\/pressurezone.shop\/wp-content\/uploads\/2024\/10\/Fire-OG-Strain-THC-Distillate-1536x1024.webp",1536,1024,true],"2048x2048":["https:\/\/pressurezone.shop\/wp-content\/uploads\/2024\/10\/Fire-OG-Strain-THC-Distillate-2048x1366.webp",2048,1366,true],"trp-custom-language-flag":["https:\/\/pressurezone.shop\/wp-content\/uploads\/2024\/10\/Fire-OG-Strain-THC-Distillate-18x12.webp",18,12,true],"woocommerce_thumbnail":["https:\/\/pressurezone.shop\/wp-content\/uploads\/2024\/10\/Fire-OG-Strain-THC-Distillate-300x300.webp",300,300,true],"woocommerce_single":["https:\/\/pressurezone.shop\/wp-content\/uploads\/2024\/10\/Fire-OG-Strain-THC-Distillate-600x400.webp",600,400,true],"woocommerce_gallery_thumbnail":["https:\/\/pressurezone.shop\/wp-content\/uploads\/2024\/10\/Fire-OG-Strain-THC-Distillate-100x100.webp",100,100,true]},"uagb_author_info":{"display_name":"pressurezone.shop","author_link":"https:\/\/pressurezone.shop\/de\/author\/"},"uagb_comment_info":0,"uagb_excerpt":"Achetez le Fire OG Strain THC Distillate en Ligne en Europe sur Pressure Zone Shop D\u00e9couvrez le Fire OG Strain THC Distillate, un distillat puissant issu du croisement entre les vari\u00e9t\u00e9s embl\u00e9matiques OG Kush et San Fernando Valley OG Kush. Ce distillat hybride \u00e0 dominance indica (70% indica \/ 30% sativa) offre une exp\u00e9rience intense,&hellip;","_links":{"self":[{"href":"https:\/\/pressurezone.shop\/de\/wp-json\/wp\/v2\/product\/3192"}],"collection":[{"href":"https:\/\/pressurezone.shop\/de\/wp-json\/wp\/v2\/product"}],"about":[{"href":"https:\/\/pressurezone.shop\/de\/wp-json\/wp\/v2\/types\/product"}],"replies":[{"embeddable":true,"href":"https:\/\/pressurezone.shop\/de\/wp-json\/wp\/v2\/comments?post=3192"}],"version-history":[{"count":3,"href":"https:\/\/pressurezone.shop\/de\/wp-json\/wp\/v2\/product\/3192\/revisions"}],"predecessor-version":[{"id":4088,"href":"https:\/\/pressurezone.shop\/de\/wp-json\/wp\/v2\/product\/3192\/revisions\/4088"}],"wp:featuredmedia":[{"embeddable":true,"href":"https:\/\/pressurezone.shop\/de\/wp-json\/wp\/v2\/media\/3277"}],"wp:attachment":[{"href":"https:\/\/pressurezone.shop\/de\/wp-json\/wp\/v2\/media?parent=3192"}],"wp:term":[{"taxonomy":"product_brand","embeddable":true,"href":"https:\/\/pressurezone.shop\/de\/wp-json\/wp\/v2\/product_brand?post=3192"},{"taxonomy":"product_cat","embeddable":true,"href":"https:\/\/pressurezone.shop\/de\/wp-json\/wp\/v2\/product_cat?post=3192"},{"taxonomy":"product_tag","embeddable":true,"href":"https:\/\/pressurezone.shop\/de\/wp-json\/wp\/v2\/product_tag?post=3192"}],"curies":[{"name":"wp","href":"https:\/\/api.w.org\/{rel}","templated":true}]}}