{"id":3218,"date":"2024-10-11T00:55:39","date_gmt":"2024-10-10T22:55:39","guid":{"rendered":"https:\/\/pressurezone.shop\/?post_type=product&#038;p=3218"},"modified":"2024-11-17T00:33:01","modified_gmt":"2024-11-16T23:33:01","slug":"hindu-kush-strain-budder","status":"publish","type":"product","link":"https:\/\/pressurezone.shop\/de\/product\/hindu-kush-strain-budder\/","title":{"rendered":"Hindu Kush Strain Budder"},"content":{"rendered":"<h3><strong>Kaufen Hindu Kush Strain Weed Budder Indica online in Europa<\/strong><\/h3>\n<p>Tauchen Sie ein in die beruhigende und entspannende Wirkung von <strong>Hindu Kush Strain Weed Budder<\/strong>Eine reine 100 % Indica-Sorte aus den zerkl\u00fcfteten Bergen Pakistans und Afghanistans. Weltweit bekannt f\u00fcr ihre <strong>klassische Indica-Effekte<\/strong>Diese Sorte ist perfekt, um sich an ruhigen Tagen zu entspannen oder einen erholsamen Schlaf zu genie\u00dfen.<\/p>\n<hr \/>\n<h3><strong>Warum Hindu Kush Strain Budder w\u00e4hlen?<\/strong><\/h3>\n<h4><strong>Effekte<\/strong><\/h4>\n<ul>\n<li><strong>Euphorische Ruhe<\/strong> : Vertreibt stressige und negative Gedanken.<\/li>\n<li><strong>Entspannung und Schlaf<\/strong> : Bietet tiefe Entspannung und f\u00f6rdert einen erholsamen Schlaf.<\/li>\n<li><strong>Gelassenheit Couch-Lock<\/strong> : Taucht Sie f\u00fcr Stunden in eine totale Sedierung.<\/li>\n<\/ul>\n<h4><strong>Medizinische Vorteile<\/strong><\/h4>\n<p>Dank seiner starken Effekte und seiner <strong>hoher THC-Gehalt (22-32 %)<\/strong>Hindu Kush Budder ist ideal f\u00fcr die Behandlung vieler Beschwerden, einschlie\u00dflich :<\/p>\n<ul>\n<li><strong>Chronische Schmerzen und Muskelkr\u00e4mpfe<\/strong> : Lindert Verspannungen und Schmerzen.<\/li>\n<li><strong>Schlaflosigkeit und Unruhe<\/strong> : F\u00f6rdert einen ruhigen und ununterbrochenen Schlaf.<\/li>\n<li><strong>\u00dcbelkeit und Appetitlosigkeit<\/strong> : Regt den Appetit an und lindert \u00dcbelkeit.<\/li>\n<li><strong>IBS und Stress<\/strong> : Lindert Magen-Darm-Beschwerden und beruhigt den Geist<a href=\"https:\/\/fuelpackz.com\/\" target=\"_blank\" rel=\"noopener\">.<\/a><\/li>\n<\/ul>\n<hr \/>\n<h3><strong>Geschmacks- und Aromaprofil<\/strong><\/h3>\n<h4><strong>Geschm\u00e4cker<\/strong><\/h4>\n<ul>\n<li><strong>Krautig und bewaldet<\/strong> : Eine erdige, skunkige Basis mit einer blumigen, s\u00fc\u00dfen Note.<\/li>\n<li><strong>Gew\u00fcrzzitrone und Kiefer<\/strong> : K\u00f6stliche Noten von Zitronenzitrone und w\u00fcrziger Kiefer bei jedem Zug.<\/li>\n<\/ul>\n<h4><strong>Aromen<\/strong><\/h4>\n<ul>\n<li><strong>Erdig und duftend<\/strong> : Ein kr\u00e4ftiges Aroma mit blumigen Akzenten.<\/li>\n<li><strong>Frische Kr\u00e4uter und w\u00fcrzige Kiefer<\/strong> : Eine Mischung aus frischen Kr\u00e4utern und einem subtilen Hauch von Holz.<\/li>\n<\/ul>\n<hr \/>\n<h3><strong>Wie funktioniert der Hindu Kush Budder?<\/strong><\/h3>\n<p>Die <strong>Hindukusch-High<\/strong> beginnt sanft und dringt allm\u00e4hlich in den Geist und den K\u00f6rper ein. Es stellt sich eine Euphorie ein, die den mentalen Stress lindert und einem gl\u00fcckseligen Nebel Platz macht. Darauf folgt eine tiefe k\u00f6rperliche Entspannung, die Sie bewegungsunf\u00e4hig macht und Sie in einen friedlichen Schlaf fallen l\u00e4sst.<\/p>\n<hr \/>\n<h3><strong>Warum bei PressureZone.Shop kaufen?<\/strong><\/h3>\n<p>Bei <strong><a href=\"https:\/\/pressurezone.shop\/de\/\" target=\"_new\" rel=\"noopener\">PressureZone.Shop<\/a><\/strong>Wir sind stolz darauf, erstklassige Cannabiskonzentrate anbieten zu k\u00f6nnen, darunter das <strong>Hindu Kush Strain Budder<\/strong>. Mit einer schnellen und diskreten Lieferung in ganz Europa k\u00f6nnen Sie Cannabisprodukte der Spitzenklasse mit vollem Vertrauen genie\u00dfen.<\/p>\n<hr \/>\n<h3><strong>Wie man von Hindu Kush Strain Budder profitiert<\/strong><\/h3>\n<ol>\n<li><strong>Dab<\/strong> : Verwenden Sie ein Dab-Rig f\u00fcr ein kraftvolles und schmackhaftes Erlebnis.<\/li>\n<li><strong>Bespr\u00fchen Sie<\/strong> : F\u00fcge es einem kompatiblen Vaporizer hinzu, um sanft und sauber zu inhalieren.<\/li>\n<li><strong>Boosten Sie Ihren Joint<\/strong> : Streue es \u00fcber deine Cannabisbl\u00fcten, um einen verst\u00e4rkten Effekt zu erzielen.<\/li>\n<\/ol>","protected":false},"excerpt":{"rendered":"<p>Achetez Hindu Kush Strain Weed Budder Indica en Ligne en Europe Plongez dans les effets apaisants et relaxants du Hindu Kush Strain Weed Budder, une vari\u00e9t\u00e9 100 % indica pure originaire des montagnes accident\u00e9es du Pakistan et de l\u2019Afghanistan. Connue mondialement pour ses effets indica classiques, cette vari\u00e9t\u00e9 est parfaite pour se d\u00e9tendre lors de [&hellip;]<\/p>","protected":false},"featured_media":3292,"comment_status":"closed","ping_status":"closed","template":"","meta":{"_uag_custom_page_level_css":"","site-sidebar-layout":"default","site-content-layout":"","ast-site-content-layout":"default","site-content-style":"default","site-sidebar-style":"default","ast-global-header-display":"","ast-banner-title-visibility":"","ast-main-header-display":"","ast-hfb-above-header-display":"","ast-hfb-below-header-display":"","ast-hfb-mobile-header-display":"","site-post-title":"","ast-breadcrumbs-content":"","ast-featured-img":"","footer-sml-layout":"","theme-transparent-header-meta":"default","adv-header-id-meta":"","stick-header-meta":"","header-above-stick-meta":"","header-main-stick-meta":"","header-below-stick-meta":"","astra-migrate-meta-layouts":"set","ast-page-background-enabled":"default","ast-page-background-meta":{"desktop":{"background-color":"","background-image":"","background-repeat":"repeat","background-position":"center center","background-size":"auto","background-attachment":"scroll","background-type":"","background-media":"","overlay-type":"","overlay-color":"","overlay-opacity":"","overlay-gradient":""},"tablet":{"background-color":"","background-image":"","background-repeat":"repeat","background-position":"center center","background-size":"auto","background-attachment":"scroll","background-type":"","background-media":"","overlay-type":"","overlay-color":"","overlay-opacity":"","overlay-gradient":""},"mobile":{"background-color":"","background-image":"","background-repeat":"repeat","background-position":"center center","background-size":"auto","background-attachment":"scroll","background-type":"","background-media":"","overlay-type":"","overlay-color":"","overlay-opacity":"","overlay-gradient":""}},"ast-content-background-meta":{"desktop":{"background-color":"var(--ast-global-color-5)","background-image":"","background-repeat":"repeat","background-position":"center center","background-size":"auto","background-attachment":"scroll","background-type":"","background-media":"","overlay-type":"","overlay-color":"","overlay-opacity":"","overlay-gradient":""},"tablet":{"background-color":"var(--ast-global-color-5)","background-image":"","background-repeat":"repeat","background-position":"center center","background-size":"auto","background-attachment":"scroll","background-type":"","background-media":"","overlay-type":"","overlay-color":"","overlay-opacity":"","overlay-gradient":""},"mobile":{"background-color":"var(--ast-global-color-5)","background-image":"","background-repeat":"repeat","background-position":"center center","background-size":"auto","background-attachment":"scroll","background-type":"","background-media":"","overlay-type":"","overlay-color":"","overlay-opacity":"","overlay-gradient":""}}},"product_brand":[],"product_cat":[388,334],"product_tag":[389,390,391,392],"class_list":{"0":"post-3218","1":"product","2":"type-product","3":"status-publish","4":"has-post-thumbnail","6":"product_cat-cannabis-budder","7":"product_cat-concentres-de-marijuana","8":"product_tag-buy-budder-online-cheap","9":"product_tag-buy-marijuana-budder-eu","10":"product_tag-order-hindu-kush-strain-weed-budder-indica-europe","11":"product_tag-order-thc-budder-europe","12":"desktop-align-left","13":"tablet-align-left","14":"mobile-align-left","16":"first","17":"instock","18":"shipping-taxable","19":"purchasable","20":"product-type-variable"},"uagb_featured_image_src":{"full":["https:\/\/pressurezone.shop\/wp-content\/uploads\/2024\/10\/Hindu-Kush-Strain-Weed-Budder-Indica.webp",2048,1365,false],"thumbnail":["https:\/\/pressurezone.shop\/wp-content\/uploads\/2024\/10\/Hindu-Kush-Strain-Weed-Budder-Indica-150x150.webp",150,150,true],"medium":["https:\/\/pressurezone.shop\/wp-content\/uploads\/2024\/10\/Hindu-Kush-Strain-Weed-Budder-Indica-300x200.webp",300,200,true],"medium_large":["https:\/\/pressurezone.shop\/wp-content\/uploads\/2024\/10\/Hindu-Kush-Strain-Weed-Budder-Indica-768x512.webp",768,512,true],"large":["https:\/\/pressurezone.shop\/wp-content\/uploads\/2024\/10\/Hindu-Kush-Strain-Weed-Budder-Indica-1024x683.webp",1024,683,true],"1536x1536":["https:\/\/pressurezone.shop\/wp-content\/uploads\/2024\/10\/Hindu-Kush-Strain-Weed-Budder-Indica-1536x1024.webp",1536,1024,true],"2048x2048":["https:\/\/pressurezone.shop\/wp-content\/uploads\/2024\/10\/Hindu-Kush-Strain-Weed-Budder-Indica.webp",2048,1365,false],"trp-custom-language-flag":["https:\/\/pressurezone.shop\/wp-content\/uploads\/2024\/10\/Hindu-Kush-Strain-Weed-Budder-Indica-18x12.webp",18,12,true],"woocommerce_thumbnail":["https:\/\/pressurezone.shop\/wp-content\/uploads\/2024\/10\/Hindu-Kush-Strain-Weed-Budder-Indica-300x300.webp",300,300,true],"woocommerce_single":["https:\/\/pressurezone.shop\/wp-content\/uploads\/2024\/10\/Hindu-Kush-Strain-Weed-Budder-Indica-600x400.webp",600,400,true],"woocommerce_gallery_thumbnail":["https:\/\/pressurezone.shop\/wp-content\/uploads\/2024\/10\/Hindu-Kush-Strain-Weed-Budder-Indica-100x100.webp",100,100,true]},"uagb_author_info":{"display_name":"pressurezone.shop","author_link":"https:\/\/pressurezone.shop\/de\/author\/"},"uagb_comment_info":0,"uagb_excerpt":"Achetez Hindu Kush Strain Weed Budder Indica en Ligne en Europe Plongez dans les effets apaisants et relaxants du Hindu Kush Strain Weed Budder, une vari\u00e9t\u00e9 100 % indica pure originaire des montagnes accident\u00e9es du Pakistan et de l\u2019Afghanistan. Connue mondialement pour ses effets indica classiques, cette vari\u00e9t\u00e9 est parfaite pour se d\u00e9tendre lors de&hellip;","_links":{"self":[{"href":"https:\/\/pressurezone.shop\/de\/wp-json\/wp\/v2\/product\/3218"}],"collection":[{"href":"https:\/\/pressurezone.shop\/de\/wp-json\/wp\/v2\/product"}],"about":[{"href":"https:\/\/pressurezone.shop\/de\/wp-json\/wp\/v2\/types\/product"}],"replies":[{"embeddable":true,"href":"https:\/\/pressurezone.shop\/de\/wp-json\/wp\/v2\/comments?post=3218"}],"version-history":[{"count":3,"href":"https:\/\/pressurezone.shop\/de\/wp-json\/wp\/v2\/product\/3218\/revisions"}],"predecessor-version":[{"id":4618,"href":"https:\/\/pressurezone.shop\/de\/wp-json\/wp\/v2\/product\/3218\/revisions\/4618"}],"wp:featuredmedia":[{"embeddable":true,"href":"https:\/\/pressurezone.shop\/de\/wp-json\/wp\/v2\/media\/3292"}],"wp:attachment":[{"href":"https:\/\/pressurezone.shop\/de\/wp-json\/wp\/v2\/media?parent=3218"}],"wp:term":[{"taxonomy":"product_brand","embeddable":true,"href":"https:\/\/pressurezone.shop\/de\/wp-json\/wp\/v2\/product_brand?post=3218"},{"taxonomy":"product_cat","embeddable":true,"href":"https:\/\/pressurezone.shop\/de\/wp-json\/wp\/v2\/product_cat?post=3218"},{"taxonomy":"product_tag","embeddable":true,"href":"https:\/\/pressurezone.shop\/de\/wp-json\/wp\/v2\/product_tag?post=3218"}],"curies":[{"name":"wp","href":"https:\/\/api.w.org\/{rel}","templated":true}]}}