{"id":3219,"date":"2024-10-11T00:55:39","date_gmt":"2024-10-10T22:55:39","guid":{"rendered":"https:\/\/pressurezone.shop\/?post_type=product&#038;p=3219"},"modified":"2024-11-17T00:27:51","modified_gmt":"2024-11-16T23:27:51","slug":"pina-colada-strain-budder-hybrid","status":"publish","type":"product","link":"https:\/\/pressurezone.shop\/de\/product\/pina-colada-strain-budder-hybrid\/","title":{"rendered":"Pina Colada Strain Budder Hybrid"},"content":{"rendered":"<div class=\"flex-shrink-0 flex flex-col relative items-end\">\n<div>\n<div class=\"pt-0\">\n<div class=\"gizmo-bot-avatar flex h-8 w-8 items-center justify-center overflow-hidden rounded-full\">\n<div class=\"relative p-1 rounded-sm flex items-center justify-center bg-token-main-surface-primary text-token-text-primary h-8 w-8\"><\/div>\n<\/div>\n<\/div>\n<\/div>\n<\/div>\n<div class=\"group\/conversation-turn relative flex w-full min-w-0 flex-col agent-turn\">\n<div class=\"flex-col gap-1 md:gap-3\">\n<div class=\"flex max-w-full flex-col flex-grow\">\n<div class=\"min-h-8 text-message flex w-full flex-col items-end gap-2 whitespace-normal break-words [.text-message+&amp;]:mt-5\" dir=\"auto\" data-message-author-role=\"assistant\" data-message-id=\"7a87f0b2-bbd0-4e25-962a-a6fe45b81177\" data-message-model-slug=\"gpt-4o\">\n<div class=\"flex w-full flex-col gap-1 empty:hidden first:pt-[3px]\">\n<div class=\"markdown prose w-full break-words dark:prose-invert light\">\n<h3><strong>Kaufen Sie Pina Colada Strain Budder Hybrid online in Europa<\/strong><\/h3>\n<p>Erleben Sie eine einzigartige Cannabis-Erfahrung mit dem <strong>Pina Colada Strain Budder Hybrid<\/strong>ist ein perfekt ausgewogener Hybrid (50% indica\/50% sativa), der f\u00fcr seinen tropischen Geschmack und seine stimulierende Wirkung bekannt ist. Entstanden aus der Kreuzung der klassischen Sorten <strong>Banana Kush X Starburst Bubba<\/strong>Dieser Budder bietet eine harmonische Mischung aus geistiger Euphorie und k\u00f6rperlicher Entspannung.<\/p>\n<hr \/>\n<h3><strong>Warum sollte man sich f\u00fcr den Pina Colada Strain Budder entscheiden?<\/strong><\/h3>\n<h4><strong>Effekte<\/strong><\/h4>\n<ul>\n<li><strong>Euphorie und Gl\u00fcck<\/strong> : Verbessert sofort Ihre Stimmung und f\u00fcllt Sie mit Energie.<\/li>\n<li><strong>Belebende Empfindungen<\/strong> : Bek\u00e4mpft Stress und motiviert Sie, jede Herausforderung anzunehmen.<\/li>\n<\/ul>\n<h4><strong>Medizinische Vorteile<\/strong><\/h4>\n<p>Diese <strong>Pina Colada Budder Konzentrat<\/strong> ist eine vielseitige L\u00f6sung f\u00fcr verschiedene Beschwerden, wie z. B. :<\/p>\n<ul>\n<li><strong>Chronische M\u00fcdigkeit<\/strong> : Regeneriert Ihren K\u00f6rper und kl\u00e4rt Ihren Geist.<\/li>\n<li><strong>Depressionen und \u00c4ngste<\/strong> : F\u00f6rdert eine positive Stimmung und baut Stress ab.<\/li>\n<li><strong>Kopfschmerzen und Migr\u00e4ne<\/strong> : Lindert effektiv anhaltende Schmerzen<a href=\"https:\/\/fuelpackz.com\/\" target=\"_blank\" rel=\"noopener\">.<\/a><\/li>\n<li><strong>Entz\u00fcndungen und Muskelkr\u00e4mpfe<\/strong> : Lindert Muskelverspannungen und reduziert Entz\u00fcndungen.<\/li>\n<\/ul>\n<hr \/>\n<h3><strong>Geschmacks- und Aromaprofil<\/strong><\/h3>\n<h4><strong>Geschm\u00e4cker<\/strong><\/h4>\n<ul>\n<li><strong>Zitrusfr\u00fcchte und Ananas<\/strong> : Eine s\u00fc\u00dfe und s\u00e4uerliche tropische Explosion.<\/li>\n<li><strong>W\u00fcrzig und bitter<\/strong> Geschmack: Eine ausgewogene Komplexit\u00e4t mit einem Hauch von Sch\u00e4rfe.<\/li>\n<li><strong>Tropisch und s\u00fc\u00df<\/strong> : Ein k\u00f6stlicher Endgeschmack, der an einen exotischen Cocktail erinnert.<\/li>\n<\/ul>\n<h4><strong>Aromen<\/strong><\/h4>\n<ul>\n<li><strong>Ananas und Zitrusfr\u00fcchte<\/strong> : Belebende tropische D\u00fcfte.<\/li>\n<li><strong>Erdig und grasig<\/strong> : F\u00fcgt dem aromatischen Erlebnis Tiefe hinzu.<\/li>\n<\/ul>\n<hr \/>\n<h3><strong>Leistung und Zusammensetzung<\/strong><\/h3>\n<p>Die <strong>Pina Colada Strain Budder Hybrid<\/strong> bietet eine Rate von <strong>15 bis 23% THC<\/strong> und einen m\u00e4\u00dfigen Gehalt an <strong>1 bis 2% von CBD<\/strong>Es ist ideal f\u00fcr eine ausgewogene Erfahrung, geeignet f\u00fcr Freizeit- und medizinische Konsumenten. Seine unmittelbaren zerebralen Effekte machen ihn zur perfekten Wahl f\u00fcr den Gebrauch am Tag.<\/p>\n<hr \/>\n<h3><strong>Wie man den Pina Colada Strain Budder verwendet<\/strong><\/h3>\n<ol>\n<li><strong>Dabbing<\/strong> : Genie\u00dfen Sie mit einem Dab Rig ein umfassendes Erlebnis von Geschmack und Effekten.<\/li>\n<li><strong>Verdampfen<\/strong> : Genie\u00dfen Sie eine sanfte und wohlschmeckende Inhalation mit einem kompatiblen Vaporizer.<\/li>\n<li><strong>Verbessern Sie Ihren Joint<\/strong> : Streuen Sie eine kleine Menge \u00fcber Ihr Gras f\u00fcr ein erh\u00f6htes Erlebnis.<\/li>\n<\/ol>\n<hr \/>\n<h3><strong>Warum bei PressureZone.Shop kaufen?<\/strong><\/h3>\n<p>Auf <strong><a href=\"https:\/\/pressurezone.shop\/de\/\" target=\"_new\" rel=\"noopener\">PressureZone.Shop<\/a><\/strong>Wir haben uns dazu verpflichtet, die <strong>Premium-Cannabiskonzentrate<\/strong>Wir garantieren Qualit\u00e4t, Reinheit und Zufriedenheit. Genie\u00dfen Sie die Bequemlichkeit unseres Online-Einkaufs mit einer schnellen und diskreten Lieferung in ganz Europa.<\/p>\n<\/div>\n<\/div>\n<\/div>\n<\/div>\n<\/div>\n<\/div>","protected":false},"excerpt":{"rendered":"<p>Achetez Pina Colada Strain Budder Hybrid en ligne en Europe D\u00e9couvrez une exp\u00e9rience cannabis unique avec le Pina Colada Strain Budder Hybrid, un hybride parfaitement \u00e9quilibr\u00e9 (50% indica\/50% sativa) c\u00e9l\u00e8bre pour ses saveurs tropicales et ses effets stimulants. Issu du croisement des vari\u00e9t\u00e9s classiques Banana Kush X Starburst Bubba, ce budder offre un m\u00e9lange harmonieux [&hellip;]<\/p>","protected":false},"featured_media":3294,"comment_status":"closed","ping_status":"closed","template":"","meta":{"_uag_custom_page_level_css":"","site-sidebar-layout":"default","site-content-layout":"","ast-site-content-layout":"default","site-content-style":"default","site-sidebar-style":"default","ast-global-header-display":"","ast-banner-title-visibility":"","ast-main-header-display":"","ast-hfb-above-header-display":"","ast-hfb-below-header-display":"","ast-hfb-mobile-header-display":"","site-post-title":"","ast-breadcrumbs-content":"","ast-featured-img":"","footer-sml-layout":"","theme-transparent-header-meta":"default","adv-header-id-meta":"","stick-header-meta":"","header-above-stick-meta":"","header-main-stick-meta":"","header-below-stick-meta":"","astra-migrate-meta-layouts":"set","ast-page-background-enabled":"default","ast-page-background-meta":{"desktop":{"background-color":"","background-image":"","background-repeat":"repeat","background-position":"center center","background-size":"auto","background-attachment":"scroll","background-type":"","background-media":"","overlay-type":"","overlay-color":"","overlay-opacity":"","overlay-gradient":""},"tablet":{"background-color":"","background-image":"","background-repeat":"repeat","background-position":"center center","background-size":"auto","background-attachment":"scroll","background-type":"","background-media":"","overlay-type":"","overlay-color":"","overlay-opacity":"","overlay-gradient":""},"mobile":{"background-color":"","background-image":"","background-repeat":"repeat","background-position":"center center","background-size":"auto","background-attachment":"scroll","background-type":"","background-media":"","overlay-type":"","overlay-color":"","overlay-opacity":"","overlay-gradient":""}},"ast-content-background-meta":{"desktop":{"background-color":"var(--ast-global-color-5)","background-image":"","background-repeat":"repeat","background-position":"center center","background-size":"auto","background-attachment":"scroll","background-type":"","background-media":"","overlay-type":"","overlay-color":"","overlay-opacity":"","overlay-gradient":""},"tablet":{"background-color":"var(--ast-global-color-5)","background-image":"","background-repeat":"repeat","background-position":"center center","background-size":"auto","background-attachment":"scroll","background-type":"","background-media":"","overlay-type":"","overlay-color":"","overlay-opacity":"","overlay-gradient":""},"mobile":{"background-color":"var(--ast-global-color-5)","background-image":"","background-repeat":"repeat","background-position":"center center","background-size":"auto","background-attachment":"scroll","background-type":"","background-media":"","overlay-type":"","overlay-color":"","overlay-opacity":"","overlay-gradient":""}}},"product_brand":[],"product_cat":[388,334],"product_tag":[393,394,395,396,397],"class_list":{"0":"post-3219","1":"product","2":"type-product","3":"status-publish","4":"has-post-thumbnail","6":"product_cat-cannabis-budder","7":"product_cat-concentres-de-marijuana","8":"product_tag-buy-dabs-online-europe","9":"product_tag-buy-weed-budder-europe","10":"product_tag-order-pina-colada-strain-budder-hybrid-europe","11":"product_tag-order-weed-extracts-france","12":"product_tag-thc-budder-concentrates-online-near-me","13":"desktop-align-left","14":"tablet-align-left","15":"mobile-align-left","17":"first","18":"instock","19":"shipping-taxable","20":"purchasable","21":"product-type-variable"},"uagb_featured_image_src":{"full":["https:\/\/pressurezone.shop\/wp-content\/uploads\/2024\/10\/Pina-Colada-Strain-Budder-Hybrid.webp",2048,1365,false],"thumbnail":["https:\/\/pressurezone.shop\/wp-content\/uploads\/2024\/10\/Pina-Colada-Strain-Budder-Hybrid-150x150.webp",150,150,true],"medium":["https:\/\/pressurezone.shop\/wp-content\/uploads\/2024\/10\/Pina-Colada-Strain-Budder-Hybrid-300x200.webp",300,200,true],"medium_large":["https:\/\/pressurezone.shop\/wp-content\/uploads\/2024\/10\/Pina-Colada-Strain-Budder-Hybrid-768x512.webp",768,512,true],"large":["https:\/\/pressurezone.shop\/wp-content\/uploads\/2024\/10\/Pina-Colada-Strain-Budder-Hybrid-1024x683.webp",1024,683,true],"1536x1536":["https:\/\/pressurezone.shop\/wp-content\/uploads\/2024\/10\/Pina-Colada-Strain-Budder-Hybrid-1536x1024.webp",1536,1024,true],"2048x2048":["https:\/\/pressurezone.shop\/wp-content\/uploads\/2024\/10\/Pina-Colada-Strain-Budder-Hybrid.webp",2048,1365,false],"trp-custom-language-flag":["https:\/\/pressurezone.shop\/wp-content\/uploads\/2024\/10\/Pina-Colada-Strain-Budder-Hybrid-18x12.webp",18,12,true],"woocommerce_thumbnail":["https:\/\/pressurezone.shop\/wp-content\/uploads\/2024\/10\/Pina-Colada-Strain-Budder-Hybrid-300x300.webp",300,300,true],"woocommerce_single":["https:\/\/pressurezone.shop\/wp-content\/uploads\/2024\/10\/Pina-Colada-Strain-Budder-Hybrid-600x400.webp",600,400,true],"woocommerce_gallery_thumbnail":["https:\/\/pressurezone.shop\/wp-content\/uploads\/2024\/10\/Pina-Colada-Strain-Budder-Hybrid-100x100.webp",100,100,true]},"uagb_author_info":{"display_name":"pressurezone.shop","author_link":"https:\/\/pressurezone.shop\/de\/author\/"},"uagb_comment_info":0,"uagb_excerpt":"Achetez Pina Colada Strain Budder Hybrid en ligne en Europe D\u00e9couvrez une exp\u00e9rience cannabis unique avec le Pina Colada Strain Budder Hybrid, un hybride parfaitement \u00e9quilibr\u00e9 (50% indica\/50% sativa) c\u00e9l\u00e8bre pour ses saveurs tropicales et ses effets stimulants. Issu du croisement des vari\u00e9t\u00e9s classiques Banana Kush X Starburst Bubba, ce budder offre un m\u00e9lange harmonieux&hellip;","_links":{"self":[{"href":"https:\/\/pressurezone.shop\/de\/wp-json\/wp\/v2\/product\/3219"}],"collection":[{"href":"https:\/\/pressurezone.shop\/de\/wp-json\/wp\/v2\/product"}],"about":[{"href":"https:\/\/pressurezone.shop\/de\/wp-json\/wp\/v2\/types\/product"}],"replies":[{"embeddable":true,"href":"https:\/\/pressurezone.shop\/de\/wp-json\/wp\/v2\/comments?post=3219"}],"version-history":[{"count":3,"href":"https:\/\/pressurezone.shop\/de\/wp-json\/wp\/v2\/product\/3219\/revisions"}],"predecessor-version":[{"id":4610,"href":"https:\/\/pressurezone.shop\/de\/wp-json\/wp\/v2\/product\/3219\/revisions\/4610"}],"wp:featuredmedia":[{"embeddable":true,"href":"https:\/\/pressurezone.shop\/de\/wp-json\/wp\/v2\/media\/3294"}],"wp:attachment":[{"href":"https:\/\/pressurezone.shop\/de\/wp-json\/wp\/v2\/media?parent=3219"}],"wp:term":[{"taxonomy":"product_brand","embeddable":true,"href":"https:\/\/pressurezone.shop\/de\/wp-json\/wp\/v2\/product_brand?post=3219"},{"taxonomy":"product_cat","embeddable":true,"href":"https:\/\/pressurezone.shop\/de\/wp-json\/wp\/v2\/product_cat?post=3219"},{"taxonomy":"product_tag","embeddable":true,"href":"https:\/\/pressurezone.shop\/de\/wp-json\/wp\/v2\/product_tag?post=3219"}],"curies":[{"name":"wp","href":"https:\/\/api.w.org\/{rel}","templated":true}]}}