{"id":3220,"date":"2024-10-11T00:55:39","date_gmt":"2024-10-10T22:55:39","guid":{"rendered":"https:\/\/pressurezone.shop\/?post_type=product&#038;p=3220"},"modified":"2024-11-17T00:50:11","modified_gmt":"2024-11-16T23:50:11","slug":"wedding-crasher-strain-budder","status":"publish","type":"product","link":"https:\/\/pressurezone.shop\/de\/product\/wedding-crasher-strain-budder\/","title":{"rendered":"Wedding Crasher Strain Budder"},"content":{"rendered":"<div class=\"flex-shrink-0 flex flex-col relative items-end\">\n<div>\n<div class=\"pt-0\">\n<div class=\"gizmo-bot-avatar flex h-8 w-8 items-center justify-center overflow-hidden rounded-full\">\n<div class=\"relative p-1 rounded-sm flex items-center justify-center bg-token-main-surface-primary text-token-text-primary h-8 w-8\"><\/div>\n<\/div>\n<\/div>\n<\/div>\n<\/div>\n<div class=\"group\/conversation-turn relative flex w-full min-w-0 flex-col agent-turn\">\n<div class=\"flex-col gap-1 md:gap-3\">\n<div class=\"flex max-w-full flex-col flex-grow\">\n<div class=\"min-h-8 text-message flex w-full flex-col items-end gap-2 whitespace-normal break-words [.text-message+&amp;]:mt-5\" dir=\"auto\" data-message-author-role=\"assistant\" data-message-id=\"0b89ff3d-22c3-4e8a-87ab-518e224d9821\" data-message-model-slug=\"gpt-4o\">\n<div class=\"flex w-full flex-col gap-1 empty:hidden first:pt-[3px]\">\n<div class=\"markdown prose w-full break-words dark:prose-invert light\">\n<h3><strong>Kaufen Wedding Crasher Strain Budder Online in Europa<\/strong><\/h3>\n<p>Entdecken Sie den <strong>Wedding Crasher Strain Budder<\/strong>Ein Indica-dominiertes Hybrid-Konzentrat, das eine au\u00dfergew\u00f6hnliche Erfahrung bietet. Entstanden aus der Kreuzung der ber\u00fchmten St\u00e4mme <strong>Wedding Cake<\/strong> und <strong>Purple Punch<\/strong>Dieser Budder \u00fcberzeugt sowohl durch seine Aromen als auch durch seine Wirkung. Ob Sie nun nach Erleichterung oder einem kreativen Schub suchen, Wedding Crasher ist genau das Richtige f\u00fcr Sie.<\/p>\n<hr \/>\n<h3><strong>Warum sollten Sie sich f\u00fcr den Wedding Crasher Strain Budder entscheiden?<\/strong><\/h3>\n<h4><strong>Effekte<\/strong><\/h4>\n<ul>\n<li><strong>Fokus und Klarheit<\/strong> : Verbessert die geistige Konzentration und f\u00f6rdert die Kreativit\u00e4t, ideal f\u00fcr einen produktiven Tag.<\/li>\n<li><strong>Entspannung und Gl\u00fcck<\/strong> : Sp\u00fcren Sie eine beruhigende Welle, die entspannt und Ihre Stimmung hebt.<\/li>\n<li><strong>Geselligkeit<\/strong> : Perfekt f\u00fcr einnehmende Gespr\u00e4che und gesellige Momente<a href=\"https:\/\/fuelpackz.com\/\" target=\"_blank\" rel=\"noopener\">.<\/a><\/li>\n<\/ul>\n<h4><strong>Medizinische Vorteile<\/strong><\/h4>\n<p>Der Wedding Crasher Strain Budder wird wegen seiner therapeutischen Eigenschaften gesch\u00e4tzt, darunter :<\/p>\n<ul>\n<li><strong>Depression<\/strong> : Kl\u00e4rt den Geist und vertreibt negative Gedanken.<\/li>\n<li><strong>M\u00fcdigkeit<\/strong> : Belebt K\u00f6rper und Geist.<\/li>\n<li><strong>Entz\u00fcndung<\/strong> : Lindert chronische Schmerzen und Schwellungen.<\/li>\n<li><strong>\u00dcbelkeit und Appetitlosigkeit<\/strong> : Regt den Appetit an und bek\u00e4mpft Missempfindungen.<\/li>\n<li><strong>Stress<\/strong> : Reduziert die Anspannung und f\u00f6rdert eine tiefe Entspannung.<\/li>\n<\/ul>\n<hr \/>\n<h3><strong>Geschmacks- und Aromaprofil<\/strong><\/h3>\n<h4><strong>Geschm\u00e4cker<\/strong><\/h4>\n<ul>\n<li><strong>S\u00fc\u00df und fruchtig<\/strong> : Eine Explosion von Trauben und Beeren mit einem Hauch von Vanille.<\/li>\n<li><strong>Spicy und Diesel<\/strong> : Eine einzigartige Kombination aus erdigen Noten und einem Hauch von Gew\u00fcrzen.<\/li>\n<\/ul>\n<h4><strong>Aromen<\/strong><\/h4>\n<ul>\n<li><strong>Pungent und Erdig<\/strong> : Ein reiches und robustes Aroma mit Noten von Trauben und w\u00fcrzigem Kraftstoff.<\/li>\n<li><strong>S\u00fc\u00dfe Vanille<\/strong> : Ein beruhigender Geruch, der angenehm lange anh\u00e4lt.<\/li>\n<\/ul>\n<hr \/>\n<h3><strong>Die Wedding Crasher-Erfahrung<\/strong><\/h3>\n<p>Mit einem <strong>Durchschnittlicher THC von 21%<\/strong>am <strong>Wedding Crasher Strain Budder<\/strong> bietet eine au\u00dfergew\u00f6hnliche Kombination aus geistiger Konzentration und k\u00f6rperlicher Entspannung. Es ist ideal f\u00fcr die Anwendung am Tag und am Abend und wechselt leicht von energetisierenden zu beruhigenden Effekten. Es eignet sich hervorragend, um soziale Interaktionen und kreative Energie zu f\u00f6rdern.<\/p>\n<hr \/>\n<h3><strong>Wie man vom Wedding Crasher Budder profitiert<\/strong><\/h3>\n<ol>\n<li><strong>Dabbing<\/strong> : Verwenden Sie ein Dab-Rig f\u00fcr ein kraftvolles und schmackhaftes Erlebnis.<\/li>\n<li><strong>Verdampfen<\/strong> : Laden Sie es in einen Vaporizer, um sanft und kontrolliert zu inhalieren.<\/li>\n<li><strong>Verbessern Sie Ihre Joints<\/strong> : F\u00fcge eine kleine Menge zu deinem Joint hinzu, um einen verst\u00e4rkten Effekt zu erzielen.<\/li>\n<\/ol>\n<hr \/>\n<h3><strong>Warum kaufen auf <a href=\"https:\/\/pressurezone.shop\/de\/\" target=\"_new\" rel=\"noopener\">PressureZone.Shop<\/a>?<\/strong><\/h3>\n<p>Bei <strong>PressureZone.Shop<\/strong>Wir sind stolz darauf, unseren Kunden in ganz Europa die besten Cannabiskonzentrate anbieten zu k\u00f6nnen. Hier ist, warum wir Ihre beste Wahl sind :<\/p>\n<ul>\n<li><strong>Premium-Qualit\u00e4t<\/strong> : Unsere Produkte werden im Labor getestet, um ihre Kraft und Reinheit zu gew\u00e4hrleisten.<\/li>\n<li><strong>Schnelle und diskrete Lieferung<\/strong> : Genie\u00dfen Sie einen stressfreien Versand direkt zu Ihnen nach Hause.<\/li>\n<li><strong>Kundenservice<\/strong> Wir sind da, um alle Ihre Fragen zu beantworten und Ihre Zufriedenheit sicherzustellen.<\/li>\n<\/ul>\n<hr \/>\n<h3><strong>Bestellen Sie Wedding Crasher Strain Budder noch heute online!<\/strong><\/h3>\n<p>Lassen Sie sich diese perfekte Kombination aus Geschmack, St\u00e4rke und therapeutischen Vorteilen nicht entgehen. Erh\u00f6hen Sie Ihre Cannabis-Erfahrung mit dem <strong>Wedding Crasher Strain Budder<\/strong>.<\/p>\n<p><strong><a href=\"https:\/\/pressurezone.shop\/de\/\" target=\"_new\" rel=\"noopener\">Jetzt kaufen bei PressureZone.Shop<\/a><\/strong> und genie\u00dfen Sie Premiumkonzentrate, die direkt zu Ihnen nach Hause geliefert werden!<\/p>\n<\/div>\n<\/div>\n<\/div>\n<\/div>\n<\/div>\n<\/div>","protected":false},"excerpt":{"rendered":"<p>Acheter Wedding Crasher Strain Budder en Ligne en Europe D\u00e9couvrez le Wedding Crasher Strain Budder, un concentr\u00e9 hybride \u00e0 dominance indica qui offre une exp\u00e9rience exceptionnelle. Issu du croisement des c\u00e9l\u00e8bres souches Wedding Cake et Purple Punch, ce budder s\u00e9duit autant par ses ar\u00f4mes que par ses effets. Que vous recherchiez du soulagement ou un [&hellip;]<\/p>","protected":false},"featured_media":3296,"comment_status":"closed","ping_status":"closed","template":"","meta":{"_uag_custom_page_level_css":"","site-sidebar-layout":"default","site-content-layout":"","ast-site-content-layout":"default","site-content-style":"default","site-sidebar-style":"default","ast-global-header-display":"","ast-banner-title-visibility":"","ast-main-header-display":"","ast-hfb-above-header-display":"","ast-hfb-below-header-display":"","ast-hfb-mobile-header-display":"","site-post-title":"","ast-breadcrumbs-content":"","ast-featured-img":"","footer-sml-layout":"","theme-transparent-header-meta":"default","adv-header-id-meta":"","stick-header-meta":"","header-above-stick-meta":"","header-main-stick-meta":"","header-below-stick-meta":"","astra-migrate-meta-layouts":"set","ast-page-background-enabled":"default","ast-page-background-meta":{"desktop":{"background-color":"","background-image":"","background-repeat":"repeat","background-position":"center center","background-size":"auto","background-attachment":"scroll","background-type":"","background-media":"","overlay-type":"","overlay-color":"","overlay-opacity":"","overlay-gradient":""},"tablet":{"background-color":"","background-image":"","background-repeat":"repeat","background-position":"center center","background-size":"auto","background-attachment":"scroll","background-type":"","background-media":"","overlay-type":"","overlay-color":"","overlay-opacity":"","overlay-gradient":""},"mobile":{"background-color":"","background-image":"","background-repeat":"repeat","background-position":"center center","background-size":"auto","background-attachment":"scroll","background-type":"","background-media":"","overlay-type":"","overlay-color":"","overlay-opacity":"","overlay-gradient":""}},"ast-content-background-meta":{"desktop":{"background-color":"var(--ast-global-color-5)","background-image":"","background-repeat":"repeat","background-position":"center center","background-size":"auto","background-attachment":"scroll","background-type":"","background-media":"","overlay-type":"","overlay-color":"","overlay-opacity":"","overlay-gradient":""},"tablet":{"background-color":"var(--ast-global-color-5)","background-image":"","background-repeat":"repeat","background-position":"center center","background-size":"auto","background-attachment":"scroll","background-type":"","background-media":"","overlay-type":"","overlay-color":"","overlay-opacity":"","overlay-gradient":""},"mobile":{"background-color":"var(--ast-global-color-5)","background-image":"","background-repeat":"repeat","background-position":"center center","background-size":"auto","background-attachment":"scroll","background-type":"","background-media":"","overlay-type":"","overlay-color":"","overlay-opacity":"","overlay-gradient":""}}},"product_brand":[],"product_cat":[388,334],"product_tag":[398],"class_list":{"0":"post-3220","1":"product","2":"type-product","3":"status-publish","4":"has-post-thumbnail","6":"product_cat-cannabis-budder","7":"product_cat-concentres-de-marijuana","8":"product_tag-order-wedding-crasher-strain-budder-europe","9":"desktop-align-left","10":"tablet-align-left","11":"mobile-align-left","13":"first","14":"instock","15":"shipping-taxable","16":"purchasable","17":"product-type-variable"},"uagb_featured_image_src":{"full":["https:\/\/pressurezone.shop\/wp-content\/uploads\/2024\/10\/Wedding-Crasher-Strain-Budder.webp",2048,1365,false],"thumbnail":["https:\/\/pressurezone.shop\/wp-content\/uploads\/2024\/10\/Wedding-Crasher-Strain-Budder-150x150.webp",150,150,true],"medium":["https:\/\/pressurezone.shop\/wp-content\/uploads\/2024\/10\/Wedding-Crasher-Strain-Budder-300x200.webp",300,200,true],"medium_large":["https:\/\/pressurezone.shop\/wp-content\/uploads\/2024\/10\/Wedding-Crasher-Strain-Budder-768x512.webp",768,512,true],"large":["https:\/\/pressurezone.shop\/wp-content\/uploads\/2024\/10\/Wedding-Crasher-Strain-Budder-1024x683.webp",1024,683,true],"1536x1536":["https:\/\/pressurezone.shop\/wp-content\/uploads\/2024\/10\/Wedding-Crasher-Strain-Budder-1536x1024.webp",1536,1024,true],"2048x2048":["https:\/\/pressurezone.shop\/wp-content\/uploads\/2024\/10\/Wedding-Crasher-Strain-Budder.webp",2048,1365,false],"trp-custom-language-flag":["https:\/\/pressurezone.shop\/wp-content\/uploads\/2024\/10\/Wedding-Crasher-Strain-Budder-18x12.webp",18,12,true],"woocommerce_thumbnail":["https:\/\/pressurezone.shop\/wp-content\/uploads\/2024\/10\/Wedding-Crasher-Strain-Budder-300x300.webp",300,300,true],"woocommerce_single":["https:\/\/pressurezone.shop\/wp-content\/uploads\/2024\/10\/Wedding-Crasher-Strain-Budder-600x400.webp",600,400,true],"woocommerce_gallery_thumbnail":["https:\/\/pressurezone.shop\/wp-content\/uploads\/2024\/10\/Wedding-Crasher-Strain-Budder-100x100.webp",100,100,true]},"uagb_author_info":{"display_name":"pressurezone.shop","author_link":"https:\/\/pressurezone.shop\/de\/author\/"},"uagb_comment_info":0,"uagb_excerpt":"Acheter Wedding Crasher Strain Budder en Ligne en Europe D\u00e9couvrez le Wedding Crasher Strain Budder, un concentr\u00e9 hybride \u00e0 dominance indica qui offre une exp\u00e9rience exceptionnelle. Issu du croisement des c\u00e9l\u00e8bres souches Wedding Cake et Purple Punch, ce budder s\u00e9duit autant par ses ar\u00f4mes que par ses effets. Que vous recherchiez du soulagement ou un&hellip;","_links":{"self":[{"href":"https:\/\/pressurezone.shop\/de\/wp-json\/wp\/v2\/product\/3220"}],"collection":[{"href":"https:\/\/pressurezone.shop\/de\/wp-json\/wp\/v2\/product"}],"about":[{"href":"https:\/\/pressurezone.shop\/de\/wp-json\/wp\/v2\/types\/product"}],"replies":[{"embeddable":true,"href":"https:\/\/pressurezone.shop\/de\/wp-json\/wp\/v2\/comments?post=3220"}],"version-history":[{"count":3,"href":"https:\/\/pressurezone.shop\/de\/wp-json\/wp\/v2\/product\/3220\/revisions"}],"predecessor-version":[{"id":4642,"href":"https:\/\/pressurezone.shop\/de\/wp-json\/wp\/v2\/product\/3220\/revisions\/4642"}],"wp:featuredmedia":[{"embeddable":true,"href":"https:\/\/pressurezone.shop\/de\/wp-json\/wp\/v2\/media\/3296"}],"wp:attachment":[{"href":"https:\/\/pressurezone.shop\/de\/wp-json\/wp\/v2\/media?parent=3220"}],"wp:term":[{"taxonomy":"product_brand","embeddable":true,"href":"https:\/\/pressurezone.shop\/de\/wp-json\/wp\/v2\/product_brand?post=3220"},{"taxonomy":"product_cat","embeddable":true,"href":"https:\/\/pressurezone.shop\/de\/wp-json\/wp\/v2\/product_cat?post=3220"},{"taxonomy":"product_tag","embeddable":true,"href":"https:\/\/pressurezone.shop\/de\/wp-json\/wp\/v2\/product_tag?post=3220"}],"curies":[{"name":"wp","href":"https:\/\/api.w.org\/{rel}","templated":true}]}}