{"id":3234,"date":"2024-10-11T00:56:06","date_gmt":"2024-10-10T22:56:06","guid":{"rendered":"https:\/\/pressurezone.shop\/?post_type=product&#038;p=3234"},"modified":"2024-11-15T23:09:31","modified_gmt":"2024-11-15T22:09:31","slug":"banana-kush-strain-budder","status":"publish","type":"product","link":"https:\/\/pressurezone.shop\/de\/product\/banana-kush-strain-budder\/","title":{"rendered":"Banana Kush Strain Budder"},"content":{"rendered":"<h3><strong>Budder Banana Kush online kaufen - Ein erstklassiges Cannabis-Erlebnis<\/strong><\/h3>\n<p><strong>Kaufen Sie Banana Kush Strain Budder online in Europa.<\/strong> Tauchen Sie ein in ein einzigartiges Cannabis-Erlebnis mit dem <strong>Banana Kush Budder<\/strong>ein Hybridkonzentrat, das f\u00fcr seinen fruchtigen Geschmack und seine starke Wirkung bekannt ist. Dieses Konzentrat ist das Ergebnis einer legend\u00e4ren Kreuzung zwischen <strong>OG Kush<\/strong> der Westk\u00fcste und <strong>Skunk Haze<\/strong>Er ist eine wichtige Referenz f\u00fcr Marihuana-Liebhaber.<\/p>\n<hr \/>\n<h3><strong>Warum Banana Kush Strain Budder w\u00e4hlen?<\/strong><\/h3>\n<p>Die <strong>Banana Kush Budder<\/strong> ist ein Konzentrat, das wegen seiner ausgewogenen Kombination aus tropischem Geschmack und therapeutischen Vorteilen gesch\u00e4tzt wird.<\/p>\n<ul>\n<li><strong>Indica-Dominant<\/strong> : Ein Verh\u00e4ltnis von Indica zu Sativa von <strong>60:40<\/strong> f\u00fcr eine tiefe Entspannung.<\/li>\n<li><strong>THC Hoch<\/strong> : Ein THC-Gehalt von <strong>18-25%<\/strong>Die ideale L\u00f6sung f\u00fcr starke und lang anhaltende Effekte.<\/li>\n<li><strong>Au\u00dfergew\u00f6hnlicher Geschmack<\/strong> : S\u00fc\u00dfe Noten von Banane und tropischem Holz<a href=\"https:\/\/fuelpackz.com\/\" target=\"_blank\" rel=\"noopener\">.<\/a><\/li>\n<\/ul>\n<hr \/>\n<h3><strong>Wirkungen und Nutzen<\/strong><\/h3>\n<p>Der Banana Kush Strain Budder bietet vielseitige Effekte, die sich perfekt f\u00fcr den Freizeit- und medizinischen Gebrauch eignen.<\/p>\n<ul>\n<li><strong>Positive Effekte<\/strong> :\n<ul>\n<li>Intensive K\u00f6rperentspannung.<\/li>\n<li>Euphorie und erh\u00f6hte Kreativit\u00e4t.<\/li>\n<li>Gef\u00fchl von Gl\u00fcck und Entspannung.<\/li>\n<\/ul>\n<\/li>\n<li><strong>Medizinische Bedingungen gelindert<\/strong> :\n<ul>\n<li>Bipolare St\u00f6rungen und chronischer Stress.<\/li>\n<li>Anhaltende Schmerzen und Migr\u00e4ne.<\/li>\n<li>Schlaflosigkeit und Schlafst\u00f6rungen.<\/li>\n<li>Symptome von PMS, PTSD und Depressionen.<\/li>\n<\/ul>\n<\/li>\n<\/ul>\n<hr \/>\n<h3><strong>Geschmack und Aroma<\/strong><\/h3>\n<p>Lassen Sie sich von den reichen und tropischen Aromen des Banana Kush Budder verf\u00fchren :<\/p>\n<ul>\n<li><strong>Geschm\u00e4cker<\/strong> : Fruchtig, tropisch, s\u00fc\u00df mit einem Hauch von Holz.<\/li>\n<li><strong>Aromen<\/strong> : Erdig und s\u00fc\u00df, mit einem Hauch von frischer Banane.<\/li>\n<\/ul>\n<hr \/>\n<h3><strong>Empfehlungen zur Verwendung<\/strong><\/h3>\n<p>Die <strong>Banana Kush Budder<\/strong> ist ideal f\u00fcr Partys oder wenn Sie sich entspannen m\u00fcssen:<\/p>\n<ol>\n<li><strong>F\u00fcr einen besseren Schlaf<\/strong> : Nehmen Sie eine Stunde vor dem Schlafengehen eine kleine Dosis ein, um von seinen beruhigenden Eigenschaften zu profitieren.<\/li>\n<li><strong>Linderung von Schmerzen<\/strong> : Wirkt gegen chronische Schmerzen, Muskelverspannungen und Glaukom.<\/li>\n<li><strong>Anregung des Appetits<\/strong> : Ideal bei Essst\u00f6rungen oder Stress aufgrund von Appetitlosigkeit.<\/li>\n<\/ol>\n<hr \/>\n<h3><strong>Warum bei Pressure Zone Shop einkaufen?<\/strong><\/h3>\n<p><strong><a href=\"https:\/\/pressurezone.shop\/de\/\" target=\"_new\" rel=\"noopener\">Pressure Zone Shop<\/a><\/strong> garantiert qualitativ hochwertige Marihuana-Konzentrate mit einem au\u00dfergew\u00f6hnlichen Kundenservice.<\/p>\n<ul>\n<li><strong>Premium-Qualit\u00e4t<\/strong> : Im Labor auf optimale Reinheit und Leistung getestet.<\/li>\n<li><strong>Gro\u00dfe Auswahl an Produkten<\/strong> : Erkunden Sie eine Vielzahl von Budders, die auf Ihre Bed\u00fcrfnisse zugeschnitten sind.<\/li>\n<li><strong>Diskreter Versand<\/strong> : Schnelle und vertrauliche Lieferung in ganz Europa.<\/li>\n<\/ul>\n<hr \/>\n<h3><strong>Medizinische Vorteile von Banana Kush Budder<\/strong><\/h3>\n<ul>\n<li>Hilft, Muskel- und Nervenspannungen zu beruhigen.<\/li>\n<li>Lindert Schmerzen bei chronischen Beschwerden.<\/li>\n<li>Beruhigt den Geist und senkt den Stresspegel.<\/li>\n<li>Regt den Appetit an und behandelt Schlaflosigkeit.<\/li>\n<\/ul>\n<hr \/>\n<h3><strong>Bestellen Sie noch heute!<\/strong><\/h3>\n<p>G\u00f6nnen Sie sich ein luxuri\u00f6ses Cannabis-Erlebnis mit dem <strong>Banana Kush Strain Budder<\/strong>. Perfekt f\u00fcr alle, die Konzentrate lieben, ist dieses Produkt eine ideale L\u00f6sung, um sich nach einem langen Tag zu entspannen oder um medizinische Zust\u00e4nde zu lindern.<\/p>\n<p><strong>Kaufen Sie jetzt bei <a href=\"https:\/\/pressurezone.shop\/de\/\" target=\"_new\" rel=\"noopener\">Pressure Zone Shop<\/a><\/strong> und finden Sie heraus, warum der Banana Kush Budder ein Favorit unter Kennern ist.<\/p>","protected":false},"excerpt":{"rendered":"<p>Achetez du Budder Banana Kush en Ligne \u2013 Une Exp\u00e9rience Cannabis de Premier Ordre Achetez du Banana Kush Strain Budder en Ligne Europe. Plongez dans une exp\u00e9rience cannabis unique avec le Banana Kush Budder, un concentr\u00e9 hybride r\u00e9put\u00e9 pour son go\u00fbt fruit\u00e9 et ses effets puissants. Ce concentr\u00e9 est issu d\u2019un croisement l\u00e9gendaire entre OG [&hellip;]<\/p>","protected":false},"featured_media":3316,"comment_status":"closed","ping_status":"closed","template":"","meta":{"_uag_custom_page_level_css":"","site-sidebar-layout":"default","site-content-layout":"","ast-site-content-layout":"default","site-content-style":"default","site-sidebar-style":"default","ast-global-header-display":"","ast-banner-title-visibility":"","ast-main-header-display":"","ast-hfb-above-header-display":"","ast-hfb-below-header-display":"","ast-hfb-mobile-header-display":"","site-post-title":"","ast-breadcrumbs-content":"","ast-featured-img":"","footer-sml-layout":"","theme-transparent-header-meta":"default","adv-header-id-meta":"","stick-header-meta":"","header-above-stick-meta":"","header-main-stick-meta":"","header-below-stick-meta":"","astra-migrate-meta-layouts":"set","ast-page-background-enabled":"default","ast-page-background-meta":{"desktop":{"background-color":"","background-image":"","background-repeat":"repeat","background-position":"center center","background-size":"auto","background-attachment":"scroll","background-type":"","background-media":"","overlay-type":"","overlay-color":"","overlay-opacity":"","overlay-gradient":""},"tablet":{"background-color":"","background-image":"","background-repeat":"repeat","background-position":"center center","background-size":"auto","background-attachment":"scroll","background-type":"","background-media":"","overlay-type":"","overlay-color":"","overlay-opacity":"","overlay-gradient":""},"mobile":{"background-color":"","background-image":"","background-repeat":"repeat","background-position":"center center","background-size":"auto","background-attachment":"scroll","background-type":"","background-media":"","overlay-type":"","overlay-color":"","overlay-opacity":"","overlay-gradient":""}},"ast-content-background-meta":{"desktop":{"background-color":"var(--ast-global-color-5)","background-image":"","background-repeat":"repeat","background-position":"center center","background-size":"auto","background-attachment":"scroll","background-type":"","background-media":"","overlay-type":"","overlay-color":"","overlay-opacity":"","overlay-gradient":""},"tablet":{"background-color":"var(--ast-global-color-5)","background-image":"","background-repeat":"repeat","background-position":"center center","background-size":"auto","background-attachment":"scroll","background-type":"","background-media":"","overlay-type":"","overlay-color":"","overlay-opacity":"","overlay-gradient":""},"mobile":{"background-color":"var(--ast-global-color-5)","background-image":"","background-repeat":"repeat","background-position":"center center","background-size":"auto","background-attachment":"scroll","background-type":"","background-media":"","overlay-type":"","overlay-color":"","overlay-opacity":"","overlay-gradient":""}}},"product_brand":[],"product_cat":[388,334],"product_tag":[503,404,389,390,392],"class_list":{"0":"post-3234","1":"product","2":"type-product","3":"status-publish","4":"has-post-thumbnail","6":"product_cat-cannabis-budder","7":"product_cat-concentres-de-marijuana","8":"product_tag-banana-kush-strain-budder","9":"product_tag-buy-banana-kush-strain-budder-online-europe","10":"product_tag-buy-budder-online-cheap","11":"product_tag-buy-marijuana-budder-eu","12":"product_tag-order-thc-budder-europe","13":"desktop-align-left","14":"tablet-align-left","15":"mobile-align-left","17":"first","18":"instock","19":"shipping-taxable","20":"purchasable","21":"product-type-variable"},"uagb_featured_image_src":{"full":["https:\/\/pressurezone.shop\/wp-content\/uploads\/2024\/10\/Buy-Banana-Kush-Strain-Budder.webp",2048,1365,false],"thumbnail":["https:\/\/pressurezone.shop\/wp-content\/uploads\/2024\/10\/Buy-Banana-Kush-Strain-Budder-150x150.webp",150,150,true],"medium":["https:\/\/pressurezone.shop\/wp-content\/uploads\/2024\/10\/Buy-Banana-Kush-Strain-Budder-300x200.webp",300,200,true],"medium_large":["https:\/\/pressurezone.shop\/wp-content\/uploads\/2024\/10\/Buy-Banana-Kush-Strain-Budder-768x512.webp",768,512,true],"large":["https:\/\/pressurezone.shop\/wp-content\/uploads\/2024\/10\/Buy-Banana-Kush-Strain-Budder-1024x683.webp",1024,683,true],"1536x1536":["https:\/\/pressurezone.shop\/wp-content\/uploads\/2024\/10\/Buy-Banana-Kush-Strain-Budder-1536x1024.webp",1536,1024,true],"2048x2048":["https:\/\/pressurezone.shop\/wp-content\/uploads\/2024\/10\/Buy-Banana-Kush-Strain-Budder.webp",2048,1365,false],"trp-custom-language-flag":["https:\/\/pressurezone.shop\/wp-content\/uploads\/2024\/10\/Buy-Banana-Kush-Strain-Budder-18x12.webp",18,12,true],"woocommerce_thumbnail":["https:\/\/pressurezone.shop\/wp-content\/uploads\/2024\/10\/Buy-Banana-Kush-Strain-Budder-300x300.webp",300,300,true],"woocommerce_single":["https:\/\/pressurezone.shop\/wp-content\/uploads\/2024\/10\/Buy-Banana-Kush-Strain-Budder-600x400.webp",600,400,true],"woocommerce_gallery_thumbnail":["https:\/\/pressurezone.shop\/wp-content\/uploads\/2024\/10\/Buy-Banana-Kush-Strain-Budder-100x100.webp",100,100,true]},"uagb_author_info":{"display_name":"pressurezone.shop","author_link":"https:\/\/pressurezone.shop\/de\/author\/"},"uagb_comment_info":0,"uagb_excerpt":"Achetez du Budder Banana Kush en Ligne \u2013 Une Exp\u00e9rience Cannabis de Premier Ordre Achetez du Banana Kush Strain Budder en Ligne Europe. Plongez dans une exp\u00e9rience cannabis unique avec le Banana Kush Budder, un concentr\u00e9 hybride r\u00e9put\u00e9 pour son go\u00fbt fruit\u00e9 et ses effets puissants. Ce concentr\u00e9 est issu d\u2019un croisement l\u00e9gendaire entre OG&hellip;","_links":{"self":[{"href":"https:\/\/pressurezone.shop\/de\/wp-json\/wp\/v2\/product\/3234"}],"collection":[{"href":"https:\/\/pressurezone.shop\/de\/wp-json\/wp\/v2\/product"}],"about":[{"href":"https:\/\/pressurezone.shop\/de\/wp-json\/wp\/v2\/types\/product"}],"replies":[{"embeddable":true,"href":"https:\/\/pressurezone.shop\/de\/wp-json\/wp\/v2\/comments?post=3234"}],"version-history":[{"count":3,"href":"https:\/\/pressurezone.shop\/de\/wp-json\/wp\/v2\/product\/3234\/revisions"}],"predecessor-version":[{"id":4537,"href":"https:\/\/pressurezone.shop\/de\/wp-json\/wp\/v2\/product\/3234\/revisions\/4537"}],"wp:featuredmedia":[{"embeddable":true,"href":"https:\/\/pressurezone.shop\/de\/wp-json\/wp\/v2\/media\/3316"}],"wp:attachment":[{"href":"https:\/\/pressurezone.shop\/de\/wp-json\/wp\/v2\/media?parent=3234"}],"wp:term":[{"taxonomy":"product_brand","embeddable":true,"href":"https:\/\/pressurezone.shop\/de\/wp-json\/wp\/v2\/product_brand?post=3234"},{"taxonomy":"product_cat","embeddable":true,"href":"https:\/\/pressurezone.shop\/de\/wp-json\/wp\/v2\/product_cat?post=3234"},{"taxonomy":"product_tag","embeddable":true,"href":"https:\/\/pressurezone.shop\/de\/wp-json\/wp\/v2\/product_tag?post=3234"}],"curies":[{"name":"wp","href":"https:\/\/api.w.org\/{rel}","templated":true}]}}