{"id":3245,"date":"2024-10-11T00:56:32","date_gmt":"2024-10-10T22:56:32","guid":{"rendered":"https:\/\/pressurezone.shop\/?post_type=product&#038;p=3245"},"modified":"2024-11-16T23:01:15","modified_gmt":"2024-11-16T22:01:15","slug":"cream-caramel-strain-budder","status":"publish","type":"product","link":"https:\/\/pressurezone.shop\/de\/product\/cream-caramel-strain-budder\/","title":{"rendered":"Cream Caramel Strain Budder- Indica"},"content":{"rendered":"<div class=\"flex-shrink-0 flex flex-col relative items-end\">\n<div>\n<div class=\"pt-0\">\n<div class=\"gizmo-bot-avatar flex h-8 w-8 items-center justify-center overflow-hidden rounded-full\">\n<div class=\"relative p-1 rounded-sm flex items-center justify-center bg-token-main-surface-primary text-token-text-primary h-8 w-8\"><\/div>\n<\/div>\n<\/div>\n<\/div>\n<\/div>\n<div class=\"group\/conversation-turn relative flex w-full min-w-0 flex-col agent-turn\">\n<div class=\"flex-col gap-1 md:gap-3\">\n<div class=\"flex max-w-full flex-col flex-grow\">\n<div class=\"min-h-8 text-message flex w-full flex-col items-end gap-2 whitespace-normal break-words [.text-message+&amp;]:mt-5\" dir=\"auto\" data-message-author-role=\"assistant\" data-message-id=\"d985e77f-380f-443d-8b38-c46aa790ecc9\" data-message-model-slug=\"gpt-4o\">\n<div class=\"flex w-full flex-col gap-1 empty:hidden first:pt-[3px]\">\n<div class=\"markdown prose w-full break-words dark:prose-invert light\">\n<h3>Cream Caramel Strain Budder - Indica online kaufen in Europa<\/h3>\n<p><strong>Cream Caramel Strain Budder<\/strong> ist ein Premium-Konzentrat, das entwickelt wurde, um Ihr Cannabis-Erlebnis zu verfeinern. Dieser Indica-dominante Hybrid mit einem Verh\u00e4ltnis von <strong>90:10 indica-sativa<\/strong>ist eine Kreuzung zwischen den Sorten <strong>Maple Leaf #1<\/strong>, <strong>BlueBack<\/strong> und <strong>Skunk Cannabis Strains<\/strong>. Bekannt f\u00fcr seine cremige Karamell-Essenz und seine starke Wirkung, ist es ein Muss f\u00fcr Cannabisliebhaber und medizinische Anwender.<\/p>\n<hr \/>\n<h3><strong>Warum sollten Sie sich f\u00fcr Cream Caramel Strain Budder entscheiden?<\/strong><\/h3>\n<h4><strong>Ein unvergleichliches Aromaprofil<\/strong><\/h4>\n<ul>\n<li><strong>Geschm\u00e4cker<\/strong> : Butter, Karamell, Kaffee, Honig, Haselnuss, s\u00fc\u00df, Vanille.<\/li>\n<li><strong>Aromen<\/strong> : Karamell, erdig, s\u00fc\u00df, Vanille.<\/li>\n<\/ul>\n<p>Jede Inhalation dieses Budders umh\u00fcllt Ihre Sinne mit einer Gourmet-Erfahrung, die an ein exquisites Dessert erinnert.<\/p>\n<hr \/>\n<h3><strong>Therapeutische Vorteile<\/strong><\/h3>\n<p><strong>Cream Caramel Budder<\/strong> ist vollgepackt mit starken Cannabinoiden, was es zu einer idealen Option f\u00fcr diejenigen macht, die nach therapeutischer Linderung suchen:<\/p>\n<ul>\n<li><strong>Euphorie &amp; Entspannung<\/strong> : Ideal zum Entspannen nach einem stressigen Tag.<\/li>\n<li><strong>K\u00f6rperliche Wirkung<\/strong> Lindert Schmerzen und Verspannungen und sorgt f\u00fcr ein gro\u00dfes Wohlbefinden.<\/li>\n<li><strong>Sedative Eigenschaften<\/strong> : F\u00f6rdert einen erholsamen Schlaf und bek\u00e4mpft Schlaflosigkeit.<\/li>\n<\/ul>\n<h4><strong>Medizinische Anwendungen<\/strong><\/h4>\n<p>Diese Sorte ist f\u00fcr ihre Wirksamkeit bei der Behandlung folgender Beschwerden bekannt:<\/p>\n<ul>\n<li>ADHS (Aufmerksamkeitsdefizit- und Hyperaktivit\u00e4tsst\u00f6rung)<\/li>\n<li>Chronische Schmerzen<\/li>\n<li>Schlaflosigkeit<\/li>\n<li>Depression<\/li>\n<li>PTSD (Post-Traumatische Belastungsst\u00f6rung)<\/li>\n<li>Muskul\u00e4re Spasmen<\/li>\n<li>Entz\u00fcndung<\/li>\n<li>Crohn-Krankheit<\/li>\n<\/ul>\n<hr \/>\n<h3><strong>Auswirkungen und Potenz<\/strong><\/h3>\n<p><strong>Effekte<\/strong> : K\u00f6rperliche Wirkung, Euphorie, Gl\u00fccklichsein, Hunger, Entspannung, Schl\u00e4frigkeit.<br \/>\nAufgrund seiner zutiefst entspannenden und stimmungsaufhellenden Wirkung, <strong>Cream Caramel Budder<\/strong> ist ideal f\u00fcr die Anwendung in der Nacht. Seine sedierenden Eigenschaften machen ihn besonders n\u00fctzlich bei der Bew\u00e4ltigung von chronischen Schmerzen, Angstzust\u00e4nden und Albtr\u00e4umen.<a href=\"https:\/\/fuelpackz.com\/\" target=\"_blank\" rel=\"noopener\">.<\/a><\/p>\n<hr \/>\n<h3><strong>Wie verwende ich Cream Caramel Strain Budder?<\/strong><\/h3>\n<h4><strong>Empfohlene Methoden<\/strong><\/h4>\n<ol>\n<li><strong>Dabbing<\/strong> : Verwenden Sie ein Dab Rig, um den vollen Geschmack und die Effekte zu nutzen.<\/li>\n<li><strong>Verdampfen<\/strong> : Lade in einen mit Konzentraten kompatiblen Vaporizer, um eine sanfte Erfahrung zu machen.<\/li>\n<li><strong>Aufguss<\/strong> : Integrieren Sie es in essbare Produkte oder f\u00fcgen Sie es Ihren Bowls und Joints f\u00fcr mehr Power hinzu.<\/li>\n<\/ol>\n<hr \/>\n<h3><strong>Warum hebt sich Cream Caramel Budder ab?<\/strong><\/h3>\n<h4><strong>Premium-Handwerk<\/strong><\/h4>\n<p>Dieser Budder wird aus Cannabis h\u00f6chster Qualit\u00e4t und mit raffinierten Extraktionsmethoden hergestellt und bietet eine glatte, cremige Konsistenz, bei der die Terpene erhalten bleiben.<\/p>\n<h4><strong>Starke Entlastung<\/strong><\/h4>\n<p>Mit einem ausgewogenen Cannabinoidprofil und einem hohen THC-Gehalt bietet es lang anhaltende Linderung bei k\u00f6rperlichen und seelischen Beschwerden.<\/p>\n<hr \/>\n<h3><strong>Kaufen Cream Caramel Strain Budder online in Europa<\/strong><\/h3>\n<p>G\u00f6nnen Sie sich den luxuri\u00f6sen Geschmack und die therapeutischen Vorteile von <strong>Cream Caramel Strain Budder - Indica<\/strong>. Ob Sie chronische Schmerzen lindern oder sich einfach nur entspannen wollen, dieses Konzentrat ist die perfekte L\u00f6sung.<\/p>\n<p><strong>Bestellen Sie jetzt auf <a href=\"https:\/\/pressurezone.shop\/de\/\" target=\"_new\" rel=\"noopener\">PressureZone.Shop<\/a><\/strong> f\u00fcr eine diskrete und schnelle Lieferung in ganz Europa.<\/p>\n<\/div>\n<\/div>\n<\/div>\n<\/div>\n<\/div>\n<\/div>","protected":false},"excerpt":{"rendered":"<p>Acheter Cream Caramel Strain Budder \u2013 Indica en Ligne en Europe Cream Caramel Strain Budder est un concentr\u00e9 haut de gamme con\u00e7u pour sublimer votre exp\u00e9rience cannabis. Cet hybride \u00e0 dominance indica, avec un ratio 90:10 indica-sativa, est issu d\u2019un croisement entre les vari\u00e9t\u00e9s Maple Leaf #1, BlueBack et Skunk Cannabis Strains. R\u00e9put\u00e9 pour son [&hellip;]<\/p>","protected":false},"featured_media":3322,"comment_status":"closed","ping_status":"closed","template":"","meta":{"_uag_custom_page_level_css":"","site-sidebar-layout":"default","site-content-layout":"","ast-site-content-layout":"default","site-content-style":"default","site-sidebar-style":"default","ast-global-header-display":"","ast-banner-title-visibility":"","ast-main-header-display":"","ast-hfb-above-header-display":"","ast-hfb-below-header-display":"","ast-hfb-mobile-header-display":"","site-post-title":"","ast-breadcrumbs-content":"","ast-featured-img":"","footer-sml-layout":"","theme-transparent-header-meta":"default","adv-header-id-meta":"","stick-header-meta":"","header-above-stick-meta":"","header-main-stick-meta":"","header-below-stick-meta":"","astra-migrate-meta-layouts":"set","ast-page-background-enabled":"default","ast-page-background-meta":{"desktop":{"background-color":"","background-image":"","background-repeat":"repeat","background-position":"center center","background-size":"auto","background-attachment":"scroll","background-type":"","background-media":"","overlay-type":"","overlay-color":"","overlay-opacity":"","overlay-gradient":""},"tablet":{"background-color":"","background-image":"","background-repeat":"repeat","background-position":"center center","background-size":"auto","background-attachment":"scroll","background-type":"","background-media":"","overlay-type":"","overlay-color":"","overlay-opacity":"","overlay-gradient":""},"mobile":{"background-color":"","background-image":"","background-repeat":"repeat","background-position":"center center","background-size":"auto","background-attachment":"scroll","background-type":"","background-media":"","overlay-type":"","overlay-color":"","overlay-opacity":"","overlay-gradient":""}},"ast-content-background-meta":{"desktop":{"background-color":"var(--ast-global-color-5)","background-image":"","background-repeat":"repeat","background-position":"center center","background-size":"auto","background-attachment":"scroll","background-type":"","background-media":"","overlay-type":"","overlay-color":"","overlay-opacity":"","overlay-gradient":""},"tablet":{"background-color":"var(--ast-global-color-5)","background-image":"","background-repeat":"repeat","background-position":"center center","background-size":"auto","background-attachment":"scroll","background-type":"","background-media":"","overlay-type":"","overlay-color":"","overlay-opacity":"","overlay-gradient":""},"mobile":{"background-color":"var(--ast-global-color-5)","background-image":"","background-repeat":"repeat","background-position":"center center","background-size":"auto","background-attachment":"scroll","background-type":"","background-media":"","overlay-type":"","overlay-color":"","overlay-opacity":"","overlay-gradient":""}}},"product_brand":[],"product_cat":[388,334],"product_tag":[407],"class_list":{"0":"post-3245","1":"product","2":"type-product","3":"status-publish","4":"has-post-thumbnail","6":"product_cat-cannabis-budder","7":"product_cat-concentres-de-marijuana","8":"product_tag-buy-cream-caramel-strain-budder-indica-europe","9":"desktop-align-left","10":"tablet-align-left","11":"mobile-align-left","13":"first","14":"instock","15":"shipping-taxable","16":"purchasable","17":"product-type-variable"},"uagb_featured_image_src":{"full":["https:\/\/pressurezone.shop\/wp-content\/uploads\/2024\/10\/Buy-Cream-Caramel-Strain-Budder-\u2013-Indica.webp",2048,1365,false],"thumbnail":["https:\/\/pressurezone.shop\/wp-content\/uploads\/2024\/10\/Buy-Cream-Caramel-Strain-Budder-\u2013-Indica-150x150.webp",150,150,true],"medium":["https:\/\/pressurezone.shop\/wp-content\/uploads\/2024\/10\/Buy-Cream-Caramel-Strain-Budder-\u2013-Indica-300x200.webp",300,200,true],"medium_large":["https:\/\/pressurezone.shop\/wp-content\/uploads\/2024\/10\/Buy-Cream-Caramel-Strain-Budder-\u2013-Indica-768x512.webp",768,512,true],"large":["https:\/\/pressurezone.shop\/wp-content\/uploads\/2024\/10\/Buy-Cream-Caramel-Strain-Budder-\u2013-Indica-1024x683.webp",1024,683,true],"1536x1536":["https:\/\/pressurezone.shop\/wp-content\/uploads\/2024\/10\/Buy-Cream-Caramel-Strain-Budder-\u2013-Indica-1536x1024.webp",1536,1024,true],"2048x2048":["https:\/\/pressurezone.shop\/wp-content\/uploads\/2024\/10\/Buy-Cream-Caramel-Strain-Budder-\u2013-Indica.webp",2048,1365,false],"trp-custom-language-flag":["https:\/\/pressurezone.shop\/wp-content\/uploads\/2024\/10\/Buy-Cream-Caramel-Strain-Budder-\u2013-Indica-18x12.webp",18,12,true],"woocommerce_thumbnail":["https:\/\/pressurezone.shop\/wp-content\/uploads\/2024\/10\/Buy-Cream-Caramel-Strain-Budder-\u2013-Indica-300x300.webp",300,300,true],"woocommerce_single":["https:\/\/pressurezone.shop\/wp-content\/uploads\/2024\/10\/Buy-Cream-Caramel-Strain-Budder-\u2013-Indica-600x400.webp",600,400,true],"woocommerce_gallery_thumbnail":["https:\/\/pressurezone.shop\/wp-content\/uploads\/2024\/10\/Buy-Cream-Caramel-Strain-Budder-\u2013-Indica-100x100.webp",100,100,true]},"uagb_author_info":{"display_name":"pressurezone.shop","author_link":"https:\/\/pressurezone.shop\/de\/author\/"},"uagb_comment_info":0,"uagb_excerpt":"Acheter Cream Caramel Strain Budder \u2013 Indica en Ligne en Europe Cream Caramel Strain Budder est un concentr\u00e9 haut de gamme con\u00e7u pour sublimer votre exp\u00e9rience cannabis. Cet hybride \u00e0 dominance indica, avec un ratio 90:10 indica-sativa, est issu d\u2019un croisement entre les vari\u00e9t\u00e9s Maple Leaf #1, BlueBack et Skunk Cannabis Strains. R\u00e9put\u00e9 pour son&hellip;","_links":{"self":[{"href":"https:\/\/pressurezone.shop\/de\/wp-json\/wp\/v2\/product\/3245"}],"collection":[{"href":"https:\/\/pressurezone.shop\/de\/wp-json\/wp\/v2\/product"}],"about":[{"href":"https:\/\/pressurezone.shop\/de\/wp-json\/wp\/v2\/types\/product"}],"replies":[{"embeddable":true,"href":"https:\/\/pressurezone.shop\/de\/wp-json\/wp\/v2\/comments?post=3245"}],"version-history":[{"count":3,"href":"https:\/\/pressurezone.shop\/de\/wp-json\/wp\/v2\/product\/3245\/revisions"}],"predecessor-version":[{"id":4555,"href":"https:\/\/pressurezone.shop\/de\/wp-json\/wp\/v2\/product\/3245\/revisions\/4555"}],"wp:featuredmedia":[{"embeddable":true,"href":"https:\/\/pressurezone.shop\/de\/wp-json\/wp\/v2\/media\/3322"}],"wp:attachment":[{"href":"https:\/\/pressurezone.shop\/de\/wp-json\/wp\/v2\/media?parent=3245"}],"wp:term":[{"taxonomy":"product_brand","embeddable":true,"href":"https:\/\/pressurezone.shop\/de\/wp-json\/wp\/v2\/product_brand?post=3245"},{"taxonomy":"product_cat","embeddable":true,"href":"https:\/\/pressurezone.shop\/de\/wp-json\/wp\/v2\/product_cat?post=3245"},{"taxonomy":"product_tag","embeddable":true,"href":"https:\/\/pressurezone.shop\/de\/wp-json\/wp\/v2\/product_tag?post=3245"}],"curies":[{"name":"wp","href":"https:\/\/api.w.org\/{rel}","templated":true}]}}