{"id":3300,"date":"2024-10-11T00:58:50","date_gmt":"2024-10-10T22:58:50","guid":{"rendered":"https:\/\/pressurezone.shop\/?post_type=product&#038;p=3300"},"modified":"2024-11-13T17:59:48","modified_gmt":"2024-11-13T16:59:48","slug":"blackberry-cobbler-weed-live-resin","status":"publish","type":"product","link":"https:\/\/pressurezone.shop\/de\/product\/blackberry-cobbler-weed-live-resin\/","title":{"rendered":"Blackberry Cobbler Weed Live Resin"},"content":{"rendered":"<div class=\"flex-shrink-0 flex flex-col relative items-end\">\n<div>\n<div class=\"pt-0\">\n<div class=\"gizmo-bot-avatar flex h-8 w-8 items-center justify-center overflow-hidden rounded-full\">\n<div class=\"relative p-1 rounded-sm flex items-center justify-center bg-token-main-surface-primary text-token-text-primary h-8 w-8\"><\/div>\n<\/div>\n<\/div>\n<\/div>\n<\/div>\n<div class=\"group\/conversation-turn relative flex w-full min-w-0 flex-col agent-turn\">\n<div class=\"flex-col gap-1 md:gap-3\">\n<div class=\"flex max-w-full flex-col flex-grow\">\n<div class=\"min-h-8 text-message flex w-full flex-col items-end gap-2 whitespace-normal break-words [.text-message+&amp;]:mt-5\" dir=\"auto\" data-message-author-role=\"assistant\" data-message-id=\"d726ea1c-d389-4e26-8e95-e2ec311ca1cc\" data-message-model-slug=\"gpt-4o\">\n<div class=\"flex w-full flex-col gap-1 empty:hidden first:pt-[3px]\">\n<div class=\"markdown prose w-full break-words dark:prose-invert light\">\n<h3><strong>Kaufen Sie Live Resin von Blackberry Cobbler Weed Online in Europa<\/strong><\/h3>\n<p>Entdecken Sie die<strong>au\u00dfergew\u00f6hnlich Blackberry Cobbler Weed Live Resin<\/strong>ein Premium-Cannabiskonzentrat, das aus den ber\u00fchmten Sorten hergestellt wird <strong>Blackberry Kush<\/strong> und <strong>Trainwreck<\/strong>. Dieses leicht Indica-dominierte Hybridkonzentrat bietet ein einzigartiges Entspannungserlebnis, indem es die reichen nat\u00fcrlichen Aromen der Pflanze mit einem sanften und starken Wirkungsprofil wiedergibt. Mit seiner verf\u00fchrerischen Mischung aus fruchtiger S\u00fc\u00dfe und erdigen Noten ist Blackberry Cobbler Live Resin ideal f\u00fcr alle, die ein wohlschmeckendes und wirksames Konzentrat suchen.<\/p>\n<hr \/>\n<h3><strong>Warum Blackberry Cobbler Weed Live Resin w\u00e4hlen?<\/strong><\/h3>\n<p>Der Blackberry Cobbler Live Resin ist beliebt wegen seiner <strong>ausgewogene Effekte<\/strong> die f\u00fcr ein lang anhaltendes k\u00f6rperliches High und einen entspannten Zustand sorgen, perfekt, um nach einem langen Tag abzuschalten. Der Einfluss von Indica sorgt f\u00fcr eine ruhige und beruhigende Wirkung, w\u00e4hrend ein Hauch von Sativa hilft, den Geist frisch und wach zu halten - ideal f\u00fcr einen ruhigen Abend oder ein entspanntes Wochenende.<\/p>\n<hr \/>\n<h3><strong>Auswirkungen von Blackberry Cobbler Weed Live Resin :<\/strong><\/h3>\n<ul>\n<li><strong>K\u00f6rperliches High<\/strong> : Eine entspannende Komfortwelle, die die Muskeln beruhigt und Verspannungen l\u00f6st.<\/li>\n<li><strong>Langfristig<\/strong> : Langanhaltende Effekte, perfekt f\u00fcr eine l\u00e4ngere Entspannung.<\/li>\n<li><strong>Entspannend<\/strong> : Beruhigt Geist und K\u00f6rper und hilft, Stress abzubauen.<\/li>\n<\/ul>\n<h3><strong>Ideal zur Linderung :<\/strong><\/h3>\n<ul>\n<li><strong>Chronische Schmerzen<\/strong> : Perfekt, um k\u00f6rperliches Unbehagen zu lindern.<\/li>\n<li><strong>Depressionen und M\u00fcdigkeit<\/strong> : Hebt die Stimmung und bek\u00e4mpft M\u00fcdigkeit.<\/li>\n<li><strong>Schlaflosigkeit<\/strong> : Hilft beim Einschlafen f\u00fcr einen tiefen und erholsamen Schlaf.<\/li>\n<\/ul>\n<hr \/>\n<h3><strong>Geschmack und Aroma von Blackberry Cobbler Live Resin<\/strong><\/h3>\n<p>Dieses Live-Resin bietet eine <strong>s\u00fc\u00dfer Beerengeschmack<\/strong> mit einem Hauch von w\u00fcrzigen Kr\u00e4utern, wodurch jede Inhalation so angenehm wie die vorherige wird. Mit einem Hauch von erdigem, skunkartigem Geruch bietet der Blackberry Cobbler ein reiches sensorisches Erlebnis, das sowohl <strong>s\u00fc\u00df<\/strong> und <strong>m\u00e4chtig<\/strong>.<\/p>\n<ul>\n<li><strong>Geschm\u00e4cker<\/strong> : Beere, Fruchtig, S\u00fc\u00df<\/li>\n<li><strong>Aromen<\/strong> : Beere, erdig, fruchtig, kr\u00e4ftig<\/li>\n<\/ul>\n<hr \/>\n<h3><strong>Was macht Live Resin besonders?<\/strong><\/h3>\n<p>Live-Resin wurde schnell zu einer bevorzugten Wahl unter Cannabis-Liebhabern, da es die F\u00e4higkeit besitzt, den <strong>vollst\u00e4ndiges Spektrum an Cannabinoiden und Terpenen<\/strong> die in der Pflanze vorhanden sind. Der Live-Resin von Blackberry Cobbler bewahrt die nat\u00fcrlichen \u00d6le, was zu einem s\u00fc\u00dfen, aromatischen Konzentrat mit einer fl\u00fcssigen, terpenreichen Konsistenz f\u00fchrt, die oft formbarer ist als herk\u00f6mmliche Konzentrate.<a href=\"https:\/\/fuelpackz.com\/\" target=\"_blank\" rel=\"noopener\">.<\/a><\/p>\n<ul>\n<li><strong>Konsistenzoptionen<\/strong> : Sap, Sugar, Badder, Budder und Sauce - mit dem Blackberry Cobbler, der zu einer Konsistenz tendiert <strong>Sauce<\/strong> f\u00fcr ein Maximum an Geschmack und Aroma.<\/li>\n<\/ul>\n<hr \/>\n<h3><strong>Wie Sie den Blackberry Cobbler Live Resin nutzen k\u00f6nnen<\/strong><\/h3>\n<ol>\n<li><strong>Dabbing<\/strong> : F\u00fcr reinen Geschmack und schnelle Wirkung.<\/li>\n<li><strong>Verdampfen<\/strong> : Verwenden Sie einen f\u00fcr Konzentrate entwickelten Zerst\u00e4uber f\u00fcr eine sanfte und kontrollierte Erfahrung.<\/li>\n<li><strong>Verbessern Sie Ihre Blumen<\/strong> : F\u00fcge eine kleine Menge in deinen Joint oder deine Pfeife ein, um mehr Kraft und Geschmack zu erhalten.<\/li>\n<\/ol>\n<hr \/>\n<h3><strong>Bestellen Sie noch heute im Pressure Zone Shop<\/strong><\/h3>\n<p>Verpassen Sie nicht das Premium-Erlebnis des <strong>Blackberry Cobbler Weed Live Resin<\/strong>. Bestellen Sie jetzt auf <a href=\"https:\/\/pressurezone.shop\/de\/\" target=\"_new\" rel=\"noopener\">Pressure Zone Shop<\/a> und genie\u00dfen Sie dieses au\u00dfergew\u00f6hnliche Konzentrat, das f\u00fcr seine starke Wirkung und seinen k\u00f6stlichen Geschmack ber\u00fchmt ist. G\u00f6nnen Sie sich das ultimative Cannabiskonzentrat und machen Sie jeden Moment zu einer entspannenden und geschmackvollen Reise.<\/p>\n<\/div>\n<\/div>\n<\/div>\n<\/div>\n<\/div>\n<\/div>","protected":false},"excerpt":{"rendered":"<p>Achetez le Live Resin de Blackberry Cobbler Weed en Ligne en Europe D\u00e9couvrez l\u2019exceptionnel Blackberry Cobbler Weed Live Resin, un concentr\u00e9 de cannabis premium fabriqu\u00e9 \u00e0 partir des c\u00e9l\u00e8bres vari\u00e9t\u00e9s Blackberry Kush et Trainwreck. Ce concentr\u00e9 hybride l\u00e9g\u00e8rement \u00e0 dominante indica offre une exp\u00e9rience relaxante unique, restituant les riches saveurs naturelles de la plante avec [&hellip;]<\/p>","protected":false},"featured_media":3382,"comment_status":"closed","ping_status":"closed","template":"","meta":{"_uag_custom_page_level_css":"","site-sidebar-layout":"default","site-content-layout":"","ast-site-content-layout":"default","site-content-style":"default","site-sidebar-style":"default","ast-global-header-display":"","ast-banner-title-visibility":"","ast-main-header-display":"","ast-hfb-above-header-display":"","ast-hfb-below-header-display":"","ast-hfb-mobile-header-display":"","site-post-title":"","ast-breadcrumbs-content":"","ast-featured-img":"","footer-sml-layout":"","theme-transparent-header-meta":"default","adv-header-id-meta":"","stick-header-meta":"","header-above-stick-meta":"","header-main-stick-meta":"","header-below-stick-meta":"","astra-migrate-meta-layouts":"set","ast-page-background-enabled":"default","ast-page-background-meta":{"desktop":{"background-color":"","background-image":"","background-repeat":"repeat","background-position":"center center","background-size":"auto","background-attachment":"scroll","background-type":"","background-media":"","overlay-type":"","overlay-color":"","overlay-opacity":"","overlay-gradient":""},"tablet":{"background-color":"","background-image":"","background-repeat":"repeat","background-position":"center center","background-size":"auto","background-attachment":"scroll","background-type":"","background-media":"","overlay-type":"","overlay-color":"","overlay-opacity":"","overlay-gradient":""},"mobile":{"background-color":"","background-image":"","background-repeat":"repeat","background-position":"center center","background-size":"auto","background-attachment":"scroll","background-type":"","background-media":"","overlay-type":"","overlay-color":"","overlay-opacity":"","overlay-gradient":""}},"ast-content-background-meta":{"desktop":{"background-color":"var(--ast-global-color-5)","background-image":"","background-repeat":"repeat","background-position":"center center","background-size":"auto","background-attachment":"scroll","background-type":"","background-media":"","overlay-type":"","overlay-color":"","overlay-opacity":"","overlay-gradient":""},"tablet":{"background-color":"var(--ast-global-color-5)","background-image":"","background-repeat":"repeat","background-position":"center center","background-size":"auto","background-attachment":"scroll","background-type":"","background-media":"","overlay-type":"","overlay-color":"","overlay-opacity":"","overlay-gradient":""},"mobile":{"background-color":"var(--ast-global-color-5)","background-image":"","background-repeat":"repeat","background-position":"center center","background-size":"auto","background-attachment":"scroll","background-type":"","background-media":"","overlay-type":"","overlay-color":"","overlay-opacity":"","overlay-gradient":""}}},"product_brand":[],"product_cat":[334,436],"product_tag":[437],"class_list":{"0":"post-3300","1":"product","2":"type-product","3":"status-publish","4":"has-post-thumbnail","6":"product_cat-concentres-de-marijuana","7":"product_cat-achetez-du-shatter-dab-wax","8":"product_tag-buy-blackberry-cobbler-weed-live-resin-online-europe","9":"desktop-align-left","10":"tablet-align-left","11":"mobile-align-left","13":"first","14":"instock","15":"shipping-taxable","16":"purchasable","17":"product-type-variable"},"uagb_featured_image_src":{"full":["https:\/\/pressurezone.shop\/wp-content\/uploads\/2024\/10\/Blackberry-Cobbler-Weed-Live-Resin.webp",2048,1365,false],"thumbnail":["https:\/\/pressurezone.shop\/wp-content\/uploads\/2024\/10\/Blackberry-Cobbler-Weed-Live-Resin-150x150.webp",150,150,true],"medium":["https:\/\/pressurezone.shop\/wp-content\/uploads\/2024\/10\/Blackberry-Cobbler-Weed-Live-Resin-300x200.webp",300,200,true],"medium_large":["https:\/\/pressurezone.shop\/wp-content\/uploads\/2024\/10\/Blackberry-Cobbler-Weed-Live-Resin-768x512.webp",768,512,true],"large":["https:\/\/pressurezone.shop\/wp-content\/uploads\/2024\/10\/Blackberry-Cobbler-Weed-Live-Resin-1024x683.webp",1024,683,true],"1536x1536":["https:\/\/pressurezone.shop\/wp-content\/uploads\/2024\/10\/Blackberry-Cobbler-Weed-Live-Resin-1536x1024.webp",1536,1024,true],"2048x2048":["https:\/\/pressurezone.shop\/wp-content\/uploads\/2024\/10\/Blackberry-Cobbler-Weed-Live-Resin.webp",2048,1365,false],"trp-custom-language-flag":["https:\/\/pressurezone.shop\/wp-content\/uploads\/2024\/10\/Blackberry-Cobbler-Weed-Live-Resin-18x12.webp",18,12,true],"woocommerce_thumbnail":["https:\/\/pressurezone.shop\/wp-content\/uploads\/2024\/10\/Blackberry-Cobbler-Weed-Live-Resin-300x300.webp",300,300,true],"woocommerce_single":["https:\/\/pressurezone.shop\/wp-content\/uploads\/2024\/10\/Blackberry-Cobbler-Weed-Live-Resin-600x400.webp",600,400,true],"woocommerce_gallery_thumbnail":["https:\/\/pressurezone.shop\/wp-content\/uploads\/2024\/10\/Blackberry-Cobbler-Weed-Live-Resin-100x100.webp",100,100,true]},"uagb_author_info":{"display_name":"pressurezone.shop","author_link":"https:\/\/pressurezone.shop\/de\/author\/"},"uagb_comment_info":0,"uagb_excerpt":"Achetez le Live Resin de Blackberry Cobbler Weed en Ligne en Europe D\u00e9couvrez l\u2019exceptionnel Blackberry Cobbler Weed Live Resin, un concentr\u00e9 de cannabis premium fabriqu\u00e9 \u00e0 partir des c\u00e9l\u00e8bres vari\u00e9t\u00e9s Blackberry Kush et Trainwreck. Ce concentr\u00e9 hybride l\u00e9g\u00e8rement \u00e0 dominante indica offre une exp\u00e9rience relaxante unique, restituant les riches saveurs naturelles de la plante avec&hellip;","_links":{"self":[{"href":"https:\/\/pressurezone.shop\/de\/wp-json\/wp\/v2\/product\/3300"}],"collection":[{"href":"https:\/\/pressurezone.shop\/de\/wp-json\/wp\/v2\/product"}],"about":[{"href":"https:\/\/pressurezone.shop\/de\/wp-json\/wp\/v2\/types\/product"}],"replies":[{"embeddable":true,"href":"https:\/\/pressurezone.shop\/de\/wp-json\/wp\/v2\/comments?post=3300"}],"version-history":[{"count":3,"href":"https:\/\/pressurezone.shop\/de\/wp-json\/wp\/v2\/product\/3300\/revisions"}],"predecessor-version":[{"id":4376,"href":"https:\/\/pressurezone.shop\/de\/wp-json\/wp\/v2\/product\/3300\/revisions\/4376"}],"wp:featuredmedia":[{"embeddable":true,"href":"https:\/\/pressurezone.shop\/de\/wp-json\/wp\/v2\/media\/3382"}],"wp:attachment":[{"href":"https:\/\/pressurezone.shop\/de\/wp-json\/wp\/v2\/media?parent=3300"}],"wp:term":[{"taxonomy":"product_brand","embeddable":true,"href":"https:\/\/pressurezone.shop\/de\/wp-json\/wp\/v2\/product_brand?post=3300"},{"taxonomy":"product_cat","embeddable":true,"href":"https:\/\/pressurezone.shop\/de\/wp-json\/wp\/v2\/product_cat?post=3300"},{"taxonomy":"product_tag","embeddable":true,"href":"https:\/\/pressurezone.shop\/de\/wp-json\/wp\/v2\/product_tag?post=3300"}],"curies":[{"name":"wp","href":"https:\/\/api.w.org\/{rel}","templated":true}]}}