{"id":3315,"date":"2024-10-11T00:59:18","date_gmt":"2024-10-10T22:59:18","guid":{"rendered":"https:\/\/pressurezone.shop\/?post_type=product&#038;p=3315"},"modified":"2024-11-15T21:22:01","modified_gmt":"2024-11-15T20:22:01","slug":"green-crack-shatter","status":"publish","type":"product","link":"https:\/\/pressurezone.shop\/de\/product\/green-crack-shatter\/","title":{"rendered":"Green Crack Shatter"},"content":{"rendered":"<div class=\"flex-shrink-0 flex flex-col relative items-end\">\n<div>\n<div class=\"pt-0\">\n<div class=\"gizmo-bot-avatar flex h-8 w-8 items-center justify-center overflow-hidden rounded-full\">\n<div class=\"relative p-1 rounded-sm flex items-center justify-center bg-token-main-surface-primary text-token-text-primary h-8 w-8\"><\/div>\n<\/div>\n<\/div>\n<\/div>\n<\/div>\n<div class=\"group\/conversation-turn relative flex w-full min-w-0 flex-col agent-turn\">\n<div class=\"flex-col gap-1 md:gap-3\">\n<div class=\"flex max-w-full flex-col flex-grow\">\n<div class=\"min-h-8 text-message flex w-full flex-col items-end gap-2 whitespace-normal break-words [.text-message+&amp;]:mt-5\" dir=\"auto\" data-message-author-role=\"assistant\" data-message-id=\"bd29f4a4-615a-4dc4-bffb-5b2ddae4bfb8\" data-message-model-slug=\"gpt-4o\">\n<div class=\"flex w-full flex-col gap-1 empty:hidden first:pt-[3px]\">\n<div class=\"markdown prose w-full break-words dark:prose-invert light\">\n<h3><strong>Kaufen Sie Green Crack Shatter Online Europa<\/strong><\/h3>\n<p>Entdecken Sie den <strong>Green Crack Shatter<\/strong>Ein au\u00dfergew\u00f6hnliches Cannabis-Konzentrat, das mit seinem dominanten Sativa-Profil Energie und Kreativit\u00e4t verk\u00f6rpert. Dieser Premium-Shatter wird aus dem ber\u00fchmten Stamm <strong>Skunk #1<\/strong> durch selektive Reproduktion, die ein energiereiches und belebendes Erlebnis bietet<a href=\"https:\/\/fuelpackz.com\/\" target=\"_blank\" rel=\"noopener\">.<\/a><\/p>\n<hr \/>\n<h3><strong>Warum Green Crack Shatter?<\/strong><\/h3>\n<p>Die <strong>Green Crack Shatter<\/strong> ist eine ideale Option f\u00fcr Konsumenten, die ein intensives Gehirn-High und einen Energie-Boost suchen. Mit einem Verh\u00e4ltnis <strong>65% Sativa \/ 35% Indica<\/strong>Es ist perfekt, um die Kreativit\u00e4t anzuregen und die Produktivit\u00e4t den ganzen Tag \u00fcber zu steigern.<\/p>\n<ul>\n<li><strong>Energie-Boost<\/strong> : Ideal, um M\u00fcdigkeit zu bek\u00e4mpfen und Ihre Motivation aufrechtzuerhalten.<\/li>\n<li><strong>Stimulation des Gehirns<\/strong> Konzentration: F\u00f6rdert die Konzentration und die geistige Klarheit.<\/li>\n<li><strong>Cannabis von h\u00f6chster Qualit\u00e4t<\/strong> : Sorgf\u00e4ltig hergestellt f\u00fcr optimale Reinheit und Geschmack.<\/li>\n<\/ul>\n<hr \/>\n<h3><strong>Auswirkungen von Green Crack Shatter<\/strong><\/h3>\n<p>Die <strong>Green Crack Shatter<\/strong> bietet ein berauschendes Hirnerlebnis, kombiniert mit energiespendenden Effekten, die dabei helfen, aktiv und produktiv zu bleiben.<\/p>\n<ul>\n<li><strong>Hauptwirkungen<\/strong> :\n<ul>\n<li>Energie und Motivation.<\/li>\n<li>Verbesserung der Stimmung.<\/li>\n<li>Geistige Klarheit und Kreativit\u00e4t.<\/li>\n<\/ul>\n<\/li>\n<\/ul>\n<hr \/>\n<h3><strong>Therapeutische Vorteile<\/strong><\/h3>\n<p>Die <strong>Green Crack Shatter<\/strong> wird wegen seiner therapeutischen Eigenschaften gesch\u00e4tzt, die eine wirksame Linderung bei verschiedenen Beschwerden bieten:<\/p>\n<ul>\n<li><strong>Kann Linderung verschaffen<\/strong> :\n<ul>\n<li><strong>Angst und Depression<\/strong> : F\u00f6rdert ein Gef\u00fchl der Ruhe und des Gl\u00fccks.<\/li>\n<li><strong>ADHS und PTSD<\/strong> : Hilft, die Konzentration zu verbessern und stressbedingte Symptome zu reduzieren.<\/li>\n<li><strong>Migr\u00e4ne<\/strong> : Lindert anhaltende Schmerzen und Unwohlsein.<\/li>\n<\/ul>\n<\/li>\n<\/ul>\n<hr \/>\n<h3><strong>Geschmack und Aroma von Green Crack Shatter<\/strong><\/h3>\n<p>Dieses Konzentrat wird auch wegen seines einzigartigen Aroma- und Geschmacksprofils gesch\u00e4tzt :<\/p>\n<ul>\n<li><strong>Geschm\u00e4cker<\/strong> : Zitrusfr\u00fcchte, erdig, s\u00fc\u00df.<\/li>\n<li><strong>Aromen<\/strong> : Tropisch, Fruchtig, W\u00fcrzig.<\/li>\n<\/ul>\n<p>Der Zitrusgeschmack und die s\u00fc\u00dfen Nuancen bieten ein erfrischendes Geschmackserlebnis, perfekt f\u00fcr Liebhaber von hochwertigem Cannabis.<\/p>\n<hr \/>\n<h3><strong>Wie konsumiert man Green Crack Shatter?<\/strong><\/h3>\n<p>Nutzen Sie die Vorteile des <strong>Green Crack Shatter<\/strong> durch die folgenden Konsummethoden :<\/p>\n<ol>\n<li><strong>Dab<\/strong> : Inhaliere konzentrierte Wolken f\u00fcr ein schnelles und starkes Erlebnis.<\/li>\n<li><strong>Verdampfen<\/strong> : Eine sanfte und effektive Methode, um nat\u00fcrliche Geschm\u00e4cker zu genie\u00dfen.<\/li>\n<li><strong>Mischen<\/strong> : F\u00fcge es deinen Joints oder Blunts hinzu, um die Wirkung zu intensivieren.<\/li>\n<\/ol>\n<hr \/>\n<h3><strong>Warum im Pressure Zone Shop einkaufen?<\/strong><\/h3>\n<p>Eink\u00e4ufe t\u00e4tigen auf <a href=\"https:\/\/pressurezone.shop\/de\/\" target=\"_new\" rel=\"noopener\">Pressure Zone Shop<\/a> garantiert:<\/p>\n<ul>\n<li><strong>H\u00f6chste Qualit\u00e4t<\/strong> : Produkte, die auf ihre Reinheit getestet und zertifiziert wurden.<\/li>\n<li><strong>Diskrete Lieferung<\/strong> : Schneller und sicherer Versand \u00fcberall in Europa.<\/li>\n<li><strong>Zufriedenheit Garantie<\/strong> : Au\u00dfergew\u00f6hnlicher Kundenservice, um Ihre Bed\u00fcrfnisse zu erf\u00fcllen.<\/li>\n<\/ul>\n<hr \/>\n<h3><strong>Bestellen Sie jetzt den Green Crack Shatter<\/strong><\/h3>\n<p>Verbessern Sie Ihren Alltag mit dem <strong>Green Crack Shatter<\/strong>Ein Premium-Cannabiskonzentrat, das Sie in kreativen und produktiven Momenten begleitet.<\/p>\n<p><strong>Verpassen Sie nicht die Gelegenheit<\/strong> ein Cannabiskonzentrat von Weltklasse zu erleben. <strong>Bestellen Sie noch heute<\/strong> auf <a href=\"https:\/\/pressurezone.shop\/de\/\" target=\"_new\" rel=\"noopener\">Pressure Zone Shop<\/a> und erhalten Sie Ihr Produkt schnell und diskret.<\/p>\n<\/div>\n<\/div>\n<\/div>\n<\/div>\n<\/div>\n<\/div>","protected":false},"excerpt":{"rendered":"<h4 class=\"variety\"><strong>Sativa Dominant Hybrid - 65% Sativa \/ 35% Indica ||\u00a0<\/strong><strong>THC: 82%<\/strong><\/h4>\n<p><strong>Effekte<\/strong><\/p>\n<p>Kleinhirn, Kreativ, Energizing, Fokus, Happy<\/p>\n<p><strong>May Relieve<\/strong><\/p>\n<p>Angst, Autismus, Bipolare St\u00f6rung, Chronische Schmerzen, Depression, M\u00fcdigkeit, Appetitlosigkeit, Migr\u00e4ne, PTSD, Stress<\/p>","protected":false},"featured_media":3400,"comment_status":"closed","ping_status":"closed","template":"","meta":{"_uag_custom_page_level_css":"","site-sidebar-layout":"default","site-content-layout":"","ast-site-content-layout":"default","site-content-style":"default","site-sidebar-style":"default","ast-global-header-display":"","ast-banner-title-visibility":"","ast-main-header-display":"","ast-hfb-above-header-display":"","ast-hfb-below-header-display":"","ast-hfb-mobile-header-display":"","site-post-title":"","ast-breadcrumbs-content":"","ast-featured-img":"","footer-sml-layout":"","theme-transparent-header-meta":"default","adv-header-id-meta":"","stick-header-meta":"","header-above-stick-meta":"","header-main-stick-meta":"","header-below-stick-meta":"","astra-migrate-meta-layouts":"set","ast-page-background-enabled":"default","ast-page-background-meta":{"desktop":{"background-color":"","background-image":"","background-repeat":"repeat","background-position":"center center","background-size":"auto","background-attachment":"scroll","background-type":"","background-media":"","overlay-type":"","overlay-color":"","overlay-opacity":"","overlay-gradient":""},"tablet":{"background-color":"","background-image":"","background-repeat":"repeat","background-position":"center center","background-size":"auto","background-attachment":"scroll","background-type":"","background-media":"","overlay-type":"","overlay-color":"","overlay-opacity":"","overlay-gradient":""},"mobile":{"background-color":"","background-image":"","background-repeat":"repeat","background-position":"center center","background-size":"auto","background-attachment":"scroll","background-type":"","background-media":"","overlay-type":"","overlay-color":"","overlay-opacity":"","overlay-gradient":""}},"ast-content-background-meta":{"desktop":{"background-color":"var(--ast-global-color-5)","background-image":"","background-repeat":"repeat","background-position":"center center","background-size":"auto","background-attachment":"scroll","background-type":"","background-media":"","overlay-type":"","overlay-color":"","overlay-opacity":"","overlay-gradient":""},"tablet":{"background-color":"var(--ast-global-color-5)","background-image":"","background-repeat":"repeat","background-position":"center center","background-size":"auto","background-attachment":"scroll","background-type":"","background-media":"","overlay-type":"","overlay-color":"","overlay-opacity":"","overlay-gradient":""},"mobile":{"background-color":"var(--ast-global-color-5)","background-image":"","background-repeat":"repeat","background-position":"center center","background-size":"auto","background-attachment":"scroll","background-type":"","background-media":"","overlay-type":"","overlay-color":"","overlay-opacity":"","overlay-gradient":""}}},"product_brand":[],"product_cat":[334,436],"product_tag":[443],"class_list":{"0":"post-3315","1":"product","2":"type-product","3":"status-publish","4":"has-post-thumbnail","6":"product_cat-concentres-de-marijuana","7":"product_cat-achetez-du-shatter-dab-wax","8":"product_tag-buy-green-crack-shatter-europe","9":"desktop-align-left","10":"tablet-align-left","11":"mobile-align-left","13":"first","14":"instock","15":"shipping-taxable","16":"purchasable","17":"product-type-variable"},"uagb_featured_image_src":{"full":["https:\/\/pressurezone.shop\/wp-content\/uploads\/2024\/10\/Buy-Green-Crack-Shatter.webp",800,800,false],"thumbnail":["https:\/\/pressurezone.shop\/wp-content\/uploads\/2024\/10\/Buy-Green-Crack-Shatter-150x150.webp",150,150,true],"medium":["https:\/\/pressurezone.shop\/wp-content\/uploads\/2024\/10\/Buy-Green-Crack-Shatter-300x300.webp",300,300,true],"medium_large":["https:\/\/pressurezone.shop\/wp-content\/uploads\/2024\/10\/Buy-Green-Crack-Shatter-768x768.webp",768,768,true],"large":["https:\/\/pressurezone.shop\/wp-content\/uploads\/2024\/10\/Buy-Green-Crack-Shatter.webp",800,800,false],"1536x1536":["https:\/\/pressurezone.shop\/wp-content\/uploads\/2024\/10\/Buy-Green-Crack-Shatter.webp",800,800,false],"2048x2048":["https:\/\/pressurezone.shop\/wp-content\/uploads\/2024\/10\/Buy-Green-Crack-Shatter.webp",800,800,false],"trp-custom-language-flag":["https:\/\/pressurezone.shop\/wp-content\/uploads\/2024\/10\/Buy-Green-Crack-Shatter-12x12.webp",12,12,true],"woocommerce_thumbnail":["https:\/\/pressurezone.shop\/wp-content\/uploads\/2024\/10\/Buy-Green-Crack-Shatter-300x300.webp",300,300,true],"woocommerce_single":["https:\/\/pressurezone.shop\/wp-content\/uploads\/2024\/10\/Buy-Green-Crack-Shatter-600x600.webp",600,600,true],"woocommerce_gallery_thumbnail":["https:\/\/pressurezone.shop\/wp-content\/uploads\/2024\/10\/Buy-Green-Crack-Shatter-100x100.webp",100,100,true]},"uagb_author_info":{"display_name":"pressurezone.shop","author_link":"https:\/\/pressurezone.shop\/de\/author\/"},"uagb_comment_info":0,"uagb_excerpt":"Sativa Dominant Hybrid \u2013 65% Sativa \/ 35% Indica |\u00a0THC: 82% Effects Cerebral, Creative, Energizing, Focus, Happy May Relieve Anxiety, Autism, Bipolar Disorder, Chronic Pain, Depression, Fatigue, Loss of Appetite, Migraines, PTSD, Stress","_links":{"self":[{"href":"https:\/\/pressurezone.shop\/de\/wp-json\/wp\/v2\/product\/3315"}],"collection":[{"href":"https:\/\/pressurezone.shop\/de\/wp-json\/wp\/v2\/product"}],"about":[{"href":"https:\/\/pressurezone.shop\/de\/wp-json\/wp\/v2\/types\/product"}],"replies":[{"embeddable":true,"href":"https:\/\/pressurezone.shop\/de\/wp-json\/wp\/v2\/comments?post=3315"}],"version-history":[{"count":3,"href":"https:\/\/pressurezone.shop\/de\/wp-json\/wp\/v2\/product\/3315\/revisions"}],"predecessor-version":[{"id":4441,"href":"https:\/\/pressurezone.shop\/de\/wp-json\/wp\/v2\/product\/3315\/revisions\/4441"}],"wp:featuredmedia":[{"embeddable":true,"href":"https:\/\/pressurezone.shop\/de\/wp-json\/wp\/v2\/media\/3400"}],"wp:attachment":[{"href":"https:\/\/pressurezone.shop\/de\/wp-json\/wp\/v2\/media?parent=3315"}],"wp:term":[{"taxonomy":"product_brand","embeddable":true,"href":"https:\/\/pressurezone.shop\/de\/wp-json\/wp\/v2\/product_brand?post=3315"},{"taxonomy":"product_cat","embeddable":true,"href":"https:\/\/pressurezone.shop\/de\/wp-json\/wp\/v2\/product_cat?post=3315"},{"taxonomy":"product_tag","embeddable":true,"href":"https:\/\/pressurezone.shop\/de\/wp-json\/wp\/v2\/product_tag?post=3315"}],"curies":[{"name":"wp","href":"https:\/\/api.w.org\/{rel}","templated":true}]}}