{"id":3324,"date":"2024-10-11T00:59:43","date_gmt":"2024-10-10T22:59:43","guid":{"rendered":"https:\/\/pressurezone.shop\/?post_type=product&#038;p=3324"},"modified":"2024-11-15T21:38:15","modified_gmt":"2024-11-15T20:38:15","slug":"rockstar-house-shatter","status":"publish","type":"product","link":"https:\/\/pressurezone.shop\/de\/product\/rockstar-house-shatter\/","title":{"rendered":"Rockstar House Shatter"},"content":{"rendered":"<h3><strong>Kaufen Rockstar House Shatter Online<\/strong><\/h3>\n<p>Entdecken Sie den <strong>Rockstar House Shatter<\/strong>Ein starkes Cannabis-Konzentrat, das k\u00f6rperliche Entspannung mit zerebraler Euphorie verbindet. Dieser hochwertige Shatter wird aus dem Stamm <strong>Rockstar<\/strong>Eine Indica-dominierte Hybride (70% Indica \/ 30% Sativa), die aus der Kreuzung der ber\u00fchmten Sorten <strong>Rock Bud<\/strong> und <strong>Sensi Star<\/strong><a href=\"https:\/\/fuelpackz.com\/\" target=\"_blank\" rel=\"noopener\">.<\/a><\/p>\n<hr \/>\n<h3><strong>Warum Rockstar House Shatter w\u00e4hlen?<\/strong><\/h3>\n<p>Die <strong>Rockstar House Shatter<\/strong> ist die ideale Wahl f\u00fcr Cannabisliebhaber, die nach einer umfassenden und ausgewogenen Erfahrung suchen. Hier sind die Gr\u00fcnde daf\u00fcr:<\/p>\n<ul>\n<li><strong>Leistungsstarkes und ausgeglichenes High<\/strong> : Ein euphorischer Gehirnanstieg, gefolgt von einer tiefen Muskelentspannung ohne \u00fcberm\u00e4\u00dfige Sedierung.<\/li>\n<li><strong>Therapeutische Linderung<\/strong> : Perfekt zur Bek\u00e4mpfung von chronischen Schmerzen und Muskelverspannungen.<\/li>\n<li><strong>Konzentrierte Qualit\u00e4t<\/strong> : Hergestellt aus den besten Sorten f\u00fcr au\u00dfergew\u00f6hnliche Reinheit und St\u00e4rke.<\/li>\n<\/ul>\n<hr \/>\n<h3><strong>Therapeutische Wirkungen und Nutzen<\/strong><\/h3>\n<p>Die <strong>Rockstar Shatter<\/strong> bietet starke Effekte, die sowohl auf den Geist als auch auf den K\u00f6rper abzielen:<\/p>\n<ul>\n<li><strong>Hauptwirkungen<\/strong> :\n<ul>\n<li>Euphorie und Gl\u00fcckseligkeit.<\/li>\n<li>Intensive Muskelentspannung.<\/li>\n<li>Motivation und Aktive Tendenz.<\/li>\n<\/ul>\n<\/li>\n<li><strong>Kann Linderung verschaffen<\/strong> :\n<ul>\n<li>Chronische Schmerzen und Entz\u00fcndungen.<\/li>\n<li>Muskelspasmen und Zittern.<\/li>\n<li>M\u00e4\u00dfige Depressionen.<\/li>\n<\/ul>\n<\/li>\n<\/ul>\n<hr \/>\n<h3><strong>Geschmack und Aroma des Rockstar House Shatter<\/strong><\/h3>\n<p>Genie\u00dfen Sie ein einzigartiges sensorisches Erlebnis dank des reichhaltigen und ausgewogenen Terpenprofils :<\/p>\n<ul>\n<li><strong>Geschm\u00e4cker<\/strong> : erdig, w\u00fcrzig, s\u00fc\u00df.<\/li>\n<li><strong>Aromen<\/strong> : Holzig, blumig, Kush.<\/li>\n<\/ul>\n<p>Jede Inhalation ist eine Einladung zu einer Reise des Wohlbefindens und des Geschmackserlebnisses.<\/p>\n<hr \/>\n<h3><strong>Was ist Shatter?<\/strong><\/h3>\n<p>Die <strong>Shatter<\/strong> ist eine konzentrierte Form von Cannabis, die aus Pflanzenmaterial und L\u00f6sungsmitteln zur Extraktion von Cannabinoiden und Terpenen hergestellt wird.<\/p>\n<ul>\n<li><strong>Merkmale<\/strong> :\n<ul>\n<li>Durchscheinende, br\u00fcchige Textur.<\/li>\n<li>Farbe variiert von hellem Honig bis zu dunklem Bernstein.<\/li>\n<li>Hohe THC-Konzentration f\u00fcr starke Effekte.<\/li>\n<\/ul>\n<\/li>\n<\/ul>\n<hr \/>\n<h3><strong>Wie konsumiere ich Rockstar House Shatter?<\/strong><\/h3>\n<p>Genie\u00dfen Sie Ihren <strong>Rockstar House Shatter<\/strong> durch diese Konsummethoden :<\/p>\n<ol>\n<li><strong>Dabbing<\/strong> : Ideal f\u00fcr eine schnelle und starke Aufnahme.<\/li>\n<li><strong>Verdampfen<\/strong> : Bewahrt die Terpene f\u00fcr ein sanftes und aromatisches Erlebnis.<\/li>\n<li><strong>Mischen<\/strong> : F\u00fcgen Sie es Ihren Joints oder Blunts hinzu, um die Intensit\u00e4t zu erh\u00f6hen.<\/li>\n<\/ol>\n<hr \/>\n<h3><strong>Warum im Pressure Zone Shop bestellen?<\/strong><\/h3>\n<p>Bei <a href=\"https:\/\/pressurezone.shop\/de\/\" target=\"_new\" rel=\"noopener\">Pressure Zone Shop<\/a>Wir haben uns verpflichtet, Ihnen zu bieten:<\/p>\n<ul>\n<li><strong>Qualit\u00e4t Garantie<\/strong> : Unsere Produkte werden streng auf ihre Reinheit und Kraft getestet.<\/li>\n<li><strong>Diskrete Lieferung<\/strong> : Erhalten Sie Ihre Bestellungen schnell und vertraulich.<\/li>\n<li><strong>Engagierter Kundenservice<\/strong> : Unser Team ist da, um alle Ihre Fragen zu beantworten.<\/li>\n<\/ul>\n<hr \/>\n<h3><strong>Jetzt bestellen Rockstar House Shatter<\/strong><\/h3>\n<p>Lassen Sie sich die Gelegenheit nicht entgehen, ein au\u00dfergew\u00f6hnliches Cannabiskonzentrat zu entdecken. Bestellen Sie Ihr <strong>Rockstar House Shatter<\/strong> ab heute auf <a href=\"https:\/\/pressurezone.shop\/de\/\" target=\"_new\" rel=\"noopener\">Pressure Zone Shop<\/a> und lassen Sie sich von einem unvergleichlichen Erlebnis der Entspannung und Euphorie mitrei\u00dfen.<\/p>","protected":false},"excerpt":{"rendered":"<p><strong>\u00a0Indica Dominant Hybrid - 70% Indica \/ 30% Sativa ||\u00a0<\/strong><strong>THC: 83%<\/strong><\/p>\n<p><strong>Effekte<\/strong><\/p>\n<p>Euphoria, Happy, Hungry, Relaxing, Sleepy<\/p>\n<p><strong>May Relieve<\/strong><\/p>\n<p>Bipolare St\u00f6rung, Chronische Schmerzen, Depression, Schlaflosigkeit, Appetitlosigkeit, Migr\u00e4ne, Nausea, PTSD, Stress<\/p>\n<p><strong>Flavours<\/strong><\/p>\n<p>Herbal, Skunky, Spicy, Sweet<\/p>\n<p><strong>Aromas<\/strong><\/p>\n<p>Earthy, Pungent, Skunky, Spicy, Sweet<\/p>","protected":false},"featured_media":3402,"comment_status":"closed","ping_status":"closed","template":"","meta":{"_uag_custom_page_level_css":"","site-sidebar-layout":"default","site-content-layout":"","ast-site-content-layout":"default","site-content-style":"default","site-sidebar-style":"default","ast-global-header-display":"","ast-banner-title-visibility":"","ast-main-header-display":"","ast-hfb-above-header-display":"","ast-hfb-below-header-display":"","ast-hfb-mobile-header-display":"","site-post-title":"","ast-breadcrumbs-content":"","ast-featured-img":"","footer-sml-layout":"","theme-transparent-header-meta":"default","adv-header-id-meta":"","stick-header-meta":"","header-above-stick-meta":"","header-main-stick-meta":"","header-below-stick-meta":"","astra-migrate-meta-layouts":"set","ast-page-background-enabled":"default","ast-page-background-meta":{"desktop":{"background-color":"","background-image":"","background-repeat":"repeat","background-position":"center center","background-size":"auto","background-attachment":"scroll","background-type":"","background-media":"","overlay-type":"","overlay-color":"","overlay-opacity":"","overlay-gradient":""},"tablet":{"background-color":"","background-image":"","background-repeat":"repeat","background-position":"center center","background-size":"auto","background-attachment":"scroll","background-type":"","background-media":"","overlay-type":"","overlay-color":"","overlay-opacity":"","overlay-gradient":""},"mobile":{"background-color":"","background-image":"","background-repeat":"repeat","background-position":"center center","background-size":"auto","background-attachment":"scroll","background-type":"","background-media":"","overlay-type":"","overlay-color":"","overlay-opacity":"","overlay-gradient":""}},"ast-content-background-meta":{"desktop":{"background-color":"var(--ast-global-color-5)","background-image":"","background-repeat":"repeat","background-position":"center center","background-size":"auto","background-attachment":"scroll","background-type":"","background-media":"","overlay-type":"","overlay-color":"","overlay-opacity":"","overlay-gradient":""},"tablet":{"background-color":"var(--ast-global-color-5)","background-image":"","background-repeat":"repeat","background-position":"center center","background-size":"auto","background-attachment":"scroll","background-type":"","background-media":"","overlay-type":"","overlay-color":"","overlay-opacity":"","overlay-gradient":""},"mobile":{"background-color":"var(--ast-global-color-5)","background-image":"","background-repeat":"repeat","background-position":"center center","background-size":"auto","background-attachment":"scroll","background-type":"","background-media":"","overlay-type":"","overlay-color":"","overlay-opacity":"","overlay-gradient":""}}},"product_brand":[],"product_cat":[334,436],"product_tag":[444,445],"class_list":{"0":"post-3324","1":"product","2":"type-product","3":"status-publish","4":"has-post-thumbnail","6":"product_cat-concentres-de-marijuana","7":"product_cat-achetez-du-shatter-dab-wax","8":"product_tag-buy-rockstar-house-shatter-europe","9":"product_tag-thc-cannabis-shatter-for-sale-europe","10":"desktop-align-left","11":"tablet-align-left","12":"mobile-align-left","14":"first","15":"instock","16":"shipping-taxable","17":"purchasable","18":"product-type-variable"},"uagb_featured_image_src":{"full":["https:\/\/pressurezone.shop\/wp-content\/uploads\/2024\/10\/Buy-Rockstar-House-Shatter.webp",800,800,false],"thumbnail":["https:\/\/pressurezone.shop\/wp-content\/uploads\/2024\/10\/Buy-Rockstar-House-Shatter-150x150.webp",150,150,true],"medium":["https:\/\/pressurezone.shop\/wp-content\/uploads\/2024\/10\/Buy-Rockstar-House-Shatter-300x300.webp",300,300,true],"medium_large":["https:\/\/pressurezone.shop\/wp-content\/uploads\/2024\/10\/Buy-Rockstar-House-Shatter-768x768.webp",768,768,true],"large":["https:\/\/pressurezone.shop\/wp-content\/uploads\/2024\/10\/Buy-Rockstar-House-Shatter.webp",800,800,false],"1536x1536":["https:\/\/pressurezone.shop\/wp-content\/uploads\/2024\/10\/Buy-Rockstar-House-Shatter.webp",800,800,false],"2048x2048":["https:\/\/pressurezone.shop\/wp-content\/uploads\/2024\/10\/Buy-Rockstar-House-Shatter.webp",800,800,false],"trp-custom-language-flag":["https:\/\/pressurezone.shop\/wp-content\/uploads\/2024\/10\/Buy-Rockstar-House-Shatter-12x12.webp",12,12,true],"woocommerce_thumbnail":["https:\/\/pressurezone.shop\/wp-content\/uploads\/2024\/10\/Buy-Rockstar-House-Shatter-300x300.webp",300,300,true],"woocommerce_single":["https:\/\/pressurezone.shop\/wp-content\/uploads\/2024\/10\/Buy-Rockstar-House-Shatter-600x600.webp",600,600,true],"woocommerce_gallery_thumbnail":["https:\/\/pressurezone.shop\/wp-content\/uploads\/2024\/10\/Buy-Rockstar-House-Shatter-100x100.webp",100,100,true]},"uagb_author_info":{"display_name":"pressurezone.shop","author_link":"https:\/\/pressurezone.shop\/de\/author\/"},"uagb_comment_info":0,"uagb_excerpt":"\u00a0Indica Dominant Hybrid \u2013 70% Indica \/ 30% Sativa |\u00a0THC: 83% Effects Euphoria, Happy, Hungry, Relaxing, Sleepy May Relieve Bipolar Disorder, Chronic Pain, Depression, Insomnia, Loss of Appetite, Migraines, Nausea, PTSD, Stress Flavours Herbal, Skunky, Spicy, Sweet Aromas Earthy, Pungent, Skunky, Spicy, Sweet","_links":{"self":[{"href":"https:\/\/pressurezone.shop\/de\/wp-json\/wp\/v2\/product\/3324"}],"collection":[{"href":"https:\/\/pressurezone.shop\/de\/wp-json\/wp\/v2\/product"}],"about":[{"href":"https:\/\/pressurezone.shop\/de\/wp-json\/wp\/v2\/types\/product"}],"replies":[{"embeddable":true,"href":"https:\/\/pressurezone.shop\/de\/wp-json\/wp\/v2\/comments?post=3324"}],"version-history":[{"count":3,"href":"https:\/\/pressurezone.shop\/de\/wp-json\/wp\/v2\/product\/3324\/revisions"}],"predecessor-version":[{"id":4457,"href":"https:\/\/pressurezone.shop\/de\/wp-json\/wp\/v2\/product\/3324\/revisions\/4457"}],"wp:featuredmedia":[{"embeddable":true,"href":"https:\/\/pressurezone.shop\/de\/wp-json\/wp\/v2\/media\/3402"}],"wp:attachment":[{"href":"https:\/\/pressurezone.shop\/de\/wp-json\/wp\/v2\/media?parent=3324"}],"wp:term":[{"taxonomy":"product_brand","embeddable":true,"href":"https:\/\/pressurezone.shop\/de\/wp-json\/wp\/v2\/product_brand?post=3324"},{"taxonomy":"product_cat","embeddable":true,"href":"https:\/\/pressurezone.shop\/de\/wp-json\/wp\/v2\/product_cat?post=3324"},{"taxonomy":"product_tag","embeddable":true,"href":"https:\/\/pressurezone.shop\/de\/wp-json\/wp\/v2\/product_tag?post=3324"}],"curies":[{"name":"wp","href":"https:\/\/api.w.org\/{rel}","templated":true}]}}