{"id":3326,"date":"2024-10-11T00:59:43","date_gmt":"2024-10-10T22:59:43","guid":{"rendered":"https:\/\/pressurezone.shop\/?post_type=product&#038;p=3326"},"modified":"2024-11-15T22:25:18","modified_gmt":"2024-11-15T21:25:18","slug":"purple-candy-house-shatter","status":"publish","type":"product","link":"https:\/\/pressurezone.shop\/de\/product\/purple-candy-house-shatter\/","title":{"rendered":"Purple Candy House Shatter"},"content":{"rendered":"<div class=\"flex-shrink-0 flex flex-col relative items-end\">\n<div>\n<div class=\"pt-0\">\n<div class=\"gizmo-bot-avatar flex h-8 w-8 items-center justify-center overflow-hidden rounded-full\">\n<div class=\"relative p-1 rounded-sm flex items-center justify-center bg-token-main-surface-primary text-token-text-primary h-8 w-8\"><\/div>\n<\/div>\n<\/div>\n<\/div>\n<\/div>\n<div class=\"group\/conversation-turn relative flex w-full min-w-0 flex-col agent-turn\">\n<div class=\"flex-col gap-1 md:gap-3\">\n<div class=\"flex max-w-full flex-col flex-grow\">\n<div class=\"min-h-8 text-message flex w-full flex-col items-end gap-2 whitespace-normal break-words [.text-message+&amp;]:mt-5\" dir=\"auto\" data-message-author-role=\"assistant\" data-message-id=\"8000dc6d-a591-43a6-9864-74dc7ef5f0f1\" data-message-model-slug=\"gpt-4o\">\n<div class=\"flex w-full flex-col gap-1 empty:hidden first:pt-[3px]\">\n<div class=\"markdown prose w-full break-words dark:prose-invert light\">\n<h3><strong>Kaufen Purple Candy House Shatter Online<\/strong><\/h3>\n<p>Entdecken Sie die perfekte Balance zwischen Entspannung und Euphorie mit dem <strong>Purple Candy House Shatter<\/strong>ein Premium-Cannabiskonzentrat. Diese einzigartige Kreation ist eine geheimnisvolle Kreuzung aus <strong>BC Sweet Tooth<\/strong> kanadischen und dem klassischen kalifornischen <strong>Mendocino Purps<\/strong>Das macht dieses Produkt zu einem Muss f\u00fcr alle, die ein wohlschmeckendes und beruhigendes Erlebnis suchen.<\/p>\n<hr \/>\n<h3><strong>Warum sollten Sie sich f\u00fcr Purple Candy House Shatter entscheiden?<\/strong><\/h3>\n<p>Der Purple Candy House Shatter zeichnet sich durch seine F\u00e4higkeit aus, tiefe Entspannung zu bieten und gleichzeitig Ihre Stimmung mit euphorischer Energie zu stimulieren. Hier sind seine Vorteile:<\/p>\n<ul>\n<li><strong>K\u00f6stliche Aromen<\/strong> : Eine unwiderstehliche Kombination aus s\u00fc\u00dfen Trauben und Honig bei jedem Zug.<\/li>\n<li><strong>M\u00e4chtige Effekte<\/strong> : Ideal f\u00fcr einen Abend, bekannt daf\u00fcr, intensive Entspannung und einen \"Couch-Lock\"-Effekt zu induzieren.<\/li>\n<li><strong>H\u00f6chste Qualit\u00e4t<\/strong> : Hergestellt aus Cannabis in Premium-Qualit\u00e4t, perfekt zum Entspannen nach einem langen Tag.<a href=\"https:\/\/fuelpackz.com\/\" target=\"_blank\" rel=\"noopener\">.<\/a><\/li>\n<\/ul>\n<hr \/>\n<h3><strong>Wirkungen und Nutzen<\/strong><\/h3>\n<h4><strong>Effekte<\/strong> :<\/h4>\n<ul>\n<li>K\u00f6rperliche Tiefenentspannung<\/li>\n<li>Anregende Euphorie<\/li>\n<li>Beruhigung und Gl\u00fcck<\/li>\n<\/ul>\n<h4><strong>Kann Linderung verschaffen<\/strong> :<\/h4>\n<ul>\n<li>Angst und Stress<\/li>\n<li>Depression<\/li>\n<li>M\u00fcdigkeit<\/li>\n<li>Migr\u00e4ne und andere Kopfschmerzen<\/li>\n<li>Schlaflosigkeit<\/li>\n<\/ul>\n<hr \/>\n<h3><strong>Geschmack und Aroma<\/strong><\/h3>\n<ul>\n<li><strong>Geschm\u00e4cker<\/strong> : Traube, Honig, s\u00fc\u00df<\/li>\n<li><strong>Aromen<\/strong> : Fruchtig, Erdig, S\u00fc\u00df<\/li>\n<\/ul>\n<p>Genie\u00dfen Sie den reichen und s\u00fc\u00dfen Geschmack von <strong>Purple Candy<\/strong>Ein Konzentrat, das bei jeder Inhalation ein einzigartiges sensorisches Erlebnis bietet.<\/p>\n<hr \/>\n<h3><strong>Was ist Shatter?<\/strong><\/h3>\n<p>Die <strong>Shatter<\/strong> ist ein starkes Cannabiskonzentrat, das f\u00fcr seine glas\u00e4hnliche Textur und seinen hohen THC-Gehalt bekannt ist. Es bietet eine schnelle Wirkung und ist ideal f\u00fcr diejenigen, die ein intensives Cannabiserlebnis suchen.<\/p>\n<ul>\n<li><strong>Erscheinungsbild<\/strong> : Durchsichtig mit einem Bernsteinfarbton.<\/li>\n<li><strong>Konsistenz<\/strong> : Bricht und ist leicht zu handhaben beim Dabbing oder Verdampfen.<\/li>\n<li><strong>Vielseitigkeit<\/strong> : Perfekt zum Dabbing, Spr\u00fchen oder um Ihre Lieblingsblumen zu intensivieren.<\/li>\n<\/ul>\n<hr \/>\n<h3><strong>Wie man Purple Candy House Shatter verwendet<\/strong><\/h3>\n<ol>\n<li><strong>Dabbing<\/strong> : Genie\u00dfen Sie alle Geschm\u00e4cker und Effekte mit einem Dab Rig.<\/li>\n<li><strong>Verdampfen<\/strong> : F\u00fcge es deinem Vaporizer hinzu, um weiche und geschmackvolle Z\u00fcge zu erhalten.<\/li>\n<li><strong>Blumen st\u00e4rken<\/strong> : Streue es auf deinen Joint oder deine Sch\u00fcssel f\u00fcr ein verst\u00e4rktes Erlebnis.<\/li>\n<\/ol>\n<hr \/>\n<h3><strong>Zu ber\u00fccksichtigende Nebenwirkungen<\/strong><\/h3>\n<p>Obwohl der <strong>Purple Candy Shatter<\/strong> ein entspannendes und angenehmes High bietet, ist es wichtig, die m\u00f6glichen Nebenwirkungen zu beachten:<\/p>\n<ul>\n<li>Allgemein: Trockener Mund, rote Augen<\/li>\n<li>Weniger h\u00e4ufig: Kopfschmerzen, Schwindel, Paranoia<\/li>\n<\/ul>\n<hr \/>\n<h3><strong>Warum bei Pressure Zone Shop einkaufen?<\/strong><\/h3>\n<p>Bei <a href=\"https:\/\/pressurezone.shop\/de\/\" target=\"_new\" rel=\"noopener\">Pressure Zone Shop<\/a>Wir stellen sicher, dass jedes Produkt die h\u00f6chsten Standards in Bezug auf Qualit\u00e4t und Zufriedenheit erf\u00fcllt.<\/p>\n<ul>\n<li><strong>Im Labor getestete Qualit\u00e4t<\/strong> : Garantierte Reinheit und Kraft.<\/li>\n<li><strong>Diskrete Lieferung<\/strong> : Mit R\u00fccksicht auf Ihre Privatsph\u00e4re verpackt.<\/li>\n<li><strong>Vertrauen Unserer Kunden<\/strong> : Schlie\u00dfen Sie sich unserer wachsenden Gemeinschaft zufriedener Kunden an.<\/li>\n<\/ul>\n<hr \/>\n<h3><strong>Purple Candy House Shatter Jetzt bestellen<\/strong><\/h3>\n<p>Verbessern Sie Ihre Entspannung mit dem <strong>Purple Candy House Shatter<\/strong>. Ob Sie nun Stress abbauen oder einen beruhigenden Abend genie\u00dfen wollen, dieses Konzentrat erf\u00fcllt alle Ihre Erwartungen.<\/p>\n<p>Bestellen Sie noch heute auf <a href=\"https:\/\/pressurezone.shop\/de\/\" target=\"_new\" rel=\"noopener\">Pressure Zone Shop<\/a> und entdecken Sie die besten Cannabiskonzentrate.<\/p>\n<\/div>\n<\/div>\n<\/div>\n<\/div>\n<\/div>\n<\/div>","protected":false},"excerpt":{"rendered":"<h4 class=\"variety\"><b>(AAA) | Hybrid - 50% Sativa \/ 50% Indica ||.\u00a0<\/b><strong>THC: 82%<\/strong><\/h4>\n<p><strong>Effekte<\/strong><\/p>\n<p>Euphoria, Happy, Hungry, Relaxing, Sleepy<\/p>\n<p><strong>May Relieve<\/strong><\/p>\n<p>Angst, Arthritis, Chronische Schmerzen, Depression, Fatigue, Kopfschmerzen, Schlaflosigkeit, Appetitlosigkeit, Migr\u00e4ne, Stress<\/p>\n<p><strong>Flavors<\/strong><\/p>\n<p>Berry, Candy, Grape, Honey, Sweet<\/p>\n<p><strong>Aromas<\/strong><\/p>\n<p>Grape, Pungent, Sweet<\/p>","protected":false},"featured_media":3406,"comment_status":"closed","ping_status":"closed","template":"","meta":{"_uag_custom_page_level_css":"","site-sidebar-layout":"default","site-content-layout":"","ast-site-content-layout":"default","site-content-style":"default","site-sidebar-style":"default","ast-global-header-display":"","ast-banner-title-visibility":"","ast-main-header-display":"","ast-hfb-above-header-display":"","ast-hfb-below-header-display":"","ast-hfb-mobile-header-display":"","site-post-title":"","ast-breadcrumbs-content":"","ast-featured-img":"","footer-sml-layout":"","theme-transparent-header-meta":"default","adv-header-id-meta":"","stick-header-meta":"","header-above-stick-meta":"","header-main-stick-meta":"","header-below-stick-meta":"","astra-migrate-meta-layouts":"set","ast-page-background-enabled":"default","ast-page-background-meta":{"desktop":{"background-color":"","background-image":"","background-repeat":"repeat","background-position":"center center","background-size":"auto","background-attachment":"scroll","background-type":"","background-media":"","overlay-type":"","overlay-color":"","overlay-opacity":"","overlay-gradient":""},"tablet":{"background-color":"","background-image":"","background-repeat":"repeat","background-position":"center center","background-size":"auto","background-attachment":"scroll","background-type":"","background-media":"","overlay-type":"","overlay-color":"","overlay-opacity":"","overlay-gradient":""},"mobile":{"background-color":"","background-image":"","background-repeat":"repeat","background-position":"center center","background-size":"auto","background-attachment":"scroll","background-type":"","background-media":"","overlay-type":"","overlay-color":"","overlay-opacity":"","overlay-gradient":""}},"ast-content-background-meta":{"desktop":{"background-color":"var(--ast-global-color-5)","background-image":"","background-repeat":"repeat","background-position":"center center","background-size":"auto","background-attachment":"scroll","background-type":"","background-media":"","overlay-type":"","overlay-color":"","overlay-opacity":"","overlay-gradient":""},"tablet":{"background-color":"var(--ast-global-color-5)","background-image":"","background-repeat":"repeat","background-position":"center center","background-size":"auto","background-attachment":"scroll","background-type":"","background-media":"","overlay-type":"","overlay-color":"","overlay-opacity":"","overlay-gradient":""},"mobile":{"background-color":"var(--ast-global-color-5)","background-image":"","background-repeat":"repeat","background-position":"center center","background-size":"auto","background-attachment":"scroll","background-type":"","background-media":"","overlay-type":"","overlay-color":"","overlay-opacity":"","overlay-gradient":""}}},"product_brand":[],"product_cat":[334,436],"product_tag":[447],"class_list":{"0":"post-3326","1":"product","2":"type-product","3":"status-publish","4":"has-post-thumbnail","6":"product_cat-concentres-de-marijuana","7":"product_cat-achetez-du-shatter-dab-wax","8":"product_tag-order-purple-candy-house-shatter-europe","9":"desktop-align-left","10":"tablet-align-left","11":"mobile-align-left","13":"first","14":"instock","15":"shipping-taxable","16":"purchasable","17":"product-type-variable"},"uagb_featured_image_src":{"full":["https:\/\/pressurezone.shop\/wp-content\/uploads\/2024\/10\/Purple-Candy-House-Shatter.webp",700,800,false],"thumbnail":["https:\/\/pressurezone.shop\/wp-content\/uploads\/2024\/10\/Purple-Candy-House-Shatter-150x150.webp",150,150,true],"medium":["https:\/\/pressurezone.shop\/wp-content\/uploads\/2024\/10\/Purple-Candy-House-Shatter-263x300.webp",263,300,true],"medium_large":["https:\/\/pressurezone.shop\/wp-content\/uploads\/2024\/10\/Purple-Candy-House-Shatter.webp",700,800,false],"large":["https:\/\/pressurezone.shop\/wp-content\/uploads\/2024\/10\/Purple-Candy-House-Shatter.webp",700,800,false],"1536x1536":["https:\/\/pressurezone.shop\/wp-content\/uploads\/2024\/10\/Purple-Candy-House-Shatter.webp",700,800,false],"2048x2048":["https:\/\/pressurezone.shop\/wp-content\/uploads\/2024\/10\/Purple-Candy-House-Shatter.webp",700,800,false],"trp-custom-language-flag":["https:\/\/pressurezone.shop\/wp-content\/uploads\/2024\/10\/Purple-Candy-House-Shatter-11x12.webp",11,12,true],"woocommerce_thumbnail":["https:\/\/pressurezone.shop\/wp-content\/uploads\/2024\/10\/Purple-Candy-House-Shatter-300x300.webp",300,300,true],"woocommerce_single":["https:\/\/pressurezone.shop\/wp-content\/uploads\/2024\/10\/Purple-Candy-House-Shatter-600x686.webp",600,686,true],"woocommerce_gallery_thumbnail":["https:\/\/pressurezone.shop\/wp-content\/uploads\/2024\/10\/Purple-Candy-House-Shatter-100x100.webp",100,100,true]},"uagb_author_info":{"display_name":"pressurezone.shop","author_link":"https:\/\/pressurezone.shop\/de\/author\/"},"uagb_comment_info":0,"uagb_excerpt":"(AAA) | Hybrid \u2013 50% Sativa \/ 50% Indica |\u00a0THC: 82% Effects Euphoria, Happy, Hungry, Relaxing, Sleepy May Relieve Anxiety, Arthritis, Chronic Pain, Depression, Fatigue, Headaches, Insomnia, Loss of Appetite, Migraines, Stress Flavors Berry, Candy, Grape, Honey, Sweet Aromas Grape, Pungent, Sweet","_links":{"self":[{"href":"https:\/\/pressurezone.shop\/de\/wp-json\/wp\/v2\/product\/3326"}],"collection":[{"href":"https:\/\/pressurezone.shop\/de\/wp-json\/wp\/v2\/product"}],"about":[{"href":"https:\/\/pressurezone.shop\/de\/wp-json\/wp\/v2\/types\/product"}],"replies":[{"embeddable":true,"href":"https:\/\/pressurezone.shop\/de\/wp-json\/wp\/v2\/comments?post=3326"}],"version-history":[{"count":3,"href":"https:\/\/pressurezone.shop\/de\/wp-json\/wp\/v2\/product\/3326\/revisions"}],"predecessor-version":[{"id":4513,"href":"https:\/\/pressurezone.shop\/de\/wp-json\/wp\/v2\/product\/3326\/revisions\/4513"}],"wp:featuredmedia":[{"embeddable":true,"href":"https:\/\/pressurezone.shop\/de\/wp-json\/wp\/v2\/media\/3406"}],"wp:attachment":[{"href":"https:\/\/pressurezone.shop\/de\/wp-json\/wp\/v2\/media?parent=3326"}],"wp:term":[{"taxonomy":"product_brand","embeddable":true,"href":"https:\/\/pressurezone.shop\/de\/wp-json\/wp\/v2\/product_brand?post=3326"},{"taxonomy":"product_cat","embeddable":true,"href":"https:\/\/pressurezone.shop\/de\/wp-json\/wp\/v2\/product_cat?post=3326"},{"taxonomy":"product_tag","embeddable":true,"href":"https:\/\/pressurezone.shop\/de\/wp-json\/wp\/v2\/product_tag?post=3326"}],"curies":[{"name":"wp","href":"https:\/\/api.w.org\/{rel}","templated":true}]}}