{"id":3327,"date":"2024-10-11T00:59:43","date_gmt":"2024-10-10T22:59:43","guid":{"rendered":"https:\/\/pressurezone.shop\/?post_type=product&#038;p=3327"},"modified":"2024-11-15T22:30:23","modified_gmt":"2024-11-15T21:30:23","slug":"white-widow-cannabis-shatter","status":"publish","type":"product","link":"https:\/\/pressurezone.shop\/de\/product\/white-widow-cannabis-shatter\/","title":{"rendered":"White Widow Cannabis Shatter"},"content":{"rendered":"<div class=\"flex-shrink-0 flex flex-col relative items-end\">\n<div>\n<div class=\"pt-0\">\n<div class=\"gizmo-bot-avatar flex h-8 w-8 items-center justify-center overflow-hidden rounded-full\">\n<div class=\"relative p-1 rounded-sm flex items-center justify-center bg-token-main-surface-primary text-token-text-primary h-8 w-8\"><\/div>\n<\/div>\n<\/div>\n<\/div>\n<\/div>\n<div class=\"group\/conversation-turn relative flex w-full min-w-0 flex-col agent-turn\">\n<div class=\"flex-col gap-1 md:gap-3\">\n<div class=\"flex max-w-full flex-col flex-grow\">\n<div class=\"min-h-8 text-message flex w-full flex-col items-end gap-2 whitespace-normal break-words [.text-message+&amp;]:mt-5\" dir=\"auto\" data-message-author-role=\"assistant\" data-message-id=\"51fb3176-7635-44f2-a860-d5aef4284893\" data-message-model-slug=\"gpt-4o\">\n<div class=\"flex w-full flex-col gap-1 empty:hidden first:pt-[3px]\">\n<div class=\"markdown prose w-full break-words dark:prose-invert light\">\n<h3><strong>Kaufen White Widow Cannabis Shatter Online<\/strong><\/h3>\n<p>Entdecken Sie den legend\u00e4ren <strong>White Widow Cannabis Shatter<\/strong>Eine Hybridsorte, die Cannabisliebhaber auf der ganzen Welt fasziniert, seit sie in den fr\u00fchen 90er Jahren auf den Markt kam. Diese ikonische Sorte ist aus den Amsterdamer Coffeeshops nicht mehr wegzudenken und steigerte ihre Popularit\u00e4t durch Referenzen in Sendungen wie <em>Weeds<\/em> und der Rap-Industrie.<\/p>\n<hr \/>\n<h3><strong>Warum White Widow Cannabis Shatter w\u00e4hlen?<\/strong><\/h3>\n<p>Die <strong>White Widow Cannabis Shatter<\/strong> ist ein Muss f\u00fcr alle, die eine ausgewogene und kraftvolle Erfahrung suchen. Hier sind die Gr\u00fcnde daf\u00fcr:<\/p>\n<ul>\n<li><strong>Klassischer Ursprung<\/strong> : Eine perfekte Mischung aus Brazil Sativa und South Indian Indica, mit einem Sativa\/Indica-Verh\u00e4ltnis von 60:40.<\/li>\n<li><strong>Kognitiver Effekt<\/strong> : Bekannt f\u00fcr seine kreative und stimulierende Wirkung auf das Gehirn.<\/li>\n<li><strong>Hervorragende Qualit\u00e4t<\/strong> : Umgewandelt, um Cannabis-Liebhabern einen reinen und starken Shatter zu bieten<a href=\"https:\/\/fuelpackz.com\/\" target=\"_blank\" rel=\"noopener\">.<\/a><\/li>\n<\/ul>\n<hr \/>\n<h3><strong>Wirkungen und Nutzen<\/strong><\/h3>\n<h4><strong>Effekte<\/strong> :<\/h4>\n<ul>\n<li>Erhebung und Euphorie<\/li>\n<li>Geistige Klarheit mit einem Hauch von Entspannung<\/li>\n<li>F\u00f6rdert die Konzentration und die Kreativit\u00e4t<\/li>\n<\/ul>\n<h4><strong>Kann Linderung verschaffen<\/strong> :<\/h4>\n<ul>\n<li>Angst und Stress<\/li>\n<li>Chronische Schmerzen und M\u00fcdigkeit<\/li>\n<li>Depressionen und Stimmungsschwankungen<\/li>\n<li>Migr\u00e4ne und Kopfschmerzen<\/li>\n<\/ul>\n<hr \/>\n<h3><strong>Profil von Saveurs et Ar\u00f4mes<\/strong><\/h3>\n<ul>\n<li><strong>Geschm\u00e4cker<\/strong> : Erdig, Kiefer, S\u00fc\u00df, Zitrusfr\u00fcchte<\/li>\n<li><strong>Aromen<\/strong> : krautig, scharf, holzig<\/li>\n<\/ul>\n<p>Genie\u00dfen Sie die erdigen und zitronigen Nuancen, die den <strong>White Widow Cannabis Shatter<\/strong> ein zeitloser Favorit unter Cannabis-Kennern.<\/p>\n<hr \/>\n<h3><strong>Was ist Shatter?<\/strong><\/h3>\n<p>Die <strong>Shatter<\/strong> ist ein hochwertiges Cannabiskonzentrat, das f\u00fcr seine glas\u00e4hnliche, durchscheinende Textur und seinen hohen THC-Gehalt bekannt ist. Es wird mithilfe fortschrittlicher Extraktionstechniken hergestellt, die maximale Reinheit und Potenz garantieren.<\/p>\n<ul>\n<li><strong>Erscheinungsbild<\/strong> : Helles, bernsteinfarbenes Konzentrat.<\/li>\n<li><strong>Verwendung<\/strong> : Ideal zum Dabbing, Verdampfen oder um Ihre Blumen anzureichern.<\/li>\n<\/ul>\n<hr \/>\n<h3><strong>Wie man White Widow Cannabis Shatter verwendet<\/strong><\/h3>\n<ol>\n<li><strong>Dabbing<\/strong> : Verwenden Sie ein Dab Rig f\u00fcr saubere und schmackhafte Inhalationen.<\/li>\n<li><strong>Verdampfen<\/strong> : F\u00fcge ihn deinem Dampferger\u00e4t hinzu, um weiche und kr\u00e4ftige Wolken zu erzeugen.<\/li>\n<li><strong>Verbessern Sie Ihre Blumen<\/strong> : Streue etwas davon auf deinen Joint oder deine Sch\u00fcssel f\u00fcr ein verst\u00e4rktes Erlebnis.<\/li>\n<\/ol>\n<hr \/>\n<h3><strong>Warum sollten Sie sich f\u00fcr den Pressure Zone Shop entscheiden?<\/strong><\/h3>\n<p>Bei <a href=\"https:\/\/pressurezone.shop\/de\/\" target=\"_new\" rel=\"noopener\">Pressure Zone Shop<\/a>Wir sind stolz darauf, Cannabisprodukte von h\u00f6chster Qualit\u00e4t anzubieten.<\/p>\n<ul>\n<li><strong>Im Labor getestete Qualit\u00e4t<\/strong> : Garantierte Reinheit und Kraft in jeder Partie.<\/li>\n<li><strong>Diskreter Versand<\/strong> : Sichere und private Lieferung in ganz Europa.<\/li>\n<li><strong>Kundenzufriedenheit<\/strong> : Schlie\u00dfen Sie sich unserer wachsenden Gemeinschaft zufriedener Kunden an.<\/li>\n<\/ul>\n<hr \/>\n<h3><strong>Bestellen Sie White Widow Cannabis Shatter Noch Heute<\/strong><\/h3>\n<p>Entdecken Sie den zeitlosen Charme des <strong>White Widow Cannabis Shatter<\/strong>. Egal, ob Sie sich entspannen oder Ihre Kreativit\u00e4t anregen wollen, diese Sorte bietet die perfekte Balance zwischen Entspannung und geistiger Stimulation.<\/p>\n<p><strong>Warten Sie nicht l\u00e4nger<\/strong>-Bestellung jetzt auf <a href=\"https:\/\/pressurezone.shop\/de\/\" target=\"_new\" rel=\"noopener\">Pressure Zone Shop<\/a> und verbessern Sie noch heute Ihre Cannabis-Erfahrung!<\/p>\n<\/div>\n<\/div>\n<\/div>\n<\/div>\n<\/div>\n<\/div>","protected":false},"excerpt":{"rendered":"<p>Achetez White Widow Cannabis Shatter en Ligne D\u00e9couvrez le l\u00e9gendaire White Widow Cannabis Shatter, une vari\u00e9t\u00e9 hybride qui fascine les amateurs de cannabis du monde entier depuis son apparition au d\u00e9but des ann\u00e9es 90. Cette vari\u00e9t\u00e9 embl\u00e9matique est devenue un incontournable dans les coffee shops d&rsquo;Amsterdam, renfor\u00e7ant sa popularit\u00e9 gr\u00e2ce \u00e0 des r\u00e9f\u00e9rences dans des [&hellip;]<\/p>","protected":false},"featured_media":3415,"comment_status":"closed","ping_status":"closed","template":"","meta":{"_uag_custom_page_level_css":"","site-sidebar-layout":"default","site-content-layout":"","ast-site-content-layout":"default","site-content-style":"default","site-sidebar-style":"default","ast-global-header-display":"","ast-banner-title-visibility":"","ast-main-header-display":"","ast-hfb-above-header-display":"","ast-hfb-below-header-display":"","ast-hfb-mobile-header-display":"","site-post-title":"","ast-breadcrumbs-content":"","ast-featured-img":"","footer-sml-layout":"","theme-transparent-header-meta":"default","adv-header-id-meta":"","stick-header-meta":"","header-above-stick-meta":"","header-main-stick-meta":"","header-below-stick-meta":"","astra-migrate-meta-layouts":"set","ast-page-background-enabled":"default","ast-page-background-meta":{"desktop":{"background-color":"","background-image":"","background-repeat":"repeat","background-position":"center center","background-size":"auto","background-attachment":"scroll","background-type":"","background-media":"","overlay-type":"","overlay-color":"","overlay-opacity":"","overlay-gradient":""},"tablet":{"background-color":"","background-image":"","background-repeat":"repeat","background-position":"center center","background-size":"auto","background-attachment":"scroll","background-type":"","background-media":"","overlay-type":"","overlay-color":"","overlay-opacity":"","overlay-gradient":""},"mobile":{"background-color":"","background-image":"","background-repeat":"repeat","background-position":"center center","background-size":"auto","background-attachment":"scroll","background-type":"","background-media":"","overlay-type":"","overlay-color":"","overlay-opacity":"","overlay-gradient":""}},"ast-content-background-meta":{"desktop":{"background-color":"var(--ast-global-color-5)","background-image":"","background-repeat":"repeat","background-position":"center center","background-size":"auto","background-attachment":"scroll","background-type":"","background-media":"","overlay-type":"","overlay-color":"","overlay-opacity":"","overlay-gradient":""},"tablet":{"background-color":"var(--ast-global-color-5)","background-image":"","background-repeat":"repeat","background-position":"center center","background-size":"auto","background-attachment":"scroll","background-type":"","background-media":"","overlay-type":"","overlay-color":"","overlay-opacity":"","overlay-gradient":""},"mobile":{"background-color":"var(--ast-global-color-5)","background-image":"","background-repeat":"repeat","background-position":"center center","background-size":"auto","background-attachment":"scroll","background-type":"","background-media":"","overlay-type":"","overlay-color":"","overlay-opacity":"","overlay-gradient":""}}},"product_brand":[],"product_cat":[334,436],"product_tag":[448],"class_list":{"0":"post-3327","1":"product","2":"type-product","3":"status-publish","4":"has-post-thumbnail","6":"product_cat-concentres-de-marijuana","7":"product_cat-achetez-du-shatter-dab-wax","8":"product_tag-white-widow-cannabis-shatter-europe","9":"desktop-align-left","10":"tablet-align-left","11":"mobile-align-left","13":"first","14":"instock","15":"shipping-taxable","16":"purchasable","17":"product-type-variable"},"uagb_featured_image_src":{"full":["https:\/\/pressurezone.shop\/wp-content\/uploads\/2024\/10\/White-Widow-Cannabis-Shatter.jpg",1000,1000,false],"thumbnail":["https:\/\/pressurezone.shop\/wp-content\/uploads\/2024\/10\/White-Widow-Cannabis-Shatter-150x150.jpg",150,150,true],"medium":["https:\/\/pressurezone.shop\/wp-content\/uploads\/2024\/10\/White-Widow-Cannabis-Shatter-300x300.jpg",300,300,true],"medium_large":["https:\/\/pressurezone.shop\/wp-content\/uploads\/2024\/10\/White-Widow-Cannabis-Shatter-768x768.jpg",768,768,true],"large":["https:\/\/pressurezone.shop\/wp-content\/uploads\/2024\/10\/White-Widow-Cannabis-Shatter.jpg",1000,1000,false],"1536x1536":["https:\/\/pressurezone.shop\/wp-content\/uploads\/2024\/10\/White-Widow-Cannabis-Shatter.jpg",1000,1000,false],"2048x2048":["https:\/\/pressurezone.shop\/wp-content\/uploads\/2024\/10\/White-Widow-Cannabis-Shatter.jpg",1000,1000,false],"trp-custom-language-flag":["https:\/\/pressurezone.shop\/wp-content\/uploads\/2024\/10\/White-Widow-Cannabis-Shatter-12x12.jpg",12,12,true],"woocommerce_thumbnail":["https:\/\/pressurezone.shop\/wp-content\/uploads\/2024\/10\/White-Widow-Cannabis-Shatter-300x300.jpg",300,300,true],"woocommerce_single":["https:\/\/pressurezone.shop\/wp-content\/uploads\/2024\/10\/White-Widow-Cannabis-Shatter-600x600.jpg",600,600,true],"woocommerce_gallery_thumbnail":["https:\/\/pressurezone.shop\/wp-content\/uploads\/2024\/10\/White-Widow-Cannabis-Shatter-100x100.jpg",100,100,true]},"uagb_author_info":{"display_name":"pressurezone.shop","author_link":"https:\/\/pressurezone.shop\/de\/author\/"},"uagb_comment_info":0,"uagb_excerpt":"Achetez White Widow Cannabis Shatter en Ligne D\u00e9couvrez le l\u00e9gendaire White Widow Cannabis Shatter, une vari\u00e9t\u00e9 hybride qui fascine les amateurs de cannabis du monde entier depuis son apparition au d\u00e9but des ann\u00e9es 90. Cette vari\u00e9t\u00e9 embl\u00e9matique est devenue un incontournable dans les coffee shops d&rsquo;Amsterdam, renfor\u00e7ant sa popularit\u00e9 gr\u00e2ce \u00e0 des r\u00e9f\u00e9rences dans des&hellip;","_links":{"self":[{"href":"https:\/\/pressurezone.shop\/de\/wp-json\/wp\/v2\/product\/3327"}],"collection":[{"href":"https:\/\/pressurezone.shop\/de\/wp-json\/wp\/v2\/product"}],"about":[{"href":"https:\/\/pressurezone.shop\/de\/wp-json\/wp\/v2\/types\/product"}],"replies":[{"embeddable":true,"href":"https:\/\/pressurezone.shop\/de\/wp-json\/wp\/v2\/comments?post=3327"}],"version-history":[{"count":3,"href":"https:\/\/pressurezone.shop\/de\/wp-json\/wp\/v2\/product\/3327\/revisions"}],"predecessor-version":[{"id":4521,"href":"https:\/\/pressurezone.shop\/de\/wp-json\/wp\/v2\/product\/3327\/revisions\/4521"}],"wp:featuredmedia":[{"embeddable":true,"href":"https:\/\/pressurezone.shop\/de\/wp-json\/wp\/v2\/media\/3415"}],"wp:attachment":[{"href":"https:\/\/pressurezone.shop\/de\/wp-json\/wp\/v2\/media?parent=3327"}],"wp:term":[{"taxonomy":"product_brand","embeddable":true,"href":"https:\/\/pressurezone.shop\/de\/wp-json\/wp\/v2\/product_brand?post=3327"},{"taxonomy":"product_cat","embeddable":true,"href":"https:\/\/pressurezone.shop\/de\/wp-json\/wp\/v2\/product_cat?post=3327"},{"taxonomy":"product_tag","embeddable":true,"href":"https:\/\/pressurezone.shop\/de\/wp-json\/wp\/v2\/product_tag?post=3327"}],"curies":[{"name":"wp","href":"https:\/\/api.w.org\/{rel}","templated":true}]}}